{"id":148732,"date":"2018-01-18T11:28:06","date_gmt":"2018-01-18T11:28:06","guid":{"rendered":"https:\/\/badoca.com\/actividades\/sin%20categor\u00eda\/criancas\/"},"modified":"2026-03-19T13:56:50","modified_gmt":"2026-03-19T12:56:50","slug":"criancas","status":"publish","type":"product","link":"https:\/\/badoca.com\/es\/actividades\/regular-en-pt\/criancas\/","title":{"rendered":"Entrada infantil (4 a 10 a\u00f1os)"},"content":{"rendered":"","protected":false},"excerpt":{"rendered":"<p style=\"text-align: center;\">Si su sue\u00f1o es vivir un safari africano, \u00a1venga a visitarnos!<br data-start=\"122\" data-end=\"125\" \/>A aproximadamente una hora de Lisboa, la llanura del Alentejo se ha transformado en una sabana llena de animales salvajes inolvidables.<\/p>\n<p style=\"text-align: center;\"><strong>\u00a1Venga a pasar un d\u00eda diferente en un lugar m\u00e1gico y \u00fanico: Badoca Safari Park!<\/strong><\/p>\n<p style=\"text-align: center;\">El precio de la entrada incluye el\u00a0<strong>safari, la exhibici\u00f3n de aves rapaces, la sesi\u00f3n de alimentaci\u00f3n de l\u00e9mures, el paseo a pie y la visita a la isla de los primates.<\/strong><\/p>\n... <a href=\"https:\/\/badoca.com\/es\/actividades\/regular-en-pt\/criancas\/\">LER MAIS<\/a>.","protected":false},"author":1,"featured_media":0,"template":"","meta":{"_acf_changed":false},"product_brand":[],"product_cat":[577],"product_tag":[],"class_list":{"0":"post-148732","1":"product","2":"type-product","3":"status-publish","5":"product_cat-regular-en-pt","7":"first","8":"instock","9":"virtual","10":"purchasable","11":"product-type-simple"},"acf":[],"yoast_head":"<!-- This site is optimized with the Yoast SEO plugin v27.3 - https:\/\/yoast.com\/product\/yoast-seo-wordpress\/ -->\n<title>Entrada infantil (4 a 10 a\u00f1os) - Badoca<\/title>\n<meta name=\"robots\" content=\"index, follow, max-snippet:-1, max-image-preview:large, max-video-preview:-1\" \/>\n<link rel=\"canonical\" href=\"https:\/\/badoca.com\/es\/actividades\/regular-en-pt\/criancas\/\" \/>\n<meta property=\"og:locale\" content=\"es_ES\" \/>\n<meta property=\"og:type\" content=\"article\" \/>\n<meta property=\"og:title\" content=\"Entrada infantil (4 a 10 a\u00f1os) - Badoca\" \/>\n<meta property=\"og:description\" content=\"Si su sue\u00f1o es vivir un safari africano, \u00a1venga a visitarnos!A aproximadamente una hora de Lisboa, la llanura del Alentejo se ha transformado en una sabana llena de animales salvajes inolvidables. \u00a1Venga a pasar un d\u00eda diferente en un lugar m\u00e1gico y \u00fanico: Badoca Safari Park! El precio de la entrada incluye el\u00a0safari, la exhibici\u00f3n de aves rapaces, la sesi\u00f3n de alimentaci\u00f3n de l\u00e9mures, el paseo a pie y la visita a la isla de los primates.\" \/>\n<meta property=\"og:url\" content=\"https:\/\/badoca.com\/es\/actividades\/regular-en-pt\/criancas\/\" \/>\n<meta property=\"og:site_name\" content=\"Badoca\" \/>\n<meta property=\"article:modified_time\" content=\"2026-03-19T12:56:50+00:00\" \/>\n<meta name=\"twitter:card\" content=\"summary_large_image\" \/>\n<script type=\"application\/ld+json\" class=\"yoast-schema-graph\">{\"@context\":\"https:\\\/\\\/schema.org\",\"@graph\":[{\"@type\":\"WebPage\",\"@id\":\"https:\\\/\\\/badoca.com\\\/es\\\/actividades\\\/regular-en-pt\\\/criancas\\\/\",\"url\":\"https:\\\/\\\/badoca.com\\\/es\\\/actividades\\\/regular-en-pt\\\/criancas\\\/\",\"name\":\"Entrada infantil (4 a 10 a\u00f1os) - Badoca\",\"isPartOf\":{\"@id\":\"https:\\\/\\\/badoca.com\\\/es\\\/#website\"},\"datePublished\":\"2018-01-18T11:28:06+00:00\",\"dateModified\":\"2026-03-19T12:56:50+00:00\",\"breadcrumb\":{\"@id\":\"https:\\\/\\\/badoca.com\\\/es\\\/actividades\\\/regular-en-pt\\\/criancas\\\/#breadcrumb\"},\"inLanguage\":\"es\",\"potentialAction\":[{\"@type\":\"ReadAction\",\"target\":[\"https:\\\/\\\/badoca.com\\\/es\\\/actividades\\\/regular-en-pt\\\/criancas\\\/\"]}]},{\"@type\":\"BreadcrumbList\",\"@id\":\"https:\\\/\\\/badoca.com\\\/es\\\/actividades\\\/regular-en-pt\\\/criancas\\\/#breadcrumb\",\"itemListElement\":[{\"@type\":\"ListItem\",\"position\":1,\"name\":\"In\u00edcio\",\"item\":\"https:\\\/\\\/badoca.com\\\/es\\\/\"},{\"@type\":\"ListItem\",\"position\":2,\"name\":\"Regular\",\"item\":\"https:\\\/\\\/badoca.com\\\/es\\\/categoria-produto\\\/regular-en-pt\\\/\"},{\"@type\":\"ListItem\",\"position\":3,\"name\":\"Entrada infantil (4 a 10 a\u00f1os)\"}]},{\"@type\":\"WebSite\",\"@id\":\"https:\\\/\\\/badoca.com\\\/es\\\/#website\",\"url\":\"https:\\\/\\\/badoca.com\\\/es\\\/\",\"name\":\"Badoca\",\"description\":\"Safari Park\",\"publisher\":{\"@id\":\"https:\\\/\\\/badoca.com\\\/es\\\/#organization\"},\"potentialAction\":[{\"@type\":\"SearchAction\",\"target\":{\"@type\":\"EntryPoint\",\"urlTemplate\":\"https:\\\/\\\/badoca.com\\\/es\\\/?s={search_term_string}\"},\"query-input\":{\"@type\":\"PropertyValueSpecification\",\"valueRequired\":true,\"valueName\":\"search_term_string\"}}],\"inLanguage\":\"es\"},{\"@type\":\"Organization\",\"@id\":\"https:\\\/\\\/badoca.com\\\/es\\\/#organization\",\"name\":\"Badoca\",\"url\":\"https:\\\/\\\/badoca.com\\\/es\\\/\",\"logo\":{\"@type\":\"ImageObject\",\"inLanguage\":\"es\",\"@id\":\"https:\\\/\\\/badoca.com\\\/es\\\/#\\\/schema\\\/logo\\\/image\\\/\",\"url\":\"https:\\\/\\\/badoca.com\\\/wp-content\\\/uploads\\\/cropped-badoca-logo.png\",\"contentUrl\":\"https:\\\/\\\/badoca.com\\\/wp-content\\\/uploads\\\/cropped-badoca-logo.png\",\"width\":137,\"height\":195,\"caption\":\"Badoca\"},\"image\":{\"@id\":\"https:\\\/\\\/badoca.com\\\/es\\\/#\\\/schema\\\/logo\\\/image\\\/\"}}]}<\/script>\n<!-- \/ Yoast SEO plugin. -->","yoast_head_json":{"title":"Entrada infantil (4 a 10 a\u00f1os) - Badoca","robots":{"index":"index","follow":"follow","max-snippet":"max-snippet:-1","max-image-preview":"max-image-preview:large","max-video-preview":"max-video-preview:-1"},"canonical":"https:\/\/badoca.com\/es\/actividades\/regular-en-pt\/criancas\/","og_locale":"es_ES","og_type":"article","og_title":"Entrada infantil (4 a 10 a\u00f1os) - Badoca","og_description":"Si su sue\u00f1o es vivir un safari africano, \u00a1venga a visitarnos!A aproximadamente una hora de Lisboa, la llanura del Alentejo se ha transformado en una sabana llena de animales salvajes inolvidables. \u00a1Venga a pasar un d\u00eda diferente en un lugar m\u00e1gico y \u00fanico: Badoca Safari Park! El precio de la entrada incluye el\u00a0safari, la exhibici\u00f3n de aves rapaces, la sesi\u00f3n de alimentaci\u00f3n de l\u00e9mures, el paseo a pie y la visita a la isla de los primates.","og_url":"https:\/\/badoca.com\/es\/actividades\/regular-en-pt\/criancas\/","og_site_name":"Badoca","article_modified_time":"2026-03-19T12:56:50+00:00","twitter_card":"summary_large_image","schema":{"@context":"https:\/\/schema.org","@graph":[{"@type":"WebPage","@id":"https:\/\/badoca.com\/es\/actividades\/regular-en-pt\/criancas\/","url":"https:\/\/badoca.com\/es\/actividades\/regular-en-pt\/criancas\/","name":"Entrada infantil (4 a 10 a\u00f1os) - Badoca","isPartOf":{"@id":"https:\/\/badoca.com\/es\/#website"},"datePublished":"2018-01-18T11:28:06+00:00","dateModified":"2026-03-19T12:56:50+00:00","breadcrumb":{"@id":"https:\/\/badoca.com\/es\/actividades\/regular-en-pt\/criancas\/#breadcrumb"},"inLanguage":"es","potentialAction":[{"@type":"ReadAction","target":["https:\/\/badoca.com\/es\/actividades\/regular-en-pt\/criancas\/"]}]},{"@type":"BreadcrumbList","@id":"https:\/\/badoca.com\/es\/actividades\/regular-en-pt\/criancas\/#breadcrumb","itemListElement":[{"@type":"ListItem","position":1,"name":"In\u00edcio","item":"https:\/\/badoca.com\/es\/"},{"@type":"ListItem","position":2,"name":"Regular","item":"https:\/\/badoca.com\/es\/categoria-produto\/regular-en-pt\/"},{"@type":"ListItem","position":3,"name":"Entrada infantil (4 a 10 a\u00f1os)"}]},{"@type":"WebSite","@id":"https:\/\/badoca.com\/es\/#website","url":"https:\/\/badoca.com\/es\/","name":"Badoca","description":"Safari Park","publisher":{"@id":"https:\/\/badoca.com\/es\/#organization"},"potentialAction":[{"@type":"SearchAction","target":{"@type":"EntryPoint","urlTemplate":"https:\/\/badoca.com\/es\/?s={search_term_string}"},"query-input":{"@type":"PropertyValueSpecification","valueRequired":true,"valueName":"search_term_string"}}],"inLanguage":"es"},{"@type":"Organization","@id":"https:\/\/badoca.com\/es\/#organization","name":"Badoca","url":"https:\/\/badoca.com\/es\/","logo":{"@type":"ImageObject","inLanguage":"es","@id":"https:\/\/badoca.com\/es\/#\/schema\/logo\/image\/","url":"https:\/\/badoca.com\/wp-content\/uploads\/cropped-badoca-logo.png","contentUrl":"https:\/\/badoca.com\/wp-content\/uploads\/cropped-badoca-logo.png","width":137,"height":195,"caption":"Badoca"},"image":{"@id":"https:\/\/badoca.com\/es\/#\/schema\/logo\/image\/"}}]}},"_links":{"self":[{"href":"https:\/\/badoca.com\/es\/wp-json\/wp\/v2\/product\/148732","targetHints":{"allow":["GET"]}}],"collection":[{"href":"https:\/\/badoca.com\/es\/wp-json\/wp\/v2\/product"}],"about":[{"href":"https:\/\/badoca.com\/es\/wp-json\/wp\/v2\/types\/product"}],"author":[{"embeddable":true,"href":"https:\/\/badoca.com\/es\/wp-json\/wp\/v2\/users\/1"}],"wp:attachment":[{"href":"https:\/\/badoca.com\/es\/wp-json\/wp\/v2\/media?parent=148732"}],"wp:term":[{"taxonomy":"product_brand","embeddable":true,"href":"https:\/\/badoca.com\/es\/wp-json\/wp\/v2\/product_brand?post=148732"},{"taxonomy":"product_cat","embeddable":true,"href":"https:\/\/badoca.com\/es\/wp-json\/wp\/v2\/product_cat?post=148732"},{"taxonomy":"product_tag","embeddable":true,"href":"https:\/\/badoca.com\/es\/wp-json\/wp\/v2\/product_tag?post=148732"}],"curies":[{"name":"wp","href":"https:\/\/api.w.org\/{rel}","templated":true}]}}