{"id":148665,"date":"2018-01-12T10:44:48","date_gmt":"2018-01-12T10:44:48","guid":{"rendered":"https:\/\/badoca.com\/actividades\/sin%20categor\u00eda\/interacao-com-os-lemures\/"},"modified":"2026-03-27T18:44:41","modified_gmt":"2026-03-27T17:44:41","slug":"interaccion-con-los-lemures","status":"publish","type":"product","link":"https:\/\/badoca.com\/es\/actividades\/outras-atividades\/interaccion-con-los-lemures\/","title":{"rendered":"Interacci\u00f3n con los L\u00e9mures"},"content":{"rendered":"<section class=\"wpb-content-wrapper\"><p>[vc_row][vc_column][vc_empty_space][vc_column_text]<\/p>\n<p data-path-to-node=\"3,0,0\"><b data-path-to-node=\"3,0,0\" data-index-in-node=\"0\">Duraci\u00f3n:<\/b> Aproximadamente 15 minutos.<\/p>\n<p data-path-to-node=\"3,1,0\"><b data-path-to-node=\"3,1,0\" data-index-in-node=\"0\">Sesiones y horarios:<\/b> A su llegada, en la <b data-path-to-node=\"3,1,0\" data-index-in-node=\"41\">taquilla<\/b>, nuestro personal le ayudar\u00e1 a organizar su plan de visita para asegurar que pueda realizar todas las actividades que desee, incluida la interacci\u00f3n con los l\u00e9mures. Puede adquirir su entrada para esta actividad en la taquilla, pero siempre ser\u00e1 necesario comprar tambi\u00e9n la entrada general al parque.<\/p>\n<p data-path-to-node=\"3,2,0\"><b data-path-to-node=\"3,2,0\" data-index-in-node=\"0\">Restricciones:<\/b> El aforo es limitado para garantizar el bienestar animal. Actividad para ni\u00f1os a partir de 4 a\u00f1os (de 4 a 10 a\u00f1os deber\u00e1n ir acompa\u00f1ados por un adulto).<\/p>\n<p>[\/vc_column_text][\/vc_column][\/vc_row][vc_row el_id=\u00bbanimal-box\u00bb][vc_column][vc_images_carousel images=\u00bb38214,38208,38210,38212,38135,38133,38131,38129,38137,38139,38141,38143,38145,38147,38149&#8243; img_size=\u00bbfull\u00bb onclick=\u00bblink_no\u00bb hide_pagination_control=\u00bbyes\u00bb wrap=\u00bbyes\u00bb][vc_empty_space height=\u00bb44px\u00bb][vc_column_text]<\/p>\n<h3 style=\"text-align: center;\">Animales que podr\u00e1 ver en la Alimentaci\u00f3n de los L\u00e9mures<\/h3>\n<p>[\/vc_column_text][vc_empty_space][\/vc_column][\/vc_row][vc_row][vc_column][vc_column_text]<\/p>\n<h2>\u00bfQu\u00e9 hacer?<\/h2>\n<h3>Un d\u00eda inolvidable en el Alentejo<\/h3>\n<p>[\/vc_column_text][\/vc_column][\/vc_row][vc_row posts_query=\u00bbsize:10|order_by:rand|post_type:page|by_id:37179,37171,37168,37115,37113,37110,37107,37103,37097,37051&#8243; image_linkable=\u00bbtrue\u00bb taxonomy_chosen=\u00bbcategory\u00bb display_title=\u00bb\u00bb display_author=\u00bb\u00bb display_post_date=\u00bb\u00bb display_taxonomy=\u00bb\u00bb display_summary=\u00bb\u00bb arrows=\u00bbtrue\u00bb dots=\u00bb\u00bb autoplay=\u00bb\u00bb autoplay_speed=\u00bb3000&#8243; animation_speed=\u00bb300&#8243; pause_on_hover=\u00bb\u00bb display_columns=\u00bb4&#8243; scroll_columns=\u00bb1&#8243; gutter=\u00bb10&#8243; tablet_display_columns=\u00bb2&#8243; tablet_scroll_columns=\u00bb2&#8243; tablet_gutter=\u00bb10&#8243; tablet_width=\u00bb800&#8243; mobile_display_columns=\u00bb1&#8243; mobile_scroll_columns=\u00bb1&#8243; mobile_gutter=\u00bb10&#8243; mobile_width=\u00bb480&#8243;][vc_column]<div id=\"lvca-posts-carousel-69d58ebd50408\" class=\"lvca-posts-carousel lvca-container\" data-settings='{\"display_title_on_thumbnail\":\"\",\"display_taxonomy_on_thumbnail\":\"\",\"display_author\":\"\",\"display_post_date\":\"\",\"display_taxonomy\":\"\",\"display_read_more\":\"\",\"read_more_text\":\"Read More\",\"taxonomy_chosen\":\"category\",\"post_link_new_window\":false,\"image_size\":\"large\",\"arrows\":\"true\",\"dots\":\"\",\"autoplay\":\"\",\"autoplay_speed\":\"3000\",\"animation_speed\":\"300\",\"pause_on_hover\":\"\",\"display_columns\":\"4\",\"scroll_columns\":\"1\",\"gutter\":\"10\",\"tablet_display_columns\":\"2\",\"tablet_scroll_columns\":\"2\",\"tablet_gutter\":\"10\",\"tablet_width\":\"800\",\"mobile_display_columns\":\"1\",\"mobile_scroll_columns\":\"1\",\"mobile_gutter\":\"10\",\"mobile_width\":\"480\"}'><div data-id=\"id-148962\" class=\"lvca-posts-carousel-item\"><article id=\"post-148962\" class=\"post-148962 page type-page status-publish has-post-thumbnail hentry\"><div class=\"lvca-project-image\"><a href=\"https:\/\/badoca.com\/es\/safari-badoca\/paseo-a-pie\/\" ><img decoding=\"async\" width=\"459\" height=\"446\" src=\"https:\/\/badoca.com\/wp-content\/uploads\/2026\/03\/BadocaPark_experiencia_passeio_ES.jpg\" class=\"attachment-large size-large wp-post-image\" alt=\"\" srcset=\"https:\/\/badoca.com\/wp-content\/uploads\/2026\/03\/BadocaPark_experiencia_passeio_ES.jpg 459w, https:\/\/badoca.com\/wp-content\/uploads\/2026\/03\/BadocaPark_experiencia_passeio_ES-436x424.jpg 436w\" sizes=\"(max-width: 459px) 100vw, 459px\" \/><\/a><\/div><\/article><!-- .hentry --><\/div><!-- .lvca-posts-carousel-item --><div data-id=\"id-148957\" class=\"lvca-posts-carousel-item\"><article id=\"post-148957\" class=\"post-148957 page type-page status-publish has-post-thumbnail hentry\"><div class=\"lvca-project-image\"><a href=\"https:\/\/badoca.com\/es\/safari-badoca\/presentacion-de-reptiles\/\" ><img decoding=\"async\" width=\"459\" height=\"446\" src=\"https:\/\/badoca.com\/wp-content\/uploads\/2026\/03\/BadocaPark_experiencia_repteis_ES.jpg\" class=\"attachment-large size-large wp-post-image\" alt=\"\" srcset=\"https:\/\/badoca.com\/wp-content\/uploads\/2026\/03\/BadocaPark_experiencia_repteis_ES.jpg 459w, https:\/\/badoca.com\/wp-content\/uploads\/2026\/03\/BadocaPark_experiencia_repteis_ES-436x424.jpg 436w\" sizes=\"(max-width: 459px) 100vw, 459px\" \/><\/a><\/div><\/article><!-- .hentry --><\/div><!-- .lvca-posts-carousel-item --><div data-id=\"id-148959\" class=\"lvca-posts-carousel-item\"><article id=\"post-148959\" class=\"post-148959 page type-page status-publish has-post-thumbnail hentry\"><div class=\"lvca-project-image\"><a href=\"https:\/\/badoca.com\/es\/safari-badoca\/presentacion-de-aves-rapaces\/\" ><img decoding=\"async\" width=\"459\" height=\"446\" src=\"https:\/\/badoca.com\/wp-content\/uploads\/2026\/03\/BadocaPark_experiencia_aves_ES.jpg\" class=\"attachment-large size-large wp-post-image\" alt=\"\" srcset=\"https:\/\/badoca.com\/wp-content\/uploads\/2026\/03\/BadocaPark_experiencia_aves_ES.jpg 459w, https:\/\/badoca.com\/wp-content\/uploads\/2026\/03\/BadocaPark_experiencia_aves_ES-436x424.jpg 436w\" sizes=\"(max-width: 459px) 100vw, 459px\" \/><\/a><\/div><\/article><!-- .hentry --><\/div><!-- .lvca-posts-carousel-item --><div data-id=\"id-148911\" class=\"lvca-posts-carousel-item\"><article id=\"post-148911\" class=\"post-148911 page type-page status-publish has-post-thumbnail hentry\"><div class=\"lvca-project-image\"><a href=\"https:\/\/badoca.com\/es\/safari-badoca\/\" ><img decoding=\"async\" width=\"340\" height=\"330\" src=\"https:\/\/badoca.com\/wp-content\/uploads\/safari-img.jpg\" class=\"attachment-large size-large wp-post-image\" alt=\"\" \/><\/a><\/div><\/article><!-- .hentry --><\/div><!-- .lvca-posts-carousel-item --><div data-id=\"id-148972\" class=\"lvca-posts-carousel-item\"><article id=\"post-148972\" class=\"post-148972 page type-page status-publish has-post-thumbnail hentry\"><div class=\"lvca-project-image\"><a href=\"https:\/\/badoca.com\/es\/safari-badoca\/presentacion-de-los-lemures\/\" ><img decoding=\"async\" width=\"459\" height=\"446\" src=\"https:\/\/badoca.com\/wp-content\/uploads\/2026\/03\/BadocaPark_experiencia_lemures_ES.jpg\" class=\"attachment-large size-large wp-post-image\" alt=\"\" srcset=\"https:\/\/badoca.com\/wp-content\/uploads\/2026\/03\/BadocaPark_experiencia_lemures_ES.jpg 459w, https:\/\/badoca.com\/wp-content\/uploads\/2026\/03\/BadocaPark_experiencia_lemures_ES-436x424.jpg 436w\" sizes=\"(max-width: 459px) 100vw, 459px\" \/><\/a><\/div><\/article><!-- .hentry --><\/div><!-- .lvca-posts-carousel-item --><div data-id=\"id-148974\" class=\"lvca-posts-carousel-item\"><article id=\"post-148974\" class=\"post-148974 page type-page status-publish has-post-thumbnail hentry\"><div class=\"lvca-project-image\"><a href=\"https:\/\/badoca.com\/es\/safari-badoca\/isla-de-los-primates\/\" ><img decoding=\"async\" width=\"459\" height=\"446\" src=\"https:\/\/badoca.com\/wp-content\/uploads\/2026\/03\/BadocaPark_experiencia_primatas_ES.jpg\" class=\"attachment-large size-large wp-post-image\" alt=\"\" srcset=\"https:\/\/badoca.com\/wp-content\/uploads\/2026\/03\/BadocaPark_experiencia_primatas_ES.jpg 459w, https:\/\/badoca.com\/wp-content\/uploads\/2026\/03\/BadocaPark_experiencia_primatas_ES-436x424.jpg 436w\" sizes=\"(max-width: 459px) 100vw, 459px\" \/><\/a><\/div><\/article><!-- .hentry --><\/div><!-- .lvca-posts-carousel-item --><\/div><!-- .lvca-posts-carousel -->[\/vc_column][\/vc_row]<\/p>\n<\/section>","protected":false},"excerpt":{"rendered":"<h3>Un encuentro con los simp\u00e1ticos primates de Madagascar, en peligro de extinci\u00f3n.<\/h3>\n<p>&nbsp;<\/p>\n<p>Es en el exuberante entorno de la isla de Madagascar donde podr\u00e1s interactuar con los l\u00e9mures de cola anillada y los l\u00e9mures de vientre rojo. Acompa\u00f1ado por un cuidador, descubra m\u00e1s sobre estos enigm\u00e1ticos animales y participe activamente en una sesi\u00f3n de interacci\u00f3n. El objetivo es ofrecer a los visitantes una experiencia \u00fanica y fomentar el contacto con un animal en peligro de extinci\u00f3n, promoviendo el conocimiento sobre el mismo y sensibilizando sobre la importancia de la conservaci\u00f3n de las especies y los h\u00e1bitats.<\/p>\n<p>Esta actividad se enmarca en la misi\u00f3n del parque de promover la sensibilizaci\u00f3n medioambiental, labor que el Badoca Safari Park lleva a cabo como miembro de la Asociaci\u00f3n Europea para el Estudio y la Conservaci\u00f3n de los L\u00e9mures (AEECL) y a trav\u00e9s de la colaboraci\u00f3n con la Asociaci\u00f3n Europea de Zool\u00f3gicos y Acuarios (EAZA), que cada a\u00f1o lanza una campa\u00f1a de preservaci\u00f3n de un h\u00e1bitat.<\/p>\n... <a href=\"https:\/\/badoca.com\/es\/safari-badoca\/isla-de-los-primates\/\">LER MAIS<\/a>.","protected":false},"author":2,"featured_media":149303,"template":"","meta":{"_acf_changed":false},"product_brand":[],"product_cat":[575],"product_tag":[],"class_list":{"0":"post-148665","1":"product","2":"type-product","3":"status-publish","4":"has-post-thumbnail","6":"product_cat-outras-atividades","8":"first","9":"outofstock","10":"virtual","11":"purchasable","12":"product-type-simple"},"acf":[],"yoast_head":"<!-- This site is optimized with the Yoast SEO plugin v27.3 - https:\/\/yoast.com\/product\/yoast-seo-wordpress\/ -->\n<title>Interacci\u00f3n con los L\u00e9mures - Badoca<\/title>\n<meta name=\"robots\" content=\"index, follow, max-snippet:-1, max-image-preview:large, max-video-preview:-1\" \/>\n<link rel=\"canonical\" href=\"https:\/\/badoca.com\/es\/actividades\/outras-atividades\/interaccion-con-los-lemures\/\" \/>\n<meta property=\"og:locale\" content=\"es_ES\" \/>\n<meta property=\"og:type\" content=\"article\" \/>\n<meta property=\"og:title\" content=\"Interacci\u00f3n con los L\u00e9mures - Badoca\" \/>\n<meta property=\"og:description\" content=\"Un encuentro con los simp\u00e1ticos primates de Madagascar, en peligro de extinci\u00f3n. &nbsp;  Es en el exuberante entorno de la isla de Madagascar donde podr\u00e1s interactuar con los l\u00e9mures de cola anillada y los l\u00e9mures de vientre rojo. Acompa\u00f1ado por un cuidador, descubra m\u00e1s sobre estos enigm\u00e1ticos animales y participe activamente en una sesi\u00f3n de interacci\u00f3n. El objetivo es ofrecer a los visitantes una experiencia \u00fanica y fomentar el contacto con un animal en peligro de extinci\u00f3n, promoviendo el conocimiento sobre el mismo y sensibilizando sobre la importancia de la conservaci\u00f3n de las especies y los h\u00e1bitats.  Esta actividad se enmarca en la misi\u00f3n del parque de promover la sensibilizaci\u00f3n medioambiental, labor que el Badoca Safari Park lleva a cabo como miembro de la Asociaci\u00f3n Europea para el Estudio y la Conservaci\u00f3n de los L\u00e9mures (AEECL) y a trav\u00e9s de la colaboraci\u00f3n con la Asociaci\u00f3n Europea de Zool\u00f3gicos y Acuarios (EAZA), que cada a\u00f1o lanza una campa\u00f1a de preservaci\u00f3n de un h\u00e1bitat.\" \/>\n<meta property=\"og:url\" content=\"https:\/\/badoca.com\/es\/actividades\/outras-atividades\/interaccion-con-los-lemures\/\" \/>\n<meta property=\"og:site_name\" content=\"Badoca\" \/>\n<meta property=\"article:modified_time\" content=\"2026-03-27T17:44:41+00:00\" \/>\n<meta property=\"og:image\" content=\"https:\/\/badoca.com\/wp-content\/uploads\/2018\/01\/badoca_modulo_Lemures_ES.png\" \/>\n\t<meta property=\"og:image:width\" content=\"459\" \/>\n\t<meta property=\"og:image:height\" content=\"509\" \/>\n\t<meta property=\"og:image:type\" content=\"image\/png\" \/>\n<meta name=\"twitter:card\" content=\"summary_large_image\" \/>\n<meta name=\"twitter:label1\" content=\"Tiempo de lectura\" \/>\n\t<meta name=\"twitter:data1\" content=\"2 minutos\" \/>\n<script type=\"application\/ld+json\" class=\"yoast-schema-graph\">{\"@context\":\"https:\\\/\\\/schema.org\",\"@graph\":[{\"@type\":\"WebPage\",\"@id\":\"https:\\\/\\\/badoca.com\\\/es\\\/actividades\\\/outras-atividades\\\/interaccion-con-los-lemures\\\/\",\"url\":\"https:\\\/\\\/badoca.com\\\/es\\\/actividades\\\/outras-atividades\\\/interaccion-con-los-lemures\\\/\",\"name\":\"Interacci\u00f3n con los L\u00e9mures - Badoca\",\"isPartOf\":{\"@id\":\"https:\\\/\\\/badoca.com\\\/es\\\/#website\"},\"primaryImageOfPage\":{\"@id\":\"https:\\\/\\\/badoca.com\\\/es\\\/actividades\\\/outras-atividades\\\/interaccion-con-los-lemures\\\/#primaryimage\"},\"image\":{\"@id\":\"https:\\\/\\\/badoca.com\\\/es\\\/actividades\\\/outras-atividades\\\/interaccion-con-los-lemures\\\/#primaryimage\"},\"thumbnailUrl\":\"https:\\\/\\\/badoca.com\\\/wp-content\\\/uploads\\\/2018\\\/01\\\/badoca_modulo_Lemures_ES.png\",\"datePublished\":\"2018-01-12T10:44:48+00:00\",\"dateModified\":\"2026-03-27T17:44:41+00:00\",\"breadcrumb\":{\"@id\":\"https:\\\/\\\/badoca.com\\\/es\\\/actividades\\\/outras-atividades\\\/interaccion-con-los-lemures\\\/#breadcrumb\"},\"inLanguage\":\"es\",\"potentialAction\":[{\"@type\":\"ReadAction\",\"target\":[\"https:\\\/\\\/badoca.com\\\/es\\\/actividades\\\/outras-atividades\\\/interaccion-con-los-lemures\\\/\"]}]},{\"@type\":\"ImageObject\",\"inLanguage\":\"es\",\"@id\":\"https:\\\/\\\/badoca.com\\\/es\\\/actividades\\\/outras-atividades\\\/interaccion-con-los-lemures\\\/#primaryimage\",\"url\":\"https:\\\/\\\/badoca.com\\\/wp-content\\\/uploads\\\/2018\\\/01\\\/badoca_modulo_Lemures_ES.png\",\"contentUrl\":\"https:\\\/\\\/badoca.com\\\/wp-content\\\/uploads\\\/2018\\\/01\\\/badoca_modulo_Lemures_ES.png\",\"width\":459,\"height\":509},{\"@type\":\"BreadcrumbList\",\"@id\":\"https:\\\/\\\/badoca.com\\\/es\\\/actividades\\\/outras-atividades\\\/interaccion-con-los-lemures\\\/#breadcrumb\",\"itemListElement\":[{\"@type\":\"ListItem\",\"position\":1,\"name\":\"In\u00edcio\",\"item\":\"https:\\\/\\\/badoca.com\\\/es\\\/\"},{\"@type\":\"ListItem\",\"position\":2,\"name\":\"Outras Atividades\",\"item\":\"https:\\\/\\\/badoca.com\\\/es\\\/categoria-produto\\\/outras-atividades\\\/\"},{\"@type\":\"ListItem\",\"position\":3,\"name\":\"Interacci\u00f3n con los L\u00e9mures\"}]},{\"@type\":\"WebSite\",\"@id\":\"https:\\\/\\\/badoca.com\\\/es\\\/#website\",\"url\":\"https:\\\/\\\/badoca.com\\\/es\\\/\",\"name\":\"Badoca\",\"description\":\"Safari Park\",\"publisher\":{\"@id\":\"https:\\\/\\\/badoca.com\\\/es\\\/#organization\"},\"potentialAction\":[{\"@type\":\"SearchAction\",\"target\":{\"@type\":\"EntryPoint\",\"urlTemplate\":\"https:\\\/\\\/badoca.com\\\/es\\\/?s={search_term_string}\"},\"query-input\":{\"@type\":\"PropertyValueSpecification\",\"valueRequired\":true,\"valueName\":\"search_term_string\"}}],\"inLanguage\":\"es\"},{\"@type\":\"Organization\",\"@id\":\"https:\\\/\\\/badoca.com\\\/es\\\/#organization\",\"name\":\"Badoca\",\"url\":\"https:\\\/\\\/badoca.com\\\/es\\\/\",\"logo\":{\"@type\":\"ImageObject\",\"inLanguage\":\"es\",\"@id\":\"https:\\\/\\\/badoca.com\\\/es\\\/#\\\/schema\\\/logo\\\/image\\\/\",\"url\":\"https:\\\/\\\/badoca.com\\\/wp-content\\\/uploads\\\/cropped-badoca-logo.png\",\"contentUrl\":\"https:\\\/\\\/badoca.com\\\/wp-content\\\/uploads\\\/cropped-badoca-logo.png\",\"width\":137,\"height\":195,\"caption\":\"Badoca\"},\"image\":{\"@id\":\"https:\\\/\\\/badoca.com\\\/es\\\/#\\\/schema\\\/logo\\\/image\\\/\"}}]}<\/script>\n<!-- \/ Yoast SEO plugin. -->","yoast_head_json":{"title":"Interacci\u00f3n con los L\u00e9mures - Badoca","robots":{"index":"index","follow":"follow","max-snippet":"max-snippet:-1","max-image-preview":"max-image-preview:large","max-video-preview":"max-video-preview:-1"},"canonical":"https:\/\/badoca.com\/es\/actividades\/outras-atividades\/interaccion-con-los-lemures\/","og_locale":"es_ES","og_type":"article","og_title":"Interacci\u00f3n con los L\u00e9mures - Badoca","og_description":"Un encuentro con los simp\u00e1ticos primates de Madagascar, en peligro de extinci\u00f3n. &nbsp;  Es en el exuberante entorno de la isla de Madagascar donde podr\u00e1s interactuar con los l\u00e9mures de cola anillada y los l\u00e9mures de vientre rojo. Acompa\u00f1ado por un cuidador, descubra m\u00e1s sobre estos enigm\u00e1ticos animales y participe activamente en una sesi\u00f3n de interacci\u00f3n. El objetivo es ofrecer a los visitantes una experiencia \u00fanica y fomentar el contacto con un animal en peligro de extinci\u00f3n, promoviendo el conocimiento sobre el mismo y sensibilizando sobre la importancia de la conservaci\u00f3n de las especies y los h\u00e1bitats.  Esta actividad se enmarca en la misi\u00f3n del parque de promover la sensibilizaci\u00f3n medioambiental, labor que el Badoca Safari Park lleva a cabo como miembro de la Asociaci\u00f3n Europea para el Estudio y la Conservaci\u00f3n de los L\u00e9mures (AEECL) y a trav\u00e9s de la colaboraci\u00f3n con la Asociaci\u00f3n Europea de Zool\u00f3gicos y Acuarios (EAZA), que cada a\u00f1o lanza una campa\u00f1a de preservaci\u00f3n de un h\u00e1bitat.","og_url":"https:\/\/badoca.com\/es\/actividades\/outras-atividades\/interaccion-con-los-lemures\/","og_site_name":"Badoca","article_modified_time":"2026-03-27T17:44:41+00:00","og_image":[{"width":459,"height":509,"url":"https:\/\/badoca.com\/wp-content\/uploads\/2018\/01\/badoca_modulo_Lemures_ES.png","type":"image\/png"}],"twitter_card":"summary_large_image","twitter_misc":{"Tiempo de lectura":"2 minutos"},"schema":{"@context":"https:\/\/schema.org","@graph":[{"@type":"WebPage","@id":"https:\/\/badoca.com\/es\/actividades\/outras-atividades\/interaccion-con-los-lemures\/","url":"https:\/\/badoca.com\/es\/actividades\/outras-atividades\/interaccion-con-los-lemures\/","name":"Interacci\u00f3n con los L\u00e9mures - Badoca","isPartOf":{"@id":"https:\/\/badoca.com\/es\/#website"},"primaryImageOfPage":{"@id":"https:\/\/badoca.com\/es\/actividades\/outras-atividades\/interaccion-con-los-lemures\/#primaryimage"},"image":{"@id":"https:\/\/badoca.com\/es\/actividades\/outras-atividades\/interaccion-con-los-lemures\/#primaryimage"},"thumbnailUrl":"https:\/\/badoca.com\/wp-content\/uploads\/2018\/01\/badoca_modulo_Lemures_ES.png","datePublished":"2018-01-12T10:44:48+00:00","dateModified":"2026-03-27T17:44:41+00:00","breadcrumb":{"@id":"https:\/\/badoca.com\/es\/actividades\/outras-atividades\/interaccion-con-los-lemures\/#breadcrumb"},"inLanguage":"es","potentialAction":[{"@type":"ReadAction","target":["https:\/\/badoca.com\/es\/actividades\/outras-atividades\/interaccion-con-los-lemures\/"]}]},{"@type":"ImageObject","inLanguage":"es","@id":"https:\/\/badoca.com\/es\/actividades\/outras-atividades\/interaccion-con-los-lemures\/#primaryimage","url":"https:\/\/badoca.com\/wp-content\/uploads\/2018\/01\/badoca_modulo_Lemures_ES.png","contentUrl":"https:\/\/badoca.com\/wp-content\/uploads\/2018\/01\/badoca_modulo_Lemures_ES.png","width":459,"height":509},{"@type":"BreadcrumbList","@id":"https:\/\/badoca.com\/es\/actividades\/outras-atividades\/interaccion-con-los-lemures\/#breadcrumb","itemListElement":[{"@type":"ListItem","position":1,"name":"In\u00edcio","item":"https:\/\/badoca.com\/es\/"},{"@type":"ListItem","position":2,"name":"Outras Atividades","item":"https:\/\/badoca.com\/es\/categoria-produto\/outras-atividades\/"},{"@type":"ListItem","position":3,"name":"Interacci\u00f3n con los L\u00e9mures"}]},{"@type":"WebSite","@id":"https:\/\/badoca.com\/es\/#website","url":"https:\/\/badoca.com\/es\/","name":"Badoca","description":"Safari Park","publisher":{"@id":"https:\/\/badoca.com\/es\/#organization"},"potentialAction":[{"@type":"SearchAction","target":{"@type":"EntryPoint","urlTemplate":"https:\/\/badoca.com\/es\/?s={search_term_string}"},"query-input":{"@type":"PropertyValueSpecification","valueRequired":true,"valueName":"search_term_string"}}],"inLanguage":"es"},{"@type":"Organization","@id":"https:\/\/badoca.com\/es\/#organization","name":"Badoca","url":"https:\/\/badoca.com\/es\/","logo":{"@type":"ImageObject","inLanguage":"es","@id":"https:\/\/badoca.com\/es\/#\/schema\/logo\/image\/","url":"https:\/\/badoca.com\/wp-content\/uploads\/cropped-badoca-logo.png","contentUrl":"https:\/\/badoca.com\/wp-content\/uploads\/cropped-badoca-logo.png","width":137,"height":195,"caption":"Badoca"},"image":{"@id":"https:\/\/badoca.com\/es\/#\/schema\/logo\/image\/"}}]}},"_links":{"self":[{"href":"https:\/\/badoca.com\/es\/wp-json\/wp\/v2\/product\/148665","targetHints":{"allow":["GET"]}}],"collection":[{"href":"https:\/\/badoca.com\/es\/wp-json\/wp\/v2\/product"}],"about":[{"href":"https:\/\/badoca.com\/es\/wp-json\/wp\/v2\/types\/product"}],"author":[{"embeddable":true,"href":"https:\/\/badoca.com\/es\/wp-json\/wp\/v2\/users\/2"}],"wp:featuredmedia":[{"embeddable":true,"href":"https:\/\/badoca.com\/es\/wp-json\/wp\/v2\/media\/149303"}],"wp:attachment":[{"href":"https:\/\/badoca.com\/es\/wp-json\/wp\/v2\/media?parent=148665"}],"wp:term":[{"taxonomy":"product_brand","embeddable":true,"href":"https:\/\/badoca.com\/es\/wp-json\/wp\/v2\/product_brand?post=148665"},{"taxonomy":"product_cat","embeddable":true,"href":"https:\/\/badoca.com\/es\/wp-json\/wp\/v2\/product_cat?post=148665"},{"taxonomy":"product_tag","embeddable":true,"href":"https:\/\/badoca.com\/es\/wp-json\/wp\/v2\/product_tag?post=148665"}],"curies":[{"name":"wp","href":"https:\/\/api.w.org\/{rel}","templated":true}]}}