{"id":148663,"date":"2020-07-10T14:27:32","date_gmt":"2020-07-10T14:27:32","guid":{"rendered":"https:\/\/badoca.com\/actividades\/sin%20categor\u00eda\/rafting-africano\/"},"modified":"2026-03-18T18:17:27","modified_gmt":"2026-03-18T17:17:27","slug":"rafting-africano","status":"publish","type":"product","link":"https:\/\/badoca.com\/es\/actividades\/outras-atividades\/rafting-africano\/","title":{"rendered":"Rafting Africano"},"content":{"rendered":"<section class=\"wpb-content-wrapper\"><p>[vc_row][vc_column][vc_empty_space][vc_column_text]<b>Duraci\u00f3n<\/b>: unos 10 minutos.<\/p>\n<p><b>Sesiones y horarios:<\/b>\u00a0A su llegada, en taquilla, nuestro personal le ayudar\u00e1 a planificar su visita para garantizar que realice todas las actividades que desee, incluido el rafting africano. Puede comprar su entrada para esta actividad en taquilla, pero siempre deber\u00e1 adquirir tambi\u00e9n la entrada al parque.<\/p>\n<p><b>Restricciones<\/b>: Badoca Safari Park recomienda no llevar objetos personales durante el recorrido, ya que no se hace responsable de los da\u00f1os que puedan producirse. Solo se admiten ni\u00f1os a partir de 0,90 m de altura y los que midan hasta 1,30 m deber\u00e1n ir acompa\u00f1ados de un adulto.[\/vc_column_text][\/vc_column][\/vc_row][vc_row][vc_column][vc_row_inner el_id=\u00bbanimal-box\u00bb][vc_column_inner][vc_images_carousel images=\u00bb1786,1785,1784,1783,1782&#8243; img_size=\u00bbfull\u00bb onclick=\u00bblink_no\u00bb autoplay=\u00bbyes\u00bb wrap=\u00bbyes\u00bb][\/vc_column_inner][\/vc_row_inner][\/vc_column][\/vc_row][vc_row][vc_column][vc_column_text]<\/p>\n<h2>\u00bfQu\u00e9 hacer?<\/h2>\n<h3>Un d\u00eda inolvidable en el Alentejo<\/h3>\n<p>[\/vc_column_text][\/vc_column][\/vc_row][vc_row posts_query=\u00bbsize:10|order_by:rand|post_type:page|by_id:37179,37171,37168,37115,37113,37110,37107,37103,37097,37051&#8243; image_linkable=\u00bbtrue\u00bb taxonomy_chosen=\u00bbcategory\u00bb display_title=\u00bb\u00bb display_author=\u00bb\u00bb display_post_date=\u00bb\u00bb display_taxonomy=\u00bb\u00bb display_summary=\u00bb\u00bb arrows=\u00bbtrue\u00bb dots=\u00bb\u00bb autoplay=\u00bb\u00bb autoplay_speed=\u00bb3000&#8243; animation_speed=\u00bb300&#8243; pause_on_hover=\u00bb\u00bb display_columns=\u00bb4&#8243; scroll_columns=\u00bb1&#8243; gutter=\u00bb10&#8243; tablet_display_columns=\u00bb2&#8243; tablet_scroll_columns=\u00bb2&#8243; tablet_gutter=\u00bb10&#8243; tablet_width=\u00bb800&#8243; mobile_display_columns=\u00bb1&#8243; mobile_scroll_columns=\u00bb1&#8243; mobile_gutter=\u00bb10&#8243; mobile_width=\u00bb480&#8243;][vc_column]<div id=\"lvca-posts-carousel-69d5a782d39b2\" class=\"lvca-posts-carousel lvca-container\" data-settings='{\"display_title_on_thumbnail\":\"\",\"display_taxonomy_on_thumbnail\":\"\",\"display_author\":\"\",\"display_post_date\":\"\",\"display_taxonomy\":\"\",\"display_read_more\":\"\",\"read_more_text\":\"Read More\",\"taxonomy_chosen\":\"category\",\"post_link_new_window\":false,\"image_size\":\"large\",\"arrows\":\"true\",\"dots\":\"\",\"autoplay\":\"\",\"autoplay_speed\":\"3000\",\"animation_speed\":\"300\",\"pause_on_hover\":\"\",\"display_columns\":\"4\",\"scroll_columns\":\"1\",\"gutter\":\"10\",\"tablet_display_columns\":\"2\",\"tablet_scroll_columns\":\"2\",\"tablet_gutter\":\"10\",\"tablet_width\":\"800\",\"mobile_display_columns\":\"1\",\"mobile_scroll_columns\":\"1\",\"mobile_gutter\":\"10\",\"mobile_width\":\"480\"}'><div data-id=\"id-148911\" class=\"lvca-posts-carousel-item\"><article id=\"post-148911\" class=\"post-148911 page type-page status-publish has-post-thumbnail hentry\"><div class=\"lvca-project-image\"><a href=\"https:\/\/badoca.com\/es\/safari-badoca\/\" ><img decoding=\"async\" width=\"340\" height=\"330\" src=\"https:\/\/badoca.com\/wp-content\/uploads\/safari-img.jpg\" class=\"attachment-large size-large wp-post-image\" alt=\"\" \/><\/a><\/div><\/article><!-- .hentry --><\/div><!-- .lvca-posts-carousel-item --><div data-id=\"id-148974\" class=\"lvca-posts-carousel-item\"><article id=\"post-148974\" class=\"post-148974 page type-page status-publish has-post-thumbnail hentry\"><div class=\"lvca-project-image\"><a href=\"https:\/\/badoca.com\/es\/safari-badoca\/isla-de-los-primates\/\" ><img decoding=\"async\" width=\"459\" height=\"446\" src=\"https:\/\/badoca.com\/wp-content\/uploads\/2026\/03\/BadocaPark_experiencia_primatas_ES.jpg\" class=\"attachment-large size-large wp-post-image\" alt=\"\" srcset=\"https:\/\/badoca.com\/wp-content\/uploads\/2026\/03\/BadocaPark_experiencia_primatas_ES.jpg 459w, https:\/\/badoca.com\/wp-content\/uploads\/2026\/03\/BadocaPark_experiencia_primatas_ES-436x424.jpg 436w\" sizes=\"(max-width: 459px) 100vw, 459px\" \/><\/a><\/div><\/article><!-- .hentry --><\/div><!-- .lvca-posts-carousel-item --><div data-id=\"id-148972\" class=\"lvca-posts-carousel-item\"><article id=\"post-148972\" class=\"post-148972 page type-page status-publish has-post-thumbnail hentry\"><div class=\"lvca-project-image\"><a href=\"https:\/\/badoca.com\/es\/safari-badoca\/presentacion-de-los-lemures\/\" ><img decoding=\"async\" width=\"459\" height=\"446\" src=\"https:\/\/badoca.com\/wp-content\/uploads\/2026\/03\/BadocaPark_experiencia_lemures_ES.jpg\" class=\"attachment-large size-large wp-post-image\" alt=\"\" srcset=\"https:\/\/badoca.com\/wp-content\/uploads\/2026\/03\/BadocaPark_experiencia_lemures_ES.jpg 459w, https:\/\/badoca.com\/wp-content\/uploads\/2026\/03\/BadocaPark_experiencia_lemures_ES-436x424.jpg 436w\" sizes=\"(max-width: 459px) 100vw, 459px\" \/><\/a><\/div><\/article><!-- .hentry --><\/div><!-- .lvca-posts-carousel-item --><div data-id=\"id-148962\" class=\"lvca-posts-carousel-item\"><article id=\"post-148962\" class=\"post-148962 page type-page status-publish has-post-thumbnail hentry\"><div class=\"lvca-project-image\"><a href=\"https:\/\/badoca.com\/es\/safari-badoca\/paseo-a-pie\/\" ><img decoding=\"async\" width=\"459\" height=\"446\" src=\"https:\/\/badoca.com\/wp-content\/uploads\/2026\/03\/BadocaPark_experiencia_passeio_ES.jpg\" class=\"attachment-large size-large wp-post-image\" alt=\"\" srcset=\"https:\/\/badoca.com\/wp-content\/uploads\/2026\/03\/BadocaPark_experiencia_passeio_ES.jpg 459w, https:\/\/badoca.com\/wp-content\/uploads\/2026\/03\/BadocaPark_experiencia_passeio_ES-436x424.jpg 436w\" sizes=\"(max-width: 459px) 100vw, 459px\" \/><\/a><\/div><\/article><!-- .hentry --><\/div><!-- .lvca-posts-carousel-item --><div data-id=\"id-148957\" class=\"lvca-posts-carousel-item\"><article id=\"post-148957\" class=\"post-148957 page type-page status-publish has-post-thumbnail hentry\"><div class=\"lvca-project-image\"><a href=\"https:\/\/badoca.com\/es\/safari-badoca\/presentacion-de-reptiles\/\" ><img decoding=\"async\" width=\"459\" height=\"446\" src=\"https:\/\/badoca.com\/wp-content\/uploads\/2026\/03\/BadocaPark_experiencia_repteis_ES.jpg\" class=\"attachment-large size-large wp-post-image\" alt=\"\" srcset=\"https:\/\/badoca.com\/wp-content\/uploads\/2026\/03\/BadocaPark_experiencia_repteis_ES.jpg 459w, https:\/\/badoca.com\/wp-content\/uploads\/2026\/03\/BadocaPark_experiencia_repteis_ES-436x424.jpg 436w\" sizes=\"(max-width: 459px) 100vw, 459px\" \/><\/a><\/div><\/article><!-- .hentry --><\/div><!-- .lvca-posts-carousel-item --><div data-id=\"id-148959\" class=\"lvca-posts-carousel-item\"><article id=\"post-148959\" class=\"post-148959 page type-page status-publish has-post-thumbnail hentry\"><div class=\"lvca-project-image\"><a href=\"https:\/\/badoca.com\/es\/safari-badoca\/presentacion-de-aves-rapaces\/\" ><img decoding=\"async\" width=\"459\" height=\"446\" src=\"https:\/\/badoca.com\/wp-content\/uploads\/2026\/03\/BadocaPark_experiencia_aves_ES.jpg\" class=\"attachment-large size-large wp-post-image\" alt=\"\" srcset=\"https:\/\/badoca.com\/wp-content\/uploads\/2026\/03\/BadocaPark_experiencia_aves_ES.jpg 459w, https:\/\/badoca.com\/wp-content\/uploads\/2026\/03\/BadocaPark_experiencia_aves_ES-436x424.jpg 436w\" sizes=\"(max-width: 459px) 100vw, 459px\" \/><\/a><\/div><\/article><!-- .hentry --><\/div><!-- .lvca-posts-carousel-item --><\/div><!-- .lvca-posts-carousel -->[\/vc_column][\/vc_row]<\/p>\n<\/section>","protected":false},"excerpt":{"rendered":"<h3 style=\"color: #777938;\">Una aventura en aguas turbulentas.<\/h3>\n<p>&nbsp;<\/p>\n<div class=\"elementToProof\">Inmerso en todos los paisajes africanos y rodeados de la fauna que los habita, el rafting africano es una actividad pensada para los amantes de las emociones fuertes. A bordo de una balsa neum\u00e1tica, un grupo de 9 personas puede recorrer 500 metros de aguas turbulentas que fluyen en un entorno recreado.<\/div>\n<div class=\"elementToProof\"><\/div>\n<div class=\"elementToProof\">Esta actividad puede mojar y no se recomienda a mujeres embarazadas, personas con movilidad reducida ni con problemas de espalda.<\/div>\n... <a href=\"https:\/\/badoca.com\/es\/safari-badoca\/presentacion-de-aves-rapaces\/\">LER MAIS<\/a>.","protected":false},"author":12,"featured_media":148664,"template":"","meta":{"_acf_changed":false},"product_brand":[],"product_cat":[575],"product_tag":[],"class_list":{"0":"post-148663","1":"product","2":"type-product","3":"status-publish","4":"has-post-thumbnail","6":"product_cat-outras-atividades","8":"first","9":"outofstock","10":"virtual","11":"purchasable","12":"product-type-simple"},"acf":[],"yoast_head":"<!-- This site is optimized with the Yoast SEO plugin v27.3 - https:\/\/yoast.com\/product\/yoast-seo-wordpress\/ -->\n<title>Rafting Africano - Badoca<\/title>\n<meta name=\"robots\" content=\"index, follow, max-snippet:-1, max-image-preview:large, max-video-preview:-1\" \/>\n<link rel=\"canonical\" href=\"https:\/\/badoca.com\/es\/actividades\/outras-atividades\/rafting-africano\/\" \/>\n<meta property=\"og:locale\" content=\"es_ES\" \/>\n<meta property=\"og:type\" content=\"article\" \/>\n<meta property=\"og:title\" content=\"Rafting Africano - Badoca\" \/>\n<meta property=\"og:description\" content=\"Una aventura en aguas turbulentas. &nbsp; Inmerso en todos los paisajes africanos y rodeados de la fauna que los habita, el rafting africano es una actividad pensada para los amantes de las emociones fuertes. A bordo de una balsa neum\u00e1tica, un grupo de 9 personas puede recorrer 500 metros de aguas turbulentas que fluyen en un entorno recreado.  Esta actividad puede mojar y no se recomienda a mujeres embarazadas, personas con movilidad reducida ni con problemas de espalda.\" \/>\n<meta property=\"og:url\" content=\"https:\/\/badoca.com\/es\/actividades\/outras-atividades\/rafting-africano\/\" \/>\n<meta property=\"og:site_name\" content=\"Badoca\" \/>\n<meta property=\"article:modified_time\" content=\"2026-03-18T17:17:27+00:00\" \/>\n<meta property=\"og:image\" content=\"https:\/\/badoca.com\/wp-content\/uploads\/rafting-africano-que-fazer.jpg\" \/>\n\t<meta property=\"og:image:width\" content=\"340\" \/>\n\t<meta property=\"og:image:height\" content=\"330\" \/>\n\t<meta property=\"og:image:type\" content=\"image\/jpeg\" \/>\n<meta name=\"twitter:card\" content=\"summary_large_image\" \/>\n<meta name=\"twitter:label1\" content=\"Tiempo de lectura\" \/>\n\t<meta name=\"twitter:data1\" content=\"3 minutos\" \/>\n<script type=\"application\/ld+json\" class=\"yoast-schema-graph\">{\"@context\":\"https:\\\/\\\/schema.org\",\"@graph\":[{\"@type\":\"WebPage\",\"@id\":\"https:\\\/\\\/badoca.com\\\/es\\\/actividades\\\/outras-atividades\\\/rafting-africano\\\/\",\"url\":\"https:\\\/\\\/badoca.com\\\/es\\\/actividades\\\/outras-atividades\\\/rafting-africano\\\/\",\"name\":\"Rafting Africano - Badoca\",\"isPartOf\":{\"@id\":\"https:\\\/\\\/badoca.com\\\/es\\\/#website\"},\"primaryImageOfPage\":{\"@id\":\"https:\\\/\\\/badoca.com\\\/es\\\/actividades\\\/outras-atividades\\\/rafting-africano\\\/#primaryimage\"},\"image\":{\"@id\":\"https:\\\/\\\/badoca.com\\\/es\\\/actividades\\\/outras-atividades\\\/rafting-africano\\\/#primaryimage\"},\"thumbnailUrl\":\"https:\\\/\\\/badoca.com\\\/wp-content\\\/uploads\\\/rafting-africano-que-fazer.jpg\",\"datePublished\":\"2020-07-10T14:27:32+00:00\",\"dateModified\":\"2026-03-18T17:17:27+00:00\",\"breadcrumb\":{\"@id\":\"https:\\\/\\\/badoca.com\\\/es\\\/actividades\\\/outras-atividades\\\/rafting-africano\\\/#breadcrumb\"},\"inLanguage\":\"es\",\"potentialAction\":[{\"@type\":\"ReadAction\",\"target\":[\"https:\\\/\\\/badoca.com\\\/es\\\/actividades\\\/outras-atividades\\\/rafting-africano\\\/\"]}]},{\"@type\":\"ImageObject\",\"inLanguage\":\"es\",\"@id\":\"https:\\\/\\\/badoca.com\\\/es\\\/actividades\\\/outras-atividades\\\/rafting-africano\\\/#primaryimage\",\"url\":\"https:\\\/\\\/badoca.com\\\/wp-content\\\/uploads\\\/rafting-africano-que-fazer.jpg\",\"contentUrl\":\"https:\\\/\\\/badoca.com\\\/wp-content\\\/uploads\\\/rafting-africano-que-fazer.jpg\",\"width\":340,\"height\":330},{\"@type\":\"BreadcrumbList\",\"@id\":\"https:\\\/\\\/badoca.com\\\/es\\\/actividades\\\/outras-atividades\\\/rafting-africano\\\/#breadcrumb\",\"itemListElement\":[{\"@type\":\"ListItem\",\"position\":1,\"name\":\"In\u00edcio\",\"item\":\"https:\\\/\\\/badoca.com\\\/es\\\/\"},{\"@type\":\"ListItem\",\"position\":2,\"name\":\"Outras Atividades\",\"item\":\"https:\\\/\\\/badoca.com\\\/es\\\/categoria-produto\\\/outras-atividades\\\/\"},{\"@type\":\"ListItem\",\"position\":3,\"name\":\"Rafting Africano\"}]},{\"@type\":\"WebSite\",\"@id\":\"https:\\\/\\\/badoca.com\\\/es\\\/#website\",\"url\":\"https:\\\/\\\/badoca.com\\\/es\\\/\",\"name\":\"Badoca\",\"description\":\"Safari Park\",\"publisher\":{\"@id\":\"https:\\\/\\\/badoca.com\\\/es\\\/#organization\"},\"potentialAction\":[{\"@type\":\"SearchAction\",\"target\":{\"@type\":\"EntryPoint\",\"urlTemplate\":\"https:\\\/\\\/badoca.com\\\/es\\\/?s={search_term_string}\"},\"query-input\":{\"@type\":\"PropertyValueSpecification\",\"valueRequired\":true,\"valueName\":\"search_term_string\"}}],\"inLanguage\":\"es\"},{\"@type\":\"Organization\",\"@id\":\"https:\\\/\\\/badoca.com\\\/es\\\/#organization\",\"name\":\"Badoca\",\"url\":\"https:\\\/\\\/badoca.com\\\/es\\\/\",\"logo\":{\"@type\":\"ImageObject\",\"inLanguage\":\"es\",\"@id\":\"https:\\\/\\\/badoca.com\\\/es\\\/#\\\/schema\\\/logo\\\/image\\\/\",\"url\":\"https:\\\/\\\/badoca.com\\\/wp-content\\\/uploads\\\/cropped-badoca-logo.png\",\"contentUrl\":\"https:\\\/\\\/badoca.com\\\/wp-content\\\/uploads\\\/cropped-badoca-logo.png\",\"width\":137,\"height\":195,\"caption\":\"Badoca\"},\"image\":{\"@id\":\"https:\\\/\\\/badoca.com\\\/es\\\/#\\\/schema\\\/logo\\\/image\\\/\"}}]}<\/script>\n<!-- \/ Yoast SEO plugin. -->","yoast_head_json":{"title":"Rafting Africano - Badoca","robots":{"index":"index","follow":"follow","max-snippet":"max-snippet:-1","max-image-preview":"max-image-preview:large","max-video-preview":"max-video-preview:-1"},"canonical":"https:\/\/badoca.com\/es\/actividades\/outras-atividades\/rafting-africano\/","og_locale":"es_ES","og_type":"article","og_title":"Rafting Africano - Badoca","og_description":"Una aventura en aguas turbulentas. &nbsp; Inmerso en todos los paisajes africanos y rodeados de la fauna que los habita, el rafting africano es una actividad pensada para los amantes de las emociones fuertes. A bordo de una balsa neum\u00e1tica, un grupo de 9 personas puede recorrer 500 metros de aguas turbulentas que fluyen en un entorno recreado.  Esta actividad puede mojar y no se recomienda a mujeres embarazadas, personas con movilidad reducida ni con problemas de espalda.","og_url":"https:\/\/badoca.com\/es\/actividades\/outras-atividades\/rafting-africano\/","og_site_name":"Badoca","article_modified_time":"2026-03-18T17:17:27+00:00","og_image":[{"width":340,"height":330,"url":"https:\/\/badoca.com\/wp-content\/uploads\/rafting-africano-que-fazer.jpg","type":"image\/jpeg"}],"twitter_card":"summary_large_image","twitter_misc":{"Tiempo de lectura":"3 minutos"},"schema":{"@context":"https:\/\/schema.org","@graph":[{"@type":"WebPage","@id":"https:\/\/badoca.com\/es\/actividades\/outras-atividades\/rafting-africano\/","url":"https:\/\/badoca.com\/es\/actividades\/outras-atividades\/rafting-africano\/","name":"Rafting Africano - Badoca","isPartOf":{"@id":"https:\/\/badoca.com\/es\/#website"},"primaryImageOfPage":{"@id":"https:\/\/badoca.com\/es\/actividades\/outras-atividades\/rafting-africano\/#primaryimage"},"image":{"@id":"https:\/\/badoca.com\/es\/actividades\/outras-atividades\/rafting-africano\/#primaryimage"},"thumbnailUrl":"https:\/\/badoca.com\/wp-content\/uploads\/rafting-africano-que-fazer.jpg","datePublished":"2020-07-10T14:27:32+00:00","dateModified":"2026-03-18T17:17:27+00:00","breadcrumb":{"@id":"https:\/\/badoca.com\/es\/actividades\/outras-atividades\/rafting-africano\/#breadcrumb"},"inLanguage":"es","potentialAction":[{"@type":"ReadAction","target":["https:\/\/badoca.com\/es\/actividades\/outras-atividades\/rafting-africano\/"]}]},{"@type":"ImageObject","inLanguage":"es","@id":"https:\/\/badoca.com\/es\/actividades\/outras-atividades\/rafting-africano\/#primaryimage","url":"https:\/\/badoca.com\/wp-content\/uploads\/rafting-africano-que-fazer.jpg","contentUrl":"https:\/\/badoca.com\/wp-content\/uploads\/rafting-africano-que-fazer.jpg","width":340,"height":330},{"@type":"BreadcrumbList","@id":"https:\/\/badoca.com\/es\/actividades\/outras-atividades\/rafting-africano\/#breadcrumb","itemListElement":[{"@type":"ListItem","position":1,"name":"In\u00edcio","item":"https:\/\/badoca.com\/es\/"},{"@type":"ListItem","position":2,"name":"Outras Atividades","item":"https:\/\/badoca.com\/es\/categoria-produto\/outras-atividades\/"},{"@type":"ListItem","position":3,"name":"Rafting Africano"}]},{"@type":"WebSite","@id":"https:\/\/badoca.com\/es\/#website","url":"https:\/\/badoca.com\/es\/","name":"Badoca","description":"Safari Park","publisher":{"@id":"https:\/\/badoca.com\/es\/#organization"},"potentialAction":[{"@type":"SearchAction","target":{"@type":"EntryPoint","urlTemplate":"https:\/\/badoca.com\/es\/?s={search_term_string}"},"query-input":{"@type":"PropertyValueSpecification","valueRequired":true,"valueName":"search_term_string"}}],"inLanguage":"es"},{"@type":"Organization","@id":"https:\/\/badoca.com\/es\/#organization","name":"Badoca","url":"https:\/\/badoca.com\/es\/","logo":{"@type":"ImageObject","inLanguage":"es","@id":"https:\/\/badoca.com\/es\/#\/schema\/logo\/image\/","url":"https:\/\/badoca.com\/wp-content\/uploads\/cropped-badoca-logo.png","contentUrl":"https:\/\/badoca.com\/wp-content\/uploads\/cropped-badoca-logo.png","width":137,"height":195,"caption":"Badoca"},"image":{"@id":"https:\/\/badoca.com\/es\/#\/schema\/logo\/image\/"}}]}},"_links":{"self":[{"href":"https:\/\/badoca.com\/es\/wp-json\/wp\/v2\/product\/148663","targetHints":{"allow":["GET"]}}],"collection":[{"href":"https:\/\/badoca.com\/es\/wp-json\/wp\/v2\/product"}],"about":[{"href":"https:\/\/badoca.com\/es\/wp-json\/wp\/v2\/types\/product"}],"author":[{"embeddable":true,"href":"https:\/\/badoca.com\/es\/wp-json\/wp\/v2\/users\/12"}],"wp:featuredmedia":[{"embeddable":true,"href":"https:\/\/badoca.com\/es\/wp-json\/wp\/v2\/media\/148664"}],"wp:attachment":[{"href":"https:\/\/badoca.com\/es\/wp-json\/wp\/v2\/media?parent=148663"}],"wp:term":[{"taxonomy":"product_brand","embeddable":true,"href":"https:\/\/badoca.com\/es\/wp-json\/wp\/v2\/product_brand?post=148663"},{"taxonomy":"product_cat","embeddable":true,"href":"https:\/\/badoca.com\/es\/wp-json\/wp\/v2\/product_cat?post=148663"},{"taxonomy":"product_tag","embeddable":true,"href":"https:\/\/badoca.com\/es\/wp-json\/wp\/v2\/product_tag?post=148663"}],"curies":[{"name":"wp","href":"https:\/\/api.w.org\/{rel}","templated":true}]}}