{"id":148651,"date":"2018-01-11T16:23:00","date_gmt":"2018-01-11T16:23:00","guid":{"rendered":"https:\/\/badoca.com\/actividades\/sin%20categor\u00eda\/encontro-com-as-girafas\/"},"modified":"2026-03-27T16:39:26","modified_gmt":"2026-03-27T15:39:26","slug":"encuentro-con-las-jirafas","status":"publish","type":"product","link":"https:\/\/badoca.com\/es\/actividades\/experiencias-vip\/encuentro-con-las-jirafas\/","title":{"rendered":"Encuentro con las Jirafas"},"content":{"rendered":"<section class=\"wpb-content-wrapper\"><p>[vc_row][vc_column][vc_empty_space][vc_column_text]<strong>Duraci\u00f3n:<\/strong> aproximadamente 1 h 30 min.<\/p>\n<p><strong><b>Sesiones y horarios: <\/b><\/strong>reserve su experiencia VIP enviando un correo electr\u00f3nico a <a href=\"mailto:badoca@badoca.com\">badoca@badoca.com<\/a>. El horario se definir\u00e1 en funci\u00f3n de la disponibilidad el d\u00eda de la visita.<\/p>\n<p><strong>Restricciones: <\/strong>si tiene necesidades m\u00e9dicas o motoras espec\u00edficas, inf\u00f3rmenos al hacer la reserva.[\/vc_column_text][\/vc_column][\/vc_row][vc_row el_id=\u00bbanimal-box\u00bb][vc_column][vc_images_carousel images=\u00bb1958,1959,1960,1961,1962,1963,1964,1965,1966&#8243; img_size=\u00bbfull\u00bb onclick=\u00bblink_no\u00bb hide_pagination_control=\u00bbyes\u00bb wrap=\u00bbyes\u00bb][\/vc_column][\/vc_row][vc_row][vc_column][vc_column_text]<\/p>\n<h2>Experiencias VIP<\/h2>\n<h3>Ofrezca una experiencia inolvidable.<\/h3>\n<p>[\/vc_column_text][\/vc_column][\/vc_row][vc_row el_class=\u00bbrelated-animals\u00bb][vc_column]<div id=\"lvca-posts-carousel-69d58ef189cc3\" class=\"lvca-posts-carousel lvca-container\" data-settings='{\"display_title_on_thumbnail\":\"\",\"display_taxonomy_on_thumbnail\":\"\",\"display_author\":\"\",\"display_post_date\":\"\",\"display_taxonomy\":\"\",\"display_read_more\":\"\",\"read_more_text\":\"Read More\",\"taxonomy_chosen\":\"category\",\"post_link_new_window\":false,\"image_size\":\"large\",\"arrows\":\"true\",\"dots\":\"\",\"autoplay\":\"\",\"autoplay_speed\":\"3000\",\"animation_speed\":\"300\",\"pause_on_hover\":\"\",\"display_columns\":\"4\",\"scroll_columns\":\"1\",\"gutter\":\"10\",\"tablet_display_columns\":\"2\",\"tablet_scroll_columns\":\"2\",\"tablet_gutter\":\"10\",\"tablet_width\":\"800\",\"mobile_display_columns\":\"1\",\"mobile_scroll_columns\":\"1\",\"mobile_gutter\":\"10\",\"mobile_width\":\"480\"}'><div data-id=\"id-148634\" class=\"lvca-posts-carousel-item\"><article id=\"post-148634\" class=\"post-148634 product type-product status-publish has-post-thumbnail product_cat-experiencias-vip first instock virtual purchasable product-type-simple\"><div class=\"lvca-project-image\"><a href=\"https:\/\/badoca.com\/es\/actividades\/experiencias-vip\/safari-vip-con-cena\/\" ><img decoding=\"async\" width=\"459\" height=\"509\" src=\"https:\/\/badoca.com\/wp-content\/uploads\/2026\/03\/badoca_modulo_VIPjantar_ES.png\" class=\"attachment-large size-large wp-post-image\" alt=\"\" srcset=\"https:\/\/badoca.com\/wp-content\/uploads\/2026\/03\/badoca_modulo_VIPjantar_ES.png 459w, https:\/\/badoca.com\/wp-content\/uploads\/2026\/03\/badoca_modulo_VIPjantar_ES-382x424.png 382w\" sizes=\"(max-width: 459px) 100vw, 459px\" \/><\/a><\/div><\/article><!-- .hentry --><\/div><!-- .lvca-posts-carousel-item --><div data-id=\"id-148645\" class=\"lvca-posts-carousel-item\"><article id=\"post-148645\" class=\"post-148645 product type-product status-publish has-post-thumbnail product_cat-experiencias-vip  instock virtual purchasable product-type-simple\"><div class=\"lvca-project-image\"><a href=\"https:\/\/badoca.com\/es\/actividades\/experiencias-vip\/safari-vip\/\" ><img decoding=\"async\" width=\"459\" height=\"509\" src=\"https:\/\/badoca.com\/wp-content\/uploads\/badoca_modulo_SafariVIP_PT.png\" class=\"attachment-large size-large wp-post-image\" alt=\"\" srcset=\"https:\/\/badoca.com\/wp-content\/uploads\/badoca_modulo_SafariVIP_PT.png 459w, https:\/\/badoca.com\/wp-content\/uploads\/badoca_modulo_SafariVIP_PT-382x424.png 382w\" sizes=\"(max-width: 459px) 100vw, 459px\" \/><\/a><\/div><\/article><!-- .hentry --><\/div><!-- .lvca-posts-carousel-item --><div data-id=\"id-148651\" class=\"lvca-posts-carousel-item\"><article id=\"post-148651\" class=\"post-148651 product type-product status-publish has-post-thumbnail product_cat-experiencias-vip  instock virtual purchasable product-type-simple\"><div class=\"lvca-project-image\"><a href=\"https:\/\/badoca.com\/es\/actividades\/experiencias-vip\/encuentro-con-las-jirafas\/\" ><img decoding=\"async\" width=\"459\" height=\"509\" src=\"https:\/\/badoca.com\/wp-content\/uploads\/2026\/03\/badoca_modulo_EncontroGirafas_ES.png\" class=\"attachment-large size-large wp-post-image\" alt=\"\" srcset=\"https:\/\/badoca.com\/wp-content\/uploads\/2026\/03\/badoca_modulo_EncontroGirafas_ES.png 459w, https:\/\/badoca.com\/wp-content\/uploads\/2026\/03\/badoca_modulo_EncontroGirafas_ES-382x424.png 382w\" sizes=\"(max-width: 459px) 100vw, 459px\" \/><\/a><\/div><\/article><!-- .hentry --><\/div><!-- .lvca-posts-carousel-item --><div data-id=\"id-148639\" class=\"lvca-posts-carousel-item\"><article id=\"post-148639\" class=\"post-148639 product type-product status-publish has-post-thumbnail product_cat-experiencias-vip last instock virtual purchasable product-type-simple\"><div class=\"lvca-project-image\"><a href=\"https:\/\/badoca.com\/es\/actividades\/experiencias-vip\/safari-vip-con-picnic\/\" ><img decoding=\"async\" width=\"459\" height=\"509\" src=\"https:\/\/badoca.com\/wp-content\/uploads\/2026\/03\/badoca_modulo_VIPpicnic_ES.png\" class=\"attachment-large size-large wp-post-image\" alt=\"\" srcset=\"https:\/\/badoca.com\/wp-content\/uploads\/2026\/03\/badoca_modulo_VIPpicnic_ES.png 459w, https:\/\/badoca.com\/wp-content\/uploads\/2026\/03\/badoca_modulo_VIPpicnic_ES-382x424.png 382w\" sizes=\"(max-width: 459px) 100vw, 459px\" \/><\/a><\/div><\/article><!-- .hentry --><\/div><!-- .lvca-posts-carousel-item --><div data-id=\"id-148648\" class=\"lvca-posts-carousel-item\"><article id=\"post-148648\" class=\"post-148648 product type-product status-publish has-post-thumbnail product_cat-experiencias-vip first instock virtual purchasable product-type-simple\"><div class=\"lvca-project-image\"><a href=\"https:\/\/badoca.com\/es\/actividades\/experiencias-vip\/experiencia-en-la-falcoaria\/\" ><img decoding=\"async\" width=\"459\" height=\"509\" src=\"https:\/\/badoca.com\/wp-content\/uploads\/2026\/03\/badoca_modulo_Falcoaria_ES.png\" class=\"attachment-large size-large wp-post-image\" alt=\"\" srcset=\"https:\/\/badoca.com\/wp-content\/uploads\/2026\/03\/badoca_modulo_Falcoaria_ES.png 459w, https:\/\/badoca.com\/wp-content\/uploads\/2026\/03\/badoca_modulo_Falcoaria_ES-382x424.png 382w\" sizes=\"(max-width: 459px) 100vw, 459px\" \/><\/a><\/div><\/article><!-- .hentry --><\/div><!-- .lvca-posts-carousel-item --><div data-id=\"id-148633\" class=\"lvca-posts-carousel-item\"><article id=\"post-148633\" class=\"post-148633 product type-product status-publish has-post-thumbnail product_cat-experiencias-vip  instock virtual purchasable product-type-simple\"><div class=\"lvca-project-image\"><a href=\"https:\/\/badoca.com\/es\/actividades\/experiencias-vip\/safari-vip-con-desayuno\/\" ><img decoding=\"async\" width=\"459\" height=\"509\" src=\"https:\/\/badoca.com\/wp-content\/uploads\/2026\/03\/badoca_modulo_VIPbreakfast_ES.png\" class=\"attachment-large size-large wp-post-image\" alt=\"\" srcset=\"https:\/\/badoca.com\/wp-content\/uploads\/2026\/03\/badoca_modulo_VIPbreakfast_ES.png 459w, https:\/\/badoca.com\/wp-content\/uploads\/2026\/03\/badoca_modulo_VIPbreakfast_ES-382x424.png 382w\" sizes=\"(max-width: 459px) 100vw, 459px\" \/><\/a><\/div><\/article><!-- .hentry --><\/div><!-- .lvca-posts-carousel-item --><\/div><!-- .lvca-posts-carousel -->[\/vc_column][\/vc_row]<\/p>\n<\/section>","protected":false},"excerpt":{"rendered":"<h3 style=\"color: #777938;\">OJOS A OJOS CON EL ANIMAL TERRESTRE M\u00c1S GRANDE<\/h3>\n<p>&nbsp;<\/p>\n<p>Si es fan del mam\u00edfero m\u00e1s alto del planeta y le gusta la aventura, s\u00fabase a un jeep privado y venga a conocer nuestra manada de jirafas. Viva momentos \u00fanicos en estrecho contacto con estos animales de la subespecie Rothschild, una de las m\u00e1s amenazadas del mundo. Acompa\u00f1ado por un cuidador con formaci\u00f3n y experiencia, conocer\u00e1 nuestro refugio de m\u00e1s de 10 metros de altura, donde podr\u00e1 interactuar con nuestras jirafas. No pierda la oportunidad de vivir un momento emocionante e inolvidable y tomar fotograf\u00edas \u00fanicas.<\/p>\n<p>Al adquirir esta o cualquier otra Experiencia VIP del Badoca Safari Park, tambi\u00e9n podr\u00e1 disfrutar de las actividades de una entrada normal al parque y deber\u00e1 dirigirse a la taquilla prioritaria para evitar las colas de espera en la taquilla habitual. Puede comprar su entrada online, pero antes le rogamos que reserve su Encuentro con las Jirafas con al menos una semana de antelaci\u00f3n, enviando un correo electr\u00f3nico a <a href=\"mailto:badoca@badoca.com\">badoca@badoca.com<\/a>. De esta forma, le garantizamos la disponibilidad y preparamos todo para recibirle de forma especial. Los precios indicados son por persona, iguales para adultos y ni\u00f1os (los ni\u00f1os menores de 4 a\u00f1os no pagan). Debe venir debidamente preparado, con calzado c\u00f3modo y ropa pr\u00e1ctica. Admitimos retrasos de hasta un m\u00e1ximo de 15 minutos.<\/p>\n... <a href=\"https:\/\/badoca.com\/es\/actividades\/experiencias-vip\/safari-vip-con-desayuno\/\">LER MAIS<\/a>.","protected":false},"author":1,"featured_media":149279,"template":"","meta":{"_acf_changed":false},"product_brand":[],"product_cat":[573],"product_tag":[],"class_list":{"0":"post-148651","1":"product","2":"type-product","3":"status-publish","4":"has-post-thumbnail","6":"product_cat-experiencias-vip","8":"","9":"instock","10":"virtual","11":"purchasable","12":"product-type-simple"},"acf":[],"yoast_head":"<!-- This site is optimized with the Yoast SEO plugin v27.3 - https:\/\/yoast.com\/product\/yoast-seo-wordpress\/ -->\n<title>Encuentro con las Jirafas - Badoca<\/title>\n<meta name=\"robots\" content=\"index, follow, max-snippet:-1, max-image-preview:large, max-video-preview:-1\" \/>\n<link rel=\"canonical\" href=\"https:\/\/badoca.com\/es\/actividades\/experiencias-vip\/encuentro-con-las-jirafas\/\" \/>\n<meta property=\"og:locale\" content=\"es_ES\" \/>\n<meta property=\"og:type\" content=\"article\" \/>\n<meta property=\"og:title\" content=\"Encuentro con las Jirafas - Badoca\" \/>\n<meta property=\"og:description\" content=\"OJOS A OJOS CON EL ANIMAL TERRESTRE M\u00c1S GRANDE &nbsp;  Si es fan del mam\u00edfero m\u00e1s alto del planeta y le gusta la aventura, s\u00fabase a un jeep privado y venga a conocer nuestra manada de jirafas. Viva momentos \u00fanicos en estrecho contacto con estos animales de la subespecie Rothschild, una de las m\u00e1s amenazadas del mundo. Acompa\u00f1ado por un cuidador con formaci\u00f3n y experiencia, conocer\u00e1 nuestro refugio de m\u00e1s de 10 metros de altura, donde podr\u00e1 interactuar con nuestras jirafas. No pierda la oportunidad de vivir un momento emocionante e inolvidable y tomar fotograf\u00edas \u00fanicas.  Al adquirir esta o cualquier otra Experiencia VIP del Badoca Safari Park, tambi\u00e9n podr\u00e1 disfrutar de las actividades de una entrada normal al parque y deber\u00e1 dirigirse a la taquilla prioritaria para evitar las colas de espera en la taquilla habitual. Puede comprar su entrada online, pero antes le rogamos que reserve su Encuentro con las Jirafas con al menos una semana de antelaci\u00f3n, enviando un correo electr\u00f3nico a badoca@badoca.com. De esta forma, le garantizamos la disponibilidad y preparamos todo para recibirle de forma especial. Los precios indicados son por persona, iguales para adultos y ni\u00f1os (los ni\u00f1os menores de 4 a\u00f1os no pagan). Debe venir debidamente preparado, con calzado c\u00f3modo y ropa pr\u00e1ctica. Admitimos retrasos de hasta un m\u00e1ximo de 15 minutos.\" \/>\n<meta property=\"og:url\" content=\"https:\/\/badoca.com\/es\/actividades\/experiencias-vip\/encuentro-con-las-jirafas\/\" \/>\n<meta property=\"og:site_name\" content=\"Badoca\" \/>\n<meta property=\"article:modified_time\" content=\"2026-03-27T15:39:26+00:00\" \/>\n<meta property=\"og:image\" content=\"https:\/\/badoca.com\/wp-content\/uploads\/2026\/03\/badoca_modulo_EncontroGirafas_ES.png\" \/>\n\t<meta property=\"og:image:width\" content=\"459\" \/>\n\t<meta property=\"og:image:height\" content=\"509\" \/>\n\t<meta property=\"og:image:type\" content=\"image\/png\" \/>\n<meta name=\"twitter:card\" content=\"summary_large_image\" \/>\n<meta name=\"twitter:label1\" content=\"Tiempo de lectura\" \/>\n\t<meta name=\"twitter:data1\" content=\"1 minuto\" \/>\n<script type=\"application\/ld+json\" class=\"yoast-schema-graph\">{\"@context\":\"https:\\\/\\\/schema.org\",\"@graph\":[{\"@type\":\"WebPage\",\"@id\":\"https:\\\/\\\/badoca.com\\\/es\\\/actividades\\\/experiencias-vip\\\/encuentro-con-las-jirafas\\\/\",\"url\":\"https:\\\/\\\/badoca.com\\\/es\\\/actividades\\\/experiencias-vip\\\/encuentro-con-las-jirafas\\\/\",\"name\":\"Encuentro con las Jirafas - Badoca\",\"isPartOf\":{\"@id\":\"https:\\\/\\\/badoca.com\\\/es\\\/#website\"},\"primaryImageOfPage\":{\"@id\":\"https:\\\/\\\/badoca.com\\\/es\\\/actividades\\\/experiencias-vip\\\/encuentro-con-las-jirafas\\\/#primaryimage\"},\"image\":{\"@id\":\"https:\\\/\\\/badoca.com\\\/es\\\/actividades\\\/experiencias-vip\\\/encuentro-con-las-jirafas\\\/#primaryimage\"},\"thumbnailUrl\":\"https:\\\/\\\/badoca.com\\\/wp-content\\\/uploads\\\/2026\\\/03\\\/badoca_modulo_EncontroGirafas_ES.png\",\"datePublished\":\"2018-01-11T16:23:00+00:00\",\"dateModified\":\"2026-03-27T15:39:26+00:00\",\"breadcrumb\":{\"@id\":\"https:\\\/\\\/badoca.com\\\/es\\\/actividades\\\/experiencias-vip\\\/encuentro-con-las-jirafas\\\/#breadcrumb\"},\"inLanguage\":\"es\",\"potentialAction\":[{\"@type\":\"ReadAction\",\"target\":[\"https:\\\/\\\/badoca.com\\\/es\\\/actividades\\\/experiencias-vip\\\/encuentro-con-las-jirafas\\\/\"]}]},{\"@type\":\"ImageObject\",\"inLanguage\":\"es\",\"@id\":\"https:\\\/\\\/badoca.com\\\/es\\\/actividades\\\/experiencias-vip\\\/encuentro-con-las-jirafas\\\/#primaryimage\",\"url\":\"https:\\\/\\\/badoca.com\\\/wp-content\\\/uploads\\\/2026\\\/03\\\/badoca_modulo_EncontroGirafas_ES.png\",\"contentUrl\":\"https:\\\/\\\/badoca.com\\\/wp-content\\\/uploads\\\/2026\\\/03\\\/badoca_modulo_EncontroGirafas_ES.png\",\"width\":459,\"height\":509},{\"@type\":\"BreadcrumbList\",\"@id\":\"https:\\\/\\\/badoca.com\\\/es\\\/actividades\\\/experiencias-vip\\\/encuentro-con-las-jirafas\\\/#breadcrumb\",\"itemListElement\":[{\"@type\":\"ListItem\",\"position\":1,\"name\":\"In\u00edcio\",\"item\":\"https:\\\/\\\/badoca.com\\\/es\\\/\"},{\"@type\":\"ListItem\",\"position\":2,\"name\":\"Experi\u00eancias VIP\",\"item\":\"https:\\\/\\\/badoca.com\\\/es\\\/categoria-produto\\\/experiencias-vip\\\/\"},{\"@type\":\"ListItem\",\"position\":3,\"name\":\"Encuentro con las Jirafas\"}]},{\"@type\":\"WebSite\",\"@id\":\"https:\\\/\\\/badoca.com\\\/es\\\/#website\",\"url\":\"https:\\\/\\\/badoca.com\\\/es\\\/\",\"name\":\"Badoca\",\"description\":\"Safari Park\",\"publisher\":{\"@id\":\"https:\\\/\\\/badoca.com\\\/es\\\/#organization\"},\"potentialAction\":[{\"@type\":\"SearchAction\",\"target\":{\"@type\":\"EntryPoint\",\"urlTemplate\":\"https:\\\/\\\/badoca.com\\\/es\\\/?s={search_term_string}\"},\"query-input\":{\"@type\":\"PropertyValueSpecification\",\"valueRequired\":true,\"valueName\":\"search_term_string\"}}],\"inLanguage\":\"es\"},{\"@type\":\"Organization\",\"@id\":\"https:\\\/\\\/badoca.com\\\/es\\\/#organization\",\"name\":\"Badoca\",\"url\":\"https:\\\/\\\/badoca.com\\\/es\\\/\",\"logo\":{\"@type\":\"ImageObject\",\"inLanguage\":\"es\",\"@id\":\"https:\\\/\\\/badoca.com\\\/es\\\/#\\\/schema\\\/logo\\\/image\\\/\",\"url\":\"https:\\\/\\\/badoca.com\\\/wp-content\\\/uploads\\\/cropped-badoca-logo.png\",\"contentUrl\":\"https:\\\/\\\/badoca.com\\\/wp-content\\\/uploads\\\/cropped-badoca-logo.png\",\"width\":137,\"height\":195,\"caption\":\"Badoca\"},\"image\":{\"@id\":\"https:\\\/\\\/badoca.com\\\/es\\\/#\\\/schema\\\/logo\\\/image\\\/\"}}]}<\/script>\n<!-- \/ Yoast SEO plugin. -->","yoast_head_json":{"title":"Encuentro con las Jirafas - Badoca","robots":{"index":"index","follow":"follow","max-snippet":"max-snippet:-1","max-image-preview":"max-image-preview:large","max-video-preview":"max-video-preview:-1"},"canonical":"https:\/\/badoca.com\/es\/actividades\/experiencias-vip\/encuentro-con-las-jirafas\/","og_locale":"es_ES","og_type":"article","og_title":"Encuentro con las Jirafas - Badoca","og_description":"OJOS A OJOS CON EL ANIMAL TERRESTRE M\u00c1S GRANDE &nbsp;  Si es fan del mam\u00edfero m\u00e1s alto del planeta y le gusta la aventura, s\u00fabase a un jeep privado y venga a conocer nuestra manada de jirafas. Viva momentos \u00fanicos en estrecho contacto con estos animales de la subespecie Rothschild, una de las m\u00e1s amenazadas del mundo. Acompa\u00f1ado por un cuidador con formaci\u00f3n y experiencia, conocer\u00e1 nuestro refugio de m\u00e1s de 10 metros de altura, donde podr\u00e1 interactuar con nuestras jirafas. No pierda la oportunidad de vivir un momento emocionante e inolvidable y tomar fotograf\u00edas \u00fanicas.  Al adquirir esta o cualquier otra Experiencia VIP del Badoca Safari Park, tambi\u00e9n podr\u00e1 disfrutar de las actividades de una entrada normal al parque y deber\u00e1 dirigirse a la taquilla prioritaria para evitar las colas de espera en la taquilla habitual. Puede comprar su entrada online, pero antes le rogamos que reserve su Encuentro con las Jirafas con al menos una semana de antelaci\u00f3n, enviando un correo electr\u00f3nico a badoca@badoca.com. De esta forma, le garantizamos la disponibilidad y preparamos todo para recibirle de forma especial. Los precios indicados son por persona, iguales para adultos y ni\u00f1os (los ni\u00f1os menores de 4 a\u00f1os no pagan). Debe venir debidamente preparado, con calzado c\u00f3modo y ropa pr\u00e1ctica. Admitimos retrasos de hasta un m\u00e1ximo de 15 minutos.","og_url":"https:\/\/badoca.com\/es\/actividades\/experiencias-vip\/encuentro-con-las-jirafas\/","og_site_name":"Badoca","article_modified_time":"2026-03-27T15:39:26+00:00","og_image":[{"width":459,"height":509,"url":"https:\/\/badoca.com\/wp-content\/uploads\/2026\/03\/badoca_modulo_EncontroGirafas_ES.png","type":"image\/png"}],"twitter_card":"summary_large_image","twitter_misc":{"Tiempo de lectura":"1 minuto"},"schema":{"@context":"https:\/\/schema.org","@graph":[{"@type":"WebPage","@id":"https:\/\/badoca.com\/es\/actividades\/experiencias-vip\/encuentro-con-las-jirafas\/","url":"https:\/\/badoca.com\/es\/actividades\/experiencias-vip\/encuentro-con-las-jirafas\/","name":"Encuentro con las Jirafas - Badoca","isPartOf":{"@id":"https:\/\/badoca.com\/es\/#website"},"primaryImageOfPage":{"@id":"https:\/\/badoca.com\/es\/actividades\/experiencias-vip\/encuentro-con-las-jirafas\/#primaryimage"},"image":{"@id":"https:\/\/badoca.com\/es\/actividades\/experiencias-vip\/encuentro-con-las-jirafas\/#primaryimage"},"thumbnailUrl":"https:\/\/badoca.com\/wp-content\/uploads\/2026\/03\/badoca_modulo_EncontroGirafas_ES.png","datePublished":"2018-01-11T16:23:00+00:00","dateModified":"2026-03-27T15:39:26+00:00","breadcrumb":{"@id":"https:\/\/badoca.com\/es\/actividades\/experiencias-vip\/encuentro-con-las-jirafas\/#breadcrumb"},"inLanguage":"es","potentialAction":[{"@type":"ReadAction","target":["https:\/\/badoca.com\/es\/actividades\/experiencias-vip\/encuentro-con-las-jirafas\/"]}]},{"@type":"ImageObject","inLanguage":"es","@id":"https:\/\/badoca.com\/es\/actividades\/experiencias-vip\/encuentro-con-las-jirafas\/#primaryimage","url":"https:\/\/badoca.com\/wp-content\/uploads\/2026\/03\/badoca_modulo_EncontroGirafas_ES.png","contentUrl":"https:\/\/badoca.com\/wp-content\/uploads\/2026\/03\/badoca_modulo_EncontroGirafas_ES.png","width":459,"height":509},{"@type":"BreadcrumbList","@id":"https:\/\/badoca.com\/es\/actividades\/experiencias-vip\/encuentro-con-las-jirafas\/#breadcrumb","itemListElement":[{"@type":"ListItem","position":1,"name":"In\u00edcio","item":"https:\/\/badoca.com\/es\/"},{"@type":"ListItem","position":2,"name":"Experi\u00eancias VIP","item":"https:\/\/badoca.com\/es\/categoria-produto\/experiencias-vip\/"},{"@type":"ListItem","position":3,"name":"Encuentro con las Jirafas"}]},{"@type":"WebSite","@id":"https:\/\/badoca.com\/es\/#website","url":"https:\/\/badoca.com\/es\/","name":"Badoca","description":"Safari Park","publisher":{"@id":"https:\/\/badoca.com\/es\/#organization"},"potentialAction":[{"@type":"SearchAction","target":{"@type":"EntryPoint","urlTemplate":"https:\/\/badoca.com\/es\/?s={search_term_string}"},"query-input":{"@type":"PropertyValueSpecification","valueRequired":true,"valueName":"search_term_string"}}],"inLanguage":"es"},{"@type":"Organization","@id":"https:\/\/badoca.com\/es\/#organization","name":"Badoca","url":"https:\/\/badoca.com\/es\/","logo":{"@type":"ImageObject","inLanguage":"es","@id":"https:\/\/badoca.com\/es\/#\/schema\/logo\/image\/","url":"https:\/\/badoca.com\/wp-content\/uploads\/cropped-badoca-logo.png","contentUrl":"https:\/\/badoca.com\/wp-content\/uploads\/cropped-badoca-logo.png","width":137,"height":195,"caption":"Badoca"},"image":{"@id":"https:\/\/badoca.com\/es\/#\/schema\/logo\/image\/"}}]}},"_links":{"self":[{"href":"https:\/\/badoca.com\/es\/wp-json\/wp\/v2\/product\/148651","targetHints":{"allow":["GET"]}}],"collection":[{"href":"https:\/\/badoca.com\/es\/wp-json\/wp\/v2\/product"}],"about":[{"href":"https:\/\/badoca.com\/es\/wp-json\/wp\/v2\/types\/product"}],"author":[{"embeddable":true,"href":"https:\/\/badoca.com\/es\/wp-json\/wp\/v2\/users\/1"}],"wp:featuredmedia":[{"embeddable":true,"href":"https:\/\/badoca.com\/es\/wp-json\/wp\/v2\/media\/149279"}],"wp:attachment":[{"href":"https:\/\/badoca.com\/es\/wp-json\/wp\/v2\/media?parent=148651"}],"wp:term":[{"taxonomy":"product_brand","embeddable":true,"href":"https:\/\/badoca.com\/es\/wp-json\/wp\/v2\/product_brand?post=148651"},{"taxonomy":"product_cat","embeddable":true,"href":"https:\/\/badoca.com\/es\/wp-json\/wp\/v2\/product_cat?post=148651"},{"taxonomy":"product_tag","embeddable":true,"href":"https:\/\/badoca.com\/es\/wp-json\/wp\/v2\/product_tag?post=148651"}],"curies":[{"name":"wp","href":"https:\/\/api.w.org\/{rel}","templated":true}]}}