{"id":148648,"date":"2018-01-11T16:23:36","date_gmt":"2018-01-11T16:23:36","guid":{"rendered":"https:\/\/badoca.com\/actividades\/sin%20categor\u00eda\/experiencia-de-falcoaria\/"},"modified":"2026-03-27T16:48:27","modified_gmt":"2026-03-27T15:48:27","slug":"experiencia-en-la-falcoaria","status":"publish","type":"product","link":"https:\/\/badoca.com\/es\/actividades\/experiencias-vip\/experiencia-en-la-falcoaria\/","title":{"rendered":"Experiencia en la Falcoaria"},"content":{"rendered":"<section class=\"wpb-content-wrapper\"><p>[vc_row][vc_column][vc_empty_space][vc_column_text]<strong>Duraci\u00f3n\u00e7\u00e3o m\u00e1xima:<\/strong> 45 minutos.<\/p>\n<p><strong>Sesiones y horarios:<\/strong> Con reserva previa.<br \/>\nReserve su experiencia VIP enviando un correo electr\u00f3nico a <a href=\"mailto:badoca@badoca.com\">badoca@badoca.com<\/a>. El horario se definir\u00e1 seg\u00fan la disponibilidad el d\u00eda de la visita.<\/p>\n<p><strong>Restricciones<\/strong>: Si tiene necesidades m\u00e9dicas o motoras espec\u00edficas, inf\u00f3rmenos al hacer la reserva.[\/vc_column_text][\/vc_column][\/vc_row][vc_row el_id=\u00bbanimal-box\u00bb][vc_column][vc_images_carousel images=\u00bb1932,1933,1934,1935,1936,1937&#8243; img_size=\u00bbfull\u00bb onclick=\u00bblink_no\u00bb hide_pagination_control=\u00bbyes\u00bb wrap=\u00bbyes\u00bb][\/vc_column][\/vc_row][vc_row][vc_column][vc_column_text]<\/p>\n<h2>Experiencias VIP<\/h2>\n<h3>Ofrezca una experiencia inolvidable.<\/h3>\n<p>[\/vc_column_text][\/vc_column][\/vc_row][vc_row el_class=\u00bbrelated-animals\u00bb][vc_column]<div id=\"lvca-posts-carousel-69d58ed61c15f\" class=\"lvca-posts-carousel lvca-container\" data-settings='{\"display_title_on_thumbnail\":\"\",\"display_taxonomy_on_thumbnail\":\"\",\"display_author\":\"\",\"display_post_date\":\"\",\"display_taxonomy\":\"\",\"display_read_more\":\"\",\"read_more_text\":\"Read More\",\"taxonomy_chosen\":\"category\",\"post_link_new_window\":false,\"image_size\":\"large\",\"arrows\":\"true\",\"dots\":\"\",\"autoplay\":\"\",\"autoplay_speed\":\"3000\",\"animation_speed\":\"300\",\"pause_on_hover\":\"\",\"display_columns\":\"4\",\"scroll_columns\":\"1\",\"gutter\":\"10\",\"tablet_display_columns\":\"2\",\"tablet_scroll_columns\":\"2\",\"tablet_gutter\":\"10\",\"tablet_width\":\"800\",\"mobile_display_columns\":\"1\",\"mobile_scroll_columns\":\"1\",\"mobile_gutter\":\"10\",\"mobile_width\":\"480\"}'><div data-id=\"id-148639\" class=\"lvca-posts-carousel-item\"><article id=\"post-148639\" class=\"post-148639 product type-product status-publish has-post-thumbnail product_cat-experiencias-vip first instock virtual purchasable product-type-simple\"><div class=\"lvca-project-image\"><a href=\"https:\/\/badoca.com\/es\/actividades\/experiencias-vip\/safari-vip-con-picnic\/\" ><img decoding=\"async\" width=\"459\" height=\"509\" src=\"https:\/\/badoca.com\/wp-content\/uploads\/2026\/03\/badoca_modulo_VIPpicnic_ES.png\" class=\"attachment-large size-large wp-post-image\" alt=\"\" srcset=\"https:\/\/badoca.com\/wp-content\/uploads\/2026\/03\/badoca_modulo_VIPpicnic_ES.png 459w, https:\/\/badoca.com\/wp-content\/uploads\/2026\/03\/badoca_modulo_VIPpicnic_ES-382x424.png 382w\" sizes=\"(max-width: 459px) 100vw, 459px\" \/><\/a><\/div><\/article><!-- .hentry --><\/div><!-- .lvca-posts-carousel-item --><div data-id=\"id-148651\" class=\"lvca-posts-carousel-item\"><article id=\"post-148651\" class=\"post-148651 product type-product status-publish has-post-thumbnail product_cat-experiencias-vip  instock virtual purchasable product-type-simple\"><div class=\"lvca-project-image\"><a href=\"https:\/\/badoca.com\/es\/actividades\/experiencias-vip\/encuentro-con-las-jirafas\/\" ><img decoding=\"async\" width=\"459\" height=\"509\" src=\"https:\/\/badoca.com\/wp-content\/uploads\/2026\/03\/badoca_modulo_EncontroGirafas_ES.png\" class=\"attachment-large size-large wp-post-image\" alt=\"\" srcset=\"https:\/\/badoca.com\/wp-content\/uploads\/2026\/03\/badoca_modulo_EncontroGirafas_ES.png 459w, https:\/\/badoca.com\/wp-content\/uploads\/2026\/03\/badoca_modulo_EncontroGirafas_ES-382x424.png 382w\" sizes=\"(max-width: 459px) 100vw, 459px\" \/><\/a><\/div><\/article><!-- .hentry --><\/div><!-- .lvca-posts-carousel-item --><div data-id=\"id-148648\" class=\"lvca-posts-carousel-item\"><article id=\"post-148648\" class=\"post-148648 product type-product status-publish has-post-thumbnail product_cat-experiencias-vip  instock virtual purchasable product-type-simple\"><div class=\"lvca-project-image\"><a href=\"https:\/\/badoca.com\/es\/actividades\/experiencias-vip\/experiencia-en-la-falcoaria\/\" ><img decoding=\"async\" width=\"459\" height=\"509\" src=\"https:\/\/badoca.com\/wp-content\/uploads\/2026\/03\/badoca_modulo_Falcoaria_ES.png\" class=\"attachment-large size-large wp-post-image\" alt=\"\" srcset=\"https:\/\/badoca.com\/wp-content\/uploads\/2026\/03\/badoca_modulo_Falcoaria_ES.png 459w, https:\/\/badoca.com\/wp-content\/uploads\/2026\/03\/badoca_modulo_Falcoaria_ES-382x424.png 382w\" sizes=\"(max-width: 459px) 100vw, 459px\" \/><\/a><\/div><\/article><!-- .hentry --><\/div><!-- .lvca-posts-carousel-item --><div data-id=\"id-148645\" class=\"lvca-posts-carousel-item\"><article id=\"post-148645\" class=\"post-148645 product type-product status-publish has-post-thumbnail product_cat-experiencias-vip last instock virtual purchasable product-type-simple\"><div class=\"lvca-project-image\"><a href=\"https:\/\/badoca.com\/es\/actividades\/experiencias-vip\/safari-vip\/\" ><img decoding=\"async\" width=\"459\" height=\"509\" src=\"https:\/\/badoca.com\/wp-content\/uploads\/badoca_modulo_SafariVIP_PT.png\" class=\"attachment-large size-large wp-post-image\" alt=\"\" srcset=\"https:\/\/badoca.com\/wp-content\/uploads\/badoca_modulo_SafariVIP_PT.png 459w, https:\/\/badoca.com\/wp-content\/uploads\/badoca_modulo_SafariVIP_PT-382x424.png 382w\" sizes=\"(max-width: 459px) 100vw, 459px\" \/><\/a><\/div><\/article><!-- .hentry --><\/div><!-- .lvca-posts-carousel-item --><div data-id=\"id-148633\" class=\"lvca-posts-carousel-item\"><article id=\"post-148633\" class=\"post-148633 product type-product status-publish has-post-thumbnail product_cat-experiencias-vip first instock virtual purchasable product-type-simple\"><div class=\"lvca-project-image\"><a href=\"https:\/\/badoca.com\/es\/actividades\/experiencias-vip\/safari-vip-con-desayuno\/\" ><img decoding=\"async\" width=\"459\" height=\"509\" src=\"https:\/\/badoca.com\/wp-content\/uploads\/2026\/03\/badoca_modulo_VIPbreakfast_ES.png\" class=\"attachment-large size-large wp-post-image\" alt=\"\" srcset=\"https:\/\/badoca.com\/wp-content\/uploads\/2026\/03\/badoca_modulo_VIPbreakfast_ES.png 459w, https:\/\/badoca.com\/wp-content\/uploads\/2026\/03\/badoca_modulo_VIPbreakfast_ES-382x424.png 382w\" sizes=\"(max-width: 459px) 100vw, 459px\" \/><\/a><\/div><\/article><!-- .hentry --><\/div><!-- .lvca-posts-carousel-item --><div data-id=\"id-148634\" class=\"lvca-posts-carousel-item\"><article id=\"post-148634\" class=\"post-148634 product type-product status-publish has-post-thumbnail product_cat-experiencias-vip  instock virtual purchasable product-type-simple\"><div class=\"lvca-project-image\"><a href=\"https:\/\/badoca.com\/es\/actividades\/experiencias-vip\/safari-vip-con-cena\/\" ><img decoding=\"async\" width=\"459\" height=\"509\" src=\"https:\/\/badoca.com\/wp-content\/uploads\/2026\/03\/badoca_modulo_VIPjantar_ES.png\" class=\"attachment-large size-large wp-post-image\" alt=\"\" srcset=\"https:\/\/badoca.com\/wp-content\/uploads\/2026\/03\/badoca_modulo_VIPjantar_ES.png 459w, https:\/\/badoca.com\/wp-content\/uploads\/2026\/03\/badoca_modulo_VIPjantar_ES-382x424.png 382w\" sizes=\"(max-width: 459px) 100vw, 459px\" \/><\/a><\/div><\/article><!-- .hentry --><\/div><!-- .lvca-posts-carousel-item --><\/div><!-- .lvca-posts-carousel -->[\/vc_column][\/vc_row]<\/p>\n<\/section>","protected":false},"excerpt":{"rendered":"<h3 style=\"color: #777938;\">UNA CONVIVENCIA CON NUESTRAS ADORABLES AVES DE RAPINA<\/h3>\n<p>&nbsp;<\/p>\n<p>Si sue\u00f1a con estar en contacto y aprender m\u00e1s sobre las aves rapaces, no pierda la oportunidad de realizar u ofrecer esta experiencia VIP personalizada. Acompa\u00f1ado por un cuidador y entrenador de aves con formaci\u00f3n y experiencia, tendr\u00e1 la oportunidad de conocer de cerca los principios b\u00e1sicos del arte de la cetrer\u00eda y observar aves en vuelo libre (\u00e1guilas, halcones, buitres, b\u00fahos, entre otros). Comunique sus curiosidades y preferencias al cuidador\/entrenador de aves para que podamos garantizarle una experiencia inolvidable en la que no faltar\u00e1n oportunidades de entrar en contacto muy cercano con estas imponentes aves.<\/p>\n<p>Al adquirir esta o cualquier otra Experiencia VIP del Badoca Safari Park, tambi\u00e9n podr\u00e1 disfrutar de las actividades de una entrada normal al parque y deber\u00e1 dirigirse a la taquilla prioritaria para evitar las colas de espera en la taquilla normal. Puede comprar su entrada online, pero antes le rogamos que reserve su experiencia VIP con al menos 24 horas de antelaci\u00f3n enviando un correo electr\u00f3nico a<a href=\"mailto:badoca@badoca.com\"> badoca@badoca.com<\/a> . Los precios indicados son por persona, iguales para adultos y ni\u00f1os, y los menores de 10 a\u00f1os deben ir acompa\u00f1ados de un adulto. Debe venir debidamente preparado, con calzado c\u00f3modo y ropa pr\u00e1ctica. Se admiten retrasos de hasta un m\u00e1ximo de 15 minutos.<\/p>\n... <a href=\"https:\/\/badoca.com\/es\/actividades\/experiencias-vip\/safari-vip-con-cena\/\">LER MAIS<\/a>.","protected":false},"author":1,"featured_media":149285,"template":"","meta":{"_acf_changed":false},"product_brand":[],"product_cat":[573],"product_tag":[],"class_list":{"0":"post-148648","1":"product","2":"type-product","3":"status-publish","4":"has-post-thumbnail","6":"product_cat-experiencias-vip","8":"","9":"instock","10":"virtual","11":"purchasable","12":"product-type-simple"},"acf":[],"yoast_head":"<!-- This site is optimized with the Yoast SEO plugin v27.3 - https:\/\/yoast.com\/product\/yoast-seo-wordpress\/ -->\n<title>Experiencia en la Falcoaria - Badoca<\/title>\n<meta name=\"robots\" content=\"index, follow, max-snippet:-1, max-image-preview:large, max-video-preview:-1\" \/>\n<link rel=\"canonical\" href=\"https:\/\/badoca.com\/es\/actividades\/experiencias-vip\/experiencia-en-la-falcoaria\/\" \/>\n<meta property=\"og:locale\" content=\"es_ES\" \/>\n<meta property=\"og:type\" content=\"article\" \/>\n<meta property=\"og:title\" content=\"Experiencia en la Falcoaria - Badoca\" \/>\n<meta property=\"og:description\" content=\"UNA CONVIVENCIA CON NUESTRAS ADORABLES AVES DE RAPINA &nbsp;  Si sue\u00f1a con estar en contacto y aprender m\u00e1s sobre las aves rapaces, no pierda la oportunidad de realizar u ofrecer esta experiencia VIP personalizada. Acompa\u00f1ado por un cuidador y entrenador de aves con formaci\u00f3n y experiencia, tendr\u00e1 la oportunidad de conocer de cerca los principios b\u00e1sicos del arte de la cetrer\u00eda y observar aves en vuelo libre (\u00e1guilas, halcones, buitres, b\u00fahos, entre otros). Comunique sus curiosidades y preferencias al cuidador\/entrenador de aves para que podamos garantizarle una experiencia inolvidable en la que no faltar\u00e1n oportunidades de entrar en contacto muy cercano con estas imponentes aves.  Al adquirir esta o cualquier otra Experiencia VIP del Badoca Safari Park, tambi\u00e9n podr\u00e1 disfrutar de las actividades de una entrada normal al parque y deber\u00e1 dirigirse a la taquilla prioritaria para evitar las colas de espera en la taquilla normal. Puede comprar su entrada online, pero antes le rogamos que reserve su experiencia VIP con al menos 24 horas de antelaci\u00f3n enviando un correo electr\u00f3nico a badoca@badoca.com . Los precios indicados son por persona, iguales para adultos y ni\u00f1os, y los menores de 10 a\u00f1os deben ir acompa\u00f1ados de un adulto. Debe venir debidamente preparado, con calzado c\u00f3modo y ropa pr\u00e1ctica. Se admiten retrasos de hasta un m\u00e1ximo de 15 minutos.\" \/>\n<meta property=\"og:url\" content=\"https:\/\/badoca.com\/es\/actividades\/experiencias-vip\/experiencia-en-la-falcoaria\/\" \/>\n<meta property=\"og:site_name\" content=\"Badoca\" \/>\n<meta property=\"article:modified_time\" content=\"2026-03-27T15:48:27+00:00\" \/>\n<meta property=\"og:image\" content=\"https:\/\/badoca.com\/wp-content\/uploads\/2026\/03\/badoca_modulo_Falcoaria_ES.png\" \/>\n\t<meta property=\"og:image:width\" content=\"459\" \/>\n\t<meta property=\"og:image:height\" content=\"509\" \/>\n\t<meta property=\"og:image:type\" content=\"image\/png\" \/>\n<meta name=\"twitter:card\" content=\"summary_large_image\" \/>\n<meta name=\"twitter:label1\" content=\"Tiempo de lectura\" \/>\n\t<meta name=\"twitter:data1\" content=\"1 minuto\" \/>\n<script type=\"application\/ld+json\" class=\"yoast-schema-graph\">{\"@context\":\"https:\\\/\\\/schema.org\",\"@graph\":[{\"@type\":\"WebPage\",\"@id\":\"https:\\\/\\\/badoca.com\\\/es\\\/actividades\\\/experiencias-vip\\\/experiencia-en-la-falcoaria\\\/\",\"url\":\"https:\\\/\\\/badoca.com\\\/es\\\/actividades\\\/experiencias-vip\\\/experiencia-en-la-falcoaria\\\/\",\"name\":\"Experiencia en la Falcoaria - Badoca\",\"isPartOf\":{\"@id\":\"https:\\\/\\\/badoca.com\\\/es\\\/#website\"},\"primaryImageOfPage\":{\"@id\":\"https:\\\/\\\/badoca.com\\\/es\\\/actividades\\\/experiencias-vip\\\/experiencia-en-la-falcoaria\\\/#primaryimage\"},\"image\":{\"@id\":\"https:\\\/\\\/badoca.com\\\/es\\\/actividades\\\/experiencias-vip\\\/experiencia-en-la-falcoaria\\\/#primaryimage\"},\"thumbnailUrl\":\"https:\\\/\\\/badoca.com\\\/wp-content\\\/uploads\\\/2026\\\/03\\\/badoca_modulo_Falcoaria_ES.png\",\"datePublished\":\"2018-01-11T16:23:36+00:00\",\"dateModified\":\"2026-03-27T15:48:27+00:00\",\"breadcrumb\":{\"@id\":\"https:\\\/\\\/badoca.com\\\/es\\\/actividades\\\/experiencias-vip\\\/experiencia-en-la-falcoaria\\\/#breadcrumb\"},\"inLanguage\":\"es\",\"potentialAction\":[{\"@type\":\"ReadAction\",\"target\":[\"https:\\\/\\\/badoca.com\\\/es\\\/actividades\\\/experiencias-vip\\\/experiencia-en-la-falcoaria\\\/\"]}]},{\"@type\":\"ImageObject\",\"inLanguage\":\"es\",\"@id\":\"https:\\\/\\\/badoca.com\\\/es\\\/actividades\\\/experiencias-vip\\\/experiencia-en-la-falcoaria\\\/#primaryimage\",\"url\":\"https:\\\/\\\/badoca.com\\\/wp-content\\\/uploads\\\/2026\\\/03\\\/badoca_modulo_Falcoaria_ES.png\",\"contentUrl\":\"https:\\\/\\\/badoca.com\\\/wp-content\\\/uploads\\\/2026\\\/03\\\/badoca_modulo_Falcoaria_ES.png\",\"width\":459,\"height\":509},{\"@type\":\"BreadcrumbList\",\"@id\":\"https:\\\/\\\/badoca.com\\\/es\\\/actividades\\\/experiencias-vip\\\/experiencia-en-la-falcoaria\\\/#breadcrumb\",\"itemListElement\":[{\"@type\":\"ListItem\",\"position\":1,\"name\":\"In\u00edcio\",\"item\":\"https:\\\/\\\/badoca.com\\\/es\\\/\"},{\"@type\":\"ListItem\",\"position\":2,\"name\":\"Experi\u00eancias VIP\",\"item\":\"https:\\\/\\\/badoca.com\\\/es\\\/categoria-produto\\\/experiencias-vip\\\/\"},{\"@type\":\"ListItem\",\"position\":3,\"name\":\"Experiencia en la Falcoaria\"}]},{\"@type\":\"WebSite\",\"@id\":\"https:\\\/\\\/badoca.com\\\/es\\\/#website\",\"url\":\"https:\\\/\\\/badoca.com\\\/es\\\/\",\"name\":\"Badoca\",\"description\":\"Safari Park\",\"publisher\":{\"@id\":\"https:\\\/\\\/badoca.com\\\/es\\\/#organization\"},\"potentialAction\":[{\"@type\":\"SearchAction\",\"target\":{\"@type\":\"EntryPoint\",\"urlTemplate\":\"https:\\\/\\\/badoca.com\\\/es\\\/?s={search_term_string}\"},\"query-input\":{\"@type\":\"PropertyValueSpecification\",\"valueRequired\":true,\"valueName\":\"search_term_string\"}}],\"inLanguage\":\"es\"},{\"@type\":\"Organization\",\"@id\":\"https:\\\/\\\/badoca.com\\\/es\\\/#organization\",\"name\":\"Badoca\",\"url\":\"https:\\\/\\\/badoca.com\\\/es\\\/\",\"logo\":{\"@type\":\"ImageObject\",\"inLanguage\":\"es\",\"@id\":\"https:\\\/\\\/badoca.com\\\/es\\\/#\\\/schema\\\/logo\\\/image\\\/\",\"url\":\"https:\\\/\\\/badoca.com\\\/wp-content\\\/uploads\\\/cropped-badoca-logo.png\",\"contentUrl\":\"https:\\\/\\\/badoca.com\\\/wp-content\\\/uploads\\\/cropped-badoca-logo.png\",\"width\":137,\"height\":195,\"caption\":\"Badoca\"},\"image\":{\"@id\":\"https:\\\/\\\/badoca.com\\\/es\\\/#\\\/schema\\\/logo\\\/image\\\/\"}}]}<\/script>\n<!-- \/ Yoast SEO plugin. -->","yoast_head_json":{"title":"Experiencia en la Falcoaria - Badoca","robots":{"index":"index","follow":"follow","max-snippet":"max-snippet:-1","max-image-preview":"max-image-preview:large","max-video-preview":"max-video-preview:-1"},"canonical":"https:\/\/badoca.com\/es\/actividades\/experiencias-vip\/experiencia-en-la-falcoaria\/","og_locale":"es_ES","og_type":"article","og_title":"Experiencia en la Falcoaria - Badoca","og_description":"UNA CONVIVENCIA CON NUESTRAS ADORABLES AVES DE RAPINA &nbsp;  Si sue\u00f1a con estar en contacto y aprender m\u00e1s sobre las aves rapaces, no pierda la oportunidad de realizar u ofrecer esta experiencia VIP personalizada. Acompa\u00f1ado por un cuidador y entrenador de aves con formaci\u00f3n y experiencia, tendr\u00e1 la oportunidad de conocer de cerca los principios b\u00e1sicos del arte de la cetrer\u00eda y observar aves en vuelo libre (\u00e1guilas, halcones, buitres, b\u00fahos, entre otros). Comunique sus curiosidades y preferencias al cuidador\/entrenador de aves para que podamos garantizarle una experiencia inolvidable en la que no faltar\u00e1n oportunidades de entrar en contacto muy cercano con estas imponentes aves.  Al adquirir esta o cualquier otra Experiencia VIP del Badoca Safari Park, tambi\u00e9n podr\u00e1 disfrutar de las actividades de una entrada normal al parque y deber\u00e1 dirigirse a la taquilla prioritaria para evitar las colas de espera en la taquilla normal. Puede comprar su entrada online, pero antes le rogamos que reserve su experiencia VIP con al menos 24 horas de antelaci\u00f3n enviando un correo electr\u00f3nico a badoca@badoca.com . Los precios indicados son por persona, iguales para adultos y ni\u00f1os, y los menores de 10 a\u00f1os deben ir acompa\u00f1ados de un adulto. Debe venir debidamente preparado, con calzado c\u00f3modo y ropa pr\u00e1ctica. Se admiten retrasos de hasta un m\u00e1ximo de 15 minutos.","og_url":"https:\/\/badoca.com\/es\/actividades\/experiencias-vip\/experiencia-en-la-falcoaria\/","og_site_name":"Badoca","article_modified_time":"2026-03-27T15:48:27+00:00","og_image":[{"width":459,"height":509,"url":"https:\/\/badoca.com\/wp-content\/uploads\/2026\/03\/badoca_modulo_Falcoaria_ES.png","type":"image\/png"}],"twitter_card":"summary_large_image","twitter_misc":{"Tiempo de lectura":"1 minuto"},"schema":{"@context":"https:\/\/schema.org","@graph":[{"@type":"WebPage","@id":"https:\/\/badoca.com\/es\/actividades\/experiencias-vip\/experiencia-en-la-falcoaria\/","url":"https:\/\/badoca.com\/es\/actividades\/experiencias-vip\/experiencia-en-la-falcoaria\/","name":"Experiencia en la Falcoaria - Badoca","isPartOf":{"@id":"https:\/\/badoca.com\/es\/#website"},"primaryImageOfPage":{"@id":"https:\/\/badoca.com\/es\/actividades\/experiencias-vip\/experiencia-en-la-falcoaria\/#primaryimage"},"image":{"@id":"https:\/\/badoca.com\/es\/actividades\/experiencias-vip\/experiencia-en-la-falcoaria\/#primaryimage"},"thumbnailUrl":"https:\/\/badoca.com\/wp-content\/uploads\/2026\/03\/badoca_modulo_Falcoaria_ES.png","datePublished":"2018-01-11T16:23:36+00:00","dateModified":"2026-03-27T15:48:27+00:00","breadcrumb":{"@id":"https:\/\/badoca.com\/es\/actividades\/experiencias-vip\/experiencia-en-la-falcoaria\/#breadcrumb"},"inLanguage":"es","potentialAction":[{"@type":"ReadAction","target":["https:\/\/badoca.com\/es\/actividades\/experiencias-vip\/experiencia-en-la-falcoaria\/"]}]},{"@type":"ImageObject","inLanguage":"es","@id":"https:\/\/badoca.com\/es\/actividades\/experiencias-vip\/experiencia-en-la-falcoaria\/#primaryimage","url":"https:\/\/badoca.com\/wp-content\/uploads\/2026\/03\/badoca_modulo_Falcoaria_ES.png","contentUrl":"https:\/\/badoca.com\/wp-content\/uploads\/2026\/03\/badoca_modulo_Falcoaria_ES.png","width":459,"height":509},{"@type":"BreadcrumbList","@id":"https:\/\/badoca.com\/es\/actividades\/experiencias-vip\/experiencia-en-la-falcoaria\/#breadcrumb","itemListElement":[{"@type":"ListItem","position":1,"name":"In\u00edcio","item":"https:\/\/badoca.com\/es\/"},{"@type":"ListItem","position":2,"name":"Experi\u00eancias VIP","item":"https:\/\/badoca.com\/es\/categoria-produto\/experiencias-vip\/"},{"@type":"ListItem","position":3,"name":"Experiencia en la Falcoaria"}]},{"@type":"WebSite","@id":"https:\/\/badoca.com\/es\/#website","url":"https:\/\/badoca.com\/es\/","name":"Badoca","description":"Safari Park","publisher":{"@id":"https:\/\/badoca.com\/es\/#organization"},"potentialAction":[{"@type":"SearchAction","target":{"@type":"EntryPoint","urlTemplate":"https:\/\/badoca.com\/es\/?s={search_term_string}"},"query-input":{"@type":"PropertyValueSpecification","valueRequired":true,"valueName":"search_term_string"}}],"inLanguage":"es"},{"@type":"Organization","@id":"https:\/\/badoca.com\/es\/#organization","name":"Badoca","url":"https:\/\/badoca.com\/es\/","logo":{"@type":"ImageObject","inLanguage":"es","@id":"https:\/\/badoca.com\/es\/#\/schema\/logo\/image\/","url":"https:\/\/badoca.com\/wp-content\/uploads\/cropped-badoca-logo.png","contentUrl":"https:\/\/badoca.com\/wp-content\/uploads\/cropped-badoca-logo.png","width":137,"height":195,"caption":"Badoca"},"image":{"@id":"https:\/\/badoca.com\/es\/#\/schema\/logo\/image\/"}}]}},"_links":{"self":[{"href":"https:\/\/badoca.com\/es\/wp-json\/wp\/v2\/product\/148648","targetHints":{"allow":["GET"]}}],"collection":[{"href":"https:\/\/badoca.com\/es\/wp-json\/wp\/v2\/product"}],"about":[{"href":"https:\/\/badoca.com\/es\/wp-json\/wp\/v2\/types\/product"}],"author":[{"embeddable":true,"href":"https:\/\/badoca.com\/es\/wp-json\/wp\/v2\/users\/1"}],"wp:featuredmedia":[{"embeddable":true,"href":"https:\/\/badoca.com\/es\/wp-json\/wp\/v2\/media\/149285"}],"wp:attachment":[{"href":"https:\/\/badoca.com\/es\/wp-json\/wp\/v2\/media?parent=148648"}],"wp:term":[{"taxonomy":"product_brand","embeddable":true,"href":"https:\/\/badoca.com\/es\/wp-json\/wp\/v2\/product_brand?post=148648"},{"taxonomy":"product_cat","embeddable":true,"href":"https:\/\/badoca.com\/es\/wp-json\/wp\/v2\/product_cat?post=148648"},{"taxonomy":"product_tag","embeddable":true,"href":"https:\/\/badoca.com\/es\/wp-json\/wp\/v2\/product_tag?post=148648"}],"curies":[{"name":"wp","href":"https:\/\/api.w.org\/{rel}","templated":true}]}}