{"id":148634,"date":"2019-07-29T15:44:54","date_gmt":"2019-07-29T15:44:54","guid":{"rendered":"https:\/\/badoca.com\/actividades\/sin%20categor\u00eda\/safari-vip-com-jantar\/"},"modified":"2026-03-27T15:45:32","modified_gmt":"2026-03-27T14:45:32","slug":"safari-vip-con-cena","status":"publish","type":"product","link":"https:\/\/badoca.com\/es\/actividades\/experiencias-vip\/safari-vip-con-cena\/","title":{"rendered":"Safari VIP con Cena"},"content":{"rendered":"<section class=\"wpb-content-wrapper\"><p>[vc_row][vc_column][vc_empty_space][vc_toggle title=\u00bb\u00bfQU\u00c9 INCLUYE?\u00bb custom_font_container=\u00bbtag:h3|text_align:left\u00bb custom_google_fonts=\u00bbfont_family:Roboto%3A100%2C100italic%2C300%2C300italic%2Cregular%2Citalic%2C500%2C500italic%2C700%2C700italic%2C900%2C900italic|font_style:900%20bold%20regular%3A900%3Anormal\u00bb use_custom_heading=\u00bbtrue\u00bb]<\/p>\n<ul>\n<li style=\"text-align: left;\">Safari VIP<\/li>\n<li style=\"text-align: left;\">Cena servida en el restaurante panor\u00e1mico del Badoca Safari Park.<\/li>\n<li style=\"text-align: left;\">Presentaciones y atracciones disponibles con la entrada normal.<\/li>\n<\/ul>\n<p>[\/vc_toggle][vc_toggle title=\u00bbNotas importantes\u00bb custom_font_container=\u00bbtag:h3|text_align:left\u00bb custom_google_fonts=\u00bbfont_family:Roboto%3A100%2C100italic%2C300%2C300italic%2Cregular%2Citalic%2C500%2C500italic%2C700%2C700italic%2C900%2C900italic|font_style:900%20bold%20regular%3A900%3Anormal\u00bb use_custom_heading=\u00bbtrue\u00bb]<\/p>\n<ul>\n<li style=\"text-align: left;\">Para garantizar la disponibilidad en la fecha deseada, reserve su experiencia con al menos una semana de antelaci\u00f3n a trav\u00e9s del correo electr\u00f3nico\u00a0<a href=\"mailto:badoca@badoca.com\">badoca@badoca.com<\/a>.<\/li>\n<li style=\"text-align: left;\">El d\u00eda de su visita, dir\u00edjase a la taquilla prioritaria para evitar colas en la taquilla regular.<\/li>\n<li style=\"text-align: left;\">Puede adquirir la experiencia online,\u00a0<strong>pero siempre deber\u00e1 realizar la reserva con antelaci\u00f3n. Este programa no se realiza sin reserva previa.<\/strong><\/li>\n<li style=\"text-align: left;\">Se admiten retrasos de hasta un m\u00e1ximo de 15 minutos.<\/li>\n<\/ul>\n<p>[\/vc_toggle][vc_toggle title=\u00bbMen\u00fa\u00bb custom_font_container=\u00bbtag:h3|text_align:left\u00bb custom_google_fonts=\u00bbfont_family:Roboto%3A100%2C100italic%2C300%2C300italic%2Cregular%2Citalic%2C500%2C500italic%2C700%2C700italic%2C900%2C900italic|font_style:900%20bold%20regular%3A900%3Anormal\u00bb use_custom_heading=\u00bbtrue\u00bb]La cena incluye: Couvert (pan, aceitunas, mantequillas, platos de quesos variados), crujiente de gambas \u2013 masa filo rellena de gambas marinadas en aceite de oliva, jengibre, menta y verduras salteadas en juliana, almejas a la Bulh\u00e3o Pato, Medall\u00f3n de ternera Angus a la plancha, acompa\u00f1ado de arroz blanco, frijoles negros con tocino, patatas fritas gourmet, ensalada y frutas variadas. Postres variados, caf\u00e9 y digestivos, bebidas a discreci\u00f3n.[\/vc_toggle][vc_toggle title=\u00bbPrecio\u00bb custom_font_container=\u00bbtag:h3|text_align:left\u00bb custom_google_fonts=\u00bbfont_family:Roboto%3A100%2C100italic%2C300%2C300italic%2Cregular%2Citalic%2C500%2C500italic%2C700%2C700italic%2C900%2C900italic|font_style:900%20bold%20regular%3A900%3Anormal\u00bb use_custom_heading=\u00bbtrue\u00bb]<\/p>\n<ul>\n<li style=\"text-align: left;\">Os pre\u00e7os apresentados aplicam-se a uma pessoa, sendo o valor igual para adulto e crian\u00e7a.<\/li>\n<li style=\"text-align: left;\">Esta experi\u00eancia pressup\u00f5e um m\u00ednimo de 6 pessoas pagantes.<\/li>\n<li style=\"text-align: left;\">Crian\u00e7as pagam a partir dos 4 anos inclusive.<\/li>\n<li style=\"text-align: left;\">Crian\u00e7as at\u00e9 aos 10 anos t\u00eam de ser acompanhadas por um adulto.<\/li>\n<li style=\"text-align: left;\">Dever\u00e1 liquidar 50 % do valor total no ato da reserva. Este valor \u00e9 reembols\u00e1vel na totalidade para cancelamentos efetuados at\u00e9 72 horas antes da data da visita.<\/li>\n<\/ul>\n<p>[\/vc_toggle][vc_toggle title=\u00bbSESIONES Y HORARIOS\u00bb custom_font_container=\u00bbtag:h3|text_align:left\u00bb custom_google_fonts=\u00bbfont_family:Roboto%3A100%2C100italic%2C300%2C300italic%2Cregular%2Citalic%2C500%2C500italic%2C700%2C700italic%2C900%2C900italic|font_style:900%20bold%20regular%3A900%3Anormal\u00bb use_custom_heading=\u00bbtrue\u00bb]<\/p>\n<div class=\"elementToProof\" style=\"text-align: left;\">\n<div class=\"elementToProof\">\n<p>El programa tiene una duraci\u00f3n total de 3 horas.<\/p>\n<p>18:30 a 20:00 \u2013 Cena<\/p>\n<p>20:00 a 21:30 \u2013 Safari VIP nocturno<\/p>\n<\/div>\n<\/div>\n<p>[\/vc_toggle][vc_toggle title=\u00bbRESTRICCIONES\u00bb custom_font_container=\u00bbtag:h3|text_align:left\u00bb custom_google_fonts=\u00bbfont_family:Roboto%3A100%2C100italic%2C300%2C300italic%2Cregular%2Citalic%2C500%2C500italic%2C700%2C700italic%2C900%2C900italic|font_style:900%20bold%20regular%3A900%3Anormal\u00bb use_custom_heading=\u00bbtrue\u00bb]Si tiene alguna necesidad m\u00e9dica\/motora o alguna intolerancia alimentaria, le rogamos que lo indique en el momento de realizar la reserva.[\/vc_toggle][\/vc_column][\/vc_row][vc_row el_id=\u00bbanimal-box\u00bb][vc_column][vc_images_carousel images=\u00bb10063,10064,10065,10066,10067,10068&#8243; img_size=\u00bbfull\u00bb onclick=\u00bblink_no\u00bb hide_pagination_control=\u00bbyes\u00bb wrap=\u00bbyes\u00bb][\/vc_column][\/vc_row][vc_row][vc_column][vc_column_text]<\/p>\n<h2>Experiencias VIP<\/h2>\n<h3>Ofrezca una experiencia inolvidable.<\/h3>\n<p>[\/vc_column_text][\/vc_column][\/vc_row][vc_row el_class=\u00bbrelated-animals\u00bb][vc_column]<div id=\"lvca-posts-carousel-69d591cf6fa54\" class=\"lvca-posts-carousel lvca-container\" data-settings='{\"display_title_on_thumbnail\":\"\",\"display_taxonomy_on_thumbnail\":\"\",\"display_author\":\"\",\"display_post_date\":\"\",\"display_taxonomy\":\"\",\"display_read_more\":\"\",\"read_more_text\":\"Read More\",\"taxonomy_chosen\":\"category\",\"post_link_new_window\":false,\"image_size\":\"large\",\"arrows\":\"true\",\"dots\":\"\",\"autoplay\":\"\",\"autoplay_speed\":\"3000\",\"animation_speed\":\"300\",\"pause_on_hover\":\"\",\"display_columns\":\"4\",\"scroll_columns\":\"1\",\"gutter\":\"10\",\"tablet_display_columns\":\"2\",\"tablet_scroll_columns\":\"2\",\"tablet_gutter\":\"10\",\"tablet_width\":\"800\",\"mobile_display_columns\":\"1\",\"mobile_scroll_columns\":\"1\",\"mobile_gutter\":\"10\",\"mobile_width\":\"480\"}'><div data-id=\"id-148633\" class=\"lvca-posts-carousel-item\"><article id=\"post-148633\" class=\"post-148633 product type-product status-publish has-post-thumbnail product_cat-experiencias-vip first instock virtual purchasable product-type-simple\"><div class=\"lvca-project-image\"><a href=\"https:\/\/badoca.com\/es\/actividades\/experiencias-vip\/safari-vip-con-desayuno\/\" ><img decoding=\"async\" width=\"459\" height=\"509\" src=\"https:\/\/badoca.com\/wp-content\/uploads\/2026\/03\/badoca_modulo_VIPbreakfast_ES.png\" class=\"attachment-large size-large wp-post-image\" alt=\"\" srcset=\"https:\/\/badoca.com\/wp-content\/uploads\/2026\/03\/badoca_modulo_VIPbreakfast_ES.png 459w, https:\/\/badoca.com\/wp-content\/uploads\/2026\/03\/badoca_modulo_VIPbreakfast_ES-382x424.png 382w\" sizes=\"(max-width: 459px) 100vw, 459px\" \/><\/a><\/div><\/article><!-- .hentry --><\/div><!-- .lvca-posts-carousel-item --><div data-id=\"id-148645\" class=\"lvca-posts-carousel-item\"><article id=\"post-148645\" class=\"post-148645 product type-product status-publish has-post-thumbnail product_cat-experiencias-vip  instock virtual purchasable product-type-simple\"><div class=\"lvca-project-image\"><a href=\"https:\/\/badoca.com\/es\/actividades\/experiencias-vip\/safari-vip\/\" ><img decoding=\"async\" width=\"459\" height=\"509\" src=\"https:\/\/badoca.com\/wp-content\/uploads\/badoca_modulo_SafariVIP_PT.png\" class=\"attachment-large size-large wp-post-image\" alt=\"\" srcset=\"https:\/\/badoca.com\/wp-content\/uploads\/badoca_modulo_SafariVIP_PT.png 459w, https:\/\/badoca.com\/wp-content\/uploads\/badoca_modulo_SafariVIP_PT-382x424.png 382w\" sizes=\"(max-width: 459px) 100vw, 459px\" \/><\/a><\/div><\/article><!-- .hentry --><\/div><!-- .lvca-posts-carousel-item --><div data-id=\"id-148634\" class=\"lvca-posts-carousel-item\"><article id=\"post-148634\" class=\"post-148634 product type-product status-publish has-post-thumbnail product_cat-experiencias-vip  instock virtual purchasable product-type-simple\"><div class=\"lvca-project-image\"><a href=\"https:\/\/badoca.com\/es\/actividades\/experiencias-vip\/safari-vip-con-cena\/\" ><img decoding=\"async\" width=\"459\" height=\"509\" src=\"https:\/\/badoca.com\/wp-content\/uploads\/2026\/03\/badoca_modulo_VIPjantar_ES.png\" class=\"attachment-large size-large wp-post-image\" alt=\"\" srcset=\"https:\/\/badoca.com\/wp-content\/uploads\/2026\/03\/badoca_modulo_VIPjantar_ES.png 459w, https:\/\/badoca.com\/wp-content\/uploads\/2026\/03\/badoca_modulo_VIPjantar_ES-382x424.png 382w\" sizes=\"(max-width: 459px) 100vw, 459px\" \/><\/a><\/div><\/article><!-- .hentry --><\/div><!-- .lvca-posts-carousel-item --><div data-id=\"id-148648\" class=\"lvca-posts-carousel-item\"><article id=\"post-148648\" class=\"post-148648 product type-product status-publish has-post-thumbnail product_cat-experiencias-vip last instock virtual purchasable product-type-simple\"><div class=\"lvca-project-image\"><a href=\"https:\/\/badoca.com\/es\/actividades\/experiencias-vip\/experiencia-en-la-falcoaria\/\" ><img decoding=\"async\" width=\"459\" height=\"509\" src=\"https:\/\/badoca.com\/wp-content\/uploads\/2026\/03\/badoca_modulo_Falcoaria_ES.png\" class=\"attachment-large size-large wp-post-image\" alt=\"\" srcset=\"https:\/\/badoca.com\/wp-content\/uploads\/2026\/03\/badoca_modulo_Falcoaria_ES.png 459w, https:\/\/badoca.com\/wp-content\/uploads\/2026\/03\/badoca_modulo_Falcoaria_ES-382x424.png 382w\" sizes=\"(max-width: 459px) 100vw, 459px\" \/><\/a><\/div><\/article><!-- .hentry --><\/div><!-- .lvca-posts-carousel-item --><div data-id=\"id-148639\" class=\"lvca-posts-carousel-item\"><article id=\"post-148639\" class=\"post-148639 product type-product status-publish has-post-thumbnail product_cat-experiencias-vip first instock virtual purchasable product-type-simple\"><div class=\"lvca-project-image\"><a href=\"https:\/\/badoca.com\/es\/actividades\/experiencias-vip\/safari-vip-con-picnic\/\" ><img decoding=\"async\" width=\"459\" height=\"509\" src=\"https:\/\/badoca.com\/wp-content\/uploads\/2026\/03\/badoca_modulo_VIPpicnic_ES.png\" class=\"attachment-large size-large wp-post-image\" alt=\"\" srcset=\"https:\/\/badoca.com\/wp-content\/uploads\/2026\/03\/badoca_modulo_VIPpicnic_ES.png 459w, https:\/\/badoca.com\/wp-content\/uploads\/2026\/03\/badoca_modulo_VIPpicnic_ES-382x424.png 382w\" sizes=\"(max-width: 459px) 100vw, 459px\" \/><\/a><\/div><\/article><!-- .hentry --><\/div><!-- .lvca-posts-carousel-item --><div data-id=\"id-148651\" class=\"lvca-posts-carousel-item\"><article id=\"post-148651\" class=\"post-148651 product type-product status-publish has-post-thumbnail product_cat-experiencias-vip  instock virtual purchasable product-type-simple\"><div class=\"lvca-project-image\"><a href=\"https:\/\/badoca.com\/es\/actividades\/experiencias-vip\/encuentro-con-las-jirafas\/\" ><img decoding=\"async\" width=\"459\" height=\"509\" src=\"https:\/\/badoca.com\/wp-content\/uploads\/2026\/03\/badoca_modulo_EncontroGirafas_ES.png\" class=\"attachment-large size-large wp-post-image\" alt=\"\" srcset=\"https:\/\/badoca.com\/wp-content\/uploads\/2026\/03\/badoca_modulo_EncontroGirafas_ES.png 459w, https:\/\/badoca.com\/wp-content\/uploads\/2026\/03\/badoca_modulo_EncontroGirafas_ES-382x424.png 382w\" sizes=\"(max-width: 459px) 100vw, 459px\" \/><\/a><\/div><\/article><!-- .hentry --><\/div><!-- .lvca-posts-carousel-item --><\/div><!-- .lvca-posts-carousel -->[\/vc_column][\/vc_row]<\/p>\n<\/section>","protected":false},"excerpt":{"rendered":"<h3 style=\"color: #777938;\">UNA EXPERIENCIA \u00daNICA, EN UN JEEP PRIVADO, DONDE UNA CENA DE EXCELENCIA PONE EL TOQUE FINAL A UNA AVENTURA INOLVIDABLE AL ATARDECER.<\/h3>\n<p>&nbsp;<\/p>\n<p>Si aprecia el encanto de los atardeceres y el esplendor de la puesta de sol, esta es la oportunidad perfecta para convertir ese escenario en un momento verdaderamente inolvidable. El Safari VIP con cena le ofrece una experiencia exclusiva, en un jeep privado, ideal para celebrar en familia o con amigos, en un ambiente que combina tranquilidad, naturaleza y un toque de sofisticaci\u00f3n.<br \/>\nAcompa\u00f1ado por un cuidador experimentado, con una s\u00f3lida formaci\u00f3n y un profundo conocimiento de las diferentes especies, explore la sabana africana en el dorado silencio del atardecer, cuando todo se ralentiza y el paisaje adquiere una magia propia. Solo tiene que compartir sus curiosidades y preferencias con el gu\u00eda para que se cree un recorrido totalmente personalizado, lleno de oportunidades para observar de cerca jirafas, cebras, ant\u00edlopes, avestruces, b\u00fafalos y mucho m\u00e1s.<br \/>\nPara completar esta experiencia \u00fanica, se incluye una cena de excelencia en el restaurante panor\u00e1mico del parque, para que no falte nada en un momento pensado al detalle.<\/p>\n<p>Una experiencia que combina lo mejor de la vida salvaje con el placer de una exquisita cena al atardecer. Ideal para sorprender, celebrar y disfrutar.<\/p>\n... <a href=\"https:\/\/badoca.com\/es\/actividades\/experiencias-vip\/encuentro-con-las-jirafas\/\">LER MAIS<\/a>.","protected":false},"author":12,"featured_media":149243,"template":"","meta":{"_acf_changed":false},"product_brand":[],"product_cat":[573],"product_tag":[],"class_list":{"0":"post-148634","1":"product","2":"type-product","3":"status-publish","4":"has-post-thumbnail","6":"product_cat-experiencias-vip","8":"","9":"instock","10":"virtual","11":"purchasable","12":"product-type-simple"},"acf":[],"yoast_head":"<!-- This site is optimized with the Yoast SEO plugin v27.3 - https:\/\/yoast.com\/product\/yoast-seo-wordpress\/ -->\n<title>Safari VIP con Cena - Badoca<\/title>\n<meta name=\"robots\" content=\"index, follow, max-snippet:-1, max-image-preview:large, max-video-preview:-1\" \/>\n<link rel=\"canonical\" href=\"https:\/\/badoca.com\/es\/actividades\/experiencias-vip\/safari-vip-con-cena\/\" \/>\n<meta property=\"og:locale\" content=\"es_ES\" \/>\n<meta property=\"og:type\" content=\"article\" \/>\n<meta property=\"og:title\" content=\"Safari VIP con Cena - Badoca\" \/>\n<meta property=\"og:description\" content=\"UNA EXPERIENCIA \u00daNICA, EN UN JEEP PRIVADO, DONDE UNA CENA DE EXCELENCIA PONE EL TOQUE FINAL A UNA AVENTURA INOLVIDABLE AL ATARDECER. &nbsp;  Si aprecia el encanto de los atardeceres y el esplendor de la puesta de sol, esta es la oportunidad perfecta para convertir ese escenario en un momento verdaderamente inolvidable. El Safari VIP con cena le ofrece una experiencia exclusiva, en un jeep privado, ideal para celebrar en familia o con amigos, en un ambiente que combina tranquilidad, naturaleza y un toque de sofisticaci\u00f3n. Acompa\u00f1ado por un cuidador experimentado, con una s\u00f3lida formaci\u00f3n y un profundo conocimiento de las diferentes especies, explore la sabana africana en el dorado silencio del atardecer, cuando todo se ralentiza y el paisaje adquiere una magia propia. Solo tiene que compartir sus curiosidades y preferencias con el gu\u00eda para que se cree un recorrido totalmente personalizado, lleno de oportunidades para observar de cerca jirafas, cebras, ant\u00edlopes, avestruces, b\u00fafalos y mucho m\u00e1s. Para completar esta experiencia \u00fanica, se incluye una cena de excelencia en el restaurante panor\u00e1mico del parque, para que no falte nada en un momento pensado al detalle.  Una experiencia que combina lo mejor de la vida salvaje con el placer de una exquisita cena al atardecer. Ideal para sorprender, celebrar y disfrutar.\" \/>\n<meta property=\"og:url\" content=\"https:\/\/badoca.com\/es\/actividades\/experiencias-vip\/safari-vip-con-cena\/\" \/>\n<meta property=\"og:site_name\" content=\"Badoca\" \/>\n<meta property=\"article:modified_time\" content=\"2026-03-27T14:45:32+00:00\" \/>\n<meta property=\"og:image\" content=\"https:\/\/badoca.com\/wp-content\/uploads\/2026\/03\/badoca_modulo_VIPjantar_ES.png\" \/>\n\t<meta property=\"og:image:width\" content=\"459\" \/>\n\t<meta property=\"og:image:height\" content=\"509\" \/>\n\t<meta property=\"og:image:type\" content=\"image\/png\" \/>\n<meta name=\"twitter:card\" content=\"summary_large_image\" \/>\n<meta name=\"twitter:label1\" content=\"Tiempo de lectura\" \/>\n\t<meta name=\"twitter:data1\" content=\"3 minutos\" \/>\n<script type=\"application\/ld+json\" class=\"yoast-schema-graph\">{\"@context\":\"https:\\\/\\\/schema.org\",\"@graph\":[{\"@type\":\"WebPage\",\"@id\":\"https:\\\/\\\/badoca.com\\\/es\\\/actividades\\\/experiencias-vip\\\/safari-vip-con-cena\\\/\",\"url\":\"https:\\\/\\\/badoca.com\\\/es\\\/actividades\\\/experiencias-vip\\\/safari-vip-con-cena\\\/\",\"name\":\"Safari VIP con Cena - Badoca\",\"isPartOf\":{\"@id\":\"https:\\\/\\\/badoca.com\\\/es\\\/#website\"},\"primaryImageOfPage\":{\"@id\":\"https:\\\/\\\/badoca.com\\\/es\\\/actividades\\\/experiencias-vip\\\/safari-vip-con-cena\\\/#primaryimage\"},\"image\":{\"@id\":\"https:\\\/\\\/badoca.com\\\/es\\\/actividades\\\/experiencias-vip\\\/safari-vip-con-cena\\\/#primaryimage\"},\"thumbnailUrl\":\"https:\\\/\\\/badoca.com\\\/wp-content\\\/uploads\\\/2026\\\/03\\\/badoca_modulo_VIPjantar_ES.png\",\"datePublished\":\"2019-07-29T15:44:54+00:00\",\"dateModified\":\"2026-03-27T14:45:32+00:00\",\"breadcrumb\":{\"@id\":\"https:\\\/\\\/badoca.com\\\/es\\\/actividades\\\/experiencias-vip\\\/safari-vip-con-cena\\\/#breadcrumb\"},\"inLanguage\":\"es\",\"potentialAction\":[{\"@type\":\"ReadAction\",\"target\":[\"https:\\\/\\\/badoca.com\\\/es\\\/actividades\\\/experiencias-vip\\\/safari-vip-con-cena\\\/\"]}]},{\"@type\":\"ImageObject\",\"inLanguage\":\"es\",\"@id\":\"https:\\\/\\\/badoca.com\\\/es\\\/actividades\\\/experiencias-vip\\\/safari-vip-con-cena\\\/#primaryimage\",\"url\":\"https:\\\/\\\/badoca.com\\\/wp-content\\\/uploads\\\/2026\\\/03\\\/badoca_modulo_VIPjantar_ES.png\",\"contentUrl\":\"https:\\\/\\\/badoca.com\\\/wp-content\\\/uploads\\\/2026\\\/03\\\/badoca_modulo_VIPjantar_ES.png\",\"width\":459,\"height\":509},{\"@type\":\"BreadcrumbList\",\"@id\":\"https:\\\/\\\/badoca.com\\\/es\\\/actividades\\\/experiencias-vip\\\/safari-vip-con-cena\\\/#breadcrumb\",\"itemListElement\":[{\"@type\":\"ListItem\",\"position\":1,\"name\":\"In\u00edcio\",\"item\":\"https:\\\/\\\/badoca.com\\\/es\\\/\"},{\"@type\":\"ListItem\",\"position\":2,\"name\":\"Experi\u00eancias VIP\",\"item\":\"https:\\\/\\\/badoca.com\\\/es\\\/categoria-produto\\\/experiencias-vip\\\/\"},{\"@type\":\"ListItem\",\"position\":3,\"name\":\"Safari VIP con Cena\"}]},{\"@type\":\"WebSite\",\"@id\":\"https:\\\/\\\/badoca.com\\\/es\\\/#website\",\"url\":\"https:\\\/\\\/badoca.com\\\/es\\\/\",\"name\":\"Badoca\",\"description\":\"Safari Park\",\"publisher\":{\"@id\":\"https:\\\/\\\/badoca.com\\\/es\\\/#organization\"},\"potentialAction\":[{\"@type\":\"SearchAction\",\"target\":{\"@type\":\"EntryPoint\",\"urlTemplate\":\"https:\\\/\\\/badoca.com\\\/es\\\/?s={search_term_string}\"},\"query-input\":{\"@type\":\"PropertyValueSpecification\",\"valueRequired\":true,\"valueName\":\"search_term_string\"}}],\"inLanguage\":\"es\"},{\"@type\":\"Organization\",\"@id\":\"https:\\\/\\\/badoca.com\\\/es\\\/#organization\",\"name\":\"Badoca\",\"url\":\"https:\\\/\\\/badoca.com\\\/es\\\/\",\"logo\":{\"@type\":\"ImageObject\",\"inLanguage\":\"es\",\"@id\":\"https:\\\/\\\/badoca.com\\\/es\\\/#\\\/schema\\\/logo\\\/image\\\/\",\"url\":\"https:\\\/\\\/badoca.com\\\/wp-content\\\/uploads\\\/cropped-badoca-logo.png\",\"contentUrl\":\"https:\\\/\\\/badoca.com\\\/wp-content\\\/uploads\\\/cropped-badoca-logo.png\",\"width\":137,\"height\":195,\"caption\":\"Badoca\"},\"image\":{\"@id\":\"https:\\\/\\\/badoca.com\\\/es\\\/#\\\/schema\\\/logo\\\/image\\\/\"}}]}<\/script>\n<!-- \/ Yoast SEO plugin. -->","yoast_head_json":{"title":"Safari VIP con Cena - Badoca","robots":{"index":"index","follow":"follow","max-snippet":"max-snippet:-1","max-image-preview":"max-image-preview:large","max-video-preview":"max-video-preview:-1"},"canonical":"https:\/\/badoca.com\/es\/actividades\/experiencias-vip\/safari-vip-con-cena\/","og_locale":"es_ES","og_type":"article","og_title":"Safari VIP con Cena - Badoca","og_description":"UNA EXPERIENCIA \u00daNICA, EN UN JEEP PRIVADO, DONDE UNA CENA DE EXCELENCIA PONE EL TOQUE FINAL A UNA AVENTURA INOLVIDABLE AL ATARDECER. &nbsp;  Si aprecia el encanto de los atardeceres y el esplendor de la puesta de sol, esta es la oportunidad perfecta para convertir ese escenario en un momento verdaderamente inolvidable. El Safari VIP con cena le ofrece una experiencia exclusiva, en un jeep privado, ideal para celebrar en familia o con amigos, en un ambiente que combina tranquilidad, naturaleza y un toque de sofisticaci\u00f3n. Acompa\u00f1ado por un cuidador experimentado, con una s\u00f3lida formaci\u00f3n y un profundo conocimiento de las diferentes especies, explore la sabana africana en el dorado silencio del atardecer, cuando todo se ralentiza y el paisaje adquiere una magia propia. Solo tiene que compartir sus curiosidades y preferencias con el gu\u00eda para que se cree un recorrido totalmente personalizado, lleno de oportunidades para observar de cerca jirafas, cebras, ant\u00edlopes, avestruces, b\u00fafalos y mucho m\u00e1s. Para completar esta experiencia \u00fanica, se incluye una cena de excelencia en el restaurante panor\u00e1mico del parque, para que no falte nada en un momento pensado al detalle.  Una experiencia que combina lo mejor de la vida salvaje con el placer de una exquisita cena al atardecer. Ideal para sorprender, celebrar y disfrutar.","og_url":"https:\/\/badoca.com\/es\/actividades\/experiencias-vip\/safari-vip-con-cena\/","og_site_name":"Badoca","article_modified_time":"2026-03-27T14:45:32+00:00","og_image":[{"width":459,"height":509,"url":"https:\/\/badoca.com\/wp-content\/uploads\/2026\/03\/badoca_modulo_VIPjantar_ES.png","type":"image\/png"}],"twitter_card":"summary_large_image","twitter_misc":{"Tiempo de lectura":"3 minutos"},"schema":{"@context":"https:\/\/schema.org","@graph":[{"@type":"WebPage","@id":"https:\/\/badoca.com\/es\/actividades\/experiencias-vip\/safari-vip-con-cena\/","url":"https:\/\/badoca.com\/es\/actividades\/experiencias-vip\/safari-vip-con-cena\/","name":"Safari VIP con Cena - Badoca","isPartOf":{"@id":"https:\/\/badoca.com\/es\/#website"},"primaryImageOfPage":{"@id":"https:\/\/badoca.com\/es\/actividades\/experiencias-vip\/safari-vip-con-cena\/#primaryimage"},"image":{"@id":"https:\/\/badoca.com\/es\/actividades\/experiencias-vip\/safari-vip-con-cena\/#primaryimage"},"thumbnailUrl":"https:\/\/badoca.com\/wp-content\/uploads\/2026\/03\/badoca_modulo_VIPjantar_ES.png","datePublished":"2019-07-29T15:44:54+00:00","dateModified":"2026-03-27T14:45:32+00:00","breadcrumb":{"@id":"https:\/\/badoca.com\/es\/actividades\/experiencias-vip\/safari-vip-con-cena\/#breadcrumb"},"inLanguage":"es","potentialAction":[{"@type":"ReadAction","target":["https:\/\/badoca.com\/es\/actividades\/experiencias-vip\/safari-vip-con-cena\/"]}]},{"@type":"ImageObject","inLanguage":"es","@id":"https:\/\/badoca.com\/es\/actividades\/experiencias-vip\/safari-vip-con-cena\/#primaryimage","url":"https:\/\/badoca.com\/wp-content\/uploads\/2026\/03\/badoca_modulo_VIPjantar_ES.png","contentUrl":"https:\/\/badoca.com\/wp-content\/uploads\/2026\/03\/badoca_modulo_VIPjantar_ES.png","width":459,"height":509},{"@type":"BreadcrumbList","@id":"https:\/\/badoca.com\/es\/actividades\/experiencias-vip\/safari-vip-con-cena\/#breadcrumb","itemListElement":[{"@type":"ListItem","position":1,"name":"In\u00edcio","item":"https:\/\/badoca.com\/es\/"},{"@type":"ListItem","position":2,"name":"Experi\u00eancias VIP","item":"https:\/\/badoca.com\/es\/categoria-produto\/experiencias-vip\/"},{"@type":"ListItem","position":3,"name":"Safari VIP con Cena"}]},{"@type":"WebSite","@id":"https:\/\/badoca.com\/es\/#website","url":"https:\/\/badoca.com\/es\/","name":"Badoca","description":"Safari Park","publisher":{"@id":"https:\/\/badoca.com\/es\/#organization"},"potentialAction":[{"@type":"SearchAction","target":{"@type":"EntryPoint","urlTemplate":"https:\/\/badoca.com\/es\/?s={search_term_string}"},"query-input":{"@type":"PropertyValueSpecification","valueRequired":true,"valueName":"search_term_string"}}],"inLanguage":"es"},{"@type":"Organization","@id":"https:\/\/badoca.com\/es\/#organization","name":"Badoca","url":"https:\/\/badoca.com\/es\/","logo":{"@type":"ImageObject","inLanguage":"es","@id":"https:\/\/badoca.com\/es\/#\/schema\/logo\/image\/","url":"https:\/\/badoca.com\/wp-content\/uploads\/cropped-badoca-logo.png","contentUrl":"https:\/\/badoca.com\/wp-content\/uploads\/cropped-badoca-logo.png","width":137,"height":195,"caption":"Badoca"},"image":{"@id":"https:\/\/badoca.com\/es\/#\/schema\/logo\/image\/"}}]}},"_links":{"self":[{"href":"https:\/\/badoca.com\/es\/wp-json\/wp\/v2\/product\/148634","targetHints":{"allow":["GET"]}}],"collection":[{"href":"https:\/\/badoca.com\/es\/wp-json\/wp\/v2\/product"}],"about":[{"href":"https:\/\/badoca.com\/es\/wp-json\/wp\/v2\/types\/product"}],"author":[{"embeddable":true,"href":"https:\/\/badoca.com\/es\/wp-json\/wp\/v2\/users\/12"}],"wp:featuredmedia":[{"embeddable":true,"href":"https:\/\/badoca.com\/es\/wp-json\/wp\/v2\/media\/149243"}],"wp:attachment":[{"href":"https:\/\/badoca.com\/es\/wp-json\/wp\/v2\/media?parent=148634"}],"wp:term":[{"taxonomy":"product_brand","embeddable":true,"href":"https:\/\/badoca.com\/es\/wp-json\/wp\/v2\/product_brand?post=148634"},{"taxonomy":"product_cat","embeddable":true,"href":"https:\/\/badoca.com\/es\/wp-json\/wp\/v2\/product_cat?post=148634"},{"taxonomy":"product_tag","embeddable":true,"href":"https:\/\/badoca.com\/es\/wp-json\/wp\/v2\/product_tag?post=148634"}],"curies":[{"name":"wp","href":"https:\/\/api.w.org\/{rel}","templated":true}]}}