{"id":148633,"date":"2019-07-29T15:17:02","date_gmt":"2019-07-29T15:17:02","guid":{"rendered":"https:\/\/badoca.com\/actividades\/sin%20categor\u00eda\/safari-vip-pequeno-almoco\/"},"modified":"2026-03-27T15:48:23","modified_gmt":"2026-03-27T14:48:23","slug":"safari-vip-con-desayuno","status":"publish","type":"product","link":"https:\/\/badoca.com\/es\/actividades\/experiencias-vip\/safari-vip-con-desayuno\/","title":{"rendered":"Safari VIP con Desayuno"},"content":{"rendered":"<section class=\"wpb-content-wrapper\"><p>[vc_row][vc_column][vc_empty_space][vc_toggle title=\u00bb\u00bfQu\u00e9 Incluye?\u00bb custom_font_container=\u00bbtag:h3|text_align:left\u00bb custom_google_fonts=\u00bbfont_family:Roboto%3A100%2C100italic%2C300%2C300italic%2Cregular%2Citalic%2C500%2C500italic%2C700%2C700italic%2C900%2C900italic|font_style:900%20bold%20regular%3A900%3Anormal\u00bb use_custom_heading=\u00bbtrue\u00bb]<\/p>\n<ul>\n<li style=\"text-align: left;\">Safari VIP<\/li>\n<li style=\"text-align: left;\">Desayuno servido en el restaurante panor\u00e1mico del Badoca Safari Park.<\/li>\n<li style=\"text-align: left;\">Presentaciones y atracciones disponibles con la entrada normal.<\/li>\n<\/ul>\n<p>[\/vc_toggle][vc_toggle title=\u00bbNotas importantes\u00bb custom_font_container=\u00bbtag:h3|text_align:left\u00bb custom_google_fonts=\u00bbfont_family:Roboto%3A100%2C100italic%2C300%2C300italic%2Cregular%2Citalic%2C500%2C500italic%2C700%2C700italic%2C900%2C900italic|font_style:900%20bold%20regular%3A900%3Anormal\u00bb use_custom_heading=\u00bbtrue\u00bb]<\/p>\n<ul>\n<li style=\"text-align: left;\">Para garantizar la disponibilidad en la fecha deseada, reserve su experiencia con al menos una semana de antelaci\u00f3n a trav\u00e9s del correo electr\u00f3nico <a href=\"mailto:badoca@badoca.com\">badoca@badoca.com<\/a>.<\/li>\n<li style=\"text-align: left;\">El d\u00eda de su visita, dir\u00edjase a la taquilla prioritaria para evitar colas en la taquilla regular.<\/li>\n<li style=\"text-align: left;\">Puede adquirir la experiencia online, <strong>pero siempre deber\u00e1 realizar la reserva con antelaci\u00f3n. Este programa no se realiza sin reserva previa.<\/strong><\/li>\n<li style=\"text-align: left;\">Se admiten retrasos de hasta un m\u00e1ximo de 15 minutos.<\/li>\n<\/ul>\n<p>[\/vc_toggle][vc_toggle title=\u00bbMen\u00fa\u00bb custom_font_container=\u00bbtag:h3|text_align:left\u00bb custom_google_fonts=\u00bbfont_family:Roboto%3A100%2C100italic%2C300%2C300italic%2Cregular%2Citalic%2C500%2C500italic%2C700%2C700italic%2C900%2C900italic|font_style:900%20bold%20regular%3A900%3Anormal\u00bb use_custom_heading=\u00bbtrue\u00bb]El desayuno incluye: pan r\u00fastico, queso, jam\u00f3n de pavo, croissants, huevos revueltos, tortitas, fruta variada, yogur, caf\u00e9, t\u00e9, leche y zumo de naranja.[\/vc_toggle][vc_toggle title=\u00bbPrecio\u00bb custom_font_container=\u00bbtag:h3|text_align:left\u00bb custom_google_fonts=\u00bbfont_family:Roboto%3A100%2C100italic%2C300%2C300italic%2Cregular%2Citalic%2C500%2C500italic%2C700%2C700italic%2C900%2C900italic|font_style:900%20bold%20regular%3A900%3Anormal\u00bb use_custom_heading=\u00bbtrue\u00bb]<\/p>\n<ul>\n<li style=\"text-align: left;\">Os pre\u00e7os apresentados <strong>aplicam-se a uma pessoa<\/strong>, sendo o valor igual para adulto e crian\u00e7a.<\/li>\n<li style=\"text-align: left;\">Esta experiencia requiere un <strong>m\u00ednimo de 6 personas<\/strong> pagantes.<\/li>\n<li style=\"text-align: left;\">Los ni\u00f1os pagan a partir de los 4 a\u00f1os inclusive.<\/li>\n<li style=\"text-align: left;\">Los ni\u00f1os menores de 10 a\u00f1os deben ir acompa\u00f1ados de un adulto.<\/li>\n<li style=\"text-align: left;\">Deber\u00e1 abonar el 50 % del importe total en el momento de la reserva. Este importe es reembolsable en su totalidad para cancelaciones realizadas hasta 72 horas antes de la fecha de la visita.<\/li>\n<\/ul>\n<p>[\/vc_toggle][vc_toggle title=\u00bbSesiones y horarios\u00bb custom_font_container=\u00bbtag:h3|text_align:left\u00bb custom_google_fonts=\u00bbfont_family:Roboto%3A100%2C100italic%2C300%2C300italic%2Cregular%2Citalic%2C500%2C500italic%2C700%2C700italic%2C900%2C900italic|font_style:900%20bold%20regular%3A900%3Anormal\u00bb use_custom_heading=\u00bbtrue\u00bb]El programa tiene una duraci\u00f3n total de 3 horas.<\/p>\n<p>7:00 a 8:30 \u2013 Safari VIP<\/p>\n<p>8:30 a 10:00 \u2013 Desayuno[\/vc_toggle][vc_toggle title=\u00bbRestricciones\u00bb custom_font_container=\u00bbtag:h3|text_align:left\u00bb custom_google_fonts=\u00bbfont_family:Roboto%3A100%2C100italic%2C300%2C300italic%2Cregular%2Citalic%2C500%2C500italic%2C700%2C700italic%2C900%2C900italic|font_style:900%20bold%20regular%3A900%3Anormal\u00bb use_custom_heading=\u00bbtrue\u00bb]Si tiene alguna necesidad m\u00e9dica\/motora o alguna intolerancia alimentaria, le rogamos que lo indique en el momento de realizar la reserva.[\/vc_toggle][\/vc_column][\/vc_row][vc_row el_id=\u00bbanimal-box\u00bb][vc_column][vc_images_carousel images=\u00bb10063,10064,10065,10066,10067,10068&#8243; img_size=\u00bbfull\u00bb onclick=\u00bblink_no\u00bb hide_pagination_control=\u00bbyes\u00bb wrap=\u00bbyes\u00bb][\/vc_column][\/vc_row][vc_row][vc_column][vc_column_text]<\/p>\n<h2>Experiencias VIP<\/h2>\n<h3>Ofrezca una experiencia inolvidable.<\/h3>\n<p>[\/vc_column_text][\/vc_column][\/vc_row][vc_row el_class=\u00bbrelated-animals\u00bb][vc_column]<div id=\"lvca-posts-carousel-69d58f2bc67aa\" class=\"lvca-posts-carousel lvca-container\" data-settings='{\"display_title_on_thumbnail\":\"\",\"display_taxonomy_on_thumbnail\":\"\",\"display_author\":\"\",\"display_post_date\":\"\",\"display_taxonomy\":\"\",\"display_read_more\":\"\",\"read_more_text\":\"Read More\",\"taxonomy_chosen\":\"category\",\"post_link_new_window\":false,\"image_size\":\"large\",\"arrows\":\"true\",\"dots\":\"\",\"autoplay\":\"\",\"autoplay_speed\":\"3000\",\"animation_speed\":\"300\",\"pause_on_hover\":\"\",\"display_columns\":\"4\",\"scroll_columns\":\"1\",\"gutter\":\"10\",\"tablet_display_columns\":\"2\",\"tablet_scroll_columns\":\"2\",\"tablet_gutter\":\"10\",\"tablet_width\":\"800\",\"mobile_display_columns\":\"1\",\"mobile_scroll_columns\":\"1\",\"mobile_gutter\":\"10\",\"mobile_width\":\"480\"}'><div data-id=\"id-148645\" class=\"lvca-posts-carousel-item\"><article id=\"post-148645\" class=\"post-148645 product type-product status-publish has-post-thumbnail product_cat-experiencias-vip first instock virtual purchasable product-type-simple\"><div class=\"lvca-project-image\"><a href=\"https:\/\/badoca.com\/es\/actividades\/experiencias-vip\/safari-vip\/\" ><img decoding=\"async\" width=\"459\" height=\"509\" src=\"https:\/\/badoca.com\/wp-content\/uploads\/badoca_modulo_SafariVIP_PT.png\" class=\"attachment-large size-large wp-post-image\" alt=\"\" srcset=\"https:\/\/badoca.com\/wp-content\/uploads\/badoca_modulo_SafariVIP_PT.png 459w, https:\/\/badoca.com\/wp-content\/uploads\/badoca_modulo_SafariVIP_PT-382x424.png 382w\" sizes=\"(max-width: 459px) 100vw, 459px\" \/><\/a><\/div><\/article><!-- .hentry --><\/div><!-- .lvca-posts-carousel-item --><div data-id=\"id-148648\" class=\"lvca-posts-carousel-item\"><article id=\"post-148648\" class=\"post-148648 product type-product status-publish has-post-thumbnail product_cat-experiencias-vip  instock virtual purchasable product-type-simple\"><div class=\"lvca-project-image\"><a href=\"https:\/\/badoca.com\/es\/actividades\/experiencias-vip\/experiencia-en-la-falcoaria\/\" ><img decoding=\"async\" width=\"459\" height=\"509\" src=\"https:\/\/badoca.com\/wp-content\/uploads\/2026\/03\/badoca_modulo_Falcoaria_ES.png\" class=\"attachment-large size-large wp-post-image\" alt=\"\" srcset=\"https:\/\/badoca.com\/wp-content\/uploads\/2026\/03\/badoca_modulo_Falcoaria_ES.png 459w, https:\/\/badoca.com\/wp-content\/uploads\/2026\/03\/badoca_modulo_Falcoaria_ES-382x424.png 382w\" sizes=\"(max-width: 459px) 100vw, 459px\" \/><\/a><\/div><\/article><!-- .hentry --><\/div><!-- .lvca-posts-carousel-item --><div data-id=\"id-148639\" class=\"lvca-posts-carousel-item\"><article id=\"post-148639\" class=\"post-148639 product type-product status-publish has-post-thumbnail product_cat-experiencias-vip  instock virtual purchasable product-type-simple\"><div class=\"lvca-project-image\"><a href=\"https:\/\/badoca.com\/es\/actividades\/experiencias-vip\/safari-vip-con-picnic\/\" ><img decoding=\"async\" width=\"459\" height=\"509\" src=\"https:\/\/badoca.com\/wp-content\/uploads\/2026\/03\/badoca_modulo_VIPpicnic_ES.png\" class=\"attachment-large size-large wp-post-image\" alt=\"\" srcset=\"https:\/\/badoca.com\/wp-content\/uploads\/2026\/03\/badoca_modulo_VIPpicnic_ES.png 459w, https:\/\/badoca.com\/wp-content\/uploads\/2026\/03\/badoca_modulo_VIPpicnic_ES-382x424.png 382w\" sizes=\"(max-width: 459px) 100vw, 459px\" \/><\/a><\/div><\/article><!-- .hentry --><\/div><!-- .lvca-posts-carousel-item --><div data-id=\"id-148633\" class=\"lvca-posts-carousel-item\"><article id=\"post-148633\" class=\"post-148633 product type-product status-publish has-post-thumbnail product_cat-experiencias-vip last instock virtual purchasable product-type-simple\"><div class=\"lvca-project-image\"><a href=\"https:\/\/badoca.com\/es\/actividades\/experiencias-vip\/safari-vip-con-desayuno\/\" ><img decoding=\"async\" width=\"459\" height=\"509\" src=\"https:\/\/badoca.com\/wp-content\/uploads\/2026\/03\/badoca_modulo_VIPbreakfast_ES.png\" class=\"attachment-large size-large wp-post-image\" alt=\"\" srcset=\"https:\/\/badoca.com\/wp-content\/uploads\/2026\/03\/badoca_modulo_VIPbreakfast_ES.png 459w, https:\/\/badoca.com\/wp-content\/uploads\/2026\/03\/badoca_modulo_VIPbreakfast_ES-382x424.png 382w\" sizes=\"(max-width: 459px) 100vw, 459px\" \/><\/a><\/div><\/article><!-- .hentry --><\/div><!-- .lvca-posts-carousel-item --><div data-id=\"id-148634\" class=\"lvca-posts-carousel-item\"><article id=\"post-148634\" class=\"post-148634 product type-product status-publish has-post-thumbnail product_cat-experiencias-vip first instock virtual purchasable product-type-simple\"><div class=\"lvca-project-image\"><a href=\"https:\/\/badoca.com\/es\/actividades\/experiencias-vip\/safari-vip-con-cena\/\" ><img decoding=\"async\" width=\"459\" height=\"509\" src=\"https:\/\/badoca.com\/wp-content\/uploads\/2026\/03\/badoca_modulo_VIPjantar_ES.png\" class=\"attachment-large size-large wp-post-image\" alt=\"\" srcset=\"https:\/\/badoca.com\/wp-content\/uploads\/2026\/03\/badoca_modulo_VIPjantar_ES.png 459w, https:\/\/badoca.com\/wp-content\/uploads\/2026\/03\/badoca_modulo_VIPjantar_ES-382x424.png 382w\" sizes=\"(max-width: 459px) 100vw, 459px\" \/><\/a><\/div><\/article><!-- .hentry --><\/div><!-- .lvca-posts-carousel-item --><div data-id=\"id-148651\" class=\"lvca-posts-carousel-item\"><article id=\"post-148651\" class=\"post-148651 product type-product status-publish has-post-thumbnail product_cat-experiencias-vip  instock virtual purchasable product-type-simple\"><div class=\"lvca-project-image\"><a href=\"https:\/\/badoca.com\/es\/actividades\/experiencias-vip\/encuentro-con-las-jirafas\/\" ><img decoding=\"async\" width=\"459\" height=\"509\" src=\"https:\/\/badoca.com\/wp-content\/uploads\/2026\/03\/badoca_modulo_EncontroGirafas_ES.png\" class=\"attachment-large size-large wp-post-image\" alt=\"\" srcset=\"https:\/\/badoca.com\/wp-content\/uploads\/2026\/03\/badoca_modulo_EncontroGirafas_ES.png 459w, https:\/\/badoca.com\/wp-content\/uploads\/2026\/03\/badoca_modulo_EncontroGirafas_ES-382x424.png 382w\" sizes=\"(max-width: 459px) 100vw, 459px\" \/><\/a><\/div><\/article><!-- .hentry --><\/div><!-- .lvca-posts-carousel-item --><\/div><!-- .lvca-posts-carousel -->[\/vc_column][\/vc_row]<\/p>\n<\/section>","protected":false},"excerpt":{"rendered":"<h3 style=\"color: #777938;\">UNA EXPERIENCIA \u00daNICA EN UN JEEP PRIVADO, QUE MARCA EL COMIENZO DE UN D\u00cdA INOLVIDABLE, REMATADO POR UN DESAYUNO IRRESISTIBLE.<\/h3>\n<p>&nbsp;<\/p>\n<p>Despierte sus sentidos con una experiencia que convierte cualquier ma\u00f1ana en un momento verdaderamente extraordinario. El Safari VIP con desayuno le invita a comenzar el d\u00eda al volante de la naturaleza, en un jeep privado, mientras el sol se eleva y pinta la sabana africana con tonos dorados. Una oportunidad exclusiva para celebrar en familia o con amigos, lejos de la rutina y cerca de la vida salvaje.<\/p>\n<p>Guiado por un cuidador especializado, con una s\u00f3lida formaci\u00f3n y un profundo conocimiento de las diferentes especies, podr\u00e1 explorar la sabana de forma totalmente personalizada. Solo tiene que indicar sus preferencias para que se cree una ruta a su medida, garantizando encuentros privilegiados y emocionantes con jirafas, cebras, ant\u00edlopes, avestruces, b\u00fafalos y mucho m\u00e1s.<\/p>\n<p>Despu\u00e9s del safari y para completar la experiencia, disfrute de un irresistible desayuno en el restaurante del parque, con vistas panor\u00e1micas a los grandes lagos. Un momento delicioso que pone el broche final a una aventura que combina tranquilidad, exclusividad y contacto genuino con la naturaleza.<br \/>\nReserve ahora y convierta el comienzo de su d\u00eda en un escenario digno de recordar.<\/p>\n... <a href=\"https:\/\/badoca.com\/es\/actividades\/experiencias-vip\/encuentro-con-las-jirafas\/\">LER MAIS<\/a>.","protected":false},"author":12,"featured_media":149240,"template":"","meta":{"_acf_changed":false},"product_brand":[],"product_cat":[573],"product_tag":[],"class_list":{"0":"post-148633","1":"product","2":"type-product","3":"status-publish","4":"has-post-thumbnail","6":"product_cat-experiencias-vip","8":"","9":"instock","10":"virtual","11":"purchasable","12":"product-type-simple"},"acf":[],"yoast_head":"<!-- This site is optimized with the Yoast SEO plugin v27.3 - https:\/\/yoast.com\/product\/yoast-seo-wordpress\/ -->\n<title>Safari VIP con Desayuno - Badoca<\/title>\n<meta name=\"robots\" content=\"index, follow, max-snippet:-1, max-image-preview:large, max-video-preview:-1\" \/>\n<link rel=\"canonical\" href=\"https:\/\/badoca.com\/es\/actividades\/experiencias-vip\/safari-vip-con-desayuno\/\" \/>\n<meta property=\"og:locale\" content=\"es_ES\" \/>\n<meta property=\"og:type\" content=\"article\" \/>\n<meta property=\"og:title\" content=\"Safari VIP con Desayuno - Badoca\" \/>\n<meta property=\"og:description\" content=\"UNA EXPERIENCIA \u00daNICA EN UN JEEP PRIVADO, QUE MARCA EL COMIENZO DE UN D\u00cdA INOLVIDABLE, REMATADO POR UN DESAYUNO IRRESISTIBLE. &nbsp;  Despierte sus sentidos con una experiencia que convierte cualquier ma\u00f1ana en un momento verdaderamente extraordinario. El Safari VIP con desayuno le invita a comenzar el d\u00eda al volante de la naturaleza, en un jeep privado, mientras el sol se eleva y pinta la sabana africana con tonos dorados. Una oportunidad exclusiva para celebrar en familia o con amigos, lejos de la rutina y cerca de la vida salvaje.  Guiado por un cuidador especializado, con una s\u00f3lida formaci\u00f3n y un profundo conocimiento de las diferentes especies, podr\u00e1 explorar la sabana de forma totalmente personalizada. Solo tiene que indicar sus preferencias para que se cree una ruta a su medida, garantizando encuentros privilegiados y emocionantes con jirafas, cebras, ant\u00edlopes, avestruces, b\u00fafalos y mucho m\u00e1s.  Despu\u00e9s del safari y para completar la experiencia, disfrute de un irresistible desayuno en el restaurante del parque, con vistas panor\u00e1micas a los grandes lagos. Un momento delicioso que pone el broche final a una aventura que combina tranquilidad, exclusividad y contacto genuino con la naturaleza. Reserve ahora y convierta el comienzo de su d\u00eda en un escenario digno de recordar.\" \/>\n<meta property=\"og:url\" content=\"https:\/\/badoca.com\/es\/actividades\/experiencias-vip\/safari-vip-con-desayuno\/\" \/>\n<meta property=\"og:site_name\" content=\"Badoca\" \/>\n<meta property=\"article:modified_time\" content=\"2026-03-27T14:48:23+00:00\" \/>\n<meta property=\"og:image\" content=\"https:\/\/badoca.com\/wp-content\/uploads\/2026\/03\/badoca_modulo_VIPbreakfast_ES.png\" \/>\n\t<meta property=\"og:image:width\" content=\"459\" \/>\n\t<meta property=\"og:image:height\" content=\"509\" \/>\n\t<meta property=\"og:image:type\" content=\"image\/png\" \/>\n<meta name=\"twitter:card\" content=\"summary_large_image\" \/>\n<meta name=\"twitter:label1\" content=\"Tiempo de lectura\" \/>\n\t<meta name=\"twitter:data1\" content=\"2 minutos\" \/>\n<script type=\"application\/ld+json\" class=\"yoast-schema-graph\">{\"@context\":\"https:\\\/\\\/schema.org\",\"@graph\":[{\"@type\":\"WebPage\",\"@id\":\"https:\\\/\\\/badoca.com\\\/es\\\/actividades\\\/experiencias-vip\\\/safari-vip-con-desayuno\\\/\",\"url\":\"https:\\\/\\\/badoca.com\\\/es\\\/actividades\\\/experiencias-vip\\\/safari-vip-con-desayuno\\\/\",\"name\":\"Safari VIP con Desayuno - Badoca\",\"isPartOf\":{\"@id\":\"https:\\\/\\\/badoca.com\\\/es\\\/#website\"},\"primaryImageOfPage\":{\"@id\":\"https:\\\/\\\/badoca.com\\\/es\\\/actividades\\\/experiencias-vip\\\/safari-vip-con-desayuno\\\/#primaryimage\"},\"image\":{\"@id\":\"https:\\\/\\\/badoca.com\\\/es\\\/actividades\\\/experiencias-vip\\\/safari-vip-con-desayuno\\\/#primaryimage\"},\"thumbnailUrl\":\"https:\\\/\\\/badoca.com\\\/wp-content\\\/uploads\\\/2026\\\/03\\\/badoca_modulo_VIPbreakfast_ES.png\",\"datePublished\":\"2019-07-29T15:17:02+00:00\",\"dateModified\":\"2026-03-27T14:48:23+00:00\",\"breadcrumb\":{\"@id\":\"https:\\\/\\\/badoca.com\\\/es\\\/actividades\\\/experiencias-vip\\\/safari-vip-con-desayuno\\\/#breadcrumb\"},\"inLanguage\":\"es\",\"potentialAction\":[{\"@type\":\"ReadAction\",\"target\":[\"https:\\\/\\\/badoca.com\\\/es\\\/actividades\\\/experiencias-vip\\\/safari-vip-con-desayuno\\\/\"]}]},{\"@type\":\"ImageObject\",\"inLanguage\":\"es\",\"@id\":\"https:\\\/\\\/badoca.com\\\/es\\\/actividades\\\/experiencias-vip\\\/safari-vip-con-desayuno\\\/#primaryimage\",\"url\":\"https:\\\/\\\/badoca.com\\\/wp-content\\\/uploads\\\/2026\\\/03\\\/badoca_modulo_VIPbreakfast_ES.png\",\"contentUrl\":\"https:\\\/\\\/badoca.com\\\/wp-content\\\/uploads\\\/2026\\\/03\\\/badoca_modulo_VIPbreakfast_ES.png\",\"width\":459,\"height\":509},{\"@type\":\"BreadcrumbList\",\"@id\":\"https:\\\/\\\/badoca.com\\\/es\\\/actividades\\\/experiencias-vip\\\/safari-vip-con-desayuno\\\/#breadcrumb\",\"itemListElement\":[{\"@type\":\"ListItem\",\"position\":1,\"name\":\"In\u00edcio\",\"item\":\"https:\\\/\\\/badoca.com\\\/es\\\/\"},{\"@type\":\"ListItem\",\"position\":2,\"name\":\"Experi\u00eancias VIP\",\"item\":\"https:\\\/\\\/badoca.com\\\/es\\\/categoria-produto\\\/experiencias-vip\\\/\"},{\"@type\":\"ListItem\",\"position\":3,\"name\":\"Safari VIP con Desayuno\"}]},{\"@type\":\"WebSite\",\"@id\":\"https:\\\/\\\/badoca.com\\\/es\\\/#website\",\"url\":\"https:\\\/\\\/badoca.com\\\/es\\\/\",\"name\":\"Badoca\",\"description\":\"Safari Park\",\"publisher\":{\"@id\":\"https:\\\/\\\/badoca.com\\\/es\\\/#organization\"},\"potentialAction\":[{\"@type\":\"SearchAction\",\"target\":{\"@type\":\"EntryPoint\",\"urlTemplate\":\"https:\\\/\\\/badoca.com\\\/es\\\/?s={search_term_string}\"},\"query-input\":{\"@type\":\"PropertyValueSpecification\",\"valueRequired\":true,\"valueName\":\"search_term_string\"}}],\"inLanguage\":\"es\"},{\"@type\":\"Organization\",\"@id\":\"https:\\\/\\\/badoca.com\\\/es\\\/#organization\",\"name\":\"Badoca\",\"url\":\"https:\\\/\\\/badoca.com\\\/es\\\/\",\"logo\":{\"@type\":\"ImageObject\",\"inLanguage\":\"es\",\"@id\":\"https:\\\/\\\/badoca.com\\\/es\\\/#\\\/schema\\\/logo\\\/image\\\/\",\"url\":\"https:\\\/\\\/badoca.com\\\/wp-content\\\/uploads\\\/cropped-badoca-logo.png\",\"contentUrl\":\"https:\\\/\\\/badoca.com\\\/wp-content\\\/uploads\\\/cropped-badoca-logo.png\",\"width\":137,\"height\":195,\"caption\":\"Badoca\"},\"image\":{\"@id\":\"https:\\\/\\\/badoca.com\\\/es\\\/#\\\/schema\\\/logo\\\/image\\\/\"}}]}<\/script>\n<!-- \/ Yoast SEO plugin. -->","yoast_head_json":{"title":"Safari VIP con Desayuno - Badoca","robots":{"index":"index","follow":"follow","max-snippet":"max-snippet:-1","max-image-preview":"max-image-preview:large","max-video-preview":"max-video-preview:-1"},"canonical":"https:\/\/badoca.com\/es\/actividades\/experiencias-vip\/safari-vip-con-desayuno\/","og_locale":"es_ES","og_type":"article","og_title":"Safari VIP con Desayuno - Badoca","og_description":"UNA EXPERIENCIA \u00daNICA EN UN JEEP PRIVADO, QUE MARCA EL COMIENZO DE UN D\u00cdA INOLVIDABLE, REMATADO POR UN DESAYUNO IRRESISTIBLE. &nbsp;  Despierte sus sentidos con una experiencia que convierte cualquier ma\u00f1ana en un momento verdaderamente extraordinario. El Safari VIP con desayuno le invita a comenzar el d\u00eda al volante de la naturaleza, en un jeep privado, mientras el sol se eleva y pinta la sabana africana con tonos dorados. Una oportunidad exclusiva para celebrar en familia o con amigos, lejos de la rutina y cerca de la vida salvaje.  Guiado por un cuidador especializado, con una s\u00f3lida formaci\u00f3n y un profundo conocimiento de las diferentes especies, podr\u00e1 explorar la sabana de forma totalmente personalizada. Solo tiene que indicar sus preferencias para que se cree una ruta a su medida, garantizando encuentros privilegiados y emocionantes con jirafas, cebras, ant\u00edlopes, avestruces, b\u00fafalos y mucho m\u00e1s.  Despu\u00e9s del safari y para completar la experiencia, disfrute de un irresistible desayuno en el restaurante del parque, con vistas panor\u00e1micas a los grandes lagos. Un momento delicioso que pone el broche final a una aventura que combina tranquilidad, exclusividad y contacto genuino con la naturaleza. Reserve ahora y convierta el comienzo de su d\u00eda en un escenario digno de recordar.","og_url":"https:\/\/badoca.com\/es\/actividades\/experiencias-vip\/safari-vip-con-desayuno\/","og_site_name":"Badoca","article_modified_time":"2026-03-27T14:48:23+00:00","og_image":[{"width":459,"height":509,"url":"https:\/\/badoca.com\/wp-content\/uploads\/2026\/03\/badoca_modulo_VIPbreakfast_ES.png","type":"image\/png"}],"twitter_card":"summary_large_image","twitter_misc":{"Tiempo de lectura":"2 minutos"},"schema":{"@context":"https:\/\/schema.org","@graph":[{"@type":"WebPage","@id":"https:\/\/badoca.com\/es\/actividades\/experiencias-vip\/safari-vip-con-desayuno\/","url":"https:\/\/badoca.com\/es\/actividades\/experiencias-vip\/safari-vip-con-desayuno\/","name":"Safari VIP con Desayuno - Badoca","isPartOf":{"@id":"https:\/\/badoca.com\/es\/#website"},"primaryImageOfPage":{"@id":"https:\/\/badoca.com\/es\/actividades\/experiencias-vip\/safari-vip-con-desayuno\/#primaryimage"},"image":{"@id":"https:\/\/badoca.com\/es\/actividades\/experiencias-vip\/safari-vip-con-desayuno\/#primaryimage"},"thumbnailUrl":"https:\/\/badoca.com\/wp-content\/uploads\/2026\/03\/badoca_modulo_VIPbreakfast_ES.png","datePublished":"2019-07-29T15:17:02+00:00","dateModified":"2026-03-27T14:48:23+00:00","breadcrumb":{"@id":"https:\/\/badoca.com\/es\/actividades\/experiencias-vip\/safari-vip-con-desayuno\/#breadcrumb"},"inLanguage":"es","potentialAction":[{"@type":"ReadAction","target":["https:\/\/badoca.com\/es\/actividades\/experiencias-vip\/safari-vip-con-desayuno\/"]}]},{"@type":"ImageObject","inLanguage":"es","@id":"https:\/\/badoca.com\/es\/actividades\/experiencias-vip\/safari-vip-con-desayuno\/#primaryimage","url":"https:\/\/badoca.com\/wp-content\/uploads\/2026\/03\/badoca_modulo_VIPbreakfast_ES.png","contentUrl":"https:\/\/badoca.com\/wp-content\/uploads\/2026\/03\/badoca_modulo_VIPbreakfast_ES.png","width":459,"height":509},{"@type":"BreadcrumbList","@id":"https:\/\/badoca.com\/es\/actividades\/experiencias-vip\/safari-vip-con-desayuno\/#breadcrumb","itemListElement":[{"@type":"ListItem","position":1,"name":"In\u00edcio","item":"https:\/\/badoca.com\/es\/"},{"@type":"ListItem","position":2,"name":"Experi\u00eancias VIP","item":"https:\/\/badoca.com\/es\/categoria-produto\/experiencias-vip\/"},{"@type":"ListItem","position":3,"name":"Safari VIP con Desayuno"}]},{"@type":"WebSite","@id":"https:\/\/badoca.com\/es\/#website","url":"https:\/\/badoca.com\/es\/","name":"Badoca","description":"Safari Park","publisher":{"@id":"https:\/\/badoca.com\/es\/#organization"},"potentialAction":[{"@type":"SearchAction","target":{"@type":"EntryPoint","urlTemplate":"https:\/\/badoca.com\/es\/?s={search_term_string}"},"query-input":{"@type":"PropertyValueSpecification","valueRequired":true,"valueName":"search_term_string"}}],"inLanguage":"es"},{"@type":"Organization","@id":"https:\/\/badoca.com\/es\/#organization","name":"Badoca","url":"https:\/\/badoca.com\/es\/","logo":{"@type":"ImageObject","inLanguage":"es","@id":"https:\/\/badoca.com\/es\/#\/schema\/logo\/image\/","url":"https:\/\/badoca.com\/wp-content\/uploads\/cropped-badoca-logo.png","contentUrl":"https:\/\/badoca.com\/wp-content\/uploads\/cropped-badoca-logo.png","width":137,"height":195,"caption":"Badoca"},"image":{"@id":"https:\/\/badoca.com\/es\/#\/schema\/logo\/image\/"}}]}},"_links":{"self":[{"href":"https:\/\/badoca.com\/es\/wp-json\/wp\/v2\/product\/148633","targetHints":{"allow":["GET"]}}],"collection":[{"href":"https:\/\/badoca.com\/es\/wp-json\/wp\/v2\/product"}],"about":[{"href":"https:\/\/badoca.com\/es\/wp-json\/wp\/v2\/types\/product"}],"author":[{"embeddable":true,"href":"https:\/\/badoca.com\/es\/wp-json\/wp\/v2\/users\/12"}],"wp:featuredmedia":[{"embeddable":true,"href":"https:\/\/badoca.com\/es\/wp-json\/wp\/v2\/media\/149240"}],"wp:attachment":[{"href":"https:\/\/badoca.com\/es\/wp-json\/wp\/v2\/media?parent=148633"}],"wp:term":[{"taxonomy":"product_brand","embeddable":true,"href":"https:\/\/badoca.com\/es\/wp-json\/wp\/v2\/product_brand?post=148633"},{"taxonomy":"product_cat","embeddable":true,"href":"https:\/\/badoca.com\/es\/wp-json\/wp\/v2\/product_cat?post=148633"},{"taxonomy":"product_tag","embeddable":true,"href":"https:\/\/badoca.com\/es\/wp-json\/wp\/v2\/product_tag?post=148633"}],"curies":[{"name":"wp","href":"https:\/\/api.w.org\/{rel}","templated":true}]}}