{"id":148974,"date":"2021-02-10T14:21:23","date_gmt":"2021-02-10T14:21:23","guid":{"rendered":"https:\/\/badoca.com\/ilha-dos-primatas\/"},"modified":"2026-03-27T17:07:45","modified_gmt":"2026-03-27T16:07:45","slug":"isla-de-los-primates","status":"publish","type":"page","link":"https:\/\/badoca.com\/es\/safari-badoca\/isla-de-los-primates\/","title":{"rendered":"Isla de los primates"},"content":{"rendered":"<section class=\"wpb-content-wrapper\"><p>[vc_row][vc_column width=\u00bb1\/12&#8243; el_class=\u00bbhorarios-precos\u00bb][\/vc_column][vc_column width=\u00bb10\/12&#8243; el_class=\u00bbhorarios-precos\u00bb][vc_column_text el_class=\u00bbbg-bottom\u00bb css=\u00bb.vc_custom_1774282636217{background-image: url(https:\/\/badoca.com\/wp-content\/uploads\/horarios-bg.png?id=345) !important;background-position: 0 0 !important;background-repeat: repeat !important;}\u00bb]<\/p>\n<h3>\u00a1Un encuentro con nuestros primates, incre\u00edblemente parecidos al ser humano!<\/h3>\n<p>&nbsp;<\/p>\n<p>Las grandes islas de primates, con su tama\u00f1o y complejidad, recrean un entorno natural en el que habitan babuinos sagrados (Papio hamadryas) y mandriles (Mandrillus sphinx). Esta infraestructura est\u00e1 compuesta por tres islas, de unos 1600 m\u00b2 cada una, y una zona central de recogida que permite el manejo de las especies en perfectas condiciones de seguridad y bienestar animal. As\u00ed, los animales, en condiciones similares a las del estado salvaje, muestran comportamientos innatos y, como embajadores de sus cong\u00e9neres salvajes, sensibilizan a los visitantes sobre la importancia de la preservaci\u00f3n y conservaci\u00f3n no solo de las especies amenazadas, sino tambi\u00e9n de sus h\u00e1bitats.<\/p>\n<p>Es en este espacio donde el equipo m\u00e9dico-veterinario del Badoca Safari Park establece cada mes un programa detallado de enriquecimiento ambiental en el que las islas se \u00abenriquecen\u00bb en funci\u00f3n de las necesidades conductuales de las especies. Cada semana se introducen novedades estructurales en el entorno o modificaciones en las instalaciones con el fin de estimular comportamientos similares a los de un animal sano en su h\u00e1bitat natural. Como ejemplo tenemos la forma de alimentaci\u00f3n de los animales, que se lleva a cabo bas\u00e1ndose en la novedad, la variedad y la recompensa. El alimento puede presentarse oculto, entero o disperso. As\u00ed, las semillas y la miel se colocan en el interior de troncos con orificios y los animales, con la ayuda de palos, tienen que extraerlas para alimentarse, tal y como ocurre en la naturaleza en el caso de las colmenas, de donde extraen la miel, y de los termiteros, de donde extraen las termitas de las que se alimentan. La variedad tambi\u00e9n es muy importante para el paladar y, por eso, se incluyen gelatina, zumo de naranja, frutas diversas, yogur, arroz, huevo cocido o verduras. Tambi\u00e9n se colocan en las instalaciones plantas arom\u00e1ticas como perejil, cilantro o romero para estimular el olfato y la curiosidad de los animales.<br \/>\n[\/vc_column_text][\/vc_column][vc_column width=\u00bb1\/12&#8243;][\/vc_column][\/vc_row][vc_row disable_element=\u00bbyes\u00bb][vc_column width=\u00bb1\/12&#8243;][\/vc_column][vc_column width=\u00bb10\/12&#8243;][vc_column_text]<\/p>\n<h3>Os chimpanz\u00e9s do Badoca Safari Park<\/h3>\n<p>&nbsp;<\/p>\n<p>A fam\u00edlia de chimpanz\u00e9s comuns (Pan troglodytes), que vive no Badoca Safari Park, \u00e9 constitu\u00edda por um macho, duas f\u00eameas e uma cria: O Jonas, macho dominante que gosta muito de comer cebolas e tomates. A Ema gosta de atirar pinhas e fruta aos visitantes e adora leite; a Flor \u00e9 irrequieta e malandra e gosta de brincar com as ma\u00e7\u00e3s, atirando-as para fora da ilha e gesticulando ativamente para chamar a aten\u00e7\u00e3o; e o Djambow, a pequena cria muito divertida e brincalhona, exibe-se aos tratadores com as suas \u201cmacacadas\u201d.<\/p>\n<p>Os chimpanz\u00e9s s\u00e3o animais muito \u00e1geis e h\u00e1beis que precisam de ambientes complexos para fazer as suas demonstra\u00e7\u00f5es de for\u00e7a pois t\u00eam uma atividade f\u00edsica constante. Estes animais s\u00e3o um \u00edcone de conserva\u00e7\u00e3o da vida selvagem desde que Jane Goodall iniciou as suas investiga\u00e7\u00f5es em 1960 na Tanz\u00e2nia. A import\u00e2ncia \u00e9 que desde ent\u00e3o estudos fisiol\u00f3gicos, etiol\u00f3gicos e restos f\u00f3sseis demonstraram uma incr\u00edvel similaridade entre estes animais e o ser humano. Os chimpanz\u00e9s apresentam uma cultura b\u00e1sica, sendo capazes de resolver problemas usando a intelig\u00eancia abstrata. T\u00eam capacidade de decis\u00e3o, de empatia e de colocar-se no lugar do outro especulando sobre os pensamentos alheios. Na hist\u00f3ria da evolu\u00e7\u00e3o das esp\u00e9cies s\u00e3o nossos \u201cparentes chegados\u201d e partilhamos com estes um ancestral comum. O primeiro primata conhecido apareceu na terra h\u00e1 70 milh\u00f5es de anos; os primeiros hom\u00ednidos (Australopithecus) h\u00e1 cerca de 6 mih\u00f5es de anos; e os primeiros homens (Homo sapiens) apenas h\u00e1 50.000 anos. Partilhamos com os chimpanz\u00e9s aproximadamente 98,4% do c\u00f3digo gen\u00e9tico.<\/p>\n<p>A sua presen\u00e7a no\u00a0<strong>Badoca Safari Park<\/strong>\u00a0d\u00e1-nos a oportunidade de falar sobre a conserva\u00e7\u00e3o dos bosques tropicais e o tr\u00e1fico destes animais para comercializar a sua carne (\u201cbushmeat\u201d), o uso de animais em experimenta\u00e7\u00e3o biom\u00e9dica, o tr\u00e1fico de animais e a pr\u00f3pria hist\u00f3ria da evolu\u00e7\u00e3o.[\/vc_column_text][\/vc_column][vc_column width=\u00bb1\/12&#8243;][\/vc_column][\/vc_row][vc_row el_id=\u00bbanimal-box\u00bb][vc_column width=\u00bb1\/12&#8243;][\/vc_column][vc_column width=\u00bb10\/12&#8243;][vc_images_carousel images=\u00bb1940,1942,1943,1944&#8243; img_size=\u00bbfull\u00bb onclick=\u00bblink_no\u00bb speed=\u00bb3000&#8243; autoplay=\u00bbyes\u00bb wrap=\u00bbyes\u00bb][vc_empty_space height=\u00bb44px\u00bb][\/vc_column][vc_column width=\u00bb1\/12&#8243;][\/vc_column][\/vc_row][vc_row][vc_column][vc_column_text]<\/p>\n<h2>\u00bfQu\u00e9 hacer?<\/h2>\n<h3>Un d\u00eda completo en el Alentejo<\/h3>\n<p>[\/vc_column_text][\/vc_column][\/vc_row][vc_row posts_query=\u00bbsize:10|order_by:rand|post_type:page|by_id:37179,37171,37168,37115,37113,37110,37107,37103,37097,37051&#8243; image_linkable=\u00bbtrue\u00bb taxonomy_chosen=\u00bbcategory\u00bb display_title=\u00bb\u00bb display_author=\u00bb\u00bb display_post_date=\u00bb\u00bb display_taxonomy=\u00bb\u00bb display_summary=\u00bb\u00bb arrows=\u00bbtrue\u00bb dots=\u00bb\u00bb autoplay=\u00bb\u00bb autoplay_speed=\u00bb3000&#8243; animation_speed=\u00bb300&#8243; pause_on_hover=\u00bb\u00bb display_columns=\u00bb4&#8243; scroll_columns=\u00bb1&#8243; gutter=\u00bb10&#8243; tablet_display_columns=\u00bb2&#8243; tablet_scroll_columns=\u00bb2&#8243; tablet_gutter=\u00bb10&#8243; tablet_width=\u00bb800&#8243; mobile_display_columns=\u00bb1&#8243; mobile_scroll_columns=\u00bb1&#8243; mobile_gutter=\u00bb10&#8243; mobile_width=\u00bb480&#8243;][vc_column]<div id=\"lvca-posts-carousel-69f17442473da\" class=\"lvca-posts-carousel lvca-container\" data-settings='{\"display_title_on_thumbnail\":\"\",\"display_taxonomy_on_thumbnail\":\"\",\"display_author\":\"\",\"display_post_date\":\"\",\"display_taxonomy\":\"\",\"display_read_more\":\"\",\"read_more_text\":\"Read More\",\"taxonomy_chosen\":\"category\",\"post_link_new_window\":false,\"image_size\":\"large\",\"arrows\":\"true\",\"dots\":\"\",\"autoplay\":\"\",\"autoplay_speed\":\"3000\",\"animation_speed\":\"300\",\"pause_on_hover\":\"\",\"display_columns\":\"4\",\"scroll_columns\":\"1\",\"gutter\":\"10\",\"tablet_display_columns\":\"2\",\"tablet_scroll_columns\":\"2\",\"tablet_gutter\":\"10\",\"tablet_width\":\"800\",\"mobile_display_columns\":\"1\",\"mobile_scroll_columns\":\"1\",\"mobile_gutter\":\"10\",\"mobile_width\":\"480\"}'><div data-id=\"id-148972\" class=\"lvca-posts-carousel-item\"><article id=\"post-148972\" class=\"post-148972 page type-page status-publish has-post-thumbnail hentry\"><div class=\"lvca-project-image\"><a href=\"https:\/\/badoca.com\/es\/safari-badoca\/presentacion-de-los-lemures\/\" ><img decoding=\"async\" width=\"459\" height=\"446\" src=\"https:\/\/badoca.com\/wp-content\/uploads\/2026\/03\/BadocaPark_experiencia_lemures_ES.jpg\" class=\"attachment-large size-large wp-post-image\" alt=\"\" srcset=\"https:\/\/badoca.com\/wp-content\/uploads\/2026\/03\/BadocaPark_experiencia_lemures_ES.jpg 459w, https:\/\/badoca.com\/wp-content\/uploads\/2026\/03\/BadocaPark_experiencia_lemures_ES-436x424.jpg 436w\" sizes=\"(max-width: 459px) 100vw, 459px\" \/><\/a><\/div><\/article><!-- .hentry --><\/div><!-- .lvca-posts-carousel-item --><div data-id=\"id-148957\" class=\"lvca-posts-carousel-item\"><article id=\"post-148957\" class=\"post-148957 page type-page status-publish has-post-thumbnail hentry\"><div class=\"lvca-project-image\"><a href=\"https:\/\/badoca.com\/es\/safari-badoca\/presentacion-de-reptiles\/\" ><img decoding=\"async\" width=\"459\" height=\"446\" src=\"https:\/\/badoca.com\/wp-content\/uploads\/2026\/03\/BadocaPark_experiencia_repteis_ES.jpg\" class=\"attachment-large size-large wp-post-image\" alt=\"\" srcset=\"https:\/\/badoca.com\/wp-content\/uploads\/2026\/03\/BadocaPark_experiencia_repteis_ES.jpg 459w, https:\/\/badoca.com\/wp-content\/uploads\/2026\/03\/BadocaPark_experiencia_repteis_ES-436x424.jpg 436w\" sizes=\"(max-width: 459px) 100vw, 459px\" \/><\/a><\/div><\/article><!-- .hentry --><\/div><!-- .lvca-posts-carousel-item --><div data-id=\"id-148959\" class=\"lvca-posts-carousel-item\"><article id=\"post-148959\" class=\"post-148959 page type-page status-publish has-post-thumbnail hentry\"><div class=\"lvca-project-image\"><a href=\"https:\/\/badoca.com\/es\/safari-badoca\/presentacion-de-aves-rapaces\/\" ><img decoding=\"async\" width=\"459\" height=\"446\" src=\"https:\/\/badoca.com\/wp-content\/uploads\/2026\/03\/BadocaPark_experiencia_aves_ES.jpg\" class=\"attachment-large size-large wp-post-image\" alt=\"\" srcset=\"https:\/\/badoca.com\/wp-content\/uploads\/2026\/03\/BadocaPark_experiencia_aves_ES.jpg 459w, https:\/\/badoca.com\/wp-content\/uploads\/2026\/03\/BadocaPark_experiencia_aves_ES-436x424.jpg 436w\" sizes=\"(max-width: 459px) 100vw, 459px\" \/><\/a><\/div><\/article><!-- .hentry --><\/div><!-- .lvca-posts-carousel-item --><div data-id=\"id-148911\" class=\"lvca-posts-carousel-item\"><article id=\"post-148911\" class=\"post-148911 page type-page status-publish has-post-thumbnail hentry\"><div class=\"lvca-project-image\"><a href=\"https:\/\/badoca.com\/es\/safari-badoca\/\" ><img decoding=\"async\" width=\"340\" height=\"330\" src=\"https:\/\/badoca.com\/wp-content\/uploads\/safari-img.jpg\" class=\"attachment-large size-large wp-post-image\" alt=\"\" \/><\/a><\/div><\/article><!-- .hentry --><\/div><!-- .lvca-posts-carousel-item --><div data-id=\"id-148962\" class=\"lvca-posts-carousel-item\"><article id=\"post-148962\" class=\"post-148962 page type-page status-publish has-post-thumbnail hentry\"><div class=\"lvca-project-image\"><a href=\"https:\/\/badoca.com\/es\/safari-badoca\/paseo-a-pie\/\" ><img decoding=\"async\" width=\"459\" height=\"446\" src=\"https:\/\/badoca.com\/wp-content\/uploads\/2026\/03\/BadocaPark_experiencia_passeio_ES.jpg\" class=\"attachment-large size-large wp-post-image\" alt=\"\" srcset=\"https:\/\/badoca.com\/wp-content\/uploads\/2026\/03\/BadocaPark_experiencia_passeio_ES.jpg 459w, https:\/\/badoca.com\/wp-content\/uploads\/2026\/03\/BadocaPark_experiencia_passeio_ES-436x424.jpg 436w\" sizes=\"(max-width: 459px) 100vw, 459px\" \/><\/a><\/div><\/article><!-- .hentry --><\/div><!-- .lvca-posts-carousel-item --><\/div><!-- .lvca-posts-carousel -->[\/vc_column][\/vc_row]<\/p>\n<\/section>","protected":false},"excerpt":{"rendered":"<p>[vc_row][vc_column width=\u00bb1\/12&#8243; el_class=\u00bbhorarios-precos\u00bb][\/vc_column][vc_column width=\u00bb10\/12&#8243; el_class=\u00bbhorarios-precos\u00bb][vc_column_text el_class=\u00bbbg-bottom\u00bb css=\u00bb.vc_custom_1774282636217{background-image: url(https:\/\/badoca.com\/wp-content\/uploads\/horarios-bg.png?id=345) !important;background-position: 0 0 !important;background-repeat: repeat !important;}\u00bb] \u00a1Un encuentro con nuestros primates, incre\u00edblemente parecidos al ser humano! &nbsp; Las grandes islas de primates, con su tama\u00f1o y complejidad, recrean un entorno natural en<\/p>\n... <a href=\"https:\/\/badoca.com\/es\/safari-badoca\/paseo-a-pie\/\">LER MAIS<\/a>.","protected":false},"author":12,"featured_media":149282,"parent":148911,"menu_order":0,"comment_status":"closed","ping_status":"closed","template":"template-full-width.php","meta":{"_acf_changed":false,"footnotes":""},"class_list":["post-148974","page","type-page","status-publish","has-post-thumbnail","hentry"],"acf":[],"yoast_head":"<!-- This site is optimized with the Yoast SEO plugin v27.4 - https:\/\/yoast.com\/product\/yoast-seo-wordpress\/ -->\n<title>Isla de los primates - Badoca<\/title>\n<meta name=\"robots\" content=\"index, follow, max-snippet:-1, max-image-preview:large, max-video-preview:-1\" \/>\n<link rel=\"canonical\" href=\"https:\/\/badoca.com\/es\/safari-badoca\/isla-de-los-primates\/\" \/>\n<meta property=\"og:locale\" content=\"es_ES\" \/>\n<meta property=\"og:type\" content=\"article\" \/>\n<meta property=\"og:title\" content=\"Isla de los primates - Badoca\" \/>\n<meta property=\"og:description\" content=\"[vc_row][vc_column width=\u00bb1\/12&#8243; el_class=\u00bbhorarios-precos\u00bb][\/vc_column][vc_column width=\u00bb10\/12&#8243; el_class=\u00bbhorarios-precos\u00bb][vc_column_text el_class=\u00bbbg-bottom\u00bb css=\u00bb.vc_custom_1774282636217{background-image: url(https:\/\/badoca.com\/wp-content\/uploads\/horarios-bg.png?id=345) !important;background-position: 0 0 !important;background-repeat: repeat !important;}\u00bb] \u00a1Un encuentro con nuestros primates, incre\u00edblemente parecidos al ser humano! &nbsp; Las grandes islas de primates, con su tama\u00f1o y complejidad, recrean un entorno natural en\" \/>\n<meta property=\"og:url\" content=\"https:\/\/badoca.com\/es\/safari-badoca\/isla-de-los-primates\/\" \/>\n<meta property=\"og:site_name\" content=\"Badoca\" \/>\n<meta property=\"article:modified_time\" content=\"2026-03-27T16:07:45+00:00\" \/>\n<meta property=\"og:image\" content=\"https:\/\/badoca.com\/wp-content\/uploads\/2026\/03\/BadocaPark_experiencia_primatas_ES.jpg\" \/>\n\t<meta property=\"og:image:width\" content=\"459\" \/>\n\t<meta property=\"og:image:height\" content=\"446\" \/>\n\t<meta property=\"og:image:type\" content=\"image\/jpeg\" \/>\n<meta name=\"twitter:card\" content=\"summary_large_image\" \/>\n<meta name=\"twitter:label1\" content=\"Tiempo de lectura\" \/>\n\t<meta name=\"twitter:data1\" content=\"5 minutos\" \/>\n<script type=\"application\/ld+json\" class=\"yoast-schema-graph\">{\"@context\":\"https:\\\/\\\/schema.org\",\"@graph\":[{\"@type\":\"WebPage\",\"@id\":\"https:\\\/\\\/badoca.com\\\/es\\\/safari-badoca\\\/isla-de-los-primates\\\/\",\"url\":\"https:\\\/\\\/badoca.com\\\/es\\\/safari-badoca\\\/isla-de-los-primates\\\/\",\"name\":\"Isla de los primates - Badoca\",\"isPartOf\":{\"@id\":\"https:\\\/\\\/badoca.com\\\/es\\\/#website\"},\"primaryImageOfPage\":{\"@id\":\"https:\\\/\\\/badoca.com\\\/es\\\/safari-badoca\\\/isla-de-los-primates\\\/#primaryimage\"},\"image\":{\"@id\":\"https:\\\/\\\/badoca.com\\\/es\\\/safari-badoca\\\/isla-de-los-primates\\\/#primaryimage\"},\"thumbnailUrl\":\"https:\\\/\\\/badoca.com\\\/wp-content\\\/uploads\\\/2026\\\/03\\\/BadocaPark_experiencia_primatas_ES.jpg\",\"datePublished\":\"2021-02-10T14:21:23+00:00\",\"dateModified\":\"2026-03-27T16:07:45+00:00\",\"breadcrumb\":{\"@id\":\"https:\\\/\\\/badoca.com\\\/es\\\/safari-badoca\\\/isla-de-los-primates\\\/#breadcrumb\"},\"inLanguage\":\"es\",\"potentialAction\":[{\"@type\":\"ReadAction\",\"target\":[\"https:\\\/\\\/badoca.com\\\/es\\\/safari-badoca\\\/isla-de-los-primates\\\/\"]}]},{\"@type\":\"ImageObject\",\"inLanguage\":\"es\",\"@id\":\"https:\\\/\\\/badoca.com\\\/es\\\/safari-badoca\\\/isla-de-los-primates\\\/#primaryimage\",\"url\":\"https:\\\/\\\/badoca.com\\\/wp-content\\\/uploads\\\/2026\\\/03\\\/BadocaPark_experiencia_primatas_ES.jpg\",\"contentUrl\":\"https:\\\/\\\/badoca.com\\\/wp-content\\\/uploads\\\/2026\\\/03\\\/BadocaPark_experiencia_primatas_ES.jpg\",\"width\":459,\"height\":446},{\"@type\":\"BreadcrumbList\",\"@id\":\"https:\\\/\\\/badoca.com\\\/es\\\/safari-badoca\\\/isla-de-los-primates\\\/#breadcrumb\",\"itemListElement\":[{\"@type\":\"ListItem\",\"position\":1,\"name\":\"In\u00edcio\",\"item\":\"https:\\\/\\\/badoca.com\\\/es\\\/\"},{\"@type\":\"ListItem\",\"position\":2,\"name\":\"Safari Badoca\",\"item\":\"https:\\\/\\\/badoca.com\\\/es\\\/safari-badoca\\\/\"},{\"@type\":\"ListItem\",\"position\":3,\"name\":\"Isla de los primates\"}]},{\"@type\":\"WebSite\",\"@id\":\"https:\\\/\\\/badoca.com\\\/es\\\/#website\",\"url\":\"https:\\\/\\\/badoca.com\\\/es\\\/\",\"name\":\"Badoca\",\"description\":\"Safari Park\",\"publisher\":{\"@id\":\"https:\\\/\\\/badoca.com\\\/es\\\/#organization\"},\"potentialAction\":[{\"@type\":\"SearchAction\",\"target\":{\"@type\":\"EntryPoint\",\"urlTemplate\":\"https:\\\/\\\/badoca.com\\\/es\\\/?s={search_term_string}\"},\"query-input\":{\"@type\":\"PropertyValueSpecification\",\"valueRequired\":true,\"valueName\":\"search_term_string\"}}],\"inLanguage\":\"es\"},{\"@type\":\"Organization\",\"@id\":\"https:\\\/\\\/badoca.com\\\/es\\\/#organization\",\"name\":\"Badoca\",\"url\":\"https:\\\/\\\/badoca.com\\\/es\\\/\",\"logo\":{\"@type\":\"ImageObject\",\"inLanguage\":\"es\",\"@id\":\"https:\\\/\\\/badoca.com\\\/es\\\/#\\\/schema\\\/logo\\\/image\\\/\",\"url\":\"https:\\\/\\\/badoca.com\\\/wp-content\\\/uploads\\\/cropped-badoca-logo.png\",\"contentUrl\":\"https:\\\/\\\/badoca.com\\\/wp-content\\\/uploads\\\/cropped-badoca-logo.png\",\"width\":137,\"height\":195,\"caption\":\"Badoca\"},\"image\":{\"@id\":\"https:\\\/\\\/badoca.com\\\/es\\\/#\\\/schema\\\/logo\\\/image\\\/\"}}]}<\/script>\n<!-- \/ Yoast SEO plugin. -->","yoast_head_json":{"title":"Isla de los primates - Badoca","robots":{"index":"index","follow":"follow","max-snippet":"max-snippet:-1","max-image-preview":"max-image-preview:large","max-video-preview":"max-video-preview:-1"},"canonical":"https:\/\/badoca.com\/es\/safari-badoca\/isla-de-los-primates\/","og_locale":"es_ES","og_type":"article","og_title":"Isla de los primates - Badoca","og_description":"[vc_row][vc_column width=\u00bb1\/12&#8243; el_class=\u00bbhorarios-precos\u00bb][\/vc_column][vc_column width=\u00bb10\/12&#8243; el_class=\u00bbhorarios-precos\u00bb][vc_column_text el_class=\u00bbbg-bottom\u00bb css=\u00bb.vc_custom_1774282636217{background-image: url(https:\/\/badoca.com\/wp-content\/uploads\/horarios-bg.png?id=345) !important;background-position: 0 0 !important;background-repeat: repeat !important;}\u00bb] \u00a1Un encuentro con nuestros primates, incre\u00edblemente parecidos al ser humano! &nbsp; Las grandes islas de primates, con su tama\u00f1o y complejidad, recrean un entorno natural en","og_url":"https:\/\/badoca.com\/es\/safari-badoca\/isla-de-los-primates\/","og_site_name":"Badoca","article_modified_time":"2026-03-27T16:07:45+00:00","og_image":[{"width":459,"height":446,"url":"https:\/\/badoca.com\/wp-content\/uploads\/2026\/03\/BadocaPark_experiencia_primatas_ES.jpg","type":"image\/jpeg"}],"twitter_card":"summary_large_image","twitter_misc":{"Tiempo de lectura":"5 minutos"},"schema":{"@context":"https:\/\/schema.org","@graph":[{"@type":"WebPage","@id":"https:\/\/badoca.com\/es\/safari-badoca\/isla-de-los-primates\/","url":"https:\/\/badoca.com\/es\/safari-badoca\/isla-de-los-primates\/","name":"Isla de los primates - Badoca","isPartOf":{"@id":"https:\/\/badoca.com\/es\/#website"},"primaryImageOfPage":{"@id":"https:\/\/badoca.com\/es\/safari-badoca\/isla-de-los-primates\/#primaryimage"},"image":{"@id":"https:\/\/badoca.com\/es\/safari-badoca\/isla-de-los-primates\/#primaryimage"},"thumbnailUrl":"https:\/\/badoca.com\/wp-content\/uploads\/2026\/03\/BadocaPark_experiencia_primatas_ES.jpg","datePublished":"2021-02-10T14:21:23+00:00","dateModified":"2026-03-27T16:07:45+00:00","breadcrumb":{"@id":"https:\/\/badoca.com\/es\/safari-badoca\/isla-de-los-primates\/#breadcrumb"},"inLanguage":"es","potentialAction":[{"@type":"ReadAction","target":["https:\/\/badoca.com\/es\/safari-badoca\/isla-de-los-primates\/"]}]},{"@type":"ImageObject","inLanguage":"es","@id":"https:\/\/badoca.com\/es\/safari-badoca\/isla-de-los-primates\/#primaryimage","url":"https:\/\/badoca.com\/wp-content\/uploads\/2026\/03\/BadocaPark_experiencia_primatas_ES.jpg","contentUrl":"https:\/\/badoca.com\/wp-content\/uploads\/2026\/03\/BadocaPark_experiencia_primatas_ES.jpg","width":459,"height":446},{"@type":"BreadcrumbList","@id":"https:\/\/badoca.com\/es\/safari-badoca\/isla-de-los-primates\/#breadcrumb","itemListElement":[{"@type":"ListItem","position":1,"name":"In\u00edcio","item":"https:\/\/badoca.com\/es\/"},{"@type":"ListItem","position":2,"name":"Safari Badoca","item":"https:\/\/badoca.com\/es\/safari-badoca\/"},{"@type":"ListItem","position":3,"name":"Isla de los primates"}]},{"@type":"WebSite","@id":"https:\/\/badoca.com\/es\/#website","url":"https:\/\/badoca.com\/es\/","name":"Badoca","description":"Safari Park","publisher":{"@id":"https:\/\/badoca.com\/es\/#organization"},"potentialAction":[{"@type":"SearchAction","target":{"@type":"EntryPoint","urlTemplate":"https:\/\/badoca.com\/es\/?s={search_term_string}"},"query-input":{"@type":"PropertyValueSpecification","valueRequired":true,"valueName":"search_term_string"}}],"inLanguage":"es"},{"@type":"Organization","@id":"https:\/\/badoca.com\/es\/#organization","name":"Badoca","url":"https:\/\/badoca.com\/es\/","logo":{"@type":"ImageObject","inLanguage":"es","@id":"https:\/\/badoca.com\/es\/#\/schema\/logo\/image\/","url":"https:\/\/badoca.com\/wp-content\/uploads\/cropped-badoca-logo.png","contentUrl":"https:\/\/badoca.com\/wp-content\/uploads\/cropped-badoca-logo.png","width":137,"height":195,"caption":"Badoca"},"image":{"@id":"https:\/\/badoca.com\/es\/#\/schema\/logo\/image\/"}}]}},"_links":{"self":[{"href":"https:\/\/badoca.com\/es\/wp-json\/wp\/v2\/pages\/148974","targetHints":{"allow":["GET"]}}],"collection":[{"href":"https:\/\/badoca.com\/es\/wp-json\/wp\/v2\/pages"}],"about":[{"href":"https:\/\/badoca.com\/es\/wp-json\/wp\/v2\/types\/page"}],"author":[{"embeddable":true,"href":"https:\/\/badoca.com\/es\/wp-json\/wp\/v2\/users\/12"}],"replies":[{"embeddable":true,"href":"https:\/\/badoca.com\/es\/wp-json\/wp\/v2\/comments?post=148974"}],"version-history":[{"count":3,"href":"https:\/\/badoca.com\/es\/wp-json\/wp\/v2\/pages\/148974\/revisions"}],"predecessor-version":[{"id":148990,"href":"https:\/\/badoca.com\/es\/wp-json\/wp\/v2\/pages\/148974\/revisions\/148990"}],"up":[{"embeddable":true,"href":"https:\/\/badoca.com\/es\/wp-json\/wp\/v2\/pages\/148911"}],"wp:featuredmedia":[{"embeddable":true,"href":"https:\/\/badoca.com\/es\/wp-json\/wp\/v2\/media\/149282"}],"wp:attachment":[{"href":"https:\/\/badoca.com\/es\/wp-json\/wp\/v2\/media?parent=148974"}],"curies":[{"name":"wp","href":"https:\/\/api.w.org\/{rel}","templated":true}]}}