{"id":148962,"date":"2021-02-10T14:25:03","date_gmt":"2021-02-10T14:25:03","guid":{"rendered":"https:\/\/badoca.com\/passeio-pedestre\/"},"modified":"2026-03-27T17:08:11","modified_gmt":"2026-03-27T16:08:11","slug":"paseo-a-pie","status":"publish","type":"page","link":"https:\/\/badoca.com\/es\/safari-badoca\/paseo-a-pie\/","title":{"rendered":"Paseo al aire libre"},"content":{"rendered":"<section class=\"wpb-content-wrapper\"><p>[vc_row][vc_column width=\u00bb1\/12&#8243;][\/vc_column][vc_column width=\u00bb10\/12&#8243;][vc_column_text]<\/p>\n<h3>Un apasionante recorrido por el parque, lleno de sorpresas.<\/h3>\n<p>&nbsp;<\/p>\n<p>El Badoca Safari Park tiene como objetivo ofrecer d\u00edas completos y plenos en familia, con amigos o en pareja. Adem\u00e1s del safari, que es naturalmente la actividad principal y la m\u00e1s impresionante, los visitantes tendr\u00e1n actividades para ocupar todo el d\u00eda. En este paseo a pie por el parque estamos en contacto permanente con la naturaleza mientras observamos y aprendemos sobre muchas especies animales que encontramos, adem\u00e1s de los animales salvajes que vemos en el safari. D\u00e9jese sorprender al conocer nuestra granja con animales dom\u00e9sticos, nuestros bosques tropical y africano, y tambi\u00e9n al ver suricatas, canguros, fac\u00f3queros y muchos otros. Tambi\u00e9n encontrar\u00e1 parques infantiles con columpios y toboganes, escondites para los ni\u00f1os, una jirafa de madera para jugar, escenarios para fotos memorables y otras sorpresas.<\/p>\n<p>Para recargar energ\u00edas, disponemos de un restaurante, armoniosamente integrado en el paisaje, con terraza y unas vistas impresionantes de la sabana. Si lo prefiere, tambi\u00e9n hay una zona de meriendas para comidas m\u00e1s ligeras y r\u00e1pidas. Adem\u00e1s, puede hacer un p\u00edcnic en los lugares habilitados y se\u00f1alizados dentro del parque.<\/p>\n<p>Por \u00faltimo, antes de marcharse, ll\u00e9vese un recuerdo de este d\u00eda inolvidable y divertido comprando los art\u00edculos que tenemos para adultos y ni\u00f1os en nuestra tienda.[\/vc_column_text][\/vc_column][vc_column width=\u00bb1\/12&#8243;][\/vc_column][\/vc_row][vc_row el_id=\u00bbanimal-box\u00bb][vc_column width=\u00bb1\/12&#8243;][\/vc_column][vc_column width=\u00bb10\/12&#8243;][vc_images_carousel images=\u00bb148963,148965,148966,148967,148968,148969,148970&#8243; img_size=\u00bbfull\u00bb onclick=\u00bblink_no\u00bb autoplay=\u00bbyes\u00bb wrap=\u00bbyes\u00bb][vc_empty_space height=\u00bb44px\u00bb][\/vc_column][vc_column width=\u00bb1\/12&#8243;][\/vc_column][\/vc_row][vc_row][vc_column][vc_column_text]<\/p>\n<h2>\u00bfQu\u00e9 hacer?<\/h2>\n<h3>Un d\u00eda completo en el Alentejo<\/h3>\n<p>[\/vc_column_text][\/vc_column][\/vc_row][vc_row posts_query=\u00bbsize:10|order_by:rand|post_type:page|by_id:37179,37171,37168,37115,37113,37110,37107,37103,37097,37051&#8243; image_linkable=\u00bbtrue\u00bb taxonomy_chosen=\u00bbcategory\u00bb display_title=\u00bb\u00bb display_author=\u00bb\u00bb display_post_date=\u00bb\u00bb display_taxonomy=\u00bb\u00bb display_summary=\u00bb\u00bb arrows=\u00bbtrue\u00bb dots=\u00bb\u00bb autoplay=\u00bb\u00bb autoplay_speed=\u00bb3000&#8243; animation_speed=\u00bb300&#8243; pause_on_hover=\u00bb\u00bb display_columns=\u00bb4&#8243; scroll_columns=\u00bb1&#8243; gutter=\u00bb10&#8243; tablet_display_columns=\u00bb2&#8243; tablet_scroll_columns=\u00bb2&#8243; tablet_gutter=\u00bb10&#8243; tablet_width=\u00bb800&#8243; mobile_display_columns=\u00bb1&#8243; mobile_scroll_columns=\u00bb1&#8243; mobile_gutter=\u00bb10&#8243; mobile_width=\u00bb480&#8243;][vc_column]<div id=\"lvca-posts-carousel-69f1745b79ff1\" class=\"lvca-posts-carousel lvca-container\" data-settings='{\"display_title_on_thumbnail\":\"\",\"display_taxonomy_on_thumbnail\":\"\",\"display_author\":\"\",\"display_post_date\":\"\",\"display_taxonomy\":\"\",\"display_read_more\":\"\",\"read_more_text\":\"Read More\",\"taxonomy_chosen\":\"category\",\"post_link_new_window\":false,\"image_size\":\"large\",\"arrows\":\"true\",\"dots\":\"\",\"autoplay\":\"\",\"autoplay_speed\":\"3000\",\"animation_speed\":\"300\",\"pause_on_hover\":\"\",\"display_columns\":\"4\",\"scroll_columns\":\"1\",\"gutter\":\"10\",\"tablet_display_columns\":\"2\",\"tablet_scroll_columns\":\"2\",\"tablet_gutter\":\"10\",\"tablet_width\":\"800\",\"mobile_display_columns\":\"1\",\"mobile_scroll_columns\":\"1\",\"mobile_gutter\":\"10\",\"mobile_width\":\"480\"}'><div data-id=\"id-148957\" class=\"lvca-posts-carousel-item\"><article id=\"post-148957\" class=\"post-148957 page type-page status-publish has-post-thumbnail hentry\"><div class=\"lvca-project-image\"><a href=\"https:\/\/badoca.com\/es\/safari-badoca\/presentacion-de-reptiles\/\" ><img decoding=\"async\" width=\"459\" height=\"446\" src=\"https:\/\/badoca.com\/wp-content\/uploads\/2026\/03\/BadocaPark_experiencia_repteis_ES.jpg\" class=\"attachment-large size-large wp-post-image\" alt=\"\" srcset=\"https:\/\/badoca.com\/wp-content\/uploads\/2026\/03\/BadocaPark_experiencia_repteis_ES.jpg 459w, https:\/\/badoca.com\/wp-content\/uploads\/2026\/03\/BadocaPark_experiencia_repteis_ES-436x424.jpg 436w\" sizes=\"(max-width: 459px) 100vw, 459px\" \/><\/a><\/div><\/article><!-- .hentry --><\/div><!-- .lvca-posts-carousel-item --><div data-id=\"id-148974\" class=\"lvca-posts-carousel-item\"><article id=\"post-148974\" class=\"post-148974 page type-page status-publish has-post-thumbnail hentry\"><div class=\"lvca-project-image\"><a href=\"https:\/\/badoca.com\/es\/safari-badoca\/isla-de-los-primates\/\" ><img decoding=\"async\" width=\"459\" height=\"446\" src=\"https:\/\/badoca.com\/wp-content\/uploads\/2026\/03\/BadocaPark_experiencia_primatas_ES.jpg\" class=\"attachment-large size-large wp-post-image\" alt=\"\" srcset=\"https:\/\/badoca.com\/wp-content\/uploads\/2026\/03\/BadocaPark_experiencia_primatas_ES.jpg 459w, https:\/\/badoca.com\/wp-content\/uploads\/2026\/03\/BadocaPark_experiencia_primatas_ES-436x424.jpg 436w\" sizes=\"(max-width: 459px) 100vw, 459px\" \/><\/a><\/div><\/article><!-- .hentry --><\/div><!-- .lvca-posts-carousel-item --><div data-id=\"id-148959\" class=\"lvca-posts-carousel-item\"><article id=\"post-148959\" class=\"post-148959 page type-page status-publish has-post-thumbnail hentry\"><div class=\"lvca-project-image\"><a href=\"https:\/\/badoca.com\/es\/safari-badoca\/presentacion-de-aves-rapaces\/\" ><img decoding=\"async\" width=\"459\" height=\"446\" src=\"https:\/\/badoca.com\/wp-content\/uploads\/2026\/03\/BadocaPark_experiencia_aves_ES.jpg\" class=\"attachment-large size-large wp-post-image\" alt=\"\" srcset=\"https:\/\/badoca.com\/wp-content\/uploads\/2026\/03\/BadocaPark_experiencia_aves_ES.jpg 459w, https:\/\/badoca.com\/wp-content\/uploads\/2026\/03\/BadocaPark_experiencia_aves_ES-436x424.jpg 436w\" sizes=\"(max-width: 459px) 100vw, 459px\" \/><\/a><\/div><\/article><!-- .hentry --><\/div><!-- .lvca-posts-carousel-item --><div data-id=\"id-148972\" class=\"lvca-posts-carousel-item\"><article id=\"post-148972\" class=\"post-148972 page type-page status-publish has-post-thumbnail hentry\"><div class=\"lvca-project-image\"><a href=\"https:\/\/badoca.com\/es\/safari-badoca\/presentacion-de-los-lemures\/\" ><img decoding=\"async\" width=\"459\" height=\"446\" src=\"https:\/\/badoca.com\/wp-content\/uploads\/2026\/03\/BadocaPark_experiencia_lemures_ES.jpg\" class=\"attachment-large size-large wp-post-image\" alt=\"\" srcset=\"https:\/\/badoca.com\/wp-content\/uploads\/2026\/03\/BadocaPark_experiencia_lemures_ES.jpg 459w, https:\/\/badoca.com\/wp-content\/uploads\/2026\/03\/BadocaPark_experiencia_lemures_ES-436x424.jpg 436w\" sizes=\"(max-width: 459px) 100vw, 459px\" \/><\/a><\/div><\/article><!-- .hentry --><\/div><!-- .lvca-posts-carousel-item --><div data-id=\"id-148911\" class=\"lvca-posts-carousel-item\"><article id=\"post-148911\" class=\"post-148911 page type-page status-publish has-post-thumbnail hentry\"><div class=\"lvca-project-image\"><a href=\"https:\/\/badoca.com\/es\/safari-badoca\/\" ><img decoding=\"async\" width=\"340\" height=\"330\" src=\"https:\/\/badoca.com\/wp-content\/uploads\/safari-img.jpg\" class=\"attachment-large size-large wp-post-image\" alt=\"\" \/><\/a><\/div><\/article><!-- .hentry --><\/div><!-- .lvca-posts-carousel-item --><\/div><!-- .lvca-posts-carousel -->[\/vc_column][\/vc_row]<\/p>\n<\/section>","protected":false},"excerpt":{"rendered":"<p>[vc_row][vc_column width=\u00bb1\/12&#8243;][\/vc_column][vc_column width=\u00bb10\/12&#8243;][vc_column_text] Un apasionante recorrido por el parque, lleno de sorpresas. &nbsp; El Badoca Safari Park tiene como objetivo ofrecer d\u00edas completos y plenos en familia, con amigos o en pareja. Adem\u00e1s del safari, que es naturalmente la actividad<\/p>\n... <a href=\"https:\/\/badoca.com\/es\/safari-badoca\/\">LER MAIS<\/a>.","protected":false},"author":12,"featured_media":149276,"parent":148911,"menu_order":0,"comment_status":"closed","ping_status":"closed","template":"template-full-width.php","meta":{"_acf_changed":false,"footnotes":""},"class_list":["post-148962","page","type-page","status-publish","has-post-thumbnail","hentry"],"acf":[],"yoast_head":"<!-- This site is optimized with the Yoast SEO plugin v27.4 - https:\/\/yoast.com\/product\/yoast-seo-wordpress\/ -->\n<title>Paseo al aire libre - Badoca<\/title>\n<meta name=\"robots\" content=\"index, follow, max-snippet:-1, max-image-preview:large, max-video-preview:-1\" \/>\n<link rel=\"canonical\" href=\"https:\/\/badoca.com\/es\/safari-badoca\/paseo-a-pie\/\" \/>\n<meta property=\"og:locale\" content=\"es_ES\" \/>\n<meta property=\"og:type\" content=\"article\" \/>\n<meta property=\"og:title\" content=\"Paseo al aire libre - Badoca\" \/>\n<meta property=\"og:description\" content=\"[vc_row][vc_column width=\u00bb1\/12&#8243;][\/vc_column][vc_column width=\u00bb10\/12&#8243;][vc_column_text] Un apasionante recorrido por el parque, lleno de sorpresas. &nbsp; El Badoca Safari Park tiene como objetivo ofrecer d\u00edas completos y plenos en familia, con amigos o en pareja. Adem\u00e1s del safari, que es naturalmente la actividad\" \/>\n<meta property=\"og:url\" content=\"https:\/\/badoca.com\/es\/safari-badoca\/paseo-a-pie\/\" \/>\n<meta property=\"og:site_name\" content=\"Badoca\" \/>\n<meta property=\"article:modified_time\" content=\"2026-03-27T16:08:11+00:00\" \/>\n<meta property=\"og:image\" content=\"https:\/\/badoca.com\/wp-content\/uploads\/2026\/03\/BadocaPark_experiencia_passeio_ES.jpg\" \/>\n\t<meta property=\"og:image:width\" content=\"459\" \/>\n\t<meta property=\"og:image:height\" content=\"446\" \/>\n\t<meta property=\"og:image:type\" content=\"image\/jpeg\" \/>\n<meta name=\"twitter:card\" content=\"summary_large_image\" \/>\n<meta name=\"twitter:label1\" content=\"Tiempo de lectura\" \/>\n\t<meta name=\"twitter:data1\" content=\"2 minutos\" \/>\n<script type=\"application\/ld+json\" class=\"yoast-schema-graph\">{\"@context\":\"https:\\\/\\\/schema.org\",\"@graph\":[{\"@type\":\"WebPage\",\"@id\":\"https:\\\/\\\/badoca.com\\\/es\\\/safari-badoca\\\/paseo-a-pie\\\/\",\"url\":\"https:\\\/\\\/badoca.com\\\/es\\\/safari-badoca\\\/paseo-a-pie\\\/\",\"name\":\"Paseo al aire libre - Badoca\",\"isPartOf\":{\"@id\":\"https:\\\/\\\/badoca.com\\\/es\\\/#website\"},\"primaryImageOfPage\":{\"@id\":\"https:\\\/\\\/badoca.com\\\/es\\\/safari-badoca\\\/paseo-a-pie\\\/#primaryimage\"},\"image\":{\"@id\":\"https:\\\/\\\/badoca.com\\\/es\\\/safari-badoca\\\/paseo-a-pie\\\/#primaryimage\"},\"thumbnailUrl\":\"https:\\\/\\\/badoca.com\\\/wp-content\\\/uploads\\\/2026\\\/03\\\/BadocaPark_experiencia_passeio_ES.jpg\",\"datePublished\":\"2021-02-10T14:25:03+00:00\",\"dateModified\":\"2026-03-27T16:08:11+00:00\",\"breadcrumb\":{\"@id\":\"https:\\\/\\\/badoca.com\\\/es\\\/safari-badoca\\\/paseo-a-pie\\\/#breadcrumb\"},\"inLanguage\":\"es\",\"potentialAction\":[{\"@type\":\"ReadAction\",\"target\":[\"https:\\\/\\\/badoca.com\\\/es\\\/safari-badoca\\\/paseo-a-pie\\\/\"]}]},{\"@type\":\"ImageObject\",\"inLanguage\":\"es\",\"@id\":\"https:\\\/\\\/badoca.com\\\/es\\\/safari-badoca\\\/paseo-a-pie\\\/#primaryimage\",\"url\":\"https:\\\/\\\/badoca.com\\\/wp-content\\\/uploads\\\/2026\\\/03\\\/BadocaPark_experiencia_passeio_ES.jpg\",\"contentUrl\":\"https:\\\/\\\/badoca.com\\\/wp-content\\\/uploads\\\/2026\\\/03\\\/BadocaPark_experiencia_passeio_ES.jpg\",\"width\":459,\"height\":446},{\"@type\":\"BreadcrumbList\",\"@id\":\"https:\\\/\\\/badoca.com\\\/es\\\/safari-badoca\\\/paseo-a-pie\\\/#breadcrumb\",\"itemListElement\":[{\"@type\":\"ListItem\",\"position\":1,\"name\":\"In\u00edcio\",\"item\":\"https:\\\/\\\/badoca.com\\\/es\\\/\"},{\"@type\":\"ListItem\",\"position\":2,\"name\":\"Safari Badoca\",\"item\":\"https:\\\/\\\/badoca.com\\\/es\\\/safari-badoca\\\/\"},{\"@type\":\"ListItem\",\"position\":3,\"name\":\"Paseo al aire libre\"}]},{\"@type\":\"WebSite\",\"@id\":\"https:\\\/\\\/badoca.com\\\/es\\\/#website\",\"url\":\"https:\\\/\\\/badoca.com\\\/es\\\/\",\"name\":\"Badoca\",\"description\":\"Safari Park\",\"publisher\":{\"@id\":\"https:\\\/\\\/badoca.com\\\/es\\\/#organization\"},\"potentialAction\":[{\"@type\":\"SearchAction\",\"target\":{\"@type\":\"EntryPoint\",\"urlTemplate\":\"https:\\\/\\\/badoca.com\\\/es\\\/?s={search_term_string}\"},\"query-input\":{\"@type\":\"PropertyValueSpecification\",\"valueRequired\":true,\"valueName\":\"search_term_string\"}}],\"inLanguage\":\"es\"},{\"@type\":\"Organization\",\"@id\":\"https:\\\/\\\/badoca.com\\\/es\\\/#organization\",\"name\":\"Badoca\",\"url\":\"https:\\\/\\\/badoca.com\\\/es\\\/\",\"logo\":{\"@type\":\"ImageObject\",\"inLanguage\":\"es\",\"@id\":\"https:\\\/\\\/badoca.com\\\/es\\\/#\\\/schema\\\/logo\\\/image\\\/\",\"url\":\"https:\\\/\\\/badoca.com\\\/wp-content\\\/uploads\\\/cropped-badoca-logo.png\",\"contentUrl\":\"https:\\\/\\\/badoca.com\\\/wp-content\\\/uploads\\\/cropped-badoca-logo.png\",\"width\":137,\"height\":195,\"caption\":\"Badoca\"},\"image\":{\"@id\":\"https:\\\/\\\/badoca.com\\\/es\\\/#\\\/schema\\\/logo\\\/image\\\/\"}}]}<\/script>\n<!-- \/ Yoast SEO plugin. -->","yoast_head_json":{"title":"Paseo al aire libre - Badoca","robots":{"index":"index","follow":"follow","max-snippet":"max-snippet:-1","max-image-preview":"max-image-preview:large","max-video-preview":"max-video-preview:-1"},"canonical":"https:\/\/badoca.com\/es\/safari-badoca\/paseo-a-pie\/","og_locale":"es_ES","og_type":"article","og_title":"Paseo al aire libre - Badoca","og_description":"[vc_row][vc_column width=\u00bb1\/12&#8243;][\/vc_column][vc_column width=\u00bb10\/12&#8243;][vc_column_text] Un apasionante recorrido por el parque, lleno de sorpresas. &nbsp; El Badoca Safari Park tiene como objetivo ofrecer d\u00edas completos y plenos en familia, con amigos o en pareja. Adem\u00e1s del safari, que es naturalmente la actividad","og_url":"https:\/\/badoca.com\/es\/safari-badoca\/paseo-a-pie\/","og_site_name":"Badoca","article_modified_time":"2026-03-27T16:08:11+00:00","og_image":[{"width":459,"height":446,"url":"https:\/\/badoca.com\/wp-content\/uploads\/2026\/03\/BadocaPark_experiencia_passeio_ES.jpg","type":"image\/jpeg"}],"twitter_card":"summary_large_image","twitter_misc":{"Tiempo de lectura":"2 minutos"},"schema":{"@context":"https:\/\/schema.org","@graph":[{"@type":"WebPage","@id":"https:\/\/badoca.com\/es\/safari-badoca\/paseo-a-pie\/","url":"https:\/\/badoca.com\/es\/safari-badoca\/paseo-a-pie\/","name":"Paseo al aire libre - Badoca","isPartOf":{"@id":"https:\/\/badoca.com\/es\/#website"},"primaryImageOfPage":{"@id":"https:\/\/badoca.com\/es\/safari-badoca\/paseo-a-pie\/#primaryimage"},"image":{"@id":"https:\/\/badoca.com\/es\/safari-badoca\/paseo-a-pie\/#primaryimage"},"thumbnailUrl":"https:\/\/badoca.com\/wp-content\/uploads\/2026\/03\/BadocaPark_experiencia_passeio_ES.jpg","datePublished":"2021-02-10T14:25:03+00:00","dateModified":"2026-03-27T16:08:11+00:00","breadcrumb":{"@id":"https:\/\/badoca.com\/es\/safari-badoca\/paseo-a-pie\/#breadcrumb"},"inLanguage":"es","potentialAction":[{"@type":"ReadAction","target":["https:\/\/badoca.com\/es\/safari-badoca\/paseo-a-pie\/"]}]},{"@type":"ImageObject","inLanguage":"es","@id":"https:\/\/badoca.com\/es\/safari-badoca\/paseo-a-pie\/#primaryimage","url":"https:\/\/badoca.com\/wp-content\/uploads\/2026\/03\/BadocaPark_experiencia_passeio_ES.jpg","contentUrl":"https:\/\/badoca.com\/wp-content\/uploads\/2026\/03\/BadocaPark_experiencia_passeio_ES.jpg","width":459,"height":446},{"@type":"BreadcrumbList","@id":"https:\/\/badoca.com\/es\/safari-badoca\/paseo-a-pie\/#breadcrumb","itemListElement":[{"@type":"ListItem","position":1,"name":"In\u00edcio","item":"https:\/\/badoca.com\/es\/"},{"@type":"ListItem","position":2,"name":"Safari Badoca","item":"https:\/\/badoca.com\/es\/safari-badoca\/"},{"@type":"ListItem","position":3,"name":"Paseo al aire libre"}]},{"@type":"WebSite","@id":"https:\/\/badoca.com\/es\/#website","url":"https:\/\/badoca.com\/es\/","name":"Badoca","description":"Safari Park","publisher":{"@id":"https:\/\/badoca.com\/es\/#organization"},"potentialAction":[{"@type":"SearchAction","target":{"@type":"EntryPoint","urlTemplate":"https:\/\/badoca.com\/es\/?s={search_term_string}"},"query-input":{"@type":"PropertyValueSpecification","valueRequired":true,"valueName":"search_term_string"}}],"inLanguage":"es"},{"@type":"Organization","@id":"https:\/\/badoca.com\/es\/#organization","name":"Badoca","url":"https:\/\/badoca.com\/es\/","logo":{"@type":"ImageObject","inLanguage":"es","@id":"https:\/\/badoca.com\/es\/#\/schema\/logo\/image\/","url":"https:\/\/badoca.com\/wp-content\/uploads\/cropped-badoca-logo.png","contentUrl":"https:\/\/badoca.com\/wp-content\/uploads\/cropped-badoca-logo.png","width":137,"height":195,"caption":"Badoca"},"image":{"@id":"https:\/\/badoca.com\/es\/#\/schema\/logo\/image\/"}}]}},"_links":{"self":[{"href":"https:\/\/badoca.com\/es\/wp-json\/wp\/v2\/pages\/148962","targetHints":{"allow":["GET"]}}],"collection":[{"href":"https:\/\/badoca.com\/es\/wp-json\/wp\/v2\/pages"}],"about":[{"href":"https:\/\/badoca.com\/es\/wp-json\/wp\/v2\/types\/page"}],"author":[{"embeddable":true,"href":"https:\/\/badoca.com\/es\/wp-json\/wp\/v2\/users\/12"}],"replies":[{"embeddable":true,"href":"https:\/\/badoca.com\/es\/wp-json\/wp\/v2\/comments?post=148962"}],"version-history":[{"count":4,"href":"https:\/\/badoca.com\/es\/wp-json\/wp\/v2\/pages\/148962\/revisions"}],"predecessor-version":[{"id":149295,"href":"https:\/\/badoca.com\/es\/wp-json\/wp\/v2\/pages\/148962\/revisions\/149295"}],"up":[{"embeddable":true,"href":"https:\/\/badoca.com\/es\/wp-json\/wp\/v2\/pages\/148911"}],"wp:featuredmedia":[{"embeddable":true,"href":"https:\/\/badoca.com\/es\/wp-json\/wp\/v2\/media\/149276"}],"wp:attachment":[{"href":"https:\/\/badoca.com\/es\/wp-json\/wp\/v2\/media?parent=148962"}],"curies":[{"name":"wp","href":"https:\/\/api.w.org\/{rel}","templated":true}]}}