{"id":148959,"date":"2021-02-10T17:06:08","date_gmt":"2021-02-10T17:06:08","guid":{"rendered":"https:\/\/badoca.com\/apresentacao-de-aves-de-rapina\/"},"modified":"2026-03-27T17:11:42","modified_gmt":"2026-03-27T16:11:42","slug":"presentacion-de-aves-rapaces","status":"publish","type":"page","link":"https:\/\/badoca.com\/es\/safari-badoca\/presentacion-de-aves-rapaces\/","title":{"rendered":"Presentaci\u00f3n de Aves Rapaces"},"content":{"rendered":"<section class=\"wpb-content-wrapper\"><p>[vc_row][vc_column width=\u00bb1\/12&#8243; el_class=\u00bbhorarios-precos\u00bb][\/vc_column][vc_column width=\u00bb10\/12&#8243; el_class=\u00bbhorarios-precos\u00bb][vc_column_text el_class=\u00bbbg-bottom\u00bb css=\u00bb.vc_custom_1774280521028{background-image: url(https:\/\/badoca.com\/wp-content\/uploads\/horarios-bg.png?id=345) !important;background-position: 0 0 !important;background-repeat: repeat !important;}\u00bb]<\/p>\n<h3 style=\"text-align: center;\">Un espect\u00e1culo inolvidable de vuelos libres.<\/h3>\n<p>&nbsp;<\/p>\n<p style=\"text-align: left;\">Bajo las \u00f3rdenes de un adiestrador, \u00e1guilas, b\u00fahos y buitres son algunas de las estrellas de este espect\u00e1culo, que a trav\u00e9s de su vuelo nos permiten conocer sus principales caracter\u00edsticas y comportamientos, relacionados con sus diferentes h\u00e1bitats. Tambi\u00e9n se destaca c\u00f3mo la anatom\u00eda de las aves est\u00e1 \u00edntimamente ligada al hecho de que sean depredadoras o necr\u00f3fagas. En esta demostraci\u00f3n tambi\u00e9n participan algunas aves terrestres como el c\u00e1lao y el seriema, tan diferentes del resto de aves.<\/p>\n<p style=\"text-align: left;\">De este modo, se invita a los visitantes a interactuar con estos magn\u00edficos animales, en simulaciones de escenas de caza tal y como ocurre en estado salvaje.<\/p>\n<p>[\/vc_column_text][\/vc_column][vc_column width=\u00bb1\/12&#8243;][\/vc_column][\/vc_row][vc_row][vc_column width=\u00bb1\/12&#8243;][\/vc_column][vc_column width=\u00bb10\/12&#8243;][vc_column_text]<\/p>\n<p style=\"text-align: left;\"><strong>Duraci\u00f3n:<\/strong> unos 30 minutos.<\/p>\n<p style=\"text-align: left;\"><b>Sesiones y horarios: <\/b>2 sesiones al d\u00eda. A su llegada, en taquilla, nuestro personal le ayudar\u00e1 a planificar su visita para garantizar que realice todas las actividades que desee, incluida la presentaci\u00f3n de aves rapaces.<\/p>\n<p style=\"text-align: left;\"><b>Restricciones: <\/b>Por motivos de car\u00e1cter t\u00e9cnico, meteorol\u00f3gico o zool\u00f3gico, es posible que esta actividad no est\u00e9 disponible y\/o que sus horarios est\u00e9n sujetos a cambios; en estos casos, Badoca Safari Park no garantiza el reembolso de la entrada.<\/p>\n<p>[\/vc_column_text][\/vc_column][vc_column width=\u00bb1\/12&#8243;][\/vc_column][\/vc_row][vc_row el_id=\u00bbanimal-box\u00bb][vc_column width=\u00bb1\/12&#8243;][\/vc_column][vc_column width=\u00bb10\/12&#8243;][vc_images_carousel images=\u00bb1752,1753,1754,1755,1756,1757,1758,1759&#8243; img_size=\u00bbfull\u00bb onclick=\u00bblink_no\u00bb autoplay=\u00bbyes\u00bb wrap=\u00bbyes\u00bb][vc_empty_space height=\u00bb44px\u00bb][\/vc_column][vc_column width=\u00bb1\/12&#8243;][\/vc_column][\/vc_row][vc_row][vc_column][vc_column_text]<\/p>\n<h2>\u00bfQu\u00e9 hacer?<\/h2>\n<h3>Un d\u00eda completo en el Alentejo<\/h3>\n<p>[\/vc_column_text][\/vc_column][\/vc_row][vc_row posts_query=\u00bbsize:10|order_by:rand|post_type:page|by_id:37179,37171,37168,37115,37113,37110,37107,37103,37097,37051&#8243; image_linkable=\u00bbtrue\u00bb taxonomy_chosen=\u00bbcategory\u00bb display_title=\u00bb\u00bb display_author=\u00bb\u00bb display_post_date=\u00bb\u00bb display_taxonomy=\u00bb\u00bb display_summary=\u00bb\u00bb arrows=\u00bbtrue\u00bb dots=\u00bb\u00bb autoplay=\u00bb\u00bb autoplay_speed=\u00bb3000&#8243; animation_speed=\u00bb300&#8243; pause_on_hover=\u00bb\u00bb display_columns=\u00bb4&#8243; scroll_columns=\u00bb1&#8243; gutter=\u00bb10&#8243; tablet_display_columns=\u00bb2&#8243; tablet_scroll_columns=\u00bb2&#8243; tablet_gutter=\u00bb10&#8243; tablet_width=\u00bb800&#8243; mobile_display_columns=\u00bb1&#8243; mobile_scroll_columns=\u00bb1&#8243; mobile_gutter=\u00bb10&#8243; mobile_width=\u00bb480&#8243;][vc_column]<div id=\"lvca-posts-carousel-69f1743fb12f4\" class=\"lvca-posts-carousel lvca-container\" data-settings='{\"display_title_on_thumbnail\":\"\",\"display_taxonomy_on_thumbnail\":\"\",\"display_author\":\"\",\"display_post_date\":\"\",\"display_taxonomy\":\"\",\"display_read_more\":\"\",\"read_more_text\":\"Read More\",\"taxonomy_chosen\":\"category\",\"post_link_new_window\":false,\"image_size\":\"large\",\"arrows\":\"true\",\"dots\":\"\",\"autoplay\":\"\",\"autoplay_speed\":\"3000\",\"animation_speed\":\"300\",\"pause_on_hover\":\"\",\"display_columns\":\"4\",\"scroll_columns\":\"1\",\"gutter\":\"10\",\"tablet_display_columns\":\"2\",\"tablet_scroll_columns\":\"2\",\"tablet_gutter\":\"10\",\"tablet_width\":\"800\",\"mobile_display_columns\":\"1\",\"mobile_scroll_columns\":\"1\",\"mobile_gutter\":\"10\",\"mobile_width\":\"480\"}'><div data-id=\"id-148972\" class=\"lvca-posts-carousel-item\"><article id=\"post-148972\" class=\"post-148972 page type-page status-publish has-post-thumbnail hentry\"><div class=\"lvca-project-image\"><a href=\"https:\/\/badoca.com\/es\/safari-badoca\/presentacion-de-los-lemures\/\" ><img decoding=\"async\" width=\"459\" height=\"446\" src=\"https:\/\/badoca.com\/wp-content\/uploads\/2026\/03\/BadocaPark_experiencia_lemures_ES.jpg\" class=\"attachment-large size-large wp-post-image\" alt=\"\" srcset=\"https:\/\/badoca.com\/wp-content\/uploads\/2026\/03\/BadocaPark_experiencia_lemures_ES.jpg 459w, https:\/\/badoca.com\/wp-content\/uploads\/2026\/03\/BadocaPark_experiencia_lemures_ES-436x424.jpg 436w\" sizes=\"(max-width: 459px) 100vw, 459px\" \/><\/a><\/div><\/article><!-- .hentry --><\/div><!-- .lvca-posts-carousel-item --><div data-id=\"id-148962\" class=\"lvca-posts-carousel-item\"><article id=\"post-148962\" class=\"post-148962 page type-page status-publish has-post-thumbnail hentry\"><div class=\"lvca-project-image\"><a href=\"https:\/\/badoca.com\/es\/safari-badoca\/paseo-a-pie\/\" ><img decoding=\"async\" width=\"459\" height=\"446\" src=\"https:\/\/badoca.com\/wp-content\/uploads\/2026\/03\/BadocaPark_experiencia_passeio_ES.jpg\" class=\"attachment-large size-large wp-post-image\" alt=\"\" srcset=\"https:\/\/badoca.com\/wp-content\/uploads\/2026\/03\/BadocaPark_experiencia_passeio_ES.jpg 459w, https:\/\/badoca.com\/wp-content\/uploads\/2026\/03\/BadocaPark_experiencia_passeio_ES-436x424.jpg 436w\" sizes=\"(max-width: 459px) 100vw, 459px\" \/><\/a><\/div><\/article><!-- .hentry --><\/div><!-- .lvca-posts-carousel-item --><div data-id=\"id-148974\" class=\"lvca-posts-carousel-item\"><article id=\"post-148974\" class=\"post-148974 page type-page status-publish has-post-thumbnail hentry\"><div class=\"lvca-project-image\"><a href=\"https:\/\/badoca.com\/es\/safari-badoca\/isla-de-los-primates\/\" ><img decoding=\"async\" width=\"459\" height=\"446\" src=\"https:\/\/badoca.com\/wp-content\/uploads\/2026\/03\/BadocaPark_experiencia_primatas_ES.jpg\" class=\"attachment-large size-large wp-post-image\" alt=\"\" srcset=\"https:\/\/badoca.com\/wp-content\/uploads\/2026\/03\/BadocaPark_experiencia_primatas_ES.jpg 459w, https:\/\/badoca.com\/wp-content\/uploads\/2026\/03\/BadocaPark_experiencia_primatas_ES-436x424.jpg 436w\" sizes=\"(max-width: 459px) 100vw, 459px\" \/><\/a><\/div><\/article><!-- .hentry --><\/div><!-- .lvca-posts-carousel-item --><div data-id=\"id-148957\" class=\"lvca-posts-carousel-item\"><article id=\"post-148957\" class=\"post-148957 page type-page status-publish has-post-thumbnail hentry\"><div class=\"lvca-project-image\"><a href=\"https:\/\/badoca.com\/es\/safari-badoca\/presentacion-de-reptiles\/\" ><img decoding=\"async\" width=\"459\" height=\"446\" src=\"https:\/\/badoca.com\/wp-content\/uploads\/2026\/03\/BadocaPark_experiencia_repteis_ES.jpg\" class=\"attachment-large size-large wp-post-image\" alt=\"\" srcset=\"https:\/\/badoca.com\/wp-content\/uploads\/2026\/03\/BadocaPark_experiencia_repteis_ES.jpg 459w, https:\/\/badoca.com\/wp-content\/uploads\/2026\/03\/BadocaPark_experiencia_repteis_ES-436x424.jpg 436w\" sizes=\"(max-width: 459px) 100vw, 459px\" \/><\/a><\/div><\/article><!-- .hentry --><\/div><!-- .lvca-posts-carousel-item --><div data-id=\"id-148911\" class=\"lvca-posts-carousel-item\"><article id=\"post-148911\" class=\"post-148911 page type-page status-publish has-post-thumbnail hentry\"><div class=\"lvca-project-image\"><a href=\"https:\/\/badoca.com\/es\/safari-badoca\/\" ><img decoding=\"async\" width=\"340\" height=\"330\" src=\"https:\/\/badoca.com\/wp-content\/uploads\/safari-img.jpg\" class=\"attachment-large size-large wp-post-image\" alt=\"\" \/><\/a><\/div><\/article><!-- .hentry --><\/div><!-- .lvca-posts-carousel-item --><\/div><!-- .lvca-posts-carousel -->[\/vc_column][\/vc_row]<\/p>\n<\/section>","protected":false},"excerpt":{"rendered":"<p>[vc_row][vc_column width=\u00bb1\/12&#8243; el_class=\u00bbhorarios-precos\u00bb][\/vc_column][vc_column width=\u00bb10\/12&#8243; el_class=\u00bbhorarios-precos\u00bb][vc_column_text el_class=\u00bbbg-bottom\u00bb css=\u00bb.vc_custom_1774280521028{background-image: url(https:\/\/badoca.com\/wp-content\/uploads\/horarios-bg.png?id=345) !important;background-position: 0 0 !important;background-repeat: repeat !important;}\u00bb] Un espect\u00e1culo inolvidable de vuelos libres. &nbsp; Bajo las \u00f3rdenes de un adiestrador, \u00e1guilas, b\u00fahos y buitres son algunas de las estrellas de este espect\u00e1culo, que<\/p>\n... <a href=\"https:\/\/badoca.com\/es\/safari-badoca\/\">LER MAIS<\/a>.","protected":false},"author":12,"featured_media":149270,"parent":148911,"menu_order":0,"comment_status":"closed","ping_status":"closed","template":"template-full-width.php","meta":{"_acf_changed":false,"footnotes":""},"class_list":["post-148959","page","type-page","status-publish","has-post-thumbnail","hentry"],"acf":[],"yoast_head":"<!-- This site is optimized with the Yoast SEO plugin v27.4 - https:\/\/yoast.com\/product\/yoast-seo-wordpress\/ -->\n<title>Presentaci\u00f3n de Aves Rapaces - Badoca<\/title>\n<meta name=\"robots\" content=\"index, follow, max-snippet:-1, max-image-preview:large, max-video-preview:-1\" \/>\n<link rel=\"canonical\" href=\"https:\/\/badoca.com\/es\/safari-badoca\/presentacion-de-aves-rapaces\/\" \/>\n<meta property=\"og:locale\" content=\"es_ES\" \/>\n<meta property=\"og:type\" content=\"article\" \/>\n<meta property=\"og:title\" content=\"Presentaci\u00f3n de Aves Rapaces - Badoca\" \/>\n<meta property=\"og:description\" content=\"[vc_row][vc_column width=\u00bb1\/12&#8243; el_class=\u00bbhorarios-precos\u00bb][\/vc_column][vc_column width=\u00bb10\/12&#8243; el_class=\u00bbhorarios-precos\u00bb][vc_column_text el_class=\u00bbbg-bottom\u00bb css=\u00bb.vc_custom_1774280521028{background-image: url(https:\/\/badoca.com\/wp-content\/uploads\/horarios-bg.png?id=345) !important;background-position: 0 0 !important;background-repeat: repeat !important;}\u00bb] Un espect\u00e1culo inolvidable de vuelos libres. &nbsp; Bajo las \u00f3rdenes de un adiestrador, \u00e1guilas, b\u00fahos y buitres son algunas de las estrellas de este espect\u00e1culo, que\" \/>\n<meta property=\"og:url\" content=\"https:\/\/badoca.com\/es\/safari-badoca\/presentacion-de-aves-rapaces\/\" \/>\n<meta property=\"og:site_name\" content=\"Badoca\" \/>\n<meta property=\"article:modified_time\" content=\"2026-03-27T16:11:42+00:00\" \/>\n<meta property=\"og:image\" content=\"https:\/\/badoca.com\/wp-content\/uploads\/2026\/03\/BadocaPark_experiencia_aves_ES.jpg\" \/>\n\t<meta property=\"og:image:width\" content=\"459\" \/>\n\t<meta property=\"og:image:height\" content=\"446\" \/>\n\t<meta property=\"og:image:type\" content=\"image\/jpeg\" \/>\n<meta name=\"twitter:card\" content=\"summary_large_image\" \/>\n<meta name=\"twitter:label1\" content=\"Tiempo de lectura\" \/>\n\t<meta name=\"twitter:data1\" content=\"2 minutos\" \/>\n<script type=\"application\/ld+json\" class=\"yoast-schema-graph\">{\"@context\":\"https:\\\/\\\/schema.org\",\"@graph\":[{\"@type\":\"WebPage\",\"@id\":\"https:\\\/\\\/badoca.com\\\/es\\\/safari-badoca\\\/presentacion-de-aves-rapaces\\\/\",\"url\":\"https:\\\/\\\/badoca.com\\\/es\\\/safari-badoca\\\/presentacion-de-aves-rapaces\\\/\",\"name\":\"Presentaci\u00f3n de Aves Rapaces - Badoca\",\"isPartOf\":{\"@id\":\"https:\\\/\\\/badoca.com\\\/es\\\/#website\"},\"primaryImageOfPage\":{\"@id\":\"https:\\\/\\\/badoca.com\\\/es\\\/safari-badoca\\\/presentacion-de-aves-rapaces\\\/#primaryimage\"},\"image\":{\"@id\":\"https:\\\/\\\/badoca.com\\\/es\\\/safari-badoca\\\/presentacion-de-aves-rapaces\\\/#primaryimage\"},\"thumbnailUrl\":\"https:\\\/\\\/badoca.com\\\/wp-content\\\/uploads\\\/2026\\\/03\\\/BadocaPark_experiencia_aves_ES.jpg\",\"datePublished\":\"2021-02-10T17:06:08+00:00\",\"dateModified\":\"2026-03-27T16:11:42+00:00\",\"breadcrumb\":{\"@id\":\"https:\\\/\\\/badoca.com\\\/es\\\/safari-badoca\\\/presentacion-de-aves-rapaces\\\/#breadcrumb\"},\"inLanguage\":\"es\",\"potentialAction\":[{\"@type\":\"ReadAction\",\"target\":[\"https:\\\/\\\/badoca.com\\\/es\\\/safari-badoca\\\/presentacion-de-aves-rapaces\\\/\"]}]},{\"@type\":\"ImageObject\",\"inLanguage\":\"es\",\"@id\":\"https:\\\/\\\/badoca.com\\\/es\\\/safari-badoca\\\/presentacion-de-aves-rapaces\\\/#primaryimage\",\"url\":\"https:\\\/\\\/badoca.com\\\/wp-content\\\/uploads\\\/2026\\\/03\\\/BadocaPark_experiencia_aves_ES.jpg\",\"contentUrl\":\"https:\\\/\\\/badoca.com\\\/wp-content\\\/uploads\\\/2026\\\/03\\\/BadocaPark_experiencia_aves_ES.jpg\",\"width\":459,\"height\":446},{\"@type\":\"BreadcrumbList\",\"@id\":\"https:\\\/\\\/badoca.com\\\/es\\\/safari-badoca\\\/presentacion-de-aves-rapaces\\\/#breadcrumb\",\"itemListElement\":[{\"@type\":\"ListItem\",\"position\":1,\"name\":\"In\u00edcio\",\"item\":\"https:\\\/\\\/badoca.com\\\/es\\\/\"},{\"@type\":\"ListItem\",\"position\":2,\"name\":\"Safari Badoca\",\"item\":\"https:\\\/\\\/badoca.com\\\/es\\\/safari-badoca\\\/\"},{\"@type\":\"ListItem\",\"position\":3,\"name\":\"Presentaci\u00f3n de Aves Rapaces\"}]},{\"@type\":\"WebSite\",\"@id\":\"https:\\\/\\\/badoca.com\\\/es\\\/#website\",\"url\":\"https:\\\/\\\/badoca.com\\\/es\\\/\",\"name\":\"Badoca\",\"description\":\"Safari Park\",\"publisher\":{\"@id\":\"https:\\\/\\\/badoca.com\\\/es\\\/#organization\"},\"potentialAction\":[{\"@type\":\"SearchAction\",\"target\":{\"@type\":\"EntryPoint\",\"urlTemplate\":\"https:\\\/\\\/badoca.com\\\/es\\\/?s={search_term_string}\"},\"query-input\":{\"@type\":\"PropertyValueSpecification\",\"valueRequired\":true,\"valueName\":\"search_term_string\"}}],\"inLanguage\":\"es\"},{\"@type\":\"Organization\",\"@id\":\"https:\\\/\\\/badoca.com\\\/es\\\/#organization\",\"name\":\"Badoca\",\"url\":\"https:\\\/\\\/badoca.com\\\/es\\\/\",\"logo\":{\"@type\":\"ImageObject\",\"inLanguage\":\"es\",\"@id\":\"https:\\\/\\\/badoca.com\\\/es\\\/#\\\/schema\\\/logo\\\/image\\\/\",\"url\":\"https:\\\/\\\/badoca.com\\\/wp-content\\\/uploads\\\/cropped-badoca-logo.png\",\"contentUrl\":\"https:\\\/\\\/badoca.com\\\/wp-content\\\/uploads\\\/cropped-badoca-logo.png\",\"width\":137,\"height\":195,\"caption\":\"Badoca\"},\"image\":{\"@id\":\"https:\\\/\\\/badoca.com\\\/es\\\/#\\\/schema\\\/logo\\\/image\\\/\"}}]}<\/script>\n<!-- \/ Yoast SEO plugin. -->","yoast_head_json":{"title":"Presentaci\u00f3n de Aves Rapaces - Badoca","robots":{"index":"index","follow":"follow","max-snippet":"max-snippet:-1","max-image-preview":"max-image-preview:large","max-video-preview":"max-video-preview:-1"},"canonical":"https:\/\/badoca.com\/es\/safari-badoca\/presentacion-de-aves-rapaces\/","og_locale":"es_ES","og_type":"article","og_title":"Presentaci\u00f3n de Aves Rapaces - Badoca","og_description":"[vc_row][vc_column width=\u00bb1\/12&#8243; el_class=\u00bbhorarios-precos\u00bb][\/vc_column][vc_column width=\u00bb10\/12&#8243; el_class=\u00bbhorarios-precos\u00bb][vc_column_text el_class=\u00bbbg-bottom\u00bb css=\u00bb.vc_custom_1774280521028{background-image: url(https:\/\/badoca.com\/wp-content\/uploads\/horarios-bg.png?id=345) !important;background-position: 0 0 !important;background-repeat: repeat !important;}\u00bb] Un espect\u00e1culo inolvidable de vuelos libres. &nbsp; Bajo las \u00f3rdenes de un adiestrador, \u00e1guilas, b\u00fahos y buitres son algunas de las estrellas de este espect\u00e1culo, que","og_url":"https:\/\/badoca.com\/es\/safari-badoca\/presentacion-de-aves-rapaces\/","og_site_name":"Badoca","article_modified_time":"2026-03-27T16:11:42+00:00","og_image":[{"width":459,"height":446,"url":"https:\/\/badoca.com\/wp-content\/uploads\/2026\/03\/BadocaPark_experiencia_aves_ES.jpg","type":"image\/jpeg"}],"twitter_card":"summary_large_image","twitter_misc":{"Tiempo de lectura":"2 minutos"},"schema":{"@context":"https:\/\/schema.org","@graph":[{"@type":"WebPage","@id":"https:\/\/badoca.com\/es\/safari-badoca\/presentacion-de-aves-rapaces\/","url":"https:\/\/badoca.com\/es\/safari-badoca\/presentacion-de-aves-rapaces\/","name":"Presentaci\u00f3n de Aves Rapaces - Badoca","isPartOf":{"@id":"https:\/\/badoca.com\/es\/#website"},"primaryImageOfPage":{"@id":"https:\/\/badoca.com\/es\/safari-badoca\/presentacion-de-aves-rapaces\/#primaryimage"},"image":{"@id":"https:\/\/badoca.com\/es\/safari-badoca\/presentacion-de-aves-rapaces\/#primaryimage"},"thumbnailUrl":"https:\/\/badoca.com\/wp-content\/uploads\/2026\/03\/BadocaPark_experiencia_aves_ES.jpg","datePublished":"2021-02-10T17:06:08+00:00","dateModified":"2026-03-27T16:11:42+00:00","breadcrumb":{"@id":"https:\/\/badoca.com\/es\/safari-badoca\/presentacion-de-aves-rapaces\/#breadcrumb"},"inLanguage":"es","potentialAction":[{"@type":"ReadAction","target":["https:\/\/badoca.com\/es\/safari-badoca\/presentacion-de-aves-rapaces\/"]}]},{"@type":"ImageObject","inLanguage":"es","@id":"https:\/\/badoca.com\/es\/safari-badoca\/presentacion-de-aves-rapaces\/#primaryimage","url":"https:\/\/badoca.com\/wp-content\/uploads\/2026\/03\/BadocaPark_experiencia_aves_ES.jpg","contentUrl":"https:\/\/badoca.com\/wp-content\/uploads\/2026\/03\/BadocaPark_experiencia_aves_ES.jpg","width":459,"height":446},{"@type":"BreadcrumbList","@id":"https:\/\/badoca.com\/es\/safari-badoca\/presentacion-de-aves-rapaces\/#breadcrumb","itemListElement":[{"@type":"ListItem","position":1,"name":"In\u00edcio","item":"https:\/\/badoca.com\/es\/"},{"@type":"ListItem","position":2,"name":"Safari Badoca","item":"https:\/\/badoca.com\/es\/safari-badoca\/"},{"@type":"ListItem","position":3,"name":"Presentaci\u00f3n de Aves Rapaces"}]},{"@type":"WebSite","@id":"https:\/\/badoca.com\/es\/#website","url":"https:\/\/badoca.com\/es\/","name":"Badoca","description":"Safari Park","publisher":{"@id":"https:\/\/badoca.com\/es\/#organization"},"potentialAction":[{"@type":"SearchAction","target":{"@type":"EntryPoint","urlTemplate":"https:\/\/badoca.com\/es\/?s={search_term_string}"},"query-input":{"@type":"PropertyValueSpecification","valueRequired":true,"valueName":"search_term_string"}}],"inLanguage":"es"},{"@type":"Organization","@id":"https:\/\/badoca.com\/es\/#organization","name":"Badoca","url":"https:\/\/badoca.com\/es\/","logo":{"@type":"ImageObject","inLanguage":"es","@id":"https:\/\/badoca.com\/es\/#\/schema\/logo\/image\/","url":"https:\/\/badoca.com\/wp-content\/uploads\/cropped-badoca-logo.png","contentUrl":"https:\/\/badoca.com\/wp-content\/uploads\/cropped-badoca-logo.png","width":137,"height":195,"caption":"Badoca"},"image":{"@id":"https:\/\/badoca.com\/es\/#\/schema\/logo\/image\/"}}]}},"_links":{"self":[{"href":"https:\/\/badoca.com\/es\/wp-json\/wp\/v2\/pages\/148959","targetHints":{"allow":["GET"]}}],"collection":[{"href":"https:\/\/badoca.com\/es\/wp-json\/wp\/v2\/pages"}],"about":[{"href":"https:\/\/badoca.com\/es\/wp-json\/wp\/v2\/types\/page"}],"author":[{"embeddable":true,"href":"https:\/\/badoca.com\/es\/wp-json\/wp\/v2\/users\/12"}],"replies":[{"embeddable":true,"href":"https:\/\/badoca.com\/es\/wp-json\/wp\/v2\/comments?post=148959"}],"version-history":[{"count":2,"href":"https:\/\/badoca.com\/es\/wp-json\/wp\/v2\/pages\/148959\/revisions"}],"predecessor-version":[{"id":148982,"href":"https:\/\/badoca.com\/es\/wp-json\/wp\/v2\/pages\/148959\/revisions\/148982"}],"up":[{"embeddable":true,"href":"https:\/\/badoca.com\/es\/wp-json\/wp\/v2\/pages\/148911"}],"wp:featuredmedia":[{"embeddable":true,"href":"https:\/\/badoca.com\/es\/wp-json\/wp\/v2\/media\/149270"}],"wp:attachment":[{"href":"https:\/\/badoca.com\/es\/wp-json\/wp\/v2\/media?parent=148959"}],"curies":[{"name":"wp","href":"https:\/\/api.w.org\/{rel}","templated":true}]}}