{"id":148760,"date":"2018-01-19T16:08:48","date_gmt":"2018-01-19T16:08:48","guid":{"rendered":"https:\/\/badoca.com\/avisos-legais\/"},"modified":"2026-03-19T16:32:24","modified_gmt":"2026-03-19T15:32:24","slug":"avisos-legales","status":"publish","type":"page","link":"https:\/\/badoca.com\/es\/avisos-legales\/","title":{"rendered":"Avisos legales"},"content":{"rendered":"<section class=\"wpb-content-wrapper\"><p>[vc_row][vc_column][vc_column_text]<\/p>\n<p style=\"text-align: left; text-align-last: left!important;\">Estas condiciones se acuerdan entre Badoca Atividades Turisticas, Lda, Herdade da Badoca apartado 170, 7501-909, Vila Nova de Santo Andr\u00e9, persona jur\u00eddica con el n.\u00ba 504 782 070, en adelante denominada Badoca Safari Park, y cualquier persona que desee adquirir online entradas para visitas o productos comercializados por Badoca Safari Park.<\/p>\n<p style=\"text-align: left; text-align-last: left!important;\">Sitio web: <a href=\"https:\/\/www.badoca.com\">www.badoca.com<\/a><\/p>\n<p style=\"text-align: left; text-align-last: left!important;\">Correo electr\u00f3nico: <a href=\"mailto:badoca@badoca.com\">badoca@badoca.com<\/a><\/p>\n<p style=\"text-align: left; text-align-last: left!important;\">Tel\u00e9fono: <a href=\"tel:+351269 708 850\">269 708 850<\/a> (coste de llamada a red fija nacional)<\/p>\n<p style=\"text-align: left; text-align-last: left!important;\">Direcci\u00f3n: Herdade da Badoca Apartado 170, 7501-909 Vila Nova de Santo Andr\u00e9<\/p>\n<p style=\"text-align: left; text-align-last: left!important;\"><strong>1.OBJETO<\/strong><\/p>\n<p style=\"text-align: left; text-align-last: left!important;\">Las presentes condiciones tienen por objeto definir las condiciones generales de venta en <a href=\"https:\/\/www.badoca.com\/\">https:\/\/www.badoca.com\/<\/a>, denominada simplemente Badoca Safari Park, establecidas entre Badoca Safari Park y el usuario, que regulan todas las etapas necesarias para realizar su compra online de entradas para visitas o productos, siguiendo las indicaciones all\u00ed descritas.<\/p>\n<p style=\"text-align: left; text-align-last: left!important;\"><strong>2.ENTRADAS<\/strong><\/p>\n<p style=\"text-align: left; text-align-last: left!important;\">Para realizar con \u00e9xito su compra online de entradas, el usuario deber\u00e1 respetar las siguientes etapas:<\/p>\n<ol>\n<li style=\"text-align: left; text-align-last: left!important; font-family: 'Montserrat-Light', Helvetica, sans-serif; color: #1d1d1d; font-size: 1rem;\">Selecci\u00f3n del producto;<\/li>\n<li style=\"text-align: left; text-align-last: left!important; font-family: 'Montserrat-Light', Helvetica, sans-serif; color: #1d1d1d; font-size: 1rem;\">Selecci\u00f3n de la cantidad;<\/li>\n<li style=\"text-align: left; text-align-last: left!important; font-family: 'Montserrat-Light', Helvetica, sans-serif; color: #1d1d1d; font-size: 1rem;\">Rellenar el formulario con sus datos;<\/li>\n<li style=\"text-align: left; text-align-last: left!important; font-family: 'Montserrat-Light', Helvetica, sans-serif; color: #1d1d1d; font-size: 1rem;\">Confirmaci\u00f3n del resumen de la compra;<\/li>\n<li style=\"text-align: left; text-align-last: left!important; font-family: 'Montserrat-Light', Helvetica, sans-serif; color: #1d1d1d; font-size: 1rem;\">Realizar el pago.<\/li>\n<li style=\"text-align: left; text-align-last: left!important; font-family: 'Montserrat-Light', Helvetica, sans-serif; color: #1d1d1d; font-size: 1rem;\">El usuario deber\u00e1 imprimir inmediatamente la entrada tras la compra.<\/li>\n<\/ol>\n<p style=\"text-align: left; text-align-last: left!important;\"><strong><br \/>\n3.PEDIDO<\/strong><\/p>\n<p style=\"text-align: left; text-align-last: left!important;\">El usuario formaliza su pedido mediante la finalizaci\u00f3n del proceso de compra presentado en el sitio web www.badoca.com, a\u00f1adiendo el\/los producto(s) o servicio(s) que desea solicitar al carrito de compra:<\/p>\n<p style=\"text-align: left; text-align-last: left!important;\">Para enviar su pedido el usuario deber\u00e1:<\/p>\n<ol>\n<li style=\"text-align: left; text-align-last: left!important; font-family: 'Montserrat-Light', Helvetica, sans-serif; color: #1d1d1d; font-size: 1rem;\">Introducir sus datos en el sitio web www.badoca.com, proporcionando la informaci\u00f3n solicitada.<\/li>\n<li style=\"text-align: left; text-align-last: left!important; font-family: 'Montserrat-Light', Helvetica, sans-serif; color: #1d1d1d; font-size: 1rem;\">Completar la informaci\u00f3n y elegir las opciones disponibles durante el proceso de finalizaci\u00f3n del pedido (direcci\u00f3n de entrega y facturaci\u00f3n, forma de env\u00edo, forma de pago, as\u00ed como el NIF y el nombre que desea que figuren en la factura a efectos fiscales).<\/li>\n<li style=\"text-align: left; text-align-last: left!important; font-family: 'Montserrat-Light', Helvetica, sans-serif; color: #1d1d1d; font-size: 1rem;\">La confirmaci\u00f3n final del pedido por parte del usuario equivale a la aceptaci\u00f3n plena de los precios y descripci\u00f3n de los productos\/servicios disponibles, as\u00ed como de estas Condiciones Generales de Venta.<\/li>\n<li style=\"text-align: left; text-align-last: left!important; font-family: 'Montserrat-Light', Helvetica, sans-serif; color: #1d1d1d; font-size: 1rem;\">Badoca Safari Park atender\u00e1 los pedidos recibidos online. En caso de falta de disponibilidad del servicio, se compromete a informar al usuario lo antes posible.<\/li>\n<li style=\"text-align: left; text-align-last: left!important; font-family: 'Montserrat-Light', Helvetica, sans-serif; color: #1d1d1d; font-size: 1rem;\">Los datos que constan en la factura son responsabilidad del usuario. Una vez emitida, no podr\u00e1 modificarse.<\/li>\n<li style=\"text-align: left; text-align-last: left!important; font-family: 'Montserrat-Light', Helvetica, sans-serif; color: #1d1d1d; font-size: 1rem;\">Si el pago no es recibido dentro del plazo indicado, el pedido no ser\u00e1 garantizado.<\/li>\n<\/ol>\n<p style=\"text-align: left; text-align-last: left!important;\"><strong>4.PAGO<\/strong><\/p>\n<p style=\"text-align: left; text-align-last: left!important;\">En www.badoca.com puede realizar su compra mediante tarjeta de cr\u00e9dito o mediante referencia Multibanco.<\/p>\n<p style=\"text-align: left; text-align-last: left!important;\">La validaci\u00f3n de los pagos con tarjeta de cr\u00e9dito est\u00e1 garantizada por EASYPAY.<\/p>\n<p style=\"text-align: left; text-align-last: left!important;\">En caso de uso fraudulento, el vendedor se reserva el derecho de cancelar las transacciones.<\/p>\n<p style=\"text-align: left; text-align-last: left!important;\"><strong>5.PRECIOS<\/strong><\/p>\n<p style=\"text-align: left; text-align-last: left!important;\">Los precios se expresan en euros.<\/p>\n<p style=\"text-align: left; text-align-last: left!important;\">Todos los precios incluyen el IVA.<\/p>\n<p style=\"text-align: left; text-align-last: left!important;\"><strong>6. POL\u00cdTICA DE ENTREGA\/DISPONIBILIDAD DEL SERVICIO<\/strong><\/p>\n<p style=\"text-align: left; text-align-last: left!important;\">Tras la compra, el cliente recibir\u00e1 un email de confirmaci\u00f3n, pero este no ser\u00e1 v\u00e1lido para la entrada.<\/p>\n<p style=\"text-align: left; text-align-last: left!important;\">Tras el pago, recibir\u00e1 un voucher por email que deber\u00e1 imprimir y presentar en taquilla.<\/p>\n<p style=\"text-align: left; text-align-last: left!important;\"><strong>7.CANCELACI\u00d3N Y DEVOLUCI\u00d3N<\/strong><\/p>\n<p style=\"text-align: left; text-align-last: left!important;\">El proceso se gestiona caso por caso. Debe enviarse solicitud por email en un plazo de 2 d\u00edas.<\/p>\n<p style=\"text-align: left; text-align-last: left!important;\">Siempre que sea posible, la devoluci\u00f3n se realizar\u00e1 por el mismo medio.<\/p>\n<p style=\"text-align: left; text-align-last: left!important;\">La empresa reembolsar\u00e1 en un m\u00e1ximo de 5 d\u00edas.<\/p>\n<p style=\"text-align: left; text-align-last: left!important;\"><strong>8.GARANT\u00cdA<\/strong><\/p>\n<p style=\"text-align: left; text-align-last: left!important;\">En caso de error por duplicaci\u00f3n, contacte con Badoca Safari Park.<\/p>\n<p style=\"text-align: left; text-align-last: left!important;\">Las ventas son definitivas, no se aceptan cambios ni devoluciones.<\/p>\n<p style=\"text-align: left; text-align-last: left!important;\">Las visitas son v\u00e1lidas hasta el 31 de diciembre del a\u00f1o de compra.<\/p>\n<p style=\"text-align: left; text-align-last: left!important;\"><strong>9.ATENCI\u00d3N AL CLIENTE<\/strong><\/p>\n<p style=\"text-align: left; text-align-last: left!important;\">Para cualquier consulta: <a href=\"mailto:badoca@badoca.com\">badoca@badoca.com<\/a><\/p>\n<p style=\"text-align: left; text-align-last: left!important;\"><strong>10.RESPONSABILIDAD<\/strong><\/p>\n<p style=\"text-align: left; text-align-last: left!important;\">Los contenidos pueden ser modificados sin previo aviso o contener errores.<\/p>\n<p style=\"text-align: left; text-align-last: left!important;\">Badoca Safari Park no se responsabiliza por fallos de internet o fuerza mayor.<\/p>\n<p style=\"text-align: left; text-align-last: left!important;\">El usuario es responsable de sus datos y confidencialidad.<\/p>\n<p style=\"text-align: left; text-align-last: left!important;\"><strong>11.POL\u00cdTICA DE PRIVACIDAD Y SEGURIDAD<\/strong><\/p>\n<p style=\"text-align: left; text-align-last: left!important;\">Badoca Safari Park garantiza la protecci\u00f3n de datos personales.<\/p>\n<p style=\"text-align: left; text-align-last: left!important;\">Se utilizan cookies y datos estad\u00edsticos sin identificaci\u00f3n personal.<\/p>\n<p style=\"text-align: left; text-align-last: left!important;\">No se compartir\u00e1n datos con terceros.<\/p>\n<p style=\"text-align: left; text-align-last: left!important;\"><strong>12.PROPIEDAD INTELECTUAL<\/strong><\/p>\n<p style=\"text-align: left; text-align-last: left!important;\">Badoca Safari Park es marca registrada.<\/p>\n<p style=\"text-align: left; text-align-last: left!important;\">No se permite uso sin autorizaci\u00f3n.<\/p>\n<p style=\"text-align: left; text-align-last: left!important;\"><strong>13.LEY APLICABLE<\/strong><\/p>\n<p style=\"text-align: left; text-align-last: left!important;\">Se aplica la legislaci\u00f3n portuguesa.<\/p>\n<p style=\"text-align: left; text-align-last: left!important;\">En caso de litigio, el consumidor puede recurrir al Centro de Arbitraje de Conflictos de Consumo de Lisboa, con los siguientes contactos:<\/p>\n<p style=\"text-align: left; text-align-last: left!important;\">Rua dos Douradores, 116, 2\u00ba | 1100-207 Lisboa<\/p>\n<p style=\"text-align: left; text-align-last: left!important;\">Tel: <a href=\"tel:+351 218 807 030\">+351 218 807 030<\/a> (coste de llamada a red fija nacional) | Fax: +351 218 807 038<\/p>\n<p style=\"text-align: left; text-align-last: left!important;\">Correo electr\u00f3nico: <a href=\"mailto:juridico@centroarbitragemlisboa.pt\">juridico@centroarbitragemlisboa.pt<\/a> | <a href=\"mailto:director@centroarbitragemlisboa.pt\">director@centroarbitragemlisboa.pt<\/a><\/p>\n<p style=\"text-align: left; text-align-last: left!important;\">Web: <a href=\"http:\/\/www.centroarbitragemlisboa.pt\">www.centroarbitragemlisboa.pt<\/a><\/p>\n<p style=\"text-align: left; text-align-last: left!important;\">M\u00e1s informaci\u00f3n en el Portal del Consumidor <a href=\"http:\/\/www.consumidor.pt\">www.consumidor.pt<\/a><\/p>\n<p style=\"text-align: left; text-align-last: left!important;\">Si es un consumidor residente en otro Estado miembro, presente su reclamaci\u00f3n a trav\u00e9s del Centro Europeo del Consumidor.<\/p>\n<p>[\/vc_column_text][\/vc_column][\/vc_row]<\/p>\n<\/section>","protected":false},"excerpt":{"rendered":"<p>[vc_row][vc_column][vc_column_text] Estas condiciones se acuerdan entre Badoca Atividades Turisticas, Lda, Herdade da Badoca apartado 170, 7501-909, Vila Nova de Santo Andr\u00e9, persona jur\u00eddica con el n.\u00ba 504 782 070, en adelante denominada Badoca Safari Park, y cualquier persona que desee<\/p>\n... <a href=\"https:\/\/badoca.com\/es\/avisos-legales\/\">LER MAIS<\/a>.","protected":false},"author":1,"featured_media":0,"parent":0,"menu_order":0,"comment_status":"closed","ping_status":"closed","template":"template-full-width.php","meta":{"_acf_changed":false,"footnotes":""},"class_list":["post-148760","page","type-page","status-publish","hentry"],"acf":[],"yoast_head":"<!-- This site is optimized with the Yoast SEO plugin v27.3 - https:\/\/yoast.com\/product\/yoast-seo-wordpress\/ -->\n<title>Avisos legales - Badoca<\/title>\n<meta name=\"robots\" content=\"index, follow, max-snippet:-1, max-image-preview:large, max-video-preview:-1\" \/>\n<link rel=\"canonical\" href=\"https:\/\/badoca.com\/es\/avisos-legales\/\" \/>\n<meta property=\"og:locale\" content=\"es_ES\" \/>\n<meta property=\"og:type\" content=\"article\" \/>\n<meta property=\"og:title\" content=\"Avisos legales - Badoca\" \/>\n<meta property=\"og:description\" content=\"[vc_row][vc_column][vc_column_text] Estas condiciones se acuerdan entre Badoca Atividades Turisticas, Lda, Herdade da Badoca apartado 170, 7501-909, Vila Nova de Santo Andr\u00e9, persona jur\u00eddica con el n.\u00ba 504 782 070, en adelante denominada Badoca Safari Park, y cualquier persona que desee\" \/>\n<meta property=\"og:url\" content=\"https:\/\/badoca.com\/es\/avisos-legales\/\" \/>\n<meta property=\"og:site_name\" content=\"Badoca\" \/>\n<meta property=\"article:modified_time\" content=\"2026-03-19T15:32:24+00:00\" \/>\n<meta name=\"twitter:card\" content=\"summary_large_image\" \/>\n<meta name=\"twitter:label1\" content=\"Tiempo de lectura\" \/>\n\t<meta name=\"twitter:data1\" content=\"4 minutos\" \/>\n<script type=\"application\/ld+json\" class=\"yoast-schema-graph\">{\"@context\":\"https:\\\/\\\/schema.org\",\"@graph\":[{\"@type\":\"WebPage\",\"@id\":\"https:\\\/\\\/badoca.com\\\/es\\\/avisos-legales\\\/\",\"url\":\"https:\\\/\\\/badoca.com\\\/es\\\/avisos-legales\\\/\",\"name\":\"Avisos legales - Badoca\",\"isPartOf\":{\"@id\":\"https:\\\/\\\/badoca.com\\\/es\\\/#website\"},\"datePublished\":\"2018-01-19T16:08:48+00:00\",\"dateModified\":\"2026-03-19T15:32:24+00:00\",\"breadcrumb\":{\"@id\":\"https:\\\/\\\/badoca.com\\\/es\\\/avisos-legales\\\/#breadcrumb\"},\"inLanguage\":\"es\",\"potentialAction\":[{\"@type\":\"ReadAction\",\"target\":[\"https:\\\/\\\/badoca.com\\\/es\\\/avisos-legales\\\/\"]}]},{\"@type\":\"BreadcrumbList\",\"@id\":\"https:\\\/\\\/badoca.com\\\/es\\\/avisos-legales\\\/#breadcrumb\",\"itemListElement\":[{\"@type\":\"ListItem\",\"position\":1,\"name\":\"In\u00edcio\",\"item\":\"https:\\\/\\\/badoca.com\\\/es\\\/\"},{\"@type\":\"ListItem\",\"position\":2,\"name\":\"Avisos legales\"}]},{\"@type\":\"WebSite\",\"@id\":\"https:\\\/\\\/badoca.com\\\/es\\\/#website\",\"url\":\"https:\\\/\\\/badoca.com\\\/es\\\/\",\"name\":\"Badoca\",\"description\":\"Safari Park\",\"publisher\":{\"@id\":\"https:\\\/\\\/badoca.com\\\/es\\\/#organization\"},\"potentialAction\":[{\"@type\":\"SearchAction\",\"target\":{\"@type\":\"EntryPoint\",\"urlTemplate\":\"https:\\\/\\\/badoca.com\\\/es\\\/?s={search_term_string}\"},\"query-input\":{\"@type\":\"PropertyValueSpecification\",\"valueRequired\":true,\"valueName\":\"search_term_string\"}}],\"inLanguage\":\"es\"},{\"@type\":\"Organization\",\"@id\":\"https:\\\/\\\/badoca.com\\\/es\\\/#organization\",\"name\":\"Badoca\",\"url\":\"https:\\\/\\\/badoca.com\\\/es\\\/\",\"logo\":{\"@type\":\"ImageObject\",\"inLanguage\":\"es\",\"@id\":\"https:\\\/\\\/badoca.com\\\/es\\\/#\\\/schema\\\/logo\\\/image\\\/\",\"url\":\"https:\\\/\\\/badoca.com\\\/wp-content\\\/uploads\\\/cropped-badoca-logo.png\",\"contentUrl\":\"https:\\\/\\\/badoca.com\\\/wp-content\\\/uploads\\\/cropped-badoca-logo.png\",\"width\":137,\"height\":195,\"caption\":\"Badoca\"},\"image\":{\"@id\":\"https:\\\/\\\/badoca.com\\\/es\\\/#\\\/schema\\\/logo\\\/image\\\/\"}}]}<\/script>\n<!-- \/ Yoast SEO plugin. -->","yoast_head_json":{"title":"Avisos legales - Badoca","robots":{"index":"index","follow":"follow","max-snippet":"max-snippet:-1","max-image-preview":"max-image-preview:large","max-video-preview":"max-video-preview:-1"},"canonical":"https:\/\/badoca.com\/es\/avisos-legales\/","og_locale":"es_ES","og_type":"article","og_title":"Avisos legales - Badoca","og_description":"[vc_row][vc_column][vc_column_text] Estas condiciones se acuerdan entre Badoca Atividades Turisticas, Lda, Herdade da Badoca apartado 170, 7501-909, Vila Nova de Santo Andr\u00e9, persona jur\u00eddica con el n.\u00ba 504 782 070, en adelante denominada Badoca Safari Park, y cualquier persona que desee","og_url":"https:\/\/badoca.com\/es\/avisos-legales\/","og_site_name":"Badoca","article_modified_time":"2026-03-19T15:32:24+00:00","twitter_card":"summary_large_image","twitter_misc":{"Tiempo de lectura":"4 minutos"},"schema":{"@context":"https:\/\/schema.org","@graph":[{"@type":"WebPage","@id":"https:\/\/badoca.com\/es\/avisos-legales\/","url":"https:\/\/badoca.com\/es\/avisos-legales\/","name":"Avisos legales - Badoca","isPartOf":{"@id":"https:\/\/badoca.com\/es\/#website"},"datePublished":"2018-01-19T16:08:48+00:00","dateModified":"2026-03-19T15:32:24+00:00","breadcrumb":{"@id":"https:\/\/badoca.com\/es\/avisos-legales\/#breadcrumb"},"inLanguage":"es","potentialAction":[{"@type":"ReadAction","target":["https:\/\/badoca.com\/es\/avisos-legales\/"]}]},{"@type":"BreadcrumbList","@id":"https:\/\/badoca.com\/es\/avisos-legales\/#breadcrumb","itemListElement":[{"@type":"ListItem","position":1,"name":"In\u00edcio","item":"https:\/\/badoca.com\/es\/"},{"@type":"ListItem","position":2,"name":"Avisos legales"}]},{"@type":"WebSite","@id":"https:\/\/badoca.com\/es\/#website","url":"https:\/\/badoca.com\/es\/","name":"Badoca","description":"Safari Park","publisher":{"@id":"https:\/\/badoca.com\/es\/#organization"},"potentialAction":[{"@type":"SearchAction","target":{"@type":"EntryPoint","urlTemplate":"https:\/\/badoca.com\/es\/?s={search_term_string}"},"query-input":{"@type":"PropertyValueSpecification","valueRequired":true,"valueName":"search_term_string"}}],"inLanguage":"es"},{"@type":"Organization","@id":"https:\/\/badoca.com\/es\/#organization","name":"Badoca","url":"https:\/\/badoca.com\/es\/","logo":{"@type":"ImageObject","inLanguage":"es","@id":"https:\/\/badoca.com\/es\/#\/schema\/logo\/image\/","url":"https:\/\/badoca.com\/wp-content\/uploads\/cropped-badoca-logo.png","contentUrl":"https:\/\/badoca.com\/wp-content\/uploads\/cropped-badoca-logo.png","width":137,"height":195,"caption":"Badoca"},"image":{"@id":"https:\/\/badoca.com\/es\/#\/schema\/logo\/image\/"}}]}},"_links":{"self":[{"href":"https:\/\/badoca.com\/es\/wp-json\/wp\/v2\/pages\/148760","targetHints":{"allow":["GET"]}}],"collection":[{"href":"https:\/\/badoca.com\/es\/wp-json\/wp\/v2\/pages"}],"about":[{"href":"https:\/\/badoca.com\/es\/wp-json\/wp\/v2\/types\/page"}],"author":[{"embeddable":true,"href":"https:\/\/badoca.com\/es\/wp-json\/wp\/v2\/users\/1"}],"replies":[{"embeddable":true,"href":"https:\/\/badoca.com\/es\/wp-json\/wp\/v2\/comments?post=148760"}],"version-history":[{"count":1,"href":"https:\/\/badoca.com\/es\/wp-json\/wp\/v2\/pages\/148760\/revisions"}],"predecessor-version":[{"id":148761,"href":"https:\/\/badoca.com\/es\/wp-json\/wp\/v2\/pages\/148760\/revisions\/148761"}],"wp:attachment":[{"href":"https:\/\/badoca.com\/es\/wp-json\/wp\/v2\/media?parent=148760"}],"curies":[{"name":"wp","href":"https:\/\/api.w.org\/{rel}","templated":true}]}}