{"id":148606,"date":"2025-06-24T12:05:51","date_gmt":"2025-06-24T11:05:51","guid":{"rendered":"https:\/\/badoca.com\/badoca-safari-glamping-experience\/"},"modified":"2026-03-19T17:59:35","modified_gmt":"2026-03-19T16:59:35","slug":"badoca-safari-glamping-experience","status":"publish","type":"page","link":"https:\/\/badoca.com\/es\/badoca-safari-glamping-experience\/","title":{"rendered":"Badoca Safari Glamping Experience"},"content":{"rendered":"<section class=\"wpb-content-wrapper\"><p>[vc_row][vc_column][vc_empty_space][vc_column_text]<\/p>\n<h3><span style=\"color: #94964f; font-size: 1.8rem;\">Badoca Safari Glamping Experience<\/span><\/h3>\n<p>[\/vc_column_text][vc_column_text]A poco m\u00e1s de una hora de Lisboa, en pleno coraz\u00f3n de la costa del litoral alentejo, se encuentra Badoca Safari Glamping Experience, el alojamiento m\u00e1s reciente del Badoca Safari Park, creado con el objetivo de ofrecer a sus visitantes la experiencia completa de un safari africano.[\/vc_column_text][\/vc_column][\/vc_row][vc_row][vc_column][vc_toggle title=\u00bb\u00bfQu\u00e9 est\u00e1 incluido en el precio de la estancia?\u00bb custom_font_container=\u00bbtag:h3|text_align:left\u00bb custom_google_fonts=\u00bbfont_family:Roboto%3A100%2C100italic%2C300%2C300italic%2Cregular%2Citalic%2C500%2C500italic%2C700%2C700italic%2C900%2C900italic|font_style:900%20bold%20regular%3A900%3Anormal\u00bb use_custom_heading=\u00bbtrue\u00bb]<\/p>\n<ul>\n<li style=\"text-align: left;\">Gratis para ni\u00f1os menores de 3 a\u00f1os.<\/li>\n<li style=\"text-align: left;\">Desayuno buffet.<\/li>\n<li style=\"text-align: left;\">Visita al Badoca Safari Park el d\u00eda del check-in y del check-out, donde podr\u00e1 disfrutar de las siguientes actividades:<\/li>\n<\/ul>\n<p style=\"text-align: left;\"><strong>Safari<\/strong> | <strong>|<\/strong> En el muelle de embarque, tome el tren y emb\u00e1rquese en este viaje por la sabana, donde podr\u00e1 conocer diversos animales de diferentes especies. Girafas, cebras, \u00f1us, \u00f3rix y elandes son algunos de los animales que podr\u00e1 observar y sobre los que podr\u00e1 aprender muchas curiosidades.<\/p>\n<p style=\"text-align: left;\"><strong>Presentaci\u00f3n de aves rapaces <\/strong> | D\u00e9jese emocionar por el magn\u00edfico vuelo de las incre\u00edbles aves rapaces, as\u00ed como por su comportamiento natural, debidamente supervisado por cuidadores experimentados.<\/p>\n<p style=\"text-align: left;\"><strong>Presentaci\u00f3n de l\u00e9mures<\/strong> | Los l\u00e9mures son primates incre\u00edbles, end\u00e9micos de la isla de Madagascar. Aqu\u00ed est\u00e1n representados por los l\u00e9mures de cola anillada y los l\u00e9mures de vientre rojo. En esta presentaci\u00f3n, los cuidadores compartir\u00e1n curiosidades sobre las especies y los peligros a los que se enfrentan en su h\u00e1bitat natural.<\/p>\n<p style=\"text-align: left;\"><strong>Presentaci\u00f3n de los reptiles<\/strong> | Las tortugas, iguanas, serpientes o lagartos son animales que desempe\u00f1an un papel muy importante en el medio ambiente. En esta presentaci\u00f3n, conozca m\u00e1s de cerca a estos animales y comprenda su importante funci\u00f3n en el medio ambiente.<\/p>\n<p style=\"text-align: left;\">Nota: Por cuestiones relacionadas con el bienestar animal, esta actividad se lleva a cabo entre abril y octubre.<\/p>\n<p style=\"text-align: left;\"><strong>Safari a pie<\/strong> | Suricatas, canguros, fac\u00f3queros, servales y primates son algunas de las especies que podr\u00e1 observar en este fant\u00e1stico paseo libre.<\/p>\n<p>[\/vc_toggle][vc_toggle title=\u00bbPrecios\u00bb custom_font_container=\u00bbtag:h3|text_align:left\u00bb custom_google_fonts=\u00bbfont_family:Roboto%3A100%2C100italic%2C300%2C300italic%2Cregular%2Citalic%2C500%2C500italic%2C700%2C700italic%2C900%2C900italic|font_style:900%20bold%20regular%3A900%3Anormal\u00bb use_custom_heading=\u00bbtrue\u00bb]<img decoding=\"async\" class=\"alignnone wp-image-148675 size-full\" src=\"https:\/\/badoca.com\/wp-content\/uploads\/2026\/03\/Precari_ES.png\" alt=\"\" width=\"1920\" height=\"1080\" srcset=\"https:\/\/badoca.com\/wp-content\/uploads\/2026\/03\/Precari_ES.png 1920w, https:\/\/badoca.com\/wp-content\/uploads\/2026\/03\/Precari_ES-720x405.png 720w, https:\/\/badoca.com\/wp-content\/uploads\/2026\/03\/Precari_ES-932x524.png 932w, https:\/\/badoca.com\/wp-content\/uploads\/2026\/03\/Precari_ES-768x432.png 768w, https:\/\/badoca.com\/wp-content\/uploads\/2026\/03\/Precari_ES-1536x864.png 1536w, https:\/\/badoca.com\/wp-content\/uploads\/2026\/03\/Precari_ES-460x259.png 460w\" sizes=\"(max-width: 1920px) 100vw, 1920px\" \/><\/p>\n<ul>\n<li style=\"text-align: left;\">Los precios mostrados incluyen el IVA al tipo legal vigente.<\/li>\n<li style=\"text-align: left;\">Precios v\u00e1lidos hasta el 31 de diciembre de 2026.<\/li>\n<li style=\"text-align: left;\">Los precios incluyen el alojamiento, el desayuno y la entrada al Badoca Safari Park el d\u00eda del check-in y del check-out.<\/li>\n<\/ul>\n<p style=\"text-align: left;\">Nota importante: La reserva solo se har\u00e1 efectiva tras el pago de la misma al IBAN PT50 0010 0000 2117 4780 0019 4 y la recepci\u00f3n del comprobante de pago en el correo electr\u00f3nico\u00a0<a href=\"mailto:badocasafarilodge@badoca.com\"> badocasafarilodge@badoca.com<\/a>.<\/p>\n<div class=\"vc_btn3-container vc_btn3-center vc_custom_1743609297693\"><a class=\"vc_general vc_btn3 vc_btn3-size-md vc_btn3-shape-round vc_btn3-style-custom\" style=\"background-color: #c84b1e; color: #ffffff; letter-spacing: 1px; padding: 12px 40px 12px 40px;\" title=\"VER TODOS\" href=\"https:\/\/badoca.com\/es\/badoca-safari-glamping-experience\/ficha-de-reserva\/\"><b>SOLICITAR RESERVA<\/b><\/a><\/div>\n<p>[\/vc_toggle][vc_toggle title=\u00bbReserva\u00bb custom_font_container=\u00bbtag:h3|text_align:left\u00bb custom_google_fonts=\u00bbfont_family:Roboto%3A100%2C100italic%2C300%2C300italic%2Cregular%2Citalic%2C500%2C500italic%2C700%2C700italic%2C900%2C900italic|font_style:900%20bold%20regular%3A900%3Anormal\u00bb use_custom_heading=\u00bbtrue\u00bb]Puede realizar la reserva a trav\u00e9s\u00a0 del <a href=\"https:\/\/badoca.com\/es\/badoca-safari-glamping-experience\/ficha-de-reserva\/\">formulario en l\u00ednea<\/a> o descargando el <a href=\"https:\/\/badoca.com\/wp-content\/uploads\/2026\/03\/Ficha-de-Reserva-Badoca-Safari-Lodge_26_ES.pdf\" target=\"_blank\" rel=\"noopener\">fomulario de reserva<\/a> y envi\u00e1ndol o cumplimentado al correo electr\u00f3nico <a href=\"mailto:badocasafarilodge@badoca.com\">badocasafarilodge@badoca.com<\/a>.<\/p>\n<p>Una vez confirmada la disponibilidad de la reserva para la fecha deseada, deber\u00e1 proceder al pago de la misma en un plazo de 12 horas, con el fin de garantizar la disponibilidad de las fechas deseadas. La reserva solo se har\u00e1 efectiva tras el pago de la misma al IBAN PT50 0010 0000 2117 4780 0019 4 y la recepci\u00f3n del comprobante de pago en el correo electr\u00f3nico\u00a0<a href=\"mailto:badocasafarilodge@badoca.com\">badocasafarilodge@badoca.com<\/a>.[\/vc_toggle][vc_toggle title=\u00bb\u00bfQu\u00e9 actividades adicionales hay disponibles?\u00bb custom_font_container=\u00bbtag:h3|text_align:left\u00bb custom_google_fonts=\u00bbfont_family:Roboto%3A100%2C100italic%2C300%2C300italic%2Cregular%2Citalic%2C500%2C500italic%2C700%2C700italic%2C900%2C900italic|font_style:900%20bold%20regular%3A900%3Anormal\u00bb use_custom_heading=\u00bbtrue\u00bb]En Badoca Safari Park creemos que una experiencia vale m\u00e1s que mil palabras y, por eso, hemos preparado varias para usted y su familia.<\/p>\n<p style=\"text-align: left;\"><strong>Experiencias VIP<\/strong><\/p>\n<ul style=\"text-align: left;\">\n<li><a href=\"https:\/\/badoca.com\/es\/actividades\/experiencias-vip\/safari-vip\/\">Safari VIP<\/a><\/li>\n<li><a href=\"https:\/\/badoca.com\/es\/actividades\/experiencias-vip\/safari-vip-con-desayuno\/\">Safari VIP con Desayuno<\/a><\/li>\n<li><a href=\"https:\/\/badoca.com\/es\/actividades\/experiencias-vip\/safari-vip-con-picnic\/\">Safari VIP con Picnic<\/a><\/li>\n<li><a href=\"https:\/\/badoca.com\/es\/actividades\/experiencias-vip\/safari-vip-con-cena\/\">Safari VIP con Cena<\/a><\/li>\n<li><a href=\"https:\/\/badoca.com\/es\/actividades\/experiencias-vip\/experiencia-en-la-falcoaria\/\">Experiencia de Cetrer\u00eda<\/a><\/li>\n<li><a href=\"https:\/\/badoca.com\/es\/actividades\/experiencias-vip\/encuentro-con-las-jirafas\/\">Encuentro con las Jirafas<\/a><\/li>\n<\/ul>\n<p style=\"text-align: left;\"><a href=\"https:\/\/badoca.com\/es\/experiencias-vip\/\">M\u00e1s Informaci\u00f3n<\/a><\/p>\n<p style=\"text-align: left;\"><strong>Otras experiencias<\/strong><\/p>\n<ul>\n<li style=\"text-align: left;\"><a href=\"https:\/\/badoca.com\/es\/actividades\/outras-atividades\/rafting-africano\/\">Rafting Africano<\/a><\/li>\n<li style=\"text-align: left;\"><a href=\"https:\/\/badoca.com\/es\/actividades\/outras-atividades\/interaccion-con-los-lemures\/\">Interacci\u00f3n con los L\u00e9mures<\/a><\/li>\n<\/ul>\n<p>[\/vc_toggle][vc_empty_space height=\u00bb50px\u00bb][vc_column_text]<\/p>\n<div class=\"vc_btn3-container vc_btn3-center vc_custom_1743609297693\"><a class=\"vc_general vc_btn3 vc_btn3-size-md vc_btn3-shape-round vc_btn3-style-custom\" style=\"background-color: #c84b1e; color: #ffffff; letter-spacing: 1px; padding: 12px 40px 12px 40px;\" title=\"VER TODOS\" href=\"https:\/\/badoca.com\/es\/badoca-safari-glamping-experience\/ficha-de-reserva\/\"><b>PEDIR RESERVA\u00a0<\/b><\/a><\/div>\n<p>[\/vc_column_text][vc_empty_space height=\u00bb40px\u00bb][\/vc_column][\/vc_row][vc_row el_id=\u00bbanimal-box\u00bb][vc_column][vc_images_carousel images=\u00bb148607,148608,148609,148610,148611,148612,148613,148614&#8243; img_size=\u00bbfull\u00bb onclick=\u00bblink_no\u00bb speed=\u00bb3000&#8243; autoplay=\u00bbyes\u00bb wrap=\u00bbyes\u00bb][\/vc_column][\/vc_row][vc_row][vc_column][vc_column_text]Si siempre ha so\u00f1ado con dormirse al son de la vida salvaje, observar a los animales durante la noche entre la escasa vegetaci\u00f3n de la sabana y despertar con la posibilidad de encontrarse cara a cara con cebras, jirafas, gnus, ant\u00edlopes sable, b\u00fafalos ou impalas, sepa que ahora puede disfrutar de esta experiencia sin salir de Portugal, y a tan solo una hora de Lisboa.<\/p>\n<p>El Badoca Safari Glamping Experience es un alojamiento \u00fanico y exclusivo, con una capacidad total para acoger hasta 30 personas, situado en el Badoca Safari Park, en Santiago do Cac\u00e9m.<\/p>\n<p>Realice su reserva con antelaci\u00f3n para garantizar la disponibilidad.[\/vc_column_text][\/vc_column][\/vc_row][vc_row][vc_column][vc_empty_space height=\u00bb30px\u00bb][vc_column_text]Para m\u00e1s informaci\u00f3n, p\u00f3ngase en contacto con nosotros a trav\u00e9s del n\u00famero <a href=\"tel:969872069\">969 872 069<\/a> o del correo electr\u00f3nico <a href=\"mailto:badocasafarilodge@badoca.com\">badocasafarilodge@badoca.com<\/a>.[\/vc_column_text][\/vc_column][\/vc_row][vc_row][vc_column el_class=\u00bbprecos-title\u00bb][vc_empty_space height=\u00bb50px\u00bb][vc_column_text]<\/p>\n<h2>\u00bfQu\u00e9 hacer?<\/h2>\n<h3>Un d\u00eda inolvidable en el Alentejo<\/h3>\n<p>[\/vc_column_text][\/vc_column][\/vc_row][vc_row el_class=\u00bbrelated-animals\u00bb][vc_column]<div id=\"lvca-posts-carousel-69d58eb094294\" class=\"lvca-posts-carousel lvca-container\" data-settings='{\"display_title_on_thumbnail\":\"\",\"display_taxonomy_on_thumbnail\":\"\",\"display_author\":\"\",\"display_post_date\":\"\",\"display_taxonomy\":\"\",\"display_read_more\":\"\",\"read_more_text\":\"Read More\",\"taxonomy_chosen\":\"category\",\"post_link_new_window\":false,\"image_size\":\"large\",\"arrows\":\"true\",\"dots\":\"\",\"autoplay\":\"\",\"autoplay_speed\":\"3000\",\"animation_speed\":\"300\",\"pause_on_hover\":\"\",\"display_columns\":\"4\",\"scroll_columns\":\"1\",\"gutter\":\"10\",\"tablet_display_columns\":\"2\",\"tablet_scroll_columns\":\"2\",\"tablet_gutter\":\"10\",\"tablet_width\":\"800\",\"mobile_display_columns\":\"1\",\"mobile_scroll_columns\":\"1\",\"mobile_gutter\":\"10\",\"mobile_width\":\"480\"}'><div data-id=\"id-148974\" class=\"lvca-posts-carousel-item\"><article id=\"post-148974\" class=\"post-148974 page type-page status-publish has-post-thumbnail hentry\"><div class=\"lvca-project-image\"><a href=\"https:\/\/badoca.com\/es\/safari-badoca\/isla-de-los-primates\/\" ><img decoding=\"async\" width=\"459\" height=\"446\" src=\"https:\/\/badoca.com\/wp-content\/uploads\/2026\/03\/BadocaPark_experiencia_primatas_ES.jpg\" class=\"attachment-large size-large wp-post-image\" alt=\"\" srcset=\"https:\/\/badoca.com\/wp-content\/uploads\/2026\/03\/BadocaPark_experiencia_primatas_ES.jpg 459w, https:\/\/badoca.com\/wp-content\/uploads\/2026\/03\/BadocaPark_experiencia_primatas_ES-436x424.jpg 436w\" sizes=\"(max-width: 459px) 100vw, 459px\" \/><\/a><\/div><\/article><!-- .hentry --><\/div><!-- .lvca-posts-carousel-item --><div data-id=\"id-148911\" class=\"lvca-posts-carousel-item\"><article id=\"post-148911\" class=\"post-148911 page type-page status-publish has-post-thumbnail hentry\"><div class=\"lvca-project-image\"><a href=\"https:\/\/badoca.com\/es\/safari-badoca\/\" ><img decoding=\"async\" width=\"340\" height=\"330\" src=\"https:\/\/badoca.com\/wp-content\/uploads\/safari-img.jpg\" class=\"attachment-large size-large wp-post-image\" alt=\"\" \/><\/a><\/div><\/article><!-- .hentry --><\/div><!-- .lvca-posts-carousel-item --><div data-id=\"id-148957\" class=\"lvca-posts-carousel-item\"><article id=\"post-148957\" class=\"post-148957 page type-page status-publish has-post-thumbnail hentry\"><div class=\"lvca-project-image\"><a href=\"https:\/\/badoca.com\/es\/safari-badoca\/presentacion-de-reptiles\/\" ><img decoding=\"async\" width=\"459\" height=\"446\" src=\"https:\/\/badoca.com\/wp-content\/uploads\/2026\/03\/BadocaPark_experiencia_repteis_ES.jpg\" class=\"attachment-large size-large wp-post-image\" alt=\"\" srcset=\"https:\/\/badoca.com\/wp-content\/uploads\/2026\/03\/BadocaPark_experiencia_repteis_ES.jpg 459w, https:\/\/badoca.com\/wp-content\/uploads\/2026\/03\/BadocaPark_experiencia_repteis_ES-436x424.jpg 436w\" sizes=\"(max-width: 459px) 100vw, 459px\" \/><\/a><\/div><\/article><!-- .hentry --><\/div><!-- .lvca-posts-carousel-item --><div data-id=\"id-148962\" class=\"lvca-posts-carousel-item\"><article id=\"post-148962\" class=\"post-148962 page type-page status-publish has-post-thumbnail hentry\"><div class=\"lvca-project-image\"><a href=\"https:\/\/badoca.com\/es\/safari-badoca\/paseo-a-pie\/\" ><img decoding=\"async\" width=\"459\" height=\"446\" src=\"https:\/\/badoca.com\/wp-content\/uploads\/2026\/03\/BadocaPark_experiencia_passeio_ES.jpg\" class=\"attachment-large size-large wp-post-image\" alt=\"\" srcset=\"https:\/\/badoca.com\/wp-content\/uploads\/2026\/03\/BadocaPark_experiencia_passeio_ES.jpg 459w, https:\/\/badoca.com\/wp-content\/uploads\/2026\/03\/BadocaPark_experiencia_passeio_ES-436x424.jpg 436w\" sizes=\"(max-width: 459px) 100vw, 459px\" \/><\/a><\/div><\/article><!-- .hentry --><\/div><!-- .lvca-posts-carousel-item --><div data-id=\"id-148959\" class=\"lvca-posts-carousel-item\"><article id=\"post-148959\" class=\"post-148959 page type-page status-publish has-post-thumbnail hentry\"><div class=\"lvca-project-image\"><a href=\"https:\/\/badoca.com\/es\/safari-badoca\/presentacion-de-aves-rapaces\/\" ><img decoding=\"async\" width=\"459\" height=\"446\" src=\"https:\/\/badoca.com\/wp-content\/uploads\/2026\/03\/BadocaPark_experiencia_aves_ES.jpg\" class=\"attachment-large size-large wp-post-image\" alt=\"\" srcset=\"https:\/\/badoca.com\/wp-content\/uploads\/2026\/03\/BadocaPark_experiencia_aves_ES.jpg 459w, https:\/\/badoca.com\/wp-content\/uploads\/2026\/03\/BadocaPark_experiencia_aves_ES-436x424.jpg 436w\" sizes=\"(max-width: 459px) 100vw, 459px\" \/><\/a><\/div><\/article><!-- .hentry --><\/div><!-- .lvca-posts-carousel-item --><div data-id=\"id-148972\" class=\"lvca-posts-carousel-item\"><article id=\"post-148972\" class=\"post-148972 page type-page status-publish has-post-thumbnail hentry\"><div class=\"lvca-project-image\"><a href=\"https:\/\/badoca.com\/es\/safari-badoca\/presentacion-de-los-lemures\/\" ><img decoding=\"async\" width=\"459\" height=\"446\" src=\"https:\/\/badoca.com\/wp-content\/uploads\/2026\/03\/BadocaPark_experiencia_lemures_ES.jpg\" class=\"attachment-large size-large wp-post-image\" alt=\"\" srcset=\"https:\/\/badoca.com\/wp-content\/uploads\/2026\/03\/BadocaPark_experiencia_lemures_ES.jpg 459w, https:\/\/badoca.com\/wp-content\/uploads\/2026\/03\/BadocaPark_experiencia_lemures_ES-436x424.jpg 436w\" sizes=\"(max-width: 459px) 100vw, 459px\" \/><\/a><\/div><\/article><!-- .hentry --><\/div><!-- .lvca-posts-carousel-item --><\/div><!-- .lvca-posts-carousel -->[\/vc_column][\/vc_row]<\/p>\n<\/section>","protected":false},"excerpt":{"rendered":"<p>[vc_row][vc_column][vc_empty_space][vc_column_text] Badoca Safari Glamping Experience [\/vc_column_text][vc_column_text]A poco m\u00e1s de una hora de Lisboa, en pleno coraz\u00f3n de la costa del litoral alentejo, se encuentra Badoca Safari Glamping Experience, el alojamiento m\u00e1s reciente del Badoca Safari Park, creado con el objetivo<\/p>\n... <a href=\"https:\/\/badoca.com\/es\/safari-badoca\/presentacion-de-los-lemures\/\">LER MAIS<\/a>.","protected":false},"author":12,"featured_media":0,"parent":0,"menu_order":0,"comment_status":"closed","ping_status":"closed","template":"template-full-width.php","meta":{"_acf_changed":false,"footnotes":""},"class_list":["post-148606","page","type-page","status-publish","hentry"],"acf":[],"yoast_head":"<!-- This site is optimized with the Yoast SEO plugin v27.3 - https:\/\/yoast.com\/product\/yoast-seo-wordpress\/ -->\n<title>Badoca Safari Glamping Experience - Badoca<\/title>\n<meta name=\"robots\" content=\"index, follow, max-snippet:-1, max-image-preview:large, max-video-preview:-1\" \/>\n<link rel=\"canonical\" href=\"https:\/\/badoca.com\/es\/badoca-safari-glamping-experience\/\" \/>\n<meta property=\"og:locale\" content=\"es_ES\" \/>\n<meta property=\"og:type\" content=\"article\" \/>\n<meta property=\"og:title\" content=\"Badoca Safari Glamping Experience - Badoca\" \/>\n<meta property=\"og:description\" content=\"[vc_row][vc_column][vc_empty_space][vc_column_text] Badoca Safari Glamping Experience [\/vc_column_text][vc_column_text]A poco m\u00e1s de una hora de Lisboa, en pleno coraz\u00f3n de la costa del litoral alentejo, se encuentra Badoca Safari Glamping Experience, el alojamiento m\u00e1s reciente del Badoca Safari Park, creado con el objetivo\" \/>\n<meta property=\"og:url\" content=\"https:\/\/badoca.com\/es\/badoca-safari-glamping-experience\/\" \/>\n<meta property=\"og:site_name\" content=\"Badoca\" \/>\n<meta property=\"article:modified_time\" content=\"2026-03-19T16:59:35+00:00\" \/>\n<meta property=\"og:image\" content=\"https:\/\/badoca.com\/wp-content\/uploads\/2026\/03\/Precari_ES.png\" \/>\n\t<meta property=\"og:image:width\" content=\"1920\" \/>\n\t<meta property=\"og:image:height\" content=\"1080\" \/>\n\t<meta property=\"og:image:type\" content=\"image\/png\" \/>\n<meta name=\"twitter:card\" content=\"summary_large_image\" \/>\n<meta name=\"twitter:label1\" content=\"Tiempo de lectura\" \/>\n\t<meta name=\"twitter:data1\" content=\"6 minutos\" \/>\n<script type=\"application\/ld+json\" class=\"yoast-schema-graph\">{\"@context\":\"https:\\\/\\\/schema.org\",\"@graph\":[{\"@type\":\"WebPage\",\"@id\":\"https:\\\/\\\/badoca.com\\\/es\\\/badoca-safari-glamping-experience\\\/\",\"url\":\"https:\\\/\\\/badoca.com\\\/es\\\/badoca-safari-glamping-experience\\\/\",\"name\":\"Badoca Safari Glamping Experience - Badoca\",\"isPartOf\":{\"@id\":\"https:\\\/\\\/badoca.com\\\/es\\\/#website\"},\"primaryImageOfPage\":{\"@id\":\"https:\\\/\\\/badoca.com\\\/es\\\/badoca-safari-glamping-experience\\\/#primaryimage\"},\"image\":{\"@id\":\"https:\\\/\\\/badoca.com\\\/es\\\/badoca-safari-glamping-experience\\\/#primaryimage\"},\"thumbnailUrl\":\"https:\\\/\\\/badoca.com\\\/wp-content\\\/uploads\\\/2026\\\/03\\\/Precari_ES.png\",\"datePublished\":\"2025-06-24T11:05:51+00:00\",\"dateModified\":\"2026-03-19T16:59:35+00:00\",\"breadcrumb\":{\"@id\":\"https:\\\/\\\/badoca.com\\\/es\\\/badoca-safari-glamping-experience\\\/#breadcrumb\"},\"inLanguage\":\"es\",\"potentialAction\":[{\"@type\":\"ReadAction\",\"target\":[\"https:\\\/\\\/badoca.com\\\/es\\\/badoca-safari-glamping-experience\\\/\"]}]},{\"@type\":\"ImageObject\",\"inLanguage\":\"es\",\"@id\":\"https:\\\/\\\/badoca.com\\\/es\\\/badoca-safari-glamping-experience\\\/#primaryimage\",\"url\":\"https:\\\/\\\/badoca.com\\\/wp-content\\\/uploads\\\/2026\\\/03\\\/Precari_ES.png\",\"contentUrl\":\"https:\\\/\\\/badoca.com\\\/wp-content\\\/uploads\\\/2026\\\/03\\\/Precari_ES.png\"},{\"@type\":\"BreadcrumbList\",\"@id\":\"https:\\\/\\\/badoca.com\\\/es\\\/badoca-safari-glamping-experience\\\/#breadcrumb\",\"itemListElement\":[{\"@type\":\"ListItem\",\"position\":1,\"name\":\"In\u00edcio\",\"item\":\"https:\\\/\\\/badoca.com\\\/es\\\/\"},{\"@type\":\"ListItem\",\"position\":2,\"name\":\"Badoca Safari Glamping Experience\"}]},{\"@type\":\"WebSite\",\"@id\":\"https:\\\/\\\/badoca.com\\\/es\\\/#website\",\"url\":\"https:\\\/\\\/badoca.com\\\/es\\\/\",\"name\":\"Badoca\",\"description\":\"Safari Park\",\"publisher\":{\"@id\":\"https:\\\/\\\/badoca.com\\\/es\\\/#organization\"},\"potentialAction\":[{\"@type\":\"SearchAction\",\"target\":{\"@type\":\"EntryPoint\",\"urlTemplate\":\"https:\\\/\\\/badoca.com\\\/es\\\/?s={search_term_string}\"},\"query-input\":{\"@type\":\"PropertyValueSpecification\",\"valueRequired\":true,\"valueName\":\"search_term_string\"}}],\"inLanguage\":\"es\"},{\"@type\":\"Organization\",\"@id\":\"https:\\\/\\\/badoca.com\\\/es\\\/#organization\",\"name\":\"Badoca\",\"url\":\"https:\\\/\\\/badoca.com\\\/es\\\/\",\"logo\":{\"@type\":\"ImageObject\",\"inLanguage\":\"es\",\"@id\":\"https:\\\/\\\/badoca.com\\\/es\\\/#\\\/schema\\\/logo\\\/image\\\/\",\"url\":\"https:\\\/\\\/badoca.com\\\/wp-content\\\/uploads\\\/cropped-badoca-logo.png\",\"contentUrl\":\"https:\\\/\\\/badoca.com\\\/wp-content\\\/uploads\\\/cropped-badoca-logo.png\",\"width\":137,\"height\":195,\"caption\":\"Badoca\"},\"image\":{\"@id\":\"https:\\\/\\\/badoca.com\\\/es\\\/#\\\/schema\\\/logo\\\/image\\\/\"}}]}<\/script>\n<!-- \/ Yoast SEO plugin. -->","yoast_head_json":{"title":"Badoca Safari Glamping Experience - Badoca","robots":{"index":"index","follow":"follow","max-snippet":"max-snippet:-1","max-image-preview":"max-image-preview:large","max-video-preview":"max-video-preview:-1"},"canonical":"https:\/\/badoca.com\/es\/badoca-safari-glamping-experience\/","og_locale":"es_ES","og_type":"article","og_title":"Badoca Safari Glamping Experience - Badoca","og_description":"[vc_row][vc_column][vc_empty_space][vc_column_text] Badoca Safari Glamping Experience [\/vc_column_text][vc_column_text]A poco m\u00e1s de una hora de Lisboa, en pleno coraz\u00f3n de la costa del litoral alentejo, se encuentra Badoca Safari Glamping Experience, el alojamiento m\u00e1s reciente del Badoca Safari Park, creado con el objetivo","og_url":"https:\/\/badoca.com\/es\/badoca-safari-glamping-experience\/","og_site_name":"Badoca","article_modified_time":"2026-03-19T16:59:35+00:00","og_image":[{"width":1920,"height":1080,"url":"https:\/\/badoca.com\/wp-content\/uploads\/2026\/03\/Precari_ES.png","type":"image\/png"}],"twitter_card":"summary_large_image","twitter_misc":{"Tiempo de lectura":"6 minutos"},"schema":{"@context":"https:\/\/schema.org","@graph":[{"@type":"WebPage","@id":"https:\/\/badoca.com\/es\/badoca-safari-glamping-experience\/","url":"https:\/\/badoca.com\/es\/badoca-safari-glamping-experience\/","name":"Badoca Safari Glamping Experience - Badoca","isPartOf":{"@id":"https:\/\/badoca.com\/es\/#website"},"primaryImageOfPage":{"@id":"https:\/\/badoca.com\/es\/badoca-safari-glamping-experience\/#primaryimage"},"image":{"@id":"https:\/\/badoca.com\/es\/badoca-safari-glamping-experience\/#primaryimage"},"thumbnailUrl":"https:\/\/badoca.com\/wp-content\/uploads\/2026\/03\/Precari_ES.png","datePublished":"2025-06-24T11:05:51+00:00","dateModified":"2026-03-19T16:59:35+00:00","breadcrumb":{"@id":"https:\/\/badoca.com\/es\/badoca-safari-glamping-experience\/#breadcrumb"},"inLanguage":"es","potentialAction":[{"@type":"ReadAction","target":["https:\/\/badoca.com\/es\/badoca-safari-glamping-experience\/"]}]},{"@type":"ImageObject","inLanguage":"es","@id":"https:\/\/badoca.com\/es\/badoca-safari-glamping-experience\/#primaryimage","url":"https:\/\/badoca.com\/wp-content\/uploads\/2026\/03\/Precari_ES.png","contentUrl":"https:\/\/badoca.com\/wp-content\/uploads\/2026\/03\/Precari_ES.png"},{"@type":"BreadcrumbList","@id":"https:\/\/badoca.com\/es\/badoca-safari-glamping-experience\/#breadcrumb","itemListElement":[{"@type":"ListItem","position":1,"name":"In\u00edcio","item":"https:\/\/badoca.com\/es\/"},{"@type":"ListItem","position":2,"name":"Badoca Safari Glamping Experience"}]},{"@type":"WebSite","@id":"https:\/\/badoca.com\/es\/#website","url":"https:\/\/badoca.com\/es\/","name":"Badoca","description":"Safari Park","publisher":{"@id":"https:\/\/badoca.com\/es\/#organization"},"potentialAction":[{"@type":"SearchAction","target":{"@type":"EntryPoint","urlTemplate":"https:\/\/badoca.com\/es\/?s={search_term_string}"},"query-input":{"@type":"PropertyValueSpecification","valueRequired":true,"valueName":"search_term_string"}}],"inLanguage":"es"},{"@type":"Organization","@id":"https:\/\/badoca.com\/es\/#organization","name":"Badoca","url":"https:\/\/badoca.com\/es\/","logo":{"@type":"ImageObject","inLanguage":"es","@id":"https:\/\/badoca.com\/es\/#\/schema\/logo\/image\/","url":"https:\/\/badoca.com\/wp-content\/uploads\/cropped-badoca-logo.png","contentUrl":"https:\/\/badoca.com\/wp-content\/uploads\/cropped-badoca-logo.png","width":137,"height":195,"caption":"Badoca"},"image":{"@id":"https:\/\/badoca.com\/es\/#\/schema\/logo\/image\/"}}]}},"_links":{"self":[{"href":"https:\/\/badoca.com\/es\/wp-json\/wp\/v2\/pages\/148606","targetHints":{"allow":["GET"]}}],"collection":[{"href":"https:\/\/badoca.com\/es\/wp-json\/wp\/v2\/pages"}],"about":[{"href":"https:\/\/badoca.com\/es\/wp-json\/wp\/v2\/types\/page"}],"author":[{"embeddable":true,"href":"https:\/\/badoca.com\/es\/wp-json\/wp\/v2\/users\/12"}],"replies":[{"embeddable":true,"href":"https:\/\/badoca.com\/es\/wp-json\/wp\/v2\/comments?post=148606"}],"version-history":[{"count":4,"href":"https:\/\/badoca.com\/es\/wp-json\/wp\/v2\/pages\/148606\/revisions"}],"predecessor-version":[{"id":148770,"href":"https:\/\/badoca.com\/es\/wp-json\/wp\/v2\/pages\/148606\/revisions\/148770"}],"wp:attachment":[{"href":"https:\/\/badoca.com\/es\/wp-json\/wp\/v2\/media?parent=148606"}],"curies":[{"name":"wp","href":"https:\/\/api.w.org\/{rel}","templated":true}]}}