{"id":148578,"date":"2018-01-10T16:46:40","date_gmt":"2018-01-10T16:46:40","guid":{"rendered":"https:\/\/badoca.com\/onde-comer\/"},"modified":"2026-03-17T19:03:38","modified_gmt":"2026-03-17T18:03:38","slug":"donde-comer","status":"publish","type":"page","link":"https:\/\/badoca.com\/es\/donde-comer\/","title":{"rendered":"\u00bfD\u00f3nde comer?"},"content":{"rendered":"<section class=\"wpb-content-wrapper\"><p>[vc_row el_id=\u00bbanimal-box\u00bb][vc_column][vc_row_inner][vc_column_inner width=\u00bb1\/12&#8243;][\/vc_column_inner][vc_column_inner width=\u00bb10\/12&#8243;][vc_column_text]<\/p>\n<h3>Restaurante Panor\u00e1mico<\/h3>\n<p><strong>Horario: de 12:00 a 15:00<\/strong><\/p>\n<p>Restaurante de autoservicio con terraza panor\u00e1mica.<br \/>\nMen\u00fa: plato del d\u00eda y men\u00fas infantiles para una comida de calidad.[\/vc_column_text][\/vc_column_inner][vc_column_inner width=\u00bb1\/12&#8243;][\/vc_column_inner][\/vc_row_inner][vc_row_inner][vc_column_inner width=\u00bb2\/12&#8243;][vc_empty_space][\/vc_column_inner][vc_column_inner width=\u00bb8\/12&#8243;][vc_images_carousel images=\u00bb31937,31938,31939,31940,31943,31945,31946,31948,31949,31950,31951&#8243; img_size=\u00bbfull\u00bb onclick=\u00bblink_no\u00bb speed=\u00bb3000&#8243; autoplay=\u00bbyes\u00bb wrap=\u00bbyes\u00bb][\/vc_column_inner][vc_column_inner width=\u00bb2\/12&#8243;][vc_empty_space][\/vc_column_inner][\/vc_row_inner][vc_empty_space height=\u00bb60px\u00bb][vc_row_inner][vc_column_inner width=\u00bb1\/12&#8243;][\/vc_column_inner][vc_column_inner width=\u00bb10\/12&#8243;][vc_column_text]<\/p>\n<h3>Cafeter\u00eda Central y \u00c1rea de Picnic<\/h3>\n<p>&nbsp;<\/p>\n<p style=\"text-align: left;\">Para comidas r\u00e1pidas y ligeras, ofrecemos una amplia variedad de s\u00e1ndwiches, sopas, bebidas, aperitivos y helados.<\/p>\n<p>[\/vc_column_text][\/vc_column_inner][vc_column_inner width=\u00bb1\/12&#8243;][\/vc_column_inner][\/vc_row_inner][vc_row_inner][vc_column_inner width=\u00bb2\/12&#8243;][vc_empty_space][\/vc_column_inner][vc_column_inner width=\u00bb8\/12&#8243;][vc_images_carousel images=\u00bb31955,31954&#8243; img_size=\u00bbfull\u00bb onclick=\u00bblink_no\u00bb speed=\u00bb3000&#8243; autoplay=\u00bbyes\u00bb wrap=\u00bbyes\u00bb][\/vc_column_inner][vc_column_inner width=\u00bb2\/12&#8243;][vc_empty_space][\/vc_column_inner][\/vc_row_inner][\/vc_column][\/vc_row][vc_row][vc_column el_class=\u00bbprecos-title\u00bb][vc_empty_space height=\u00bb50px\u00bb][vc_column_text]<\/p>\n<h2><strong>\u00bfQu\u00e9 hacer?<\/strong><\/h2>\n<h3>Un gran d\u00eda en el Alentejo<\/h3>\n<p>[\/vc_column_text][\/vc_column][\/vc_row][vc_row posts_query=\u00bbsize:10|order_by:rand|post_type:page|by_id:37179,37171,37168,37115,37113,37110,37107,37103,37097,37051&#8243; image_linkable=\u00bbtrue\u00bb taxonomy_chosen=\u00bbcategory\u00bb display_title=\u00bb\u00bb display_author=\u00bb\u00bb display_post_date=\u00bb\u00bb display_taxonomy=\u00bb\u00bb display_summary=\u00bb\u00bb arrows=\u00bbtrue\u00bb dots=\u00bb\u00bb autoplay=\u00bb\u00bb autoplay_speed=\u00bb3000&#8243; animation_speed=\u00bb300&#8243; pause_on_hover=\u00bb\u00bb display_columns=\u00bb4&#8243; scroll_columns=\u00bb1&#8243; gutter=\u00bb10&#8243; tablet_display_columns=\u00bb2&#8243; tablet_scroll_columns=\u00bb2&#8243; tablet_gutter=\u00bb10&#8243; tablet_width=\u00bb800&#8243; mobile_display_columns=\u00bb1&#8243; mobile_scroll_columns=\u00bb1&#8243; mobile_gutter=\u00bb10&#8243; mobile_width=\u00bb480&#8243;][vc_column]<div id=\"lvca-posts-carousel-69d58ed61a984\" class=\"lvca-posts-carousel lvca-container\" data-settings='{\"display_title_on_thumbnail\":\"\",\"display_taxonomy_on_thumbnail\":\"\",\"display_author\":\"\",\"display_post_date\":\"\",\"display_taxonomy\":\"\",\"display_read_more\":\"\",\"read_more_text\":\"Read More\",\"taxonomy_chosen\":\"category\",\"post_link_new_window\":false,\"image_size\":\"large\",\"arrows\":\"true\",\"dots\":\"\",\"autoplay\":\"\",\"autoplay_speed\":\"3000\",\"animation_speed\":\"300\",\"pause_on_hover\":\"\",\"display_columns\":\"4\",\"scroll_columns\":\"1\",\"gutter\":\"10\",\"tablet_display_columns\":\"2\",\"tablet_scroll_columns\":\"2\",\"tablet_gutter\":\"10\",\"tablet_width\":\"800\",\"mobile_display_columns\":\"1\",\"mobile_scroll_columns\":\"1\",\"mobile_gutter\":\"10\",\"mobile_width\":\"480\"}'><div data-id=\"id-148974\" class=\"lvca-posts-carousel-item\"><article id=\"post-148974\" class=\"post-148974 page type-page status-publish has-post-thumbnail hentry\"><div class=\"lvca-project-image\"><a href=\"https:\/\/badoca.com\/es\/safari-badoca\/isla-de-los-primates\/\" ><img decoding=\"async\" width=\"459\" height=\"446\" src=\"https:\/\/badoca.com\/wp-content\/uploads\/2026\/03\/BadocaPark_experiencia_primatas_ES.jpg\" class=\"attachment-large size-large wp-post-image\" alt=\"\" srcset=\"https:\/\/badoca.com\/wp-content\/uploads\/2026\/03\/BadocaPark_experiencia_primatas_ES.jpg 459w, https:\/\/badoca.com\/wp-content\/uploads\/2026\/03\/BadocaPark_experiencia_primatas_ES-436x424.jpg 436w\" sizes=\"(max-width: 459px) 100vw, 459px\" \/><\/a><\/div><\/article><!-- .hentry --><\/div><!-- .lvca-posts-carousel-item --><div data-id=\"id-148962\" class=\"lvca-posts-carousel-item\"><article id=\"post-148962\" class=\"post-148962 page type-page status-publish has-post-thumbnail hentry\"><div class=\"lvca-project-image\"><a href=\"https:\/\/badoca.com\/es\/safari-badoca\/paseo-a-pie\/\" ><img decoding=\"async\" width=\"459\" height=\"446\" src=\"https:\/\/badoca.com\/wp-content\/uploads\/2026\/03\/BadocaPark_experiencia_passeio_ES.jpg\" class=\"attachment-large size-large wp-post-image\" alt=\"\" srcset=\"https:\/\/badoca.com\/wp-content\/uploads\/2026\/03\/BadocaPark_experiencia_passeio_ES.jpg 459w, https:\/\/badoca.com\/wp-content\/uploads\/2026\/03\/BadocaPark_experiencia_passeio_ES-436x424.jpg 436w\" sizes=\"(max-width: 459px) 100vw, 459px\" \/><\/a><\/div><\/article><!-- .hentry --><\/div><!-- .lvca-posts-carousel-item --><div data-id=\"id-148911\" class=\"lvca-posts-carousel-item\"><article id=\"post-148911\" class=\"post-148911 page type-page status-publish has-post-thumbnail hentry\"><div class=\"lvca-project-image\"><a href=\"https:\/\/badoca.com\/es\/safari-badoca\/\" ><img decoding=\"async\" width=\"340\" height=\"330\" src=\"https:\/\/badoca.com\/wp-content\/uploads\/safari-img.jpg\" class=\"attachment-large size-large wp-post-image\" alt=\"\" \/><\/a><\/div><\/article><!-- .hentry --><\/div><!-- .lvca-posts-carousel-item --><div data-id=\"id-148959\" class=\"lvca-posts-carousel-item\"><article id=\"post-148959\" class=\"post-148959 page type-page status-publish has-post-thumbnail hentry\"><div class=\"lvca-project-image\"><a href=\"https:\/\/badoca.com\/es\/safari-badoca\/presentacion-de-aves-rapaces\/\" ><img decoding=\"async\" width=\"459\" height=\"446\" src=\"https:\/\/badoca.com\/wp-content\/uploads\/2026\/03\/BadocaPark_experiencia_aves_ES.jpg\" class=\"attachment-large size-large wp-post-image\" alt=\"\" srcset=\"https:\/\/badoca.com\/wp-content\/uploads\/2026\/03\/BadocaPark_experiencia_aves_ES.jpg 459w, https:\/\/badoca.com\/wp-content\/uploads\/2026\/03\/BadocaPark_experiencia_aves_ES-436x424.jpg 436w\" sizes=\"(max-width: 459px) 100vw, 459px\" \/><\/a><\/div><\/article><!-- .hentry --><\/div><!-- .lvca-posts-carousel-item --><div data-id=\"id-148972\" class=\"lvca-posts-carousel-item\"><article id=\"post-148972\" class=\"post-148972 page type-page status-publish has-post-thumbnail hentry\"><div class=\"lvca-project-image\"><a href=\"https:\/\/badoca.com\/es\/safari-badoca\/presentacion-de-los-lemures\/\" ><img decoding=\"async\" width=\"459\" height=\"446\" src=\"https:\/\/badoca.com\/wp-content\/uploads\/2026\/03\/BadocaPark_experiencia_lemures_ES.jpg\" class=\"attachment-large size-large wp-post-image\" alt=\"\" srcset=\"https:\/\/badoca.com\/wp-content\/uploads\/2026\/03\/BadocaPark_experiencia_lemures_ES.jpg 459w, https:\/\/badoca.com\/wp-content\/uploads\/2026\/03\/BadocaPark_experiencia_lemures_ES-436x424.jpg 436w\" sizes=\"(max-width: 459px) 100vw, 459px\" \/><\/a><\/div><\/article><!-- .hentry --><\/div><!-- .lvca-posts-carousel-item --><div data-id=\"id-148957\" class=\"lvca-posts-carousel-item\"><article id=\"post-148957\" class=\"post-148957 page type-page status-publish has-post-thumbnail hentry\"><div class=\"lvca-project-image\"><a href=\"https:\/\/badoca.com\/es\/safari-badoca\/presentacion-de-reptiles\/\" ><img decoding=\"async\" width=\"459\" height=\"446\" src=\"https:\/\/badoca.com\/wp-content\/uploads\/2026\/03\/BadocaPark_experiencia_repteis_ES.jpg\" class=\"attachment-large size-large wp-post-image\" alt=\"\" srcset=\"https:\/\/badoca.com\/wp-content\/uploads\/2026\/03\/BadocaPark_experiencia_repteis_ES.jpg 459w, https:\/\/badoca.com\/wp-content\/uploads\/2026\/03\/BadocaPark_experiencia_repteis_ES-436x424.jpg 436w\" sizes=\"(max-width: 459px) 100vw, 459px\" \/><\/a><\/div><\/article><!-- .hentry --><\/div><!-- .lvca-posts-carousel-item --><\/div><!-- .lvca-posts-carousel -->[\/vc_column][\/vc_row]<\/p>\n<\/section>","protected":false},"excerpt":{"rendered":"<p>[vc_row el_id=\u00bbanimal-box\u00bb][vc_column][vc_row_inner][vc_column_inner width=\u00bb1\/12&#8243;][\/vc_column_inner][vc_column_inner width=\u00bb10\/12&#8243;][vc_column_text] Restaurante Panor\u00e1mico Horario: de 12:00 a 15:00 Restaurante de autoservicio con terraza panor\u00e1mica. Men\u00fa: plato del d\u00eda y men\u00fas infantiles para una comida de calidad.[\/vc_column_text][\/vc_column_inner][vc_column_inner width=\u00bb1\/12&#8243;][\/vc_column_inner][\/vc_row_inner][vc_row_inner][vc_column_inner width=\u00bb2\/12&#8243;][vc_empty_space][\/vc_column_inner][vc_column_inner width=\u00bb8\/12&#8243;][vc_images_carousel images=\u00bb31937,31938,31939,31940,31943,31945,31946,31948,31949,31950,31951&#8243; img_size=\u00bbfull\u00bb onclick=\u00bblink_no\u00bb speed=\u00bb3000&#8243; autoplay=\u00bbyes\u00bb wrap=\u00bbyes\u00bb][\/vc_column_inner][vc_column_inner width=\u00bb2\/12&#8243;][vc_empty_space][\/vc_column_inner][\/vc_row_inner][vc_empty_space height=\u00bb60px\u00bb][vc_row_inner][vc_column_inner<\/p>\n... <a href=\"https:\/\/badoca.com\/es\/safari-badoca\/presentacion-de-reptiles\/\">LER MAIS<\/a>.","protected":false},"author":1,"featured_media":0,"parent":0,"menu_order":0,"comment_status":"closed","ping_status":"closed","template":"template-full-width.php","meta":{"_acf_changed":false,"footnotes":""},"class_list":["post-148578","page","type-page","status-publish","hentry"],"acf":[],"yoast_head":"<!-- This site is optimized with the Yoast SEO plugin v27.3 - https:\/\/yoast.com\/product\/yoast-seo-wordpress\/ -->\n<title>\u00bfD\u00f3nde comer? - Badoca<\/title>\n<meta name=\"robots\" content=\"index, follow, max-snippet:-1, max-image-preview:large, max-video-preview:-1\" \/>\n<link rel=\"canonical\" href=\"https:\/\/badoca.com\/es\/donde-comer\/\" \/>\n<meta property=\"og:locale\" content=\"es_ES\" \/>\n<meta property=\"og:type\" content=\"article\" \/>\n<meta property=\"og:title\" content=\"\u00bfD\u00f3nde comer? - Badoca\" \/>\n<meta property=\"og:description\" content=\"[vc_row el_id=\u00bbanimal-box\u00bb][vc_column][vc_row_inner][vc_column_inner width=\u00bb1\/12&#8243;][\/vc_column_inner][vc_column_inner width=\u00bb10\/12&#8243;][vc_column_text] Restaurante Panor\u00e1mico Horario: de 12:00 a 15:00 Restaurante de autoservicio con terraza panor\u00e1mica. Men\u00fa: plato del d\u00eda y men\u00fas infantiles para una comida de calidad.[\/vc_column_text][\/vc_column_inner][vc_column_inner width=\u00bb1\/12&#8243;][\/vc_column_inner][\/vc_row_inner][vc_row_inner][vc_column_inner width=\u00bb2\/12&#8243;][vc_empty_space][\/vc_column_inner][vc_column_inner width=\u00bb8\/12&#8243;][vc_images_carousel images=\u00bb31937,31938,31939,31940,31943,31945,31946,31948,31949,31950,31951&#8243; img_size=\u00bbfull\u00bb onclick=\u00bblink_no\u00bb speed=\u00bb3000&#8243; autoplay=\u00bbyes\u00bb wrap=\u00bbyes\u00bb][\/vc_column_inner][vc_column_inner width=\u00bb2\/12&#8243;][vc_empty_space][\/vc_column_inner][\/vc_row_inner][vc_empty_space height=\u00bb60px\u00bb][vc_row_inner][vc_column_inner\" \/>\n<meta property=\"og:url\" content=\"https:\/\/badoca.com\/es\/donde-comer\/\" \/>\n<meta property=\"og:site_name\" content=\"Badoca\" \/>\n<meta property=\"article:modified_time\" content=\"2026-03-17T18:03:38+00:00\" \/>\n<meta name=\"twitter:card\" content=\"summary_large_image\" \/>\n<meta name=\"twitter:label1\" content=\"Tiempo de lectura\" \/>\n\t<meta name=\"twitter:data1\" content=\"1 minuto\" \/>\n<script type=\"application\/ld+json\" class=\"yoast-schema-graph\">{\"@context\":\"https:\\\/\\\/schema.org\",\"@graph\":[{\"@type\":\"WebPage\",\"@id\":\"https:\\\/\\\/badoca.com\\\/es\\\/donde-comer\\\/\",\"url\":\"https:\\\/\\\/badoca.com\\\/es\\\/donde-comer\\\/\",\"name\":\"\u00bfD\u00f3nde comer? - Badoca\",\"isPartOf\":{\"@id\":\"https:\\\/\\\/badoca.com\\\/es\\\/#website\"},\"datePublished\":\"2018-01-10T16:46:40+00:00\",\"dateModified\":\"2026-03-17T18:03:38+00:00\",\"breadcrumb\":{\"@id\":\"https:\\\/\\\/badoca.com\\\/es\\\/donde-comer\\\/#breadcrumb\"},\"inLanguage\":\"es\",\"potentialAction\":[{\"@type\":\"ReadAction\",\"target\":[\"https:\\\/\\\/badoca.com\\\/es\\\/donde-comer\\\/\"]}]},{\"@type\":\"BreadcrumbList\",\"@id\":\"https:\\\/\\\/badoca.com\\\/es\\\/donde-comer\\\/#breadcrumb\",\"itemListElement\":[{\"@type\":\"ListItem\",\"position\":1,\"name\":\"In\u00edcio\",\"item\":\"https:\\\/\\\/badoca.com\\\/es\\\/\"},{\"@type\":\"ListItem\",\"position\":2,\"name\":\"\u00bfD\u00f3nde comer?\"}]},{\"@type\":\"WebSite\",\"@id\":\"https:\\\/\\\/badoca.com\\\/es\\\/#website\",\"url\":\"https:\\\/\\\/badoca.com\\\/es\\\/\",\"name\":\"Badoca\",\"description\":\"Safari Park\",\"publisher\":{\"@id\":\"https:\\\/\\\/badoca.com\\\/es\\\/#organization\"},\"potentialAction\":[{\"@type\":\"SearchAction\",\"target\":{\"@type\":\"EntryPoint\",\"urlTemplate\":\"https:\\\/\\\/badoca.com\\\/es\\\/?s={search_term_string}\"},\"query-input\":{\"@type\":\"PropertyValueSpecification\",\"valueRequired\":true,\"valueName\":\"search_term_string\"}}],\"inLanguage\":\"es\"},{\"@type\":\"Organization\",\"@id\":\"https:\\\/\\\/badoca.com\\\/es\\\/#organization\",\"name\":\"Badoca\",\"url\":\"https:\\\/\\\/badoca.com\\\/es\\\/\",\"logo\":{\"@type\":\"ImageObject\",\"inLanguage\":\"es\",\"@id\":\"https:\\\/\\\/badoca.com\\\/es\\\/#\\\/schema\\\/logo\\\/image\\\/\",\"url\":\"https:\\\/\\\/badoca.com\\\/wp-content\\\/uploads\\\/cropped-badoca-logo.png\",\"contentUrl\":\"https:\\\/\\\/badoca.com\\\/wp-content\\\/uploads\\\/cropped-badoca-logo.png\",\"width\":137,\"height\":195,\"caption\":\"Badoca\"},\"image\":{\"@id\":\"https:\\\/\\\/badoca.com\\\/es\\\/#\\\/schema\\\/logo\\\/image\\\/\"}}]}<\/script>\n<!-- \/ Yoast SEO plugin. -->","yoast_head_json":{"title":"\u00bfD\u00f3nde comer? - Badoca","robots":{"index":"index","follow":"follow","max-snippet":"max-snippet:-1","max-image-preview":"max-image-preview:large","max-video-preview":"max-video-preview:-1"},"canonical":"https:\/\/badoca.com\/es\/donde-comer\/","og_locale":"es_ES","og_type":"article","og_title":"\u00bfD\u00f3nde comer? - Badoca","og_description":"[vc_row el_id=\u00bbanimal-box\u00bb][vc_column][vc_row_inner][vc_column_inner width=\u00bb1\/12&#8243;][\/vc_column_inner][vc_column_inner width=\u00bb10\/12&#8243;][vc_column_text] Restaurante Panor\u00e1mico Horario: de 12:00 a 15:00 Restaurante de autoservicio con terraza panor\u00e1mica. Men\u00fa: plato del d\u00eda y men\u00fas infantiles para una comida de calidad.[\/vc_column_text][\/vc_column_inner][vc_column_inner width=\u00bb1\/12&#8243;][\/vc_column_inner][\/vc_row_inner][vc_row_inner][vc_column_inner width=\u00bb2\/12&#8243;][vc_empty_space][\/vc_column_inner][vc_column_inner width=\u00bb8\/12&#8243;][vc_images_carousel images=\u00bb31937,31938,31939,31940,31943,31945,31946,31948,31949,31950,31951&#8243; img_size=\u00bbfull\u00bb onclick=\u00bblink_no\u00bb speed=\u00bb3000&#8243; autoplay=\u00bbyes\u00bb wrap=\u00bbyes\u00bb][\/vc_column_inner][vc_column_inner width=\u00bb2\/12&#8243;][vc_empty_space][\/vc_column_inner][\/vc_row_inner][vc_empty_space height=\u00bb60px\u00bb][vc_row_inner][vc_column_inner","og_url":"https:\/\/badoca.com\/es\/donde-comer\/","og_site_name":"Badoca","article_modified_time":"2026-03-17T18:03:38+00:00","twitter_card":"summary_large_image","twitter_misc":{"Tiempo de lectura":"1 minuto"},"schema":{"@context":"https:\/\/schema.org","@graph":[{"@type":"WebPage","@id":"https:\/\/badoca.com\/es\/donde-comer\/","url":"https:\/\/badoca.com\/es\/donde-comer\/","name":"\u00bfD\u00f3nde comer? - Badoca","isPartOf":{"@id":"https:\/\/badoca.com\/es\/#website"},"datePublished":"2018-01-10T16:46:40+00:00","dateModified":"2026-03-17T18:03:38+00:00","breadcrumb":{"@id":"https:\/\/badoca.com\/es\/donde-comer\/#breadcrumb"},"inLanguage":"es","potentialAction":[{"@type":"ReadAction","target":["https:\/\/badoca.com\/es\/donde-comer\/"]}]},{"@type":"BreadcrumbList","@id":"https:\/\/badoca.com\/es\/donde-comer\/#breadcrumb","itemListElement":[{"@type":"ListItem","position":1,"name":"In\u00edcio","item":"https:\/\/badoca.com\/es\/"},{"@type":"ListItem","position":2,"name":"\u00bfD\u00f3nde comer?"}]},{"@type":"WebSite","@id":"https:\/\/badoca.com\/es\/#website","url":"https:\/\/badoca.com\/es\/","name":"Badoca","description":"Safari Park","publisher":{"@id":"https:\/\/badoca.com\/es\/#organization"},"potentialAction":[{"@type":"SearchAction","target":{"@type":"EntryPoint","urlTemplate":"https:\/\/badoca.com\/es\/?s={search_term_string}"},"query-input":{"@type":"PropertyValueSpecification","valueRequired":true,"valueName":"search_term_string"}}],"inLanguage":"es"},{"@type":"Organization","@id":"https:\/\/badoca.com\/es\/#organization","name":"Badoca","url":"https:\/\/badoca.com\/es\/","logo":{"@type":"ImageObject","inLanguage":"es","@id":"https:\/\/badoca.com\/es\/#\/schema\/logo\/image\/","url":"https:\/\/badoca.com\/wp-content\/uploads\/cropped-badoca-logo.png","contentUrl":"https:\/\/badoca.com\/wp-content\/uploads\/cropped-badoca-logo.png","width":137,"height":195,"caption":"Badoca"},"image":{"@id":"https:\/\/badoca.com\/es\/#\/schema\/logo\/image\/"}}]}},"_links":{"self":[{"href":"https:\/\/badoca.com\/es\/wp-json\/wp\/v2\/pages\/148578","targetHints":{"allow":["GET"]}}],"collection":[{"href":"https:\/\/badoca.com\/es\/wp-json\/wp\/v2\/pages"}],"about":[{"href":"https:\/\/badoca.com\/es\/wp-json\/wp\/v2\/types\/page"}],"author":[{"embeddable":true,"href":"https:\/\/badoca.com\/es\/wp-json\/wp\/v2\/users\/1"}],"replies":[{"embeddable":true,"href":"https:\/\/badoca.com\/es\/wp-json\/wp\/v2\/comments?post=148578"}],"version-history":[{"count":3,"href":"https:\/\/badoca.com\/es\/wp-json\/wp\/v2\/pages\/148578\/revisions"}],"predecessor-version":[{"id":148582,"href":"https:\/\/badoca.com\/es\/wp-json\/wp\/v2\/pages\/148578\/revisions\/148582"}],"wp:attachment":[{"href":"https:\/\/badoca.com\/es\/wp-json\/wp\/v2\/media?parent=148578"}],"curies":[{"name":"wp","href":"https:\/\/api.w.org\/{rel}","templated":true}]}}