{"id":148568,"date":"2018-01-10T16:46:30","date_gmt":"2018-01-10T16:46:30","guid":{"rendered":"https:\/\/badoca.com\/horarios-e-precos\/"},"modified":"2026-03-17T18:17:31","modified_gmt":"2026-03-17T17:17:31","slug":"horarios-y-precios","status":"publish","type":"page","link":"https:\/\/badoca.com\/es\/horarios-y-precios\/","title":{"rendered":"Horarios y precios"},"content":{"rendered":"<section class=\"wpb-content-wrapper\"><p>[vc_row][vc_column width=\u00bb1\/12&#8243; offset=\u00bbvc_hidden-sm vc_hidden-xs\u00bb][vc_empty_space][\/vc_column][vc_column width=\u00bb10\/12&#8243; css=\u00bb.vc_custom_1516107697315{background-position: 0 0 !important;background-repeat: repeat !important;}\u00bb el_class=\u00bbhorarios-precos\u00bb][vc_empty_space height=\u00bb60px\u00bb][vc_column_text]<\/p>\n<h3>HORARIOS<\/h3>\n<p>[\/vc_column_text][vc_column_text css=\u00bb.vc_custom_1773766613548{background-image: url(https:\/\/badoca.com\/wp-content\/uploads\/horarios-bg.png?id=345) !important;background-position: 0 0 !important;background-repeat: repeat !important;}\u00bb el_class=\u00bbbg-bottom\u00bb]El parque est\u00e1 abierto todos los d\u00edas.<\/p>\n<p><strong><u><br \/>\nTemporada baja:<\/u><\/strong> de 9:30 a 16:30 h.<\/p>\n<p>(noviembre a marzo)<\/p>\n<p><strong><u>Temporada media:<\/u><\/strong> de 9:30 a 17:00 h.<\/p>\n<p>(abril, mayo, octubre)<\/p>\n<p><strong><u>Temporada alta:<\/u><\/strong> de 9:30 a 18:00 h.<\/p>\n<p>(junio a septiembre)<\/p>\n<p>El parque est\u00e1 abierto todos los d\u00edas excepto el 24, 25 y 31 de diciembre y el 1 de enero.<\/p>\n<p><strong>La taquilla cierra una hora y media antes del cierre del parque.<\/strong><\/p>\n<p>Las personas con una discapacidad permanente igual o superior al 50 % se benefician de un descuento del 50 % sobre el precio de la entrada de adulto al comprarla en nuestra taquilla del parque, previa presentaci\u00f3n del certificado de discapacidad correspondiente.[\/vc_column_text][vc_column_text css=\u00bb.vc_custom_1773766629314{padding-top: 5px !important;}\u00bb el_class=\u00bbprecos-title\u00bb]<\/p>\n<h3>PRECIOS<\/h3>\n<p>[\/vc_column_text][vc_column_text]No pierda la oportunidad de visitar el Badoca Safari Park y descubrir las actividades que ofrecemos para pasar un d\u00eda completo en familia, con amigos o en pareja. Si ya lo ha visitado, \u00a1vuelva para conocer las novedades!<\/p>\n<p>El objetivo principal del parque es promover el contacto con la naturaleza y con animales de diversas especies, muchos de ellos salvajes y en su h\u00e1bitat natural. Adem\u00e1s del safari, puede aprender y divertirse mucho con paseos al aire libre, presentaciones, sesiones de alimentaci\u00f3n y la posibilidad de interactuar con algunos de nuestros animales.<\/p>\n<p>&nbsp;<\/p>\n<p><strong>El precio de la entrada incluye:<\/strong><\/p>\n<ul>\n<li style=\"text-align: left;\"><strong>Safari Badoca;<\/strong><\/li>\n<li style=\"text-align: left;\"><strong>Presentaci\u00f3n de Aves rapaces;<\/strong><\/li>\n<li style=\"text-align: left;\"><strong>Presentaci\u00f3n de L\u00e9mures;<\/strong><\/li>\n<li style=\"text-align: left;\"><strong>Visita a la Isla de los Primates;<\/strong><\/li>\n<li style=\"text-align: left;\"><strong>Paseo al aire libre: granja con animales dom\u00e9sticos, bosque tropical y africano, suricatas, canguros, fac\u00f3queros y mucho m\u00e1s.<\/strong><\/li>\n<li style=\"text-align: left;\"><strong>Presentaci\u00f3n de Reptiles (actividad disponible entre abril y octubre).<\/strong><\/li>\n<\/ul>\n<p>[\/vc_column_text][\/vc_column][vc_column width=\u00bb1\/12&#8243; offset=\u00bbvc_hidden-sm vc_hidden-xs\u00bb][vc_empty_space][\/vc_column][\/vc_row][vc_row][vc_column width=\u00bb1\/4&#8243; offset=\u00bbvc_hidden-sm vc_hidden-xs\u00bb][vc_empty_space height=\u00bb30px\u00bb][\/vc_column][vc_column width=\u00bb1\/2&#8243;][vc_row_inner][vc_column_inner el_class=\u00bbtabela-transparente\u00bb css=\u00bb.vc_custom_1719505608145{padding-top: 30px !important;padding-bottom: 30px !important;}\u00bb][vc_column_text]<\/p>\n<table border=\"1\" width=\"300\">\n<tbody>\n<tr>\n<td style=\"text-align: center;\" colspan=\"2\" bgcolor=\"f06947\"><span style=\"color: #ffdc2e;\"><strong>ENTRADA BADOCA<\/strong><\/span><\/td>\n<\/tr>\n<tr>\n<td><span style=\"color: #000000;\"><a style=\"color: #000000;\" href=\"https:\/\/badoca.com\/es\/safari-badoca\/\">Ni\u00f1os (de 0 a 3 a\u00f1os)<\/a><\/span><\/td>\n<td><span style=\"color: #000000;\">Gratuito<\/span><\/td>\n<\/tr>\n<tr>\n<td><span style=\"color: #000000;\"><a style=\"color: #000000;\" href=\"https:\/\/badoca.com\/es\/safari-badoca\/\">Ni\u00f1os (de 4 a 10 a\u00f1os)<\/a><\/span><\/td>\n<td><span style=\"color: #000000;\">18,50\u20ac<\/span><\/td>\n<\/tr>\n<tr>\n<td><span style=\"color: #000000;\"><a style=\"color: #000000;\" href=\"https:\/\/badoca.com\/es\/safari-badoca\/\">Adultos<\/a><\/span><\/td>\n<td><span style=\"color: #000000;\">24,00\u20ac<\/span><\/td>\n<\/tr>\n<tr>\n<td><span style=\"color: #000000;\"><a style=\"color: #000000;\" href=\"https:\/\/badoca.com\/es\/safari-badoca\/\">Mayores (+65 a\u00f1os)<\/a><\/span><\/td>\n<td><span style=\"color: #000000;\">19,90\u20ac<\/span><\/td>\n<\/tr>\n<\/tbody>\n<\/table>\n<p>[\/vc_column_text][vc_column_text]<\/p>\n<table border=\"1\" width=\"300\">\n<tbody>\n<tr>\n<td style=\"text-align: center;\" colspan=\"2\" bgcolor=\"f06947\"><span style=\"color: #ffdc2e;\"><strong>ACTIVIDADES EXTRA<\/strong><\/span><\/td>\n<\/tr>\n<tr>\n<td><span style=\"color: #000000;\"><a style=\"color: #000000;\" href=\"https:\/\/badoca.com\/es\/actividades\/outras-atividades\/rafting-africano\/\">Rafting Africano<\/a><\/span><\/td>\n<td><span style=\"color: #000000;\">4,90\u20ac<\/span><\/td>\n<\/tr>\n<tr>\n<td><span style=\"color: #000000;\"><a style=\"color: #000000;\" href=\"https:\/\/badoca.com\/es\/actividades\/outras-atividades\/interaccion-con-los-lemures\/\">Interacci\u00f3n con los\u00a0 L\u00e9mures &#8211; Ni\u00f1os o adultos<\/a><\/span><\/td>\n<td><span style=\"color: #000000;\">15,90\u20ac<\/span><\/td>\n<\/tr>\n<\/tbody>\n<\/table>\n<p>[\/vc_column_text][vc_column_text]<\/p>\n<table border=\"1\" width=\"300\">\n<tbody>\n<tr>\n<td style=\"text-align: center;\" colspan=\"2\" bgcolor=\"f06947\"><span style=\"color: #ffdc2e;\"><strong>EXPERI\u00caNCIAS VIP*<\/strong><\/span><\/td>\n<\/tr>\n<tr>\n<td><span style=\"color: #000000;\"><a style=\"color: #000000;\" href=\"https:\/\/badoca.com\/es\/actividades\/experiencias-vip\/experiencia-en-la-falcoaria\/\">Experiencia Cetrer\u00eda<\/a><\/span><\/td>\n<td><span style=\"color: #000000;\">49\u20ac<\/span><\/td>\n<\/tr>\n<tr>\n<td><span style=\"color: #000000;\"><a style=\"color: #000000;\" href=\"https:\/\/badoca.com\/es\/actividades\/experiencias-vip\/encuentro-con-las-jirafas\/\">Encuentro con las Jirafas<\/a><\/span><\/td>\n<td><span style=\"color: #000000;\">105\u20ac<\/span><\/td>\n<\/tr>\n<tr>\n<td><span style=\"color: #000000;\"><a style=\"color: #000000;\" href=\"https:\/\/badoca.com\/es\/actividades\/experiencias-vip\/safari-vip\/\">Safari Vip<\/a><\/span><\/td>\n<td><span style=\"color: #000000;\">99\u20ac<\/span><\/td>\n<\/tr>\n<tr>\n<td><span style=\"color: #000000;\"><a style=\"color: #000000;\" href=\"https:\/\/badoca.com\/es\/actividades\/experiencias-vip\/safari-vip-con-picnic\/\">Safari Vip con Picnic<\/a><\/span><\/td>\n<td><span style=\"color: #000000;\">124\u20ac<\/span><\/td>\n<\/tr>\n<tr>\n<td><span style=\"color: #000000;\"><a style=\"color: #000000;\" href=\"https:\/\/badoca.com\/es\/actividades\/experiencias-vip\/safari-vip-con-desayuno\/\">Safari Vip con Desayuno<\/a><\/span><\/td>\n<td><span style=\"color: #000000;\">134\u20ac<\/span><\/td>\n<\/tr>\n<tr>\n<td><span style=\"color: #000000;\"><a style=\"color: #000000;\" href=\"https:\/\/badoca.com\/es\/actividades\/experiencias-vip\/safari-vip-con-cena\/\">Safari vip con Cena<\/a><\/span><\/td>\n<td><span style=\"color: #000000;\">164\u20ac<\/span><\/td>\n<\/tr>\n<\/tbody>\n<\/table>\n<p>[\/vc_column_text][\/vc_column_inner][\/vc_row_inner][\/vc_column][vc_column width=\u00bb1\/4&#8243; offset=\u00bbvc_hidden-sm vc_hidden-xs\u00bb][vc_empty_space][\/vc_column][\/vc_row][vc_row][vc_column width=\u00bb1\/12&#8243; offset=\u00bbvc_hidden-sm vc_hidden-xs\u00bb][vc_empty_space height=\u00bb30px\u00bb][\/vc_column][vc_column width=\u00bb10\/12&#8243; el_class=\u00bbhorarios-precos\u00bb][vc_column_text]* Las experiencias VIP permiten disfrutar de una experiencia personalizada y un contacto cercano con los animales. Tambi\u00e9n incluyen todas las actividades de la Entrada Badoca y garantizan la entrada prioritaria al parque, sin colas en taquilla. Los precios indicados son por persona, iguales para adultos y ni\u00f1os.[\/vc_column_text][vc_column_text]<\/p>\n<div style=\"text-align: center;\"><a class=\"vc_general vc_btn3 vc_btn3-size-md vc_btn3-shape-round vc_btn3-style-custom\" style=\"background-color: #c84b1e; color: #ffffff; letter-spacing: 1px; padding: 12px 40px 12px 40px;\" title=\"VER TODOS\" href=\"https:\/\/badoca.com\/es\/entradas\/\"><b>COMPRE SU ENTRADA ONLINE<\/b><\/a><\/div>\n<p>[\/vc_column_text][vc_empty_space][vc_column_text el_class=\u00bbbg-bottom\u00bb css=\u00bb.vc_custom_1773767133690{background-image: url(https:\/\/badoca.com\/wp-content\/uploads\/horarios-bg.png?id=345) !important;background-position: 0 0 !important;background-repeat: repeat !important;}\u00bb]Para grupos de m\u00e1s de 20 personas, p\u00f3ngase en contacto con la taquilla del parque llamando al <a href=\"tel:[269 708 851]\">+351 269 708 851<\/a> (coste de llamada a red fija nacional) o escribiendo a <a href=\"mailto:badoca@badoca.com\">badoca@badoca.com<\/a><\/p>\n<p>Nota: Cuando sea necesario, se podr\u00e1 solicitar un documento de identificaci\u00f3n en las taquillas del Badoca Safari Park. Los descuentos solo se aplican el d\u00eda de la visita, en las taquillas del parque, y no son acumulables con otros descuentos, promociones o invitaciones, ni con entradas compradas online o en otros puntos de venta. Conserve la entrada hasta el final de la visita. Dentro del parque es obligatorio respetar las normas de visita expuestas. No se realizan reembolsos, cambios ni ampliaciones de la validez de las entradas.<\/p>\n<p><strong>No se permite la entrada de animales dom\u00e9sticos<\/strong>. Por razones de bienestar animal, no se permite la entrada de mascotas ni perros gu\u00eda en el parque. Hay especies de animales que, en presencia de perros (y otros animales), pueden tener comportamientos inesperados, poniendo en peligro su propia vida y la seguridad de los visitantes.<\/p>\n<p>Para vistas escolares, <a href=\"https:\/\/badoca.com\/escolas\/\">clique aqui<\/a>.[\/vc_column_text][\/vc_column][vc_column width=\u00bb1\/12&#8243;][vc_empty_space height=\u00bb30px\u00bb][\/vc_column][\/vc_row][vc_row disable_element=\u00bbyes\u00bb][vc_column][vc_btn title=\u00bbCompre o seu bilhete online\u00bb style=\u00bbclassic\u00bb shape=\u00bbsquare\u00bb size=\u00bbsm\u00bb align=\u00bbcenter\u00bb link=\u00bburl:https%3A%2F%2Fbadoca.com%2Fbilhetes%2F|||\u00bb el_class=\u00bbcompre-online-btn\u00bb][\/vc_column][\/vc_row][vc_row][vc_column el_class=\u00bbprecos-title\u00bb][vc_empty_space height=\u00bb80px\u00bb][vc_column_text]<\/p>\n<h2>\u00bfQu\u00e9 hacer?<\/h2>\n<h3><b data-path-to-node=\"4,3,0\" data-index-in-node=\"40\">Un d\u00eda inolvidable en el Alentejo<\/b><\/h3>\n<p>[\/vc_column_text][\/vc_column][\/vc_row][vc_row posts_query=\u00bbsize:10|order_by:rand|post_type:page|by_id:37179,37171,37168,37115,37113,37110,37107,37103,37097,37051&#8243; image_linkable=\u00bbtrue\u00bb taxonomy_chosen=\u00bbcategory\u00bb display_title=\u00bb\u00bb display_author=\u00bb\u00bb display_post_date=\u00bb\u00bb display_taxonomy=\u00bb\u00bb display_summary=\u00bb\u00bb arrows=\u00bbtrue\u00bb dots=\u00bb\u00bb autoplay=\u00bb\u00bb autoplay_speed=\u00bb3000&#8243; animation_speed=\u00bb300&#8243; pause_on_hover=\u00bb\u00bb display_columns=\u00bb4&#8243; scroll_columns=\u00bb1&#8243; gutter=\u00bb10&#8243; tablet_display_columns=\u00bb2&#8243; tablet_scroll_columns=\u00bb2&#8243; tablet_gutter=\u00bb10&#8243; tablet_width=\u00bb800&#8243; mobile_display_columns=\u00bb1&#8243; mobile_scroll_columns=\u00bb1&#8243; mobile_gutter=\u00bb10&#8243; mobile_width=\u00bb480&#8243;][vc_column]<div id=\"lvca-posts-carousel-69d58ebcd30b0\" class=\"lvca-posts-carousel lvca-container\" data-settings='{\"display_title_on_thumbnail\":\"\",\"display_taxonomy_on_thumbnail\":\"\",\"display_author\":\"\",\"display_post_date\":\"\",\"display_taxonomy\":\"\",\"display_read_more\":\"\",\"read_more_text\":\"Read More\",\"taxonomy_chosen\":\"category\",\"post_link_new_window\":false,\"image_size\":\"large\",\"arrows\":\"true\",\"dots\":\"\",\"autoplay\":\"\",\"autoplay_speed\":\"3000\",\"animation_speed\":\"300\",\"pause_on_hover\":\"\",\"display_columns\":\"4\",\"scroll_columns\":\"1\",\"gutter\":\"10\",\"tablet_display_columns\":\"2\",\"tablet_scroll_columns\":\"2\",\"tablet_gutter\":\"10\",\"tablet_width\":\"800\",\"mobile_display_columns\":\"1\",\"mobile_scroll_columns\":\"1\",\"mobile_gutter\":\"10\",\"mobile_width\":\"480\"}'><div data-id=\"id-148911\" class=\"lvca-posts-carousel-item\"><article id=\"post-148911\" class=\"post-148911 page type-page status-publish has-post-thumbnail hentry\"><div class=\"lvca-project-image\"><a href=\"https:\/\/badoca.com\/es\/safari-badoca\/\" ><img decoding=\"async\" width=\"340\" height=\"330\" src=\"https:\/\/badoca.com\/wp-content\/uploads\/safari-img.jpg\" class=\"attachment-large size-large wp-post-image\" alt=\"\" \/><\/a><\/div><\/article><!-- .hentry --><\/div><!-- .lvca-posts-carousel-item --><div data-id=\"id-148959\" class=\"lvca-posts-carousel-item\"><article id=\"post-148959\" class=\"post-148959 page type-page status-publish has-post-thumbnail hentry\"><div class=\"lvca-project-image\"><a href=\"https:\/\/badoca.com\/es\/safari-badoca\/presentacion-de-aves-rapaces\/\" ><img decoding=\"async\" width=\"459\" height=\"446\" src=\"https:\/\/badoca.com\/wp-content\/uploads\/2026\/03\/BadocaPark_experiencia_aves_ES.jpg\" class=\"attachment-large size-large wp-post-image\" alt=\"\" srcset=\"https:\/\/badoca.com\/wp-content\/uploads\/2026\/03\/BadocaPark_experiencia_aves_ES.jpg 459w, https:\/\/badoca.com\/wp-content\/uploads\/2026\/03\/BadocaPark_experiencia_aves_ES-436x424.jpg 436w\" sizes=\"(max-width: 459px) 100vw, 459px\" \/><\/a><\/div><\/article><!-- .hentry --><\/div><!-- .lvca-posts-carousel-item --><div data-id=\"id-148962\" class=\"lvca-posts-carousel-item\"><article id=\"post-148962\" class=\"post-148962 page type-page status-publish has-post-thumbnail hentry\"><div class=\"lvca-project-image\"><a href=\"https:\/\/badoca.com\/es\/safari-badoca\/paseo-a-pie\/\" ><img decoding=\"async\" width=\"459\" height=\"446\" src=\"https:\/\/badoca.com\/wp-content\/uploads\/2026\/03\/BadocaPark_experiencia_passeio_ES.jpg\" class=\"attachment-large size-large wp-post-image\" alt=\"\" srcset=\"https:\/\/badoca.com\/wp-content\/uploads\/2026\/03\/BadocaPark_experiencia_passeio_ES.jpg 459w, https:\/\/badoca.com\/wp-content\/uploads\/2026\/03\/BadocaPark_experiencia_passeio_ES-436x424.jpg 436w\" sizes=\"(max-width: 459px) 100vw, 459px\" \/><\/a><\/div><\/article><!-- .hentry --><\/div><!-- .lvca-posts-carousel-item --><div data-id=\"id-148974\" class=\"lvca-posts-carousel-item\"><article id=\"post-148974\" class=\"post-148974 page type-page status-publish has-post-thumbnail hentry\"><div class=\"lvca-project-image\"><a href=\"https:\/\/badoca.com\/es\/safari-badoca\/isla-de-los-primates\/\" ><img decoding=\"async\" width=\"459\" height=\"446\" src=\"https:\/\/badoca.com\/wp-content\/uploads\/2026\/03\/BadocaPark_experiencia_primatas_ES.jpg\" class=\"attachment-large size-large wp-post-image\" alt=\"\" srcset=\"https:\/\/badoca.com\/wp-content\/uploads\/2026\/03\/BadocaPark_experiencia_primatas_ES.jpg 459w, https:\/\/badoca.com\/wp-content\/uploads\/2026\/03\/BadocaPark_experiencia_primatas_ES-436x424.jpg 436w\" sizes=\"(max-width: 459px) 100vw, 459px\" \/><\/a><\/div><\/article><!-- .hentry --><\/div><!-- .lvca-posts-carousel-item --><div data-id=\"id-148972\" class=\"lvca-posts-carousel-item\"><article id=\"post-148972\" class=\"post-148972 page type-page status-publish has-post-thumbnail hentry\"><div class=\"lvca-project-image\"><a href=\"https:\/\/badoca.com\/es\/safari-badoca\/presentacion-de-los-lemures\/\" ><img decoding=\"async\" width=\"459\" height=\"446\" src=\"https:\/\/badoca.com\/wp-content\/uploads\/2026\/03\/BadocaPark_experiencia_lemures_ES.jpg\" class=\"attachment-large size-large wp-post-image\" alt=\"\" srcset=\"https:\/\/badoca.com\/wp-content\/uploads\/2026\/03\/BadocaPark_experiencia_lemures_ES.jpg 459w, https:\/\/badoca.com\/wp-content\/uploads\/2026\/03\/BadocaPark_experiencia_lemures_ES-436x424.jpg 436w\" sizes=\"(max-width: 459px) 100vw, 459px\" \/><\/a><\/div><\/article><!-- .hentry --><\/div><!-- .lvca-posts-carousel-item --><div data-id=\"id-148957\" class=\"lvca-posts-carousel-item\"><article id=\"post-148957\" class=\"post-148957 page type-page status-publish has-post-thumbnail hentry\"><div class=\"lvca-project-image\"><a href=\"https:\/\/badoca.com\/es\/safari-badoca\/presentacion-de-reptiles\/\" ><img decoding=\"async\" width=\"459\" height=\"446\" src=\"https:\/\/badoca.com\/wp-content\/uploads\/2026\/03\/BadocaPark_experiencia_repteis_ES.jpg\" class=\"attachment-large size-large wp-post-image\" alt=\"\" srcset=\"https:\/\/badoca.com\/wp-content\/uploads\/2026\/03\/BadocaPark_experiencia_repteis_ES.jpg 459w, https:\/\/badoca.com\/wp-content\/uploads\/2026\/03\/BadocaPark_experiencia_repteis_ES-436x424.jpg 436w\" sizes=\"(max-width: 459px) 100vw, 459px\" \/><\/a><\/div><\/article><!-- .hentry --><\/div><!-- .lvca-posts-carousel-item --><\/div><!-- .lvca-posts-carousel -->[\/vc_column][\/vc_row]<\/p>\n<\/section>","protected":false},"excerpt":{"rendered":"<p>[vc_row][vc_column width=\u00bb1\/12&#8243; offset=\u00bbvc_hidden-sm vc_hidden-xs\u00bb][vc_empty_space][\/vc_column][vc_column width=\u00bb10\/12&#8243; css=\u00bb.vc_custom_1516107697315{background-position: 0 0 !important;background-repeat: repeat !important;}\u00bb el_class=\u00bbhorarios-precos\u00bb][vc_empty_space height=\u00bb60px\u00bb][vc_column_text] HORARIOS [\/vc_column_text][vc_column_text css=\u00bb.vc_custom_1773766613548{background-image: url(https:\/\/badoca.com\/wp-content\/uploads\/horarios-bg.png?id=345) !important;background-position: 0 0 !important;background-repeat: repeat !important;}\u00bb el_class=\u00bbbg-bottom\u00bb]El parque est\u00e1 abierto todos los d\u00edas. Temporada baja: de 9:30 a 16:30 h. (noviembre a marzo)<\/p>\n... <a href=\"https:\/\/badoca.com\/es\/safari-badoca\/presentacion-de-reptiles\/\">LER MAIS<\/a>.","protected":false},"author":1,"featured_media":0,"parent":0,"menu_order":0,"comment_status":"closed","ping_status":"closed","template":"template-full-width.php","meta":{"_acf_changed":false,"footnotes":""},"class_list":["post-148568","page","type-page","status-publish","hentry"],"acf":[],"yoast_head":"<!-- This site is optimized with the Yoast SEO plugin v27.3 - https:\/\/yoast.com\/product\/yoast-seo-wordpress\/ -->\n<title>Horarios y precios - Badoca<\/title>\n<meta name=\"description\" content=\"Hor\u00e1rios de funcionamento e pre\u00e7os do Badoca Safari Park. Inverno: 10h-17h. Ver\u00e3o: 10h-18h\" \/>\n<meta name=\"robots\" content=\"index, follow, max-snippet:-1, max-image-preview:large, max-video-preview:-1\" \/>\n<link rel=\"canonical\" href=\"https:\/\/badoca.com\/es\/horarios-y-precios\/\" \/>\n<meta property=\"og:locale\" content=\"es_ES\" \/>\n<meta property=\"og:type\" content=\"article\" \/>\n<meta property=\"og:title\" content=\"Horarios y precios - Badoca\" \/>\n<meta property=\"og:description\" content=\"Hor\u00e1rios de funcionamento e pre\u00e7os do Badoca Safari Park. Inverno: 10h-17h. Ver\u00e3o: 10h-18h\" \/>\n<meta property=\"og:url\" content=\"https:\/\/badoca.com\/es\/horarios-y-precios\/\" \/>\n<meta property=\"og:site_name\" content=\"Badoca\" \/>\n<meta property=\"article:modified_time\" content=\"2026-03-17T17:17:31+00:00\" \/>\n<meta name=\"twitter:card\" content=\"summary_large_image\" \/>\n<meta name=\"twitter:label1\" content=\"Tiempo de lectura\" \/>\n\t<meta name=\"twitter:data1\" content=\"4 minutos\" \/>\n<script type=\"application\/ld+json\" class=\"yoast-schema-graph\">{\"@context\":\"https:\\\/\\\/schema.org\",\"@graph\":[{\"@type\":\"WebPage\",\"@id\":\"https:\\\/\\\/badoca.com\\\/es\\\/horarios-y-precios\\\/\",\"url\":\"https:\\\/\\\/badoca.com\\\/es\\\/horarios-y-precios\\\/\",\"name\":\"Horarios y precios - Badoca\",\"isPartOf\":{\"@id\":\"https:\\\/\\\/badoca.com\\\/es\\\/#website\"},\"datePublished\":\"2018-01-10T16:46:30+00:00\",\"dateModified\":\"2026-03-17T17:17:31+00:00\",\"description\":\"Hor\u00e1rios de funcionamento e pre\u00e7os do Badoca Safari Park. Inverno: 10h-17h. Ver\u00e3o: 10h-18h\",\"breadcrumb\":{\"@id\":\"https:\\\/\\\/badoca.com\\\/es\\\/horarios-y-precios\\\/#breadcrumb\"},\"inLanguage\":\"es\",\"potentialAction\":[{\"@type\":\"ReadAction\",\"target\":[\"https:\\\/\\\/badoca.com\\\/es\\\/horarios-y-precios\\\/\"]}]},{\"@type\":\"BreadcrumbList\",\"@id\":\"https:\\\/\\\/badoca.com\\\/es\\\/horarios-y-precios\\\/#breadcrumb\",\"itemListElement\":[{\"@type\":\"ListItem\",\"position\":1,\"name\":\"In\u00edcio\",\"item\":\"https:\\\/\\\/badoca.com\\\/es\\\/\"},{\"@type\":\"ListItem\",\"position\":2,\"name\":\"Horarios y precios\"}]},{\"@type\":\"WebSite\",\"@id\":\"https:\\\/\\\/badoca.com\\\/es\\\/#website\",\"url\":\"https:\\\/\\\/badoca.com\\\/es\\\/\",\"name\":\"Badoca\",\"description\":\"Safari Park\",\"publisher\":{\"@id\":\"https:\\\/\\\/badoca.com\\\/es\\\/#organization\"},\"potentialAction\":[{\"@type\":\"SearchAction\",\"target\":{\"@type\":\"EntryPoint\",\"urlTemplate\":\"https:\\\/\\\/badoca.com\\\/es\\\/?s={search_term_string}\"},\"query-input\":{\"@type\":\"PropertyValueSpecification\",\"valueRequired\":true,\"valueName\":\"search_term_string\"}}],\"inLanguage\":\"es\"},{\"@type\":\"Organization\",\"@id\":\"https:\\\/\\\/badoca.com\\\/es\\\/#organization\",\"name\":\"Badoca\",\"url\":\"https:\\\/\\\/badoca.com\\\/es\\\/\",\"logo\":{\"@type\":\"ImageObject\",\"inLanguage\":\"es\",\"@id\":\"https:\\\/\\\/badoca.com\\\/es\\\/#\\\/schema\\\/logo\\\/image\\\/\",\"url\":\"https:\\\/\\\/badoca.com\\\/wp-content\\\/uploads\\\/cropped-badoca-logo.png\",\"contentUrl\":\"https:\\\/\\\/badoca.com\\\/wp-content\\\/uploads\\\/cropped-badoca-logo.png\",\"width\":137,\"height\":195,\"caption\":\"Badoca\"},\"image\":{\"@id\":\"https:\\\/\\\/badoca.com\\\/es\\\/#\\\/schema\\\/logo\\\/image\\\/\"}}]}<\/script>\n<!-- \/ Yoast SEO plugin. -->","yoast_head_json":{"title":"Horarios y precios - Badoca","description":"Hor\u00e1rios de funcionamento e pre\u00e7os do Badoca Safari Park. Inverno: 10h-17h. Ver\u00e3o: 10h-18h","robots":{"index":"index","follow":"follow","max-snippet":"max-snippet:-1","max-image-preview":"max-image-preview:large","max-video-preview":"max-video-preview:-1"},"canonical":"https:\/\/badoca.com\/es\/horarios-y-precios\/","og_locale":"es_ES","og_type":"article","og_title":"Horarios y precios - Badoca","og_description":"Hor\u00e1rios de funcionamento e pre\u00e7os do Badoca Safari Park. Inverno: 10h-17h. Ver\u00e3o: 10h-18h","og_url":"https:\/\/badoca.com\/es\/horarios-y-precios\/","og_site_name":"Badoca","article_modified_time":"2026-03-17T17:17:31+00:00","twitter_card":"summary_large_image","twitter_misc":{"Tiempo de lectura":"4 minutos"},"schema":{"@context":"https:\/\/schema.org","@graph":[{"@type":"WebPage","@id":"https:\/\/badoca.com\/es\/horarios-y-precios\/","url":"https:\/\/badoca.com\/es\/horarios-y-precios\/","name":"Horarios y precios - Badoca","isPartOf":{"@id":"https:\/\/badoca.com\/es\/#website"},"datePublished":"2018-01-10T16:46:30+00:00","dateModified":"2026-03-17T17:17:31+00:00","description":"Hor\u00e1rios de funcionamento e pre\u00e7os do Badoca Safari Park. Inverno: 10h-17h. Ver\u00e3o: 10h-18h","breadcrumb":{"@id":"https:\/\/badoca.com\/es\/horarios-y-precios\/#breadcrumb"},"inLanguage":"es","potentialAction":[{"@type":"ReadAction","target":["https:\/\/badoca.com\/es\/horarios-y-precios\/"]}]},{"@type":"BreadcrumbList","@id":"https:\/\/badoca.com\/es\/horarios-y-precios\/#breadcrumb","itemListElement":[{"@type":"ListItem","position":1,"name":"In\u00edcio","item":"https:\/\/badoca.com\/es\/"},{"@type":"ListItem","position":2,"name":"Horarios y precios"}]},{"@type":"WebSite","@id":"https:\/\/badoca.com\/es\/#website","url":"https:\/\/badoca.com\/es\/","name":"Badoca","description":"Safari Park","publisher":{"@id":"https:\/\/badoca.com\/es\/#organization"},"potentialAction":[{"@type":"SearchAction","target":{"@type":"EntryPoint","urlTemplate":"https:\/\/badoca.com\/es\/?s={search_term_string}"},"query-input":{"@type":"PropertyValueSpecification","valueRequired":true,"valueName":"search_term_string"}}],"inLanguage":"es"},{"@type":"Organization","@id":"https:\/\/badoca.com\/es\/#organization","name":"Badoca","url":"https:\/\/badoca.com\/es\/","logo":{"@type":"ImageObject","inLanguage":"es","@id":"https:\/\/badoca.com\/es\/#\/schema\/logo\/image\/","url":"https:\/\/badoca.com\/wp-content\/uploads\/cropped-badoca-logo.png","contentUrl":"https:\/\/badoca.com\/wp-content\/uploads\/cropped-badoca-logo.png","width":137,"height":195,"caption":"Badoca"},"image":{"@id":"https:\/\/badoca.com\/es\/#\/schema\/logo\/image\/"}}]}},"_links":{"self":[{"href":"https:\/\/badoca.com\/es\/wp-json\/wp\/v2\/pages\/148568","targetHints":{"allow":["GET"]}}],"collection":[{"href":"https:\/\/badoca.com\/es\/wp-json\/wp\/v2\/pages"}],"about":[{"href":"https:\/\/badoca.com\/es\/wp-json\/wp\/v2\/types\/page"}],"author":[{"embeddable":true,"href":"https:\/\/badoca.com\/es\/wp-json\/wp\/v2\/users\/1"}],"replies":[{"embeddable":true,"href":"https:\/\/badoca.com\/es\/wp-json\/wp\/v2\/comments?post=148568"}],"version-history":[{"count":3,"href":"https:\/\/badoca.com\/es\/wp-json\/wp\/v2\/pages\/148568\/revisions"}],"predecessor-version":[{"id":148573,"href":"https:\/\/badoca.com\/es\/wp-json\/wp\/v2\/pages\/148568\/revisions\/148573"}],"wp:attachment":[{"href":"https:\/\/badoca.com\/es\/wp-json\/wp\/v2\/media?parent=148568"}],"curies":[{"name":"wp","href":"https:\/\/api.w.org\/{rel}","templated":true}]}}