{"id":148563,"date":"2020-07-08T14:21:28","date_gmt":"2020-07-08T14:21:28","guid":{"rendered":"https:\/\/badoca.com\/quem-somos\/"},"modified":"2026-03-27T18:48:08","modified_gmt":"2026-03-27T17:48:08","slug":"quienes-somos","status":"publish","type":"page","link":"https:\/\/badoca.com\/es\/quienes-somos\/","title":{"rendered":"\u00bfQui\u00e9nes somos?"},"content":{"rendered":"<section class=\"wpb-content-wrapper\"><p>[vc_row][vc_column width=\u00bb1\/12&#8243; offset=\u00bbvc_hidden-sm vc_hidden-xs\u00bb][vc_empty_space][\/vc_column][vc_column width=\u00bb10\/12&#8243; css=\u00bb.vc_custom_1517587472644{background-position: 0 0 !important;background-repeat: repeat !important;}\u00bb el_class=\u00bbhorarios-precos\u00bb][vc_column_text css=\u00bb.vc_custom_1773766093032{background-image: url(https:\/\/badoca.com\/wp-content\/uploads\/horarios-bg.png?id=345) !important;background-position: 0 0 !important;background-repeat: repeat !important;}\u00bb el_class=\u00bbbg-bottom\u00bb]El Badoca Safari Park es un parque tem\u00e1tico con una superficie de 90 hect\u00e1reas que invita a los amantes de la naturaleza a pasar un d\u00eda diferente y a descubrir la belleza de la vida animal en plena libertad. Situado en el Alentejo, en Vila Nova de Santo Andr\u00e9, entre la llanura y el mar, a poco m\u00e1s de una hora de Lisboa, el parque cuenta actualmente con unos 600 animales, de un total de m\u00e1s de 80 especies distintas. Durante el safari vemos y aprendemos m\u00e1s sobre muchos animales salvajes en su h\u00e1bitat natural, como cebras, jirafas, b\u00fafalos, \u00f3rix o \u00f1us, pero en el parque tambi\u00e9n habitan aves ex\u00f3ticas y rapaces, primates, l\u00e9mures, suricatas, canguros y muchos m\u00e1s: \u00a1todos ellos te est\u00e1n esperando!<\/p>\n<p>El parque ofrece diversas actividades, paseos, espect\u00e1culos con animales y zonas de restauraci\u00f3n, para que puedas pasar un d\u00eda completo en contacto con la naturaleza y con una gran variedad de animales.[\/vc_column_text][vc_empty_space height=\u00bb50px\u00bb][\/vc_column][vc_column width=\u00bb1\/12&#8243; offset=\u00bbvc_hidden-sm vc_hidden-xs\u00bb][vc_empty_space][\/vc_column][\/vc_row][vc_row disable_element=\u00bbyes\u00bb][vc_column][vc_column_text]<\/p>\n<h2>Um dia no Badoca Safari Park<\/h2>\n<p>[\/vc_column_text][vc_column_text css=\u00bb.vc_custom_1723549492608{background-position: 0 0 !important;background-repeat: repeat !important;}\u00bb]Prepar\u00e1mos um v\u00eddeo para que possas ver todas as aventuras e atividades que prepar\u00e1mos para ti!<\/p>\n<p>Desde a aventura do Safari na Savana, passando pela emo\u00e7\u00e3o do rafting e pelas mais exclusivas experi\u00eancias \u2013 Estamos \u00e0 tua espera para um dia inesquec\u00edvel em contacto com a natureza[\/vc_column_text][vc_raw_html el_class=\u00bbbg-bottom\u00bb css=\u00bb.vc_custom_1723557192501{background-image: url(https:\/\/badoca.com\/wp-content\/uploads\/horarios-bg.png?id=345) !important;background-position: 0 0 !important;background-repeat: repeat !important;}\u00bb]JTNDaWZyYW1lJTIwc3JjJTNEaHR0cHMlM0ElMkYlMkZwbGF5ZXIudmltZW8uY29tJTJGdmlkZW8lMkY5OTUzNDY5NDUlM0ZiYWRnZSUzRDAlMjZhbXAlM0JhdXRvcGElM0RzZSUzRDAlMjZhbXAlM0JwbGF5ZXJfaWQlM0QwJTI2YW1wJTNCYXBwX2lkJTNENTg0NzklMjBmcmFtZWJvcmRlciUzRCUyMjAlMjIlMjBhbGxvdyUzRCUyMmF1dG9wbGF5JTNCJTIwZnVsbHNjcmVlbiUzQiUyMHBpY3R1cmUtJTNEbi1waWN0dXJlJTNCJTIwY2xpcGJvYXJkLXdyaXRlJTIyJTIwc3R5bGUlM0QlMjJwb3NpdGlvbiUzQWFic29sdXRlJTNCdG9wJTNBMCUzQmwlM0RmdCUzQTAlM0J3aWR0aCUzQTEwMCUyNSUzQmhlaWdodCUzQTEwMCUyNSUzQiUyMiUyMHRpdGxlJTNEJTIyVW0lMjBkaWElMjBubyUyMEJhZG9jYSUyMFNhZmFyaSUzRFBhcmslMjIlM0UlM0MlMkZpZnJhbWUlM0U=[\/vc_raw_html][\/vc_column][\/vc_row][vc_row][vc_column][vc_empty_space height=\u00bb50px\u00bb][vc_column_text]<\/p>\n<h2>Destacados<\/h2>\n<p>[\/vc_column_text][\/vc_column][\/vc_row][vc_row][vc_column el_class=\u00bbprecos-title\u00bb]<div id=\"lvca-carousel-69d58e887cc32\" class=\"lvca-carousel lvca-container\" data-settings='{\"arrows\":\"true\",\"dots\":\"\",\"autoplay\":\"\",\"autoplay_speed\":\"3000\",\"animation_speed\":\"300\",\"pause_on_hover\":\"\",\"display_columns\":\"4\",\"scroll_columns\":\"1\",\"gutter\":10,\"tablet_display_columns\":\"2\",\"tablet_scroll_columns\":\"2\",\"tablet_gutter\":10,\"tablet_width\":\"800\",\"mobile_display_columns\":\"1\",\"mobile_scroll_columns\":\"1\",\"mobile_gutter\":10,\"mobile_width\":\"480\"}'><div class=\"lvca-carousel-item\"><a href=\"https:\/\/badoca.com\/es\/umbicacion\/\"><img decoding=\"async\" class=\"alignnone size-full wp-image-149306\" src=\"https:\/\/badoca.com\/wp-content\/uploads\/2026\/03\/BadocaPark_informacoes-uteis_ES.png\" alt=\"\" width=\"459\" height=\"446\" srcset=\"https:\/\/badoca.com\/wp-content\/uploads\/2026\/03\/BadocaPark_informacoes-uteis_ES.png 459w, https:\/\/badoca.com\/wp-content\/uploads\/2026\/03\/BadocaPark_informacoes-uteis_ES-436x424.png 436w\" sizes=\"(max-width: 459px) 100vw, 459px\" \/><\/a><\/div><!-- .lvca-carousel-item --><div class=\"lvca-carousel-item\"><a href=\"https:\/\/badoca.com\/es\/experiencias-vip\/\"><img decoding=\"async\" class=\"alignnone size-full wp-image-149309\" src=\"https:\/\/badoca.com\/wp-content\/uploads\/2026\/03\/BadocaPark_experiencias-VIP_ES.jpg\" alt=\"\" width=\"459\" height=\"446\" srcset=\"https:\/\/badoca.com\/wp-content\/uploads\/2026\/03\/BadocaPark_experiencias-VIP_ES.jpg 459w, https:\/\/badoca.com\/wp-content\/uploads\/2026\/03\/BadocaPark_experiencias-VIP_ES-436x424.jpg 436w\" sizes=\"(max-width: 459px) 100vw, 459px\" \/><\/a><\/div><!-- .lvca-carousel-item --><\/div><!-- .lvca-carousel -->\n        <style type=\"text\/css\">\n            #lvca-carousel-69d58e887cc32.lvca-carousel .lvca-carousel-item {\n                padding: 10px;\n            }\n\n            @media screen and (max-width: 800) {\n                #lvca-carousel-69d58e887cc32.lvca-carousel .lvca-carousel-item {\n                    padding: 10px;\n                }\n            }\n\n            @media screen and (max-width: 480) {\n                #lvca-carousel-69d58e887cc32.lvca-carousel .lvca-carousel-item {\n                    padding: 10px;\n                }\n            }\n        <\/style>\n\n        [\/vc_column][\/vc_row]<\/p>\n<\/section>","protected":false},"excerpt":{"rendered":"<p>[vc_row][vc_column width=\u00bb1\/12&#8243; offset=\u00bbvc_hidden-sm vc_hidden-xs\u00bb][vc_empty_space][\/vc_column][vc_column width=\u00bb10\/12&#8243; css=\u00bb.vc_custom_1517587472644{background-position: 0 0 !important;background-repeat: repeat !important;}\u00bb el_class=\u00bbhorarios-precos\u00bb][vc_column_text css=\u00bb.vc_custom_1773766093032{background-image: url(https:\/\/badoca.com\/wp-content\/uploads\/horarios-bg.png?id=345) !important;background-position: 0 0 !important;background-repeat: repeat !important;}\u00bb el_class=\u00bbbg-bottom\u00bb]El Badoca Safari Park es un parque tem\u00e1tico con una superficie de 90 hect\u00e1reas que invita a los amantes de<\/p>\n... <a href=\"https:\/\/badoca.com\/es\/quienes-somos\/\">LER MAIS<\/a>.","protected":false},"author":12,"featured_media":0,"parent":0,"menu_order":0,"comment_status":"closed","ping_status":"closed","template":"template-full-width.php","meta":{"_acf_changed":false,"footnotes":""},"class_list":["post-148563","page","type-page","status-publish","hentry"],"acf":[],"yoast_head":"<!-- This site is optimized with the Yoast SEO plugin v27.3 - https:\/\/yoast.com\/product\/yoast-seo-wordpress\/ -->\n<title>\u00bfQui\u00e9nes somos? - Badoca<\/title>\n<meta name=\"robots\" content=\"index, follow, max-snippet:-1, max-image-preview:large, max-video-preview:-1\" \/>\n<link rel=\"canonical\" href=\"https:\/\/badoca.com\/es\/quienes-somos\/\" \/>\n<meta property=\"og:locale\" content=\"es_ES\" \/>\n<meta property=\"og:type\" content=\"article\" \/>\n<meta property=\"og:title\" content=\"\u00bfQui\u00e9nes somos? - Badoca\" \/>\n<meta property=\"og:description\" content=\"[vc_row][vc_column width=\u00bb1\/12&#8243; offset=\u00bbvc_hidden-sm vc_hidden-xs\u00bb][vc_empty_space][\/vc_column][vc_column width=\u00bb10\/12&#8243; css=\u00bb.vc_custom_1517587472644{background-position: 0 0 !important;background-repeat: repeat !important;}\u00bb el_class=\u00bbhorarios-precos\u00bb][vc_column_text css=\u00bb.vc_custom_1773766093032{background-image: url(https:\/\/badoca.com\/wp-content\/uploads\/horarios-bg.png?id=345) !important;background-position: 0 0 !important;background-repeat: repeat !important;}\u00bb el_class=\u00bbbg-bottom\u00bb]El Badoca Safari Park es un parque tem\u00e1tico con una superficie de 90 hect\u00e1reas que invita a los amantes de\" \/>\n<meta property=\"og:url\" content=\"https:\/\/badoca.com\/es\/quienes-somos\/\" \/>\n<meta property=\"og:site_name\" content=\"Badoca\" \/>\n<meta property=\"article:modified_time\" content=\"2026-03-27T17:48:08+00:00\" \/>\n<meta property=\"og:image\" content=\"https:\/\/badoca.com\/wp-content\/uploads\/2026\/03\/BadocaPark_informacoes-uteis_ES.png\" \/>\n\t<meta property=\"og:image:width\" content=\"459\" \/>\n\t<meta property=\"og:image:height\" content=\"446\" \/>\n\t<meta property=\"og:image:type\" content=\"image\/png\" \/>\n<meta name=\"twitter:card\" content=\"summary_large_image\" \/>\n<meta name=\"twitter:label1\" content=\"Tiempo de lectura\" \/>\n\t<meta name=\"twitter:data1\" content=\"2 minutos\" \/>\n<script type=\"application\/ld+json\" class=\"yoast-schema-graph\">{\"@context\":\"https:\\\/\\\/schema.org\",\"@graph\":[{\"@type\":\"WebPage\",\"@id\":\"https:\\\/\\\/badoca.com\\\/es\\\/quienes-somos\\\/\",\"url\":\"https:\\\/\\\/badoca.com\\\/es\\\/quienes-somos\\\/\",\"name\":\"\u00bfQui\u00e9nes somos? - Badoca\",\"isPartOf\":{\"@id\":\"https:\\\/\\\/badoca.com\\\/es\\\/#website\"},\"primaryImageOfPage\":{\"@id\":\"https:\\\/\\\/badoca.com\\\/es\\\/quienes-somos\\\/#primaryimage\"},\"image\":{\"@id\":\"https:\\\/\\\/badoca.com\\\/es\\\/quienes-somos\\\/#primaryimage\"},\"thumbnailUrl\":\"https:\\\/\\\/badoca.com\\\/wp-content\\\/uploads\\\/2026\\\/03\\\/BadocaPark_informacoes-uteis_ES.png\",\"datePublished\":\"2020-07-08T14:21:28+00:00\",\"dateModified\":\"2026-03-27T17:48:08+00:00\",\"breadcrumb\":{\"@id\":\"https:\\\/\\\/badoca.com\\\/es\\\/quienes-somos\\\/#breadcrumb\"},\"inLanguage\":\"es\",\"potentialAction\":[{\"@type\":\"ReadAction\",\"target\":[\"https:\\\/\\\/badoca.com\\\/es\\\/quienes-somos\\\/\"]}]},{\"@type\":\"ImageObject\",\"inLanguage\":\"es\",\"@id\":\"https:\\\/\\\/badoca.com\\\/es\\\/quienes-somos\\\/#primaryimage\",\"url\":\"https:\\\/\\\/badoca.com\\\/wp-content\\\/uploads\\\/2026\\\/03\\\/BadocaPark_informacoes-uteis_ES.png\",\"contentUrl\":\"https:\\\/\\\/badoca.com\\\/wp-content\\\/uploads\\\/2026\\\/03\\\/BadocaPark_informacoes-uteis_ES.png\"},{\"@type\":\"BreadcrumbList\",\"@id\":\"https:\\\/\\\/badoca.com\\\/es\\\/quienes-somos\\\/#breadcrumb\",\"itemListElement\":[{\"@type\":\"ListItem\",\"position\":1,\"name\":\"In\u00edcio\",\"item\":\"https:\\\/\\\/badoca.com\\\/es\\\/\"},{\"@type\":\"ListItem\",\"position\":2,\"name\":\"\u00bfQui\u00e9nes somos?\"}]},{\"@type\":\"WebSite\",\"@id\":\"https:\\\/\\\/badoca.com\\\/es\\\/#website\",\"url\":\"https:\\\/\\\/badoca.com\\\/es\\\/\",\"name\":\"Badoca\",\"description\":\"Safari Park\",\"publisher\":{\"@id\":\"https:\\\/\\\/badoca.com\\\/es\\\/#organization\"},\"potentialAction\":[{\"@type\":\"SearchAction\",\"target\":{\"@type\":\"EntryPoint\",\"urlTemplate\":\"https:\\\/\\\/badoca.com\\\/es\\\/?s={search_term_string}\"},\"query-input\":{\"@type\":\"PropertyValueSpecification\",\"valueRequired\":true,\"valueName\":\"search_term_string\"}}],\"inLanguage\":\"es\"},{\"@type\":\"Organization\",\"@id\":\"https:\\\/\\\/badoca.com\\\/es\\\/#organization\",\"name\":\"Badoca\",\"url\":\"https:\\\/\\\/badoca.com\\\/es\\\/\",\"logo\":{\"@type\":\"ImageObject\",\"inLanguage\":\"es\",\"@id\":\"https:\\\/\\\/badoca.com\\\/es\\\/#\\\/schema\\\/logo\\\/image\\\/\",\"url\":\"https:\\\/\\\/badoca.com\\\/wp-content\\\/uploads\\\/cropped-badoca-logo.png\",\"contentUrl\":\"https:\\\/\\\/badoca.com\\\/wp-content\\\/uploads\\\/cropped-badoca-logo.png\",\"width\":137,\"height\":195,\"caption\":\"Badoca\"},\"image\":{\"@id\":\"https:\\\/\\\/badoca.com\\\/es\\\/#\\\/schema\\\/logo\\\/image\\\/\"}}]}<\/script>\n<!-- \/ Yoast SEO plugin. -->","yoast_head_json":{"title":"\u00bfQui\u00e9nes somos? - Badoca","robots":{"index":"index","follow":"follow","max-snippet":"max-snippet:-1","max-image-preview":"max-image-preview:large","max-video-preview":"max-video-preview:-1"},"canonical":"https:\/\/badoca.com\/es\/quienes-somos\/","og_locale":"es_ES","og_type":"article","og_title":"\u00bfQui\u00e9nes somos? - Badoca","og_description":"[vc_row][vc_column width=\u00bb1\/12&#8243; offset=\u00bbvc_hidden-sm vc_hidden-xs\u00bb][vc_empty_space][\/vc_column][vc_column width=\u00bb10\/12&#8243; css=\u00bb.vc_custom_1517587472644{background-position: 0 0 !important;background-repeat: repeat !important;}\u00bb el_class=\u00bbhorarios-precos\u00bb][vc_column_text css=\u00bb.vc_custom_1773766093032{background-image: url(https:\/\/badoca.com\/wp-content\/uploads\/horarios-bg.png?id=345) !important;background-position: 0 0 !important;background-repeat: repeat !important;}\u00bb el_class=\u00bbbg-bottom\u00bb]El Badoca Safari Park es un parque tem\u00e1tico con una superficie de 90 hect\u00e1reas que invita a los amantes de","og_url":"https:\/\/badoca.com\/es\/quienes-somos\/","og_site_name":"Badoca","article_modified_time":"2026-03-27T17:48:08+00:00","og_image":[{"width":459,"height":446,"url":"https:\/\/badoca.com\/wp-content\/uploads\/2026\/03\/BadocaPark_informacoes-uteis_ES.png","type":"image\/png"}],"twitter_card":"summary_large_image","twitter_misc":{"Tiempo de lectura":"2 minutos"},"schema":{"@context":"https:\/\/schema.org","@graph":[{"@type":"WebPage","@id":"https:\/\/badoca.com\/es\/quienes-somos\/","url":"https:\/\/badoca.com\/es\/quienes-somos\/","name":"\u00bfQui\u00e9nes somos? - Badoca","isPartOf":{"@id":"https:\/\/badoca.com\/es\/#website"},"primaryImageOfPage":{"@id":"https:\/\/badoca.com\/es\/quienes-somos\/#primaryimage"},"image":{"@id":"https:\/\/badoca.com\/es\/quienes-somos\/#primaryimage"},"thumbnailUrl":"https:\/\/badoca.com\/wp-content\/uploads\/2026\/03\/BadocaPark_informacoes-uteis_ES.png","datePublished":"2020-07-08T14:21:28+00:00","dateModified":"2026-03-27T17:48:08+00:00","breadcrumb":{"@id":"https:\/\/badoca.com\/es\/quienes-somos\/#breadcrumb"},"inLanguage":"es","potentialAction":[{"@type":"ReadAction","target":["https:\/\/badoca.com\/es\/quienes-somos\/"]}]},{"@type":"ImageObject","inLanguage":"es","@id":"https:\/\/badoca.com\/es\/quienes-somos\/#primaryimage","url":"https:\/\/badoca.com\/wp-content\/uploads\/2026\/03\/BadocaPark_informacoes-uteis_ES.png","contentUrl":"https:\/\/badoca.com\/wp-content\/uploads\/2026\/03\/BadocaPark_informacoes-uteis_ES.png"},{"@type":"BreadcrumbList","@id":"https:\/\/badoca.com\/es\/quienes-somos\/#breadcrumb","itemListElement":[{"@type":"ListItem","position":1,"name":"In\u00edcio","item":"https:\/\/badoca.com\/es\/"},{"@type":"ListItem","position":2,"name":"\u00bfQui\u00e9nes somos?"}]},{"@type":"WebSite","@id":"https:\/\/badoca.com\/es\/#website","url":"https:\/\/badoca.com\/es\/","name":"Badoca","description":"Safari Park","publisher":{"@id":"https:\/\/badoca.com\/es\/#organization"},"potentialAction":[{"@type":"SearchAction","target":{"@type":"EntryPoint","urlTemplate":"https:\/\/badoca.com\/es\/?s={search_term_string}"},"query-input":{"@type":"PropertyValueSpecification","valueRequired":true,"valueName":"search_term_string"}}],"inLanguage":"es"},{"@type":"Organization","@id":"https:\/\/badoca.com\/es\/#organization","name":"Badoca","url":"https:\/\/badoca.com\/es\/","logo":{"@type":"ImageObject","inLanguage":"es","@id":"https:\/\/badoca.com\/es\/#\/schema\/logo\/image\/","url":"https:\/\/badoca.com\/wp-content\/uploads\/cropped-badoca-logo.png","contentUrl":"https:\/\/badoca.com\/wp-content\/uploads\/cropped-badoca-logo.png","width":137,"height":195,"caption":"Badoca"},"image":{"@id":"https:\/\/badoca.com\/es\/#\/schema\/logo\/image\/"}}]}},"_links":{"self":[{"href":"https:\/\/badoca.com\/es\/wp-json\/wp\/v2\/pages\/148563","targetHints":{"allow":["GET"]}}],"collection":[{"href":"https:\/\/badoca.com\/es\/wp-json\/wp\/v2\/pages"}],"about":[{"href":"https:\/\/badoca.com\/es\/wp-json\/wp\/v2\/types\/page"}],"author":[{"embeddable":true,"href":"https:\/\/badoca.com\/es\/wp-json\/wp\/v2\/users\/12"}],"replies":[{"embeddable":true,"href":"https:\/\/badoca.com\/es\/wp-json\/wp\/v2\/comments?post=148563"}],"version-history":[{"count":3,"href":"https:\/\/badoca.com\/es\/wp-json\/wp\/v2\/pages\/148563\/revisions"}],"predecessor-version":[{"id":149315,"href":"https:\/\/badoca.com\/es\/wp-json\/wp\/v2\/pages\/148563\/revisions\/149315"}],"wp:attachment":[{"href":"https:\/\/badoca.com\/es\/wp-json\/wp\/v2\/media?parent=148563"}],"curies":[{"name":"wp","href":"https:\/\/api.w.org\/{rel}","templated":true}]}}