{"id":37302,"date":"2018-01-18T11:28:26","date_gmt":"2018-01-18T11:28:26","guid":{"rendered":"https:\/\/badoca.dev2.shareit.dev\/actividades\/uncategorized\/seniores\/"},"modified":"2025-11-24T12:25:21","modified_gmt":"2025-11-24T11:25:21","slug":"senior-ticket","status":"publish","type":"product","link":"https:\/\/badoca.com\/en\/actividades\/regular-en\/senior-ticket\/","title":{"rendered":"Senior Ticket (+65 years)"},"content":{"rendered":"","protected":false},"excerpt":{"rendered":"<p style=\"text-align: center;\">Se o seu sonho \u00e9 realizar um safari africano venha visitar-nos.<br \/>\nA cerca de uma hora de Lisboa a plan\u00edcie alentejana transformou-se numa savana repleta de animais selvagens inesquec\u00edveis.<\/p>\n<p style=\"text-align: center;\"><strong>Venha passar um dia diferente num lugar m\u00e1gico e \u00fanico o Badoca Safari Park!<\/strong><\/p>\n<p style=\"text-align: center;\">O pre\u00e7o de entrada inclui o <strong>safari<\/strong>, a <strong>apresenta\u00e7\u00e3o de aves de rapina<\/strong>, a <strong>sess\u00e3o de alimenta\u00e7\u00e3o do l\u00e9mures<\/strong>, o <strong>passeio pedestre<\/strong> e visita \u00e0 <strong>ilha dos primatas<\/strong>.<\/p>\n... <a href=\"https:\/\/badoca.com\/en\/actividades\/regular-en\/senior-ticket\/\">READ MORE<\/a>.","protected":false},"author":1,"featured_media":0,"template":"","meta":{"_acf_changed":false},"product_brand":[],"product_cat":[383],"product_tag":[],"class_list":{"0":"post-37302","1":"product","2":"type-product","3":"status-publish","5":"product_cat-regular-en","7":"first","8":"instock","9":"virtual","10":"purchasable","11":"product-type-simple"},"acf":[],"yoast_head":"<!-- This site is optimized with the Yoast SEO plugin v27.3 - https:\/\/yoast.com\/product\/yoast-seo-wordpress\/ -->\n<title>Senior Ticket (+65 years) - Badoca<\/title>\n<meta name=\"robots\" content=\"index, follow, max-snippet:-1, max-image-preview:large, max-video-preview:-1\" \/>\n<link rel=\"canonical\" href=\"https:\/\/badoca.com\/en\/actividades\/regular-en\/senior-ticket\/\" \/>\n<meta property=\"og:locale\" content=\"en_US\" \/>\n<meta property=\"og:type\" content=\"article\" \/>\n<meta property=\"og:title\" content=\"Senior Ticket (+65 years) - Badoca\" \/>\n<meta property=\"og:description\" content=\"Se o seu sonho \u00e9 realizar um safari africano venha visitar-nos. A cerca de uma hora de Lisboa a plan\u00edcie alentejana transformou-se numa savana repleta de animais selvagens inesquec\u00edveis. Venha passar um dia diferente num lugar m\u00e1gico e \u00fanico o Badoca Safari Park! O pre\u00e7o de entrada inclui o safari, a apresenta\u00e7\u00e3o de aves de rapina, a sess\u00e3o de alimenta\u00e7\u00e3o do l\u00e9mures, o passeio pedestre e visita \u00e0 ilha dos primatas.\" \/>\n<meta property=\"og:url\" content=\"https:\/\/badoca.com\/en\/actividades\/regular-en\/senior-ticket\/\" \/>\n<meta property=\"og:site_name\" content=\"Badoca\" \/>\n<meta property=\"article:modified_time\" content=\"2025-11-24T11:25:21+00:00\" \/>\n<meta name=\"twitter:card\" content=\"summary_large_image\" \/>\n<script type=\"application\/ld+json\" class=\"yoast-schema-graph\">{\"@context\":\"https:\\\/\\\/schema.org\",\"@graph\":[{\"@type\":\"WebPage\",\"@id\":\"https:\\\/\\\/badoca.com\\\/en\\\/actividades\\\/regular-en\\\/senior-ticket\\\/\",\"url\":\"https:\\\/\\\/badoca.com\\\/en\\\/actividades\\\/regular-en\\\/senior-ticket\\\/\",\"name\":\"Senior Ticket (+65 years) - Badoca\",\"isPartOf\":{\"@id\":\"https:\\\/\\\/badoca.com\\\/en\\\/#website\"},\"datePublished\":\"2018-01-18T11:28:26+00:00\",\"dateModified\":\"2025-11-24T11:25:21+00:00\",\"breadcrumb\":{\"@id\":\"https:\\\/\\\/badoca.com\\\/en\\\/actividades\\\/regular-en\\\/senior-ticket\\\/#breadcrumb\"},\"inLanguage\":\"en-US\",\"potentialAction\":[{\"@type\":\"ReadAction\",\"target\":[\"https:\\\/\\\/badoca.com\\\/en\\\/actividades\\\/regular-en\\\/senior-ticket\\\/\"]}]},{\"@type\":\"BreadcrumbList\",\"@id\":\"https:\\\/\\\/badoca.com\\\/en\\\/actividades\\\/regular-en\\\/senior-ticket\\\/#breadcrumb\",\"itemListElement\":[{\"@type\":\"ListItem\",\"position\":1,\"name\":\"Home\",\"item\":\"https:\\\/\\\/badoca.com\\\/en\\\/\"},{\"@type\":\"ListItem\",\"position\":2,\"name\":\"Regular\",\"item\":\"https:\\\/\\\/badoca.com\\\/en\\\/categoria-produto\\\/regular-en\\\/\"},{\"@type\":\"ListItem\",\"position\":3,\"name\":\"Senior Ticket (+65 years)\"}]},{\"@type\":\"WebSite\",\"@id\":\"https:\\\/\\\/badoca.com\\\/en\\\/#website\",\"url\":\"https:\\\/\\\/badoca.com\\\/en\\\/\",\"name\":\"Badoca\",\"description\":\"Safari Park\",\"publisher\":{\"@id\":\"https:\\\/\\\/badoca.com\\\/en\\\/#organization\"},\"potentialAction\":[{\"@type\":\"SearchAction\",\"target\":{\"@type\":\"EntryPoint\",\"urlTemplate\":\"https:\\\/\\\/badoca.com\\\/en\\\/?s={search_term_string}\"},\"query-input\":{\"@type\":\"PropertyValueSpecification\",\"valueRequired\":true,\"valueName\":\"search_term_string\"}}],\"inLanguage\":\"en-US\"},{\"@type\":\"Organization\",\"@id\":\"https:\\\/\\\/badoca.com\\\/en\\\/#organization\",\"name\":\"Badoca\",\"url\":\"https:\\\/\\\/badoca.com\\\/en\\\/\",\"logo\":{\"@type\":\"ImageObject\",\"inLanguage\":\"en-US\",\"@id\":\"https:\\\/\\\/badoca.com\\\/en\\\/#\\\/schema\\\/logo\\\/image\\\/\",\"url\":\"https:\\\/\\\/badoca.com\\\/wp-content\\\/uploads\\\/cropped-badoca-logo.png\",\"contentUrl\":\"https:\\\/\\\/badoca.com\\\/wp-content\\\/uploads\\\/cropped-badoca-logo.png\",\"width\":137,\"height\":195,\"caption\":\"Badoca\"},\"image\":{\"@id\":\"https:\\\/\\\/badoca.com\\\/en\\\/#\\\/schema\\\/logo\\\/image\\\/\"}}]}<\/script>\n<!-- \/ Yoast SEO plugin. -->","yoast_head_json":{"title":"Senior Ticket (+65 years) - Badoca","robots":{"index":"index","follow":"follow","max-snippet":"max-snippet:-1","max-image-preview":"max-image-preview:large","max-video-preview":"max-video-preview:-1"},"canonical":"https:\/\/badoca.com\/en\/actividades\/regular-en\/senior-ticket\/","og_locale":"en_US","og_type":"article","og_title":"Senior Ticket (+65 years) - Badoca","og_description":"Se o seu sonho \u00e9 realizar um safari africano venha visitar-nos. A cerca de uma hora de Lisboa a plan\u00edcie alentejana transformou-se numa savana repleta de animais selvagens inesquec\u00edveis. Venha passar um dia diferente num lugar m\u00e1gico e \u00fanico o Badoca Safari Park! O pre\u00e7o de entrada inclui o safari, a apresenta\u00e7\u00e3o de aves de rapina, a sess\u00e3o de alimenta\u00e7\u00e3o do l\u00e9mures, o passeio pedestre e visita \u00e0 ilha dos primatas.","og_url":"https:\/\/badoca.com\/en\/actividades\/regular-en\/senior-ticket\/","og_site_name":"Badoca","article_modified_time":"2025-11-24T11:25:21+00:00","twitter_card":"summary_large_image","schema":{"@context":"https:\/\/schema.org","@graph":[{"@type":"WebPage","@id":"https:\/\/badoca.com\/en\/actividades\/regular-en\/senior-ticket\/","url":"https:\/\/badoca.com\/en\/actividades\/regular-en\/senior-ticket\/","name":"Senior Ticket (+65 years) - Badoca","isPartOf":{"@id":"https:\/\/badoca.com\/en\/#website"},"datePublished":"2018-01-18T11:28:26+00:00","dateModified":"2025-11-24T11:25:21+00:00","breadcrumb":{"@id":"https:\/\/badoca.com\/en\/actividades\/regular-en\/senior-ticket\/#breadcrumb"},"inLanguage":"en-US","potentialAction":[{"@type":"ReadAction","target":["https:\/\/badoca.com\/en\/actividades\/regular-en\/senior-ticket\/"]}]},{"@type":"BreadcrumbList","@id":"https:\/\/badoca.com\/en\/actividades\/regular-en\/senior-ticket\/#breadcrumb","itemListElement":[{"@type":"ListItem","position":1,"name":"Home","item":"https:\/\/badoca.com\/en\/"},{"@type":"ListItem","position":2,"name":"Regular","item":"https:\/\/badoca.com\/en\/categoria-produto\/regular-en\/"},{"@type":"ListItem","position":3,"name":"Senior Ticket (+65 years)"}]},{"@type":"WebSite","@id":"https:\/\/badoca.com\/en\/#website","url":"https:\/\/badoca.com\/en\/","name":"Badoca","description":"Safari Park","publisher":{"@id":"https:\/\/badoca.com\/en\/#organization"},"potentialAction":[{"@type":"SearchAction","target":{"@type":"EntryPoint","urlTemplate":"https:\/\/badoca.com\/en\/?s={search_term_string}"},"query-input":{"@type":"PropertyValueSpecification","valueRequired":true,"valueName":"search_term_string"}}],"inLanguage":"en-US"},{"@type":"Organization","@id":"https:\/\/badoca.com\/en\/#organization","name":"Badoca","url":"https:\/\/badoca.com\/en\/","logo":{"@type":"ImageObject","inLanguage":"en-US","@id":"https:\/\/badoca.com\/en\/#\/schema\/logo\/image\/","url":"https:\/\/badoca.com\/wp-content\/uploads\/cropped-badoca-logo.png","contentUrl":"https:\/\/badoca.com\/wp-content\/uploads\/cropped-badoca-logo.png","width":137,"height":195,"caption":"Badoca"},"image":{"@id":"https:\/\/badoca.com\/en\/#\/schema\/logo\/image\/"}}]}},"_links":{"self":[{"href":"https:\/\/badoca.com\/en\/wp-json\/wp\/v2\/product\/37302","targetHints":{"allow":["GET"]}}],"collection":[{"href":"https:\/\/badoca.com\/en\/wp-json\/wp\/v2\/product"}],"about":[{"href":"https:\/\/badoca.com\/en\/wp-json\/wp\/v2\/types\/product"}],"author":[{"embeddable":true,"href":"https:\/\/badoca.com\/en\/wp-json\/wp\/v2\/users\/1"}],"wp:attachment":[{"href":"https:\/\/badoca.com\/en\/wp-json\/wp\/v2\/media?parent=37302"}],"wp:term":[{"taxonomy":"product_brand","embeddable":true,"href":"https:\/\/badoca.com\/en\/wp-json\/wp\/v2\/product_brand?post=37302"},{"taxonomy":"product_cat","embeddable":true,"href":"https:\/\/badoca.com\/en\/wp-json\/wp\/v2\/product_cat?post=37302"},{"taxonomy":"product_tag","embeddable":true,"href":"https:\/\/badoca.com\/en\/wp-json\/wp\/v2\/product_tag?post=37302"}],"curies":[{"name":"wp","href":"https:\/\/api.w.org\/{rel}","templated":true}]}}