{"id":128784,"date":"2025-06-24T12:05:51","date_gmt":"2025-06-24T11:05:51","guid":{"rendered":"https:\/\/badoca.com\/badoca-safari-glamping-experience\/"},"modified":"2026-02-20T16:21:31","modified_gmt":"2026-02-20T15:21:31","slug":"badoca-safari-glamping-experience","status":"publish","type":"page","link":"https:\/\/badoca.com\/en\/badoca-safari-glamping-experience\/","title":{"rendered":"Badoca Safari Glamping Experience"},"content":{"rendered":"<section class=\"wpb-content-wrapper\"><p>[vc_row][vc_column][vc_empty_space][vc_column_text]<\/p>\n<h3><span style=\"color: #94964f; font-size: 1.8rem;\">The experience of an African safari, just over an hour from Lisbon<\/span><\/h3>\n<p>[\/vc_column_text][vc_column_text]<span data-olk-copy-source=\"MessageBody\">Just over an hour from Lisbon, in the heart of the Alentejo coast, you&#8217;ll find the Badoca Safari Glamping Experience, Badoca Safari Park&#8217;s latest accommodation, created with the aim of offering its visitors the complete experience of an African safari.<\/span>[\/vc_column_text][\/vc_column][\/vc_row][vc_row][vc_column][vc_toggle title=&#8221;What is included in the price of the stay?&#8221; custom_font_container=&#8221;tag:h3|text_align:left&#8221; custom_google_fonts=&#8221;font_family:Roboto%3A100%2C100italic%2C300%2C300italic%2Cregular%2Citalic%2C500%2C500italic%2C700%2C700italic%2C900%2C900italic|font_style:900%20bold%20regular%3A900%3Anormal&#8221; use_custom_heading=&#8221;true&#8221;]<\/p>\n<ul>\n<li style=\"text-align: left;\">Free for children up to 3 years old;<\/li>\n<li style=\"text-align: left;\">Buffet breakfast;<\/li>\n<li style=\"text-align: left;\">Visit to Badoca Safari Park on the day of check-in and check-out, where you can enjoy the following activities:<\/li>\n<\/ul>\n<p><strong>Safari<\/strong> | At the boarding pier, take the train and embark on this journey through the savannah where you&#8217;ll meet different animals of different species. Giraffes, zebras, wildebeest, oryx and eland are some of the animals you&#8217;ll be able to see and learn a lot about.<\/p>\n<p><strong>Birds of Prey Presentation<\/strong> | Let yourself be thrilled by the magnificent flight of the incredible birds of prey, as well as their natural behaviors, duly supervised by experienced handlers.<\/p>\n<p><strong>Lemur Presentation<\/strong> | Lemurs are incredible primates, endemic to the island of Madagascar. Here they are represented by the ring-tailed lemur and the red-bellied lemur. In this presentation, the keepers will share curiosities about the species and the dangers they face in their natural habitat.<\/p>\n<p><strong>Reptiles Presentation<\/strong> | Turtles, iguanas, snakes and lizards are animals that play a very important role in the environment. In this presentation, get to know these animals better and understand their important role in the environment.<\/p>\n<p>Note: For animal welfare reasons, this activity takes place between April and October.<\/p>\n<p><strong>Walking Tour<\/strong> | Meerkats, kangaroos, phacoceros, servals, coatis, baboons and mandrills are some of the species you&#8217;ll see on this fantastic free walk.[\/vc_toggle][vc_toggle title=&#8221;Prices&#8221; custom_font_container=&#8221;tag:h3|text_align:left&#8221; custom_google_fonts=&#8221;font_family:Roboto%3A100%2C100italic%2C300%2C300italic%2Cregular%2Citalic%2C500%2C500italic%2C700%2C700italic%2C900%2C900italic|font_style:900%20bold%20regular%3A900%3Anormal&#8221; use_custom_heading=&#8221;true&#8221;]<img decoding=\"async\" class=\"alignnone wp-image-147843 size-full\" src=\"https:\/\/badoca.com\/wp-content\/uploads\/2026\/02\/Precario_EN.png\" alt=\"\" width=\"1920\" height=\"1080\" srcset=\"https:\/\/badoca.com\/wp-content\/uploads\/2026\/02\/Precario_EN.png 1920w, https:\/\/badoca.com\/wp-content\/uploads\/2026\/02\/Precario_EN-720x405.png 720w, https:\/\/badoca.com\/wp-content\/uploads\/2026\/02\/Precario_EN-932x524.png 932w, https:\/\/badoca.com\/wp-content\/uploads\/2026\/02\/Precario_EN-768x432.png 768w, https:\/\/badoca.com\/wp-content\/uploads\/2026\/02\/Precario_EN-1536x864.png 1536w, https:\/\/badoca.com\/wp-content\/uploads\/2026\/02\/Precario_EN-460x259.png 460w\" sizes=\"(max-width: 1920px) 100vw, 1920px\" \/><\/p>\n<ul>\n<li style=\"text-align: left;\">The prices shown include VAT at the legal tax rate in force.<\/li>\n<li style=\"text-align: left;\">Prices valid until December 31, 2026.<\/li>\n<li style=\"text-align: left;\">Prices include accommodation, breakfast and entry to Badoca Safari Park on the day of check in and check out.<\/li>\n<\/ul>\n<p style=\"text-align: left;\">Important information: The reservation will only be effective once payment has been made to IBAN PT50 0010 0000 2117 4780 0019 4 and proof of payment has been received by email to <a href=\"mailto:badocasafarilodge@badoca.com\">badocasafarilodge@badoca.com<\/a>.<\/p>\n<div class=\"vc_btn3-container vc_btn3-center vc_custom_1743609297693\"><a class=\"vc_general vc_btn3 vc_btn3-size-md vc_btn3-shape-round vc_btn3-style-custom\" style=\"background-color: #c84b1e; color: #ffffff; letter-spacing: 1px; padding: 12px 40px 12px 40px;\" title=\"VER TODOS\" href=\"https:\/\/badoca.com\/en\/badoca-safari-glamping-experience\/booking-form\/\"><b>BOOK NOW!<\/b><\/a><\/div>\n<p>[\/vc_toggle][vc_toggle title=&#8221;Reservation&#8221; custom_font_container=&#8221;tag:h3|text_align:left&#8221; custom_google_fonts=&#8221;font_family:Roboto%3A100%2C100italic%2C300%2C300italic%2Cregular%2Citalic%2C500%2C500italic%2C700%2C700italic%2C900%2C900italic|font_style:900%20bold%20regular%3A900%3Anormal&#8221; use_custom_heading=&#8221;true&#8221;]You can make a reservation using the online form (colocar hiperliga\u00e7\u00e3o para o formul\u00e1rio online em ingl\u00eas ) or by downloading the reservation form (colocar hiperliga\u00e7\u00e3o para as pessoas poderem descarregar a ficha de reserva em anexo) and sending it to <a href=\"mailto:badocasafarilodge@badoca.com\">badocasafarilodge@badoca.com<\/a>.<\/p>\n<p>After confirming the availability of the reservation for the desired date, you must pay for it within 12 hours in order to guarantee the availability of the desired dates. The reservation will only be effective once payment has been made to IBAN PT50 0010 0000 2117 4780 0019 4 and proof of payment has been received by email at <a href=\"mailto:badocasafarilodge@badoca.com\">badocasafarilodge@badoca.com<\/a>.[\/vc_toggle][vc_toggle title=&#8221;What extra activities are available?&#8221; custom_font_container=&#8221;tag:h3|text_align:left&#8221; custom_google_fonts=&#8221;font_family:Roboto%3A100%2C100italic%2C300%2C300italic%2Cregular%2Citalic%2C500%2C500italic%2C700%2C700italic%2C900%2C900italic|font_style:900%20bold%20regular%3A900%3Anormal&#8221; use_custom_heading=&#8221;true&#8221;]<\/p>\n<p style=\"text-align: left;\">At Badoca Safari Park we believe that an experience is worth a thousand words, which is why we&#8217;ve prepared several for you and your family.<\/p>\n<p style=\"text-align: left;\"><strong>VIP Experiences<\/strong><\/p>\n<ul style=\"text-align: left;\">\n<li><a href=\"https:\/\/badoca.com\/en\/actividades\/vip-experiences\/safari-vip\/\">Safari VIP<\/a><\/li>\n<li><a href=\"https:\/\/badoca.com\/en\/actividades\/vip-experiences\/safari-vip-with-breakfast\/\">VIP Safari with Breakfast<\/a><\/li>\n<li><a href=\"https:\/\/badoca.com\/en\/actividades\/vip-experiences\/vip-safari-with-picnic\/\">VIP Safari With Picnic<\/a><\/li>\n<li><a href=\"https:\/\/badoca.com\/en\/actividades\/vip-experiences\/safari-vip-with-dinner\/\">VIP Safari with Dinner<\/a><\/li>\n<li><a href=\"https:\/\/badoca.com\/en\/actividades\/vip-experiences\/falconry-experience\/\">Falconry Experience<\/a><\/li>\n<li><a href=\"https:\/\/badoca.com\/en\/actividades\/vip-experiences\/meet-the-giraffes\/\">Meet the Giraffes<\/a><\/li>\n<\/ul>\n<p style=\"text-align: left;\"><strong>Other Experiences<\/strong><\/p>\n<ul>\n<li style=\"text-align: left;\"><a href=\"https:\/\/badoca.com\/en\/actividades\/other-activities\/african-rafting\/\">African rafting<\/a><\/li>\n<li style=\"text-align: left;\"><a href=\"https:\/\/badoca.com\/en\/actividades\/other-activities\/interaction-with-the-lemurs\/\">Interaction with the Lemurs<\/a><\/li>\n<\/ul>\n<p>[\/vc_toggle][vc_empty_space height=&#8221;50px&#8221;][vc_column_text]<\/p>\n<div class=\"vc_btn3-container vc_btn3-center vc_custom_1743609297693\"><a class=\"vc_general vc_btn3 vc_btn3-size-md vc_btn3-shape-round vc_btn3-style-custom\" style=\"background-color: #c84b1e; color: #ffffff; letter-spacing: 1px; padding: 12px 40px 12px 40px;\" title=\"VER TODOS\" href=\"https:\/\/badoca.com\/en\/badoca-safari-glamping-experience\/booking-form\/\"><b>BOOK NOW!<\/b><\/a><\/div>\n<p>[\/vc_column_text][vc_empty_space height=&#8221;50px&#8221;][\/vc_column][\/vc_row][vc_row el_id=&#8221;animal-box&#8221;][vc_column][vc_images_carousel images=&#8221;128405,128407,128409,128411,128413,128415,128417,128419&#8243; img_size=&#8221;full&#8221; onclick=&#8221;link_no&#8221; speed=&#8221;3000&#8243; autoplay=&#8221;yes&#8221; wrap=&#8221;yes&#8221;][\/vc_column][\/vc_row][vc_row][vc_column][vc_column_text]If you&#8217;ve always dreamed of falling asleep to the sound of wildlife, watching animals at night through the sparse vegetation of the savannah and waking up to the possibility of seeing zebras, wildebeests, palancas, buffaloes or impalas, now you can have that experience without leaving Portugal, and about an hour from Lisbon.<\/p>\n<p>The Badoca Safari Glamping Experience is a unique and exclusive accommodation, with a total capacity to accommodate up to 30 people, located in the Badoca Safari Park, in Santiago do Cac\u00e9m.[\/vc_column_text][\/vc_column][\/vc_row][vc_row][vc_column][vc_empty_space height=&#8221;30px&#8221;][vc_column_text]For more information, please call <a href=\"tel:969872069\">969 872 069<\/a> or email <a href=\"mailto:badocasafarilodge@badoca.com\">badocasafarilodge@badoca.com<\/a>.[\/vc_column_text][\/vc_column][\/vc_row][vc_row][vc_column el_class=&#8221;precos-title&#8221;][vc_empty_space height=&#8221;50px&#8221;][vc_column_text]<\/p>\n<h2>What to do<\/h2>\n<h3>A great day in Alentejo<\/h3>\n<p>[\/vc_column_text][\/vc_column][\/vc_row][vc_row el_class=&#8221;related-animals&#8221;][vc_column]<div id=\"lvca-posts-carousel-69d7185698b89\" class=\"lvca-posts-carousel lvca-container\" data-settings='{\"display_title_on_thumbnail\":\"\",\"display_taxonomy_on_thumbnail\":\"\",\"display_author\":\"\",\"display_post_date\":\"\",\"display_taxonomy\":\"\",\"display_read_more\":\"\",\"read_more_text\":\"Read More\",\"taxonomy_chosen\":\"category\",\"post_link_new_window\":false,\"image_size\":\"large\",\"arrows\":\"true\",\"dots\":\"\",\"autoplay\":\"\",\"autoplay_speed\":\"3000\",\"animation_speed\":\"300\",\"pause_on_hover\":\"\",\"display_columns\":\"4\",\"scroll_columns\":\"1\",\"gutter\":\"10\",\"tablet_display_columns\":\"2\",\"tablet_scroll_columns\":\"2\",\"tablet_gutter\":\"10\",\"tablet_width\":\"800\",\"mobile_display_columns\":\"1\",\"mobile_scroll_columns\":\"1\",\"mobile_gutter\":\"10\",\"mobile_width\":\"480\"}'><div data-id=\"id-37446\" class=\"lvca-posts-carousel-item\"><article id=\"post-37446\" class=\"post-37446 page type-page status-publish has-post-thumbnail hentry\"><div class=\"lvca-project-image\"><a href=\"https:\/\/badoca.com\/en\/what-to-do\/african-rafting\/\" ><img decoding=\"async\" width=\"340\" height=\"330\" src=\"https:\/\/badoca.com\/wp-content\/uploads\/AFRICAN-RAFTING-1.jpg\" class=\"attachment-large size-large wp-post-image\" alt=\"\" \/><\/a><\/div><\/article><!-- .hentry --><\/div><!-- .lvca-posts-carousel-item --><div data-id=\"id-37413\" class=\"lvca-posts-carousel-item\"><article id=\"post-37413\" class=\"post-37413 page type-page status-publish has-post-thumbnail hentry\"><div class=\"lvca-project-image\"><a href=\"https:\/\/badoca.com\/en\/what-to-do\/primates-island\/\" ><img decoding=\"async\" width=\"340\" height=\"330\" src=\"https:\/\/badoca.com\/wp-content\/uploads\/PRIMATES-ISLAND-1.jpg\" class=\"attachment-large size-large wp-post-image\" alt=\"\" \/><\/a><\/div><\/article><!-- .hentry --><\/div><!-- .lvca-posts-carousel-item --><div data-id=\"id-37459\" class=\"lvca-posts-carousel-item\"><article id=\"post-37459\" class=\"post-37459 page type-page status-publish has-post-thumbnail hentry\"><div class=\"lvca-project-image\"><a href=\"https:\/\/badoca.com\/en\/what-to-do\/carnivorous-birds-presentation\/\" ><img decoding=\"async\" width=\"340\" height=\"330\" src=\"https:\/\/badoca.com\/wp-content\/uploads\/CARNIVOROUS-BIRDS-PRESENTATION-1.jpg\" class=\"attachment-large size-large wp-post-image\" alt=\"\" \/><\/a><\/div><\/article><!-- .hentry --><\/div><!-- .lvca-posts-carousel-item --><div data-id=\"id-37520\" class=\"lvca-posts-carousel-item\"><article id=\"post-37520\" class=\"post-37520 page type-page status-publish has-post-thumbnail hentry\"><div class=\"lvca-project-image\"><a href=\"https:\/\/badoca.com\/en\/what-to-do\/safari\/\" ><img decoding=\"async\" width=\"340\" height=\"330\" src=\"https:\/\/badoca.com\/wp-content\/uploads\/safari-img.jpg\" class=\"attachment-large size-large wp-post-image\" alt=\"\" \/><\/a><\/div><\/article><!-- .hentry --><\/div><!-- .lvca-posts-carousel-item --><div data-id=\"id-37452\" class=\"lvca-posts-carousel-item\"><article id=\"post-37452\" class=\"post-37452 page type-page status-publish has-post-thumbnail hentry\"><div class=\"lvca-project-image\"><a href=\"https:\/\/badoca.com\/en\/what-to-do\/the-lemurs-presentation\/\" ><img decoding=\"async\" width=\"459\" height=\"446\" src=\"https:\/\/badoca.com\/wp-content\/uploads\/BadocaPark_experiencia_apresentacao_Lemures_EN.jpg\" class=\"attachment-large size-large wp-post-image\" alt=\"\" srcset=\"https:\/\/badoca.com\/wp-content\/uploads\/BadocaPark_experiencia_apresentacao_Lemures_EN.jpg 459w, https:\/\/badoca.com\/wp-content\/uploads\/BadocaPark_experiencia_apresentacao_Lemures_EN-436x424.jpg 436w\" sizes=\"(max-width: 459px) 100vw, 459px\" \/><\/a><\/div><\/article><!-- .hentry --><\/div><!-- .lvca-posts-carousel-item --><div data-id=\"id-37409\" class=\"lvca-posts-carousel-item\"><article id=\"post-37409\" class=\"post-37409 page type-page status-publish has-post-thumbnail hentry\"><div class=\"lvca-project-image\"><a href=\"https:\/\/badoca.com\/en\/what-to-do\/interaction-with-the-lemurs\/\" ><img decoding=\"async\" width=\"340\" height=\"329\" src=\"https:\/\/badoca.com\/wp-content\/uploads\/interacao-lemures_EN.jpg\" class=\"attachment-large size-large wp-post-image\" alt=\"\" \/><\/a><\/div><\/article><!-- .hentry --><\/div><!-- .lvca-posts-carousel-item --><div data-id=\"id-37419\" class=\"lvca-posts-carousel-item\"><article id=\"post-37419\" class=\"post-37419 page type-page status-publish has-post-thumbnail hentry\"><div class=\"lvca-project-image\"><a href=\"https:\/\/badoca.com\/en\/what-to-do\/exotic-birds-garden\/\" ><img decoding=\"async\" width=\"459\" height=\"446\" src=\"https:\/\/badoca.com\/wp-content\/uploads\/BadocaPark_experiencia_jardimAvesExoticas_EN.jpg\" class=\"attachment-large size-large wp-post-image\" alt=\"\" srcset=\"https:\/\/badoca.com\/wp-content\/uploads\/BadocaPark_experiencia_jardimAvesExoticas_EN.jpg 459w, https:\/\/badoca.com\/wp-content\/uploads\/BadocaPark_experiencia_jardimAvesExoticas_EN-436x424.jpg 436w\" sizes=\"(max-width: 459px) 100vw, 459px\" \/><\/a><\/div><\/article><!-- .hentry --><\/div><!-- .lvca-posts-carousel-item --><div data-id=\"id-37426\" class=\"lvca-posts-carousel-item\"><article id=\"post-37426\" class=\"post-37426 page type-page status-publish has-post-thumbnail hentry\"><div class=\"lvca-project-image\"><a href=\"https:\/\/badoca.com\/en\/what-to-do\/tropical-forest\/\" ><img decoding=\"async\" width=\"340\" height=\"330\" src=\"https:\/\/badoca.com\/wp-content\/uploads\/TROPICAL-FOREST-1.jpg\" class=\"attachment-large size-large wp-post-image\" alt=\"\" \/><\/a><\/div><\/article><!-- .hentry --><\/div><!-- .lvca-posts-carousel-item --><\/div><!-- .lvca-posts-carousel -->[\/vc_column][\/vc_row]<\/p>\n<\/section>","protected":false},"excerpt":{"rendered":"<p>[vc_row][vc_column][vc_empty_space][vc_column_text] The experience of an African safari, just over an hour from Lisbon [\/vc_column_text][vc_column_text]Just over an hour from Lisbon, in the heart of the Alentejo coast, you&#8217;ll find the Badoca Safari Glamping Experience, Badoca Safari Park&#8217;s latest accommodation, created with<\/p>\n... <a href=\"https:\/\/badoca.com\/en\/what-to-do\/tropical-forest\/\">READ MORE<\/a>.","protected":false},"author":12,"featured_media":0,"parent":0,"menu_order":0,"comment_status":"closed","ping_status":"closed","template":"template-full-width.php","meta":{"_acf_changed":false,"footnotes":""},"class_list":["post-128784","page","type-page","status-publish","hentry"],"acf":[],"yoast_head":"<!-- This site is optimized with the Yoast SEO plugin v27.3 - https:\/\/yoast.com\/product\/yoast-seo-wordpress\/ -->\n<title>Badoca Safari Glamping Experience - Badoca<\/title>\n<meta name=\"robots\" content=\"index, follow, max-snippet:-1, max-image-preview:large, max-video-preview:-1\" \/>\n<link rel=\"canonical\" href=\"https:\/\/badoca.com\/en\/badoca-safari-glamping-experience\/\" \/>\n<meta property=\"og:locale\" content=\"en_US\" \/>\n<meta property=\"og:type\" content=\"article\" \/>\n<meta property=\"og:title\" content=\"Badoca Safari Glamping Experience - Badoca\" \/>\n<meta property=\"og:description\" content=\"[vc_row][vc_column][vc_empty_space][vc_column_text] The experience of an African safari, just over an hour from Lisbon [\/vc_column_text][vc_column_text]Just over an hour from Lisbon, in the heart of the Alentejo coast, you&#8217;ll find the Badoca Safari Glamping Experience, Badoca Safari Park&#8217;s latest accommodation, created with\" \/>\n<meta property=\"og:url\" content=\"https:\/\/badoca.com\/en\/badoca-safari-glamping-experience\/\" \/>\n<meta property=\"og:site_name\" content=\"Badoca\" \/>\n<meta property=\"article:modified_time\" content=\"2026-02-20T15:21:31+00:00\" \/>\n<meta property=\"og:image\" content=\"https:\/\/badoca.com\/wp-content\/uploads\/2026\/02\/Precario_EN.png\" \/>\n\t<meta property=\"og:image:width\" content=\"1920\" \/>\n\t<meta property=\"og:image:height\" content=\"1080\" \/>\n\t<meta property=\"og:image:type\" content=\"image\/png\" \/>\n<meta name=\"twitter:card\" content=\"summary_large_image\" \/>\n<meta name=\"twitter:label1\" content=\"Est. reading time\" \/>\n\t<meta name=\"twitter:data1\" content=\"4 minutes\" \/>\n<script type=\"application\/ld+json\" class=\"yoast-schema-graph\">{\"@context\":\"https:\\\/\\\/schema.org\",\"@graph\":[{\"@type\":\"WebPage\",\"@id\":\"https:\\\/\\\/badoca.com\\\/en\\\/badoca-safari-glamping-experience\\\/\",\"url\":\"https:\\\/\\\/badoca.com\\\/en\\\/badoca-safari-glamping-experience\\\/\",\"name\":\"Badoca Safari Glamping Experience - Badoca\",\"isPartOf\":{\"@id\":\"https:\\\/\\\/badoca.com\\\/en\\\/#website\"},\"primaryImageOfPage\":{\"@id\":\"https:\\\/\\\/badoca.com\\\/en\\\/badoca-safari-glamping-experience\\\/#primaryimage\"},\"image\":{\"@id\":\"https:\\\/\\\/badoca.com\\\/en\\\/badoca-safari-glamping-experience\\\/#primaryimage\"},\"thumbnailUrl\":\"https:\\\/\\\/badoca.com\\\/wp-content\\\/uploads\\\/2026\\\/02\\\/Precario_EN.png\",\"datePublished\":\"2025-06-24T11:05:51+00:00\",\"dateModified\":\"2026-02-20T15:21:31+00:00\",\"breadcrumb\":{\"@id\":\"https:\\\/\\\/badoca.com\\\/en\\\/badoca-safari-glamping-experience\\\/#breadcrumb\"},\"inLanguage\":\"en-US\",\"potentialAction\":[{\"@type\":\"ReadAction\",\"target\":[\"https:\\\/\\\/badoca.com\\\/en\\\/badoca-safari-glamping-experience\\\/\"]}]},{\"@type\":\"ImageObject\",\"inLanguage\":\"en-US\",\"@id\":\"https:\\\/\\\/badoca.com\\\/en\\\/badoca-safari-glamping-experience\\\/#primaryimage\",\"url\":\"https:\\\/\\\/badoca.com\\\/wp-content\\\/uploads\\\/2026\\\/02\\\/Precario_EN.png\",\"contentUrl\":\"https:\\\/\\\/badoca.com\\\/wp-content\\\/uploads\\\/2026\\\/02\\\/Precario_EN.png\"},{\"@type\":\"BreadcrumbList\",\"@id\":\"https:\\\/\\\/badoca.com\\\/en\\\/badoca-safari-glamping-experience\\\/#breadcrumb\",\"itemListElement\":[{\"@type\":\"ListItem\",\"position\":1,\"name\":\"Home\",\"item\":\"https:\\\/\\\/badoca.com\\\/en\\\/\"},{\"@type\":\"ListItem\",\"position\":2,\"name\":\"Badoca Safari Glamping Experience\"}]},{\"@type\":\"WebSite\",\"@id\":\"https:\\\/\\\/badoca.com\\\/en\\\/#website\",\"url\":\"https:\\\/\\\/badoca.com\\\/en\\\/\",\"name\":\"Badoca\",\"description\":\"Safari Park\",\"publisher\":{\"@id\":\"https:\\\/\\\/badoca.com\\\/en\\\/#organization\"},\"potentialAction\":[{\"@type\":\"SearchAction\",\"target\":{\"@type\":\"EntryPoint\",\"urlTemplate\":\"https:\\\/\\\/badoca.com\\\/en\\\/?s={search_term_string}\"},\"query-input\":{\"@type\":\"PropertyValueSpecification\",\"valueRequired\":true,\"valueName\":\"search_term_string\"}}],\"inLanguage\":\"en-US\"},{\"@type\":\"Organization\",\"@id\":\"https:\\\/\\\/badoca.com\\\/en\\\/#organization\",\"name\":\"Badoca\",\"url\":\"https:\\\/\\\/badoca.com\\\/en\\\/\",\"logo\":{\"@type\":\"ImageObject\",\"inLanguage\":\"en-US\",\"@id\":\"https:\\\/\\\/badoca.com\\\/en\\\/#\\\/schema\\\/logo\\\/image\\\/\",\"url\":\"https:\\\/\\\/badoca.com\\\/wp-content\\\/uploads\\\/cropped-badoca-logo.png\",\"contentUrl\":\"https:\\\/\\\/badoca.com\\\/wp-content\\\/uploads\\\/cropped-badoca-logo.png\",\"width\":137,\"height\":195,\"caption\":\"Badoca\"},\"image\":{\"@id\":\"https:\\\/\\\/badoca.com\\\/en\\\/#\\\/schema\\\/logo\\\/image\\\/\"}}]}<\/script>\n<!-- \/ Yoast SEO plugin. -->","yoast_head_json":{"title":"Badoca Safari Glamping Experience - Badoca","robots":{"index":"index","follow":"follow","max-snippet":"max-snippet:-1","max-image-preview":"max-image-preview:large","max-video-preview":"max-video-preview:-1"},"canonical":"https:\/\/badoca.com\/en\/badoca-safari-glamping-experience\/","og_locale":"en_US","og_type":"article","og_title":"Badoca Safari Glamping Experience - Badoca","og_description":"[vc_row][vc_column][vc_empty_space][vc_column_text] The experience of an African safari, just over an hour from Lisbon [\/vc_column_text][vc_column_text]Just over an hour from Lisbon, in the heart of the Alentejo coast, you&#8217;ll find the Badoca Safari Glamping Experience, Badoca Safari Park&#8217;s latest accommodation, created with","og_url":"https:\/\/badoca.com\/en\/badoca-safari-glamping-experience\/","og_site_name":"Badoca","article_modified_time":"2026-02-20T15:21:31+00:00","og_image":[{"width":1920,"height":1080,"url":"https:\/\/badoca.com\/wp-content\/uploads\/2026\/02\/Precario_EN.png","type":"image\/png"}],"twitter_card":"summary_large_image","twitter_misc":{"Est. reading time":"4 minutes"},"schema":{"@context":"https:\/\/schema.org","@graph":[{"@type":"WebPage","@id":"https:\/\/badoca.com\/en\/badoca-safari-glamping-experience\/","url":"https:\/\/badoca.com\/en\/badoca-safari-glamping-experience\/","name":"Badoca Safari Glamping Experience - Badoca","isPartOf":{"@id":"https:\/\/badoca.com\/en\/#website"},"primaryImageOfPage":{"@id":"https:\/\/badoca.com\/en\/badoca-safari-glamping-experience\/#primaryimage"},"image":{"@id":"https:\/\/badoca.com\/en\/badoca-safari-glamping-experience\/#primaryimage"},"thumbnailUrl":"https:\/\/badoca.com\/wp-content\/uploads\/2026\/02\/Precario_EN.png","datePublished":"2025-06-24T11:05:51+00:00","dateModified":"2026-02-20T15:21:31+00:00","breadcrumb":{"@id":"https:\/\/badoca.com\/en\/badoca-safari-glamping-experience\/#breadcrumb"},"inLanguage":"en-US","potentialAction":[{"@type":"ReadAction","target":["https:\/\/badoca.com\/en\/badoca-safari-glamping-experience\/"]}]},{"@type":"ImageObject","inLanguage":"en-US","@id":"https:\/\/badoca.com\/en\/badoca-safari-glamping-experience\/#primaryimage","url":"https:\/\/badoca.com\/wp-content\/uploads\/2026\/02\/Precario_EN.png","contentUrl":"https:\/\/badoca.com\/wp-content\/uploads\/2026\/02\/Precario_EN.png"},{"@type":"BreadcrumbList","@id":"https:\/\/badoca.com\/en\/badoca-safari-glamping-experience\/#breadcrumb","itemListElement":[{"@type":"ListItem","position":1,"name":"Home","item":"https:\/\/badoca.com\/en\/"},{"@type":"ListItem","position":2,"name":"Badoca Safari Glamping Experience"}]},{"@type":"WebSite","@id":"https:\/\/badoca.com\/en\/#website","url":"https:\/\/badoca.com\/en\/","name":"Badoca","description":"Safari Park","publisher":{"@id":"https:\/\/badoca.com\/en\/#organization"},"potentialAction":[{"@type":"SearchAction","target":{"@type":"EntryPoint","urlTemplate":"https:\/\/badoca.com\/en\/?s={search_term_string}"},"query-input":{"@type":"PropertyValueSpecification","valueRequired":true,"valueName":"search_term_string"}}],"inLanguage":"en-US"},{"@type":"Organization","@id":"https:\/\/badoca.com\/en\/#organization","name":"Badoca","url":"https:\/\/badoca.com\/en\/","logo":{"@type":"ImageObject","inLanguage":"en-US","@id":"https:\/\/badoca.com\/en\/#\/schema\/logo\/image\/","url":"https:\/\/badoca.com\/wp-content\/uploads\/cropped-badoca-logo.png","contentUrl":"https:\/\/badoca.com\/wp-content\/uploads\/cropped-badoca-logo.png","width":137,"height":195,"caption":"Badoca"},"image":{"@id":"https:\/\/badoca.com\/en\/#\/schema\/logo\/image\/"}}]}},"_links":{"self":[{"href":"https:\/\/badoca.com\/en\/wp-json\/wp\/v2\/pages\/128784","targetHints":{"allow":["GET"]}}],"collection":[{"href":"https:\/\/badoca.com\/en\/wp-json\/wp\/v2\/pages"}],"about":[{"href":"https:\/\/badoca.com\/en\/wp-json\/wp\/v2\/types\/page"}],"author":[{"embeddable":true,"href":"https:\/\/badoca.com\/en\/wp-json\/wp\/v2\/users\/12"}],"replies":[{"embeddable":true,"href":"https:\/\/badoca.com\/en\/wp-json\/wp\/v2\/comments?post=128784"}],"version-history":[{"count":3,"href":"https:\/\/badoca.com\/en\/wp-json\/wp\/v2\/pages\/128784\/revisions"}],"predecessor-version":[{"id":147847,"href":"https:\/\/badoca.com\/en\/wp-json\/wp\/v2\/pages\/128784\/revisions\/147847"}],"wp:attachment":[{"href":"https:\/\/badoca.com\/en\/wp-json\/wp\/v2\/media?parent=128784"}],"curies":[{"name":"wp","href":"https:\/\/api.w.org\/{rel}","templated":true}]}}